{"id":3998,"date":"2022-01-27T17:06:31","date_gmt":"2022-01-27T17:06:31","guid":{"rendered":"http:\/\/esiaz24.uclm.es\/?page_id=3998"},"modified":"2024-07-23T11:30:29","modified_gmt":"2024-07-23T11:30:29","slug":"master-en-ingenieria-informatica","status":"publish","type":"page","link":"https:\/\/esi.uclm.es\/index.php\/master-en-ingenieria-informatica\/","title":{"rendered":"M\u00e1ster en Ingenier\u00eda Inform\u00e1tica"},"content":{"rendered":"\n  <script>\n        setTimeout(function() {\n            window.location.href = \"https:\/\/www.uclm.es\/estudios\/masteres\/master-ingenieria-informatica%202024\";\n        }, 500);\n    <\/script>\n\n\n\n<figure class=\"wp-block-image size-large\"><img loading=\"lazy\" decoding=\"async\" width=\"1024\" height=\"256\" src=\"https:\/\/esi.uclm.es\/assets\/uploads\/2022\/05\/ajedrez-1024x256.jpeg\" alt=\"Figuras de ajedrez destacando el rey en el centro\" class=\"wp-image-10565\" srcset=\"https:\/\/esi.uclm.es\/assets\/uploads\/2022\/05\/ajedrez-1024x256.jpeg 1024w, https:\/\/esi.uclm.es\/assets\/uploads\/2022\/05\/ajedrez-300x75.jpeg 300w, https:\/\/esi.uclm.es\/assets\/uploads\/2022\/05\/ajedrez-768x192.jpeg 768w, https:\/\/esi.uclm.es\/assets\/uploads\/2022\/05\/ajedrez-600x150.jpeg 600w, https:\/\/esi.uclm.es\/assets\/uploads\/2022\/05\/ajedrez.jpeg 1200w\" sizes=\"auto, (max-width: 1024px) 100vw, 1024px\" \/><\/figure>\n\n\n\n<h2 class=\"wp-block-heading\">M\u00e1ster Universitario en Ingenier\u00eda Inform\u00e1tica<\/h2>\n\n\n\n<hr class=\"wp-block-separator has-text-color has-vivid-cyan-blue-color has-alpha-channel-opacity has-vivid-cyan-blue-background-color has-background\"\/>\n\n\n\n<figure class=\"wp-block-embed is-type-video is-provider-youtube wp-block-embed-youtube wp-embed-aspect-16-9 wp-has-aspect-ratio\"><div class=\"wp-block-embed__wrapper\">\n<iframe loading=\"lazy\" title=\"M\u00e1ster en Ingenier\u00eda Inform\u00e1tica de la Escuela Superior de Inform\u00e1tica de Ciudad Real (UCLM)\" width=\"1060\" height=\"596\" src=\"https:\/\/www.youtube.com\/embed\/KfsUXinm_eg?feature=oembed\" frameborder=\"0\" allow=\"accelerometer; autoplay; clipboard-write; encrypted-media; gyroscope; picture-in-picture\" allowfullscreen><\/iframe>\n<\/div><\/figure>\n\n\n\n<h3 class=\"wp-block-heading\">Informaci\u00f3n General<\/h3>\n\n\n\n<p>En la idea de una formaci\u00f3n continua de los profesionales de las TIC, la UCLM ofrece el M\u00e1ster Universitario en Ingenier\u00eda Inform\u00e1tica (MUii).&nbsp;Tras finalizar el Grado en Ingenier\u00eda Inform\u00e1tica, cada alumno ha cursado una intensificaci\u00f3n que le ha especializado en un dominio concreto.&nbsp;El MUii busca complementaria la formaci\u00f3n del alumno, de manera que sea capaz de integrarse en un equipo en el que se requiera tanto profundidad como amplitud tecnol\u00f3gica.&nbsp;\u00c9ste es un M\u00e1ster Oficial y por lo tanto homologable en el Espacio Europeo de Educaci\u00f3n Superior (EEES);&nbsp;adem\u00e1s, es posible obtener becas y acceder a programas de doctorado.<\/p>\n\n\n\n<h3 class=\"wp-block-heading\">Objetivos Formativos<\/h3>\n\n\n\n<p>Este M\u00e1ster es el complemento formativo ideal para aquellos alumnos que, tras cursar una intensificaci\u00f3n en el Grado en Ingenier\u00eda Inform\u00e1tica, deseen ser formados en las materias principales del resto de intensificaciones de forma especializada (big data, internet de las cosas, transformaci\u00f3n digital, ciencia de datos, realidad virtual, etc\u2026). A parte de adentrarse en diferentes \u00e1reas de conocimiento, el m\u00e1ster tambi\u00e9n inicia a sus estudiantes en la direcci\u00f3n de equipos profesionales y en innovaci\u00f3n tecnol\u00f3gica.<\/p>\n\n\n\n<p>Independientemente de la especializaci\u00f3n recibida por el alumno durante el Grado, este m\u00e1ster reconcilia sus conocimientos con el resto de las intensificaciones, aport\u00e1ndole as\u00ed un valor a\u00f1adido que le habilitar\u00e1 para trabajar en cualquier tipo de proyecto.<\/p>\n\n\n\n<h3 class=\"wp-block-heading\">Competencias<\/h3>\n\n\n\n<p>El M\u00e1ster en Ingenier\u00eda Inform\u00e1tica cubre un total de 16 competencias organizadas en tres m\u00f3dulos: i) M\u00f3dulo de Direcci\u00f3n y Gesti\u00f3n, ii) M\u00f3dulo de Tecnolog\u00edas Inform\u00e1ticas y iii) M\u00f3dulo Trabajo Fin de M\u00e1ster. El primer m\u00f3dulo tiene como objetivo dotar al estudiante de capacidades para la direcci\u00f3n y gesti\u00f3n en empresas y centros tecnol\u00f3gicos, en distintos niveles; desde la gesti\u00f3n de proyectos hasta el de la propia empresa a nivel global.&nbsp;&nbsp;De esta forma se complementa la formaci\u00f3n del estudiante de Grado, y se le dota de las capacidades necesarias para ocupar puestos de mayor responsabilidad. Por otro lado, en el segundo m\u00f3dulo se adquirieren una serie de capacidades ligadas a tecnolog\u00edas avanzadas y punteras que marcan el desarrollo y progreso de la sociedad actual.&nbsp;&nbsp;Algunos ejemplos de estas tecnolog\u00edas son Big Data, Cloud Computing, Smart Cities, Supercomputing, Sistemas Ciber-F\u00edsicos, Realidad Aumentada, Ciberseguridad o Inteligencia Artificial. Por \u00faltimo, en el tercer m\u00f3dulo el estudiante deber\u00e1 realizar, presentar y defender un proyecto integral de Ingenier\u00eda Inform\u00e1tica de naturaleza profesional en el que se sinteticen parte de las competencias adquiridas durante el M\u00e1ster.<\/p>\n\n\n\n<h3 class=\"wp-block-heading\">Salidas Profesionales<\/h3>\n\n\n\n<p>El M\u00e1ster universitario en Ingenier\u00eda Inform\u00e1tica habilita para el ejercicio profesional de&nbsp;<strong>Ingeniero Inform\u00e1tico<\/strong>&nbsp;(Resoluci\u00f3n de 8 de junio de 2009, de la Secretar\u00eda General de Universidades, publicada en BOE N\u00fam. 187 de martes 4 de agosto de 2009).<\/p>\n\n\n\n<p>Seg\u00fan la evoluci\u00f3n de los datos obtenidos en las \u00faltimas encuestas de inserci\u00f3n laboral, se demuestra c\u00f3mo los titulados en Ingenier\u00eda Inform\u00e1tica son ampliamente demandados. En concreto, un 100% de los encuestados se encontraba trabajando en el momento de realizar la encuesta, valorando un 85% de ellos con 4 o m\u00e1s puntos (sobre un m\u00e1ximo de 5) sus expectativas de promoci\u00f3n profesional a corto plazo. El tiempo medio necesario para encontrar el primer empleo fue de 2,85 meses. En cuanto al tipo de empresa en que encontraron su primer empleo, el 85% fue contratado mediante un contrato temporal a tiempo completo en una empresa privada, valorando con un 93% la adecuaci\u00f3n entre el trabajo encontrado y la formaci\u00f3n recibida.<\/p>\n\n\n\n<p>Por otro lado, seg\u00fan datos del Centro de Informaci\u00f3n y Promoci\u00f3n de Empleo (CIPE) de la UCLM, los titulados de Inform\u00e1tica son los m\u00e1s demandados por empresarios de Castilla-La Mancha, siendo dif\u00edcil poder satisfacer todas las demandas que llegan, por ser superiores a la oferta.<\/p>\n","protected":false},"excerpt":{"rendered":"<p>M\u00e1ster Universitario en Ingenier\u00eda Inform\u00e1tica Informaci\u00f3n General En la idea de una formaci\u00f3n continua de los profesionales de las TIC, la UCLM ofrece el M\u00e1ster Universitario en Ingenier\u00eda Inform\u00e1tica (MUii).&nbsp;Tras finalizar el Grado en Ingenier\u00eda Inform\u00e1tica, cada alumno ha cursado una intensificaci\u00f3n que le ha [&hellip;]<\/p>\n","protected":false},"author":1,"featured_media":0,"parent":0,"menu_order":0,"comment_status":"closed","ping_status":"closed","template":"","meta":{"footnotes":""},"class_list":["post-3998","page","type-page","status-publish","hentry"],"yoast_head":"<!-- This site is optimized with the Yoast SEO plugin v27.4 - https:\/\/yoast.com\/product\/yoast-seo-wordpress\/ -->\n<title>M\u00e1ster en Ingenier\u00eda Inform\u00e1tica - Escuela Superior de Inform\u00e1tica de UCLM<\/title>\n<meta name=\"robots\" content=\"index, follow, max-snippet:-1, max-image-preview:large, max-video-preview:-1\" \/>\n<link rel=\"canonical\" href=\"https:\/\/esi.uclm.es\/index.php\/master-en-ingenieria-informatica\/\" \/>\n<meta property=\"og:locale\" content=\"es_ES\" \/>\n<meta property=\"og:type\" content=\"article\" \/>\n<meta property=\"og:title\" content=\"M\u00e1ster en Ingenier\u00eda Inform\u00e1tica - Escuela Superior de Inform\u00e1tica de UCLM\" \/>\n<meta property=\"og:description\" content=\"M\u00e1ster Universitario en Ingenier\u00eda Inform\u00e1tica Informaci\u00f3n General En la idea de una formaci\u00f3n continua de los profesionales de las TIC, la UCLM ofrece el M\u00e1ster Universitario en Ingenier\u00eda Inform\u00e1tica (MUii).&nbsp;Tras finalizar el Grado en Ingenier\u00eda Inform\u00e1tica, cada alumno ha cursado una intensificaci\u00f3n que le ha [&hellip;]\" \/>\n<meta property=\"og:url\" content=\"https:\/\/esi.uclm.es\/index.php\/master-en-ingenieria-informatica\/\" \/>\n<meta property=\"og:site_name\" content=\"Escuela Superior de Inform\u00e1tica de UCLM\" \/>\n<meta property=\"article:publisher\" content=\"https:\/\/www.facebook.com\/Escuela-Superior-de-Informtica-543261809027158\" \/>\n<meta property=\"article:modified_time\" content=\"2024-07-23T11:30:29+00:00\" \/>\n<meta property=\"og:image\" content=\"https:\/\/esi.uclm.es\/assets\/uploads\/2022\/05\/ajedrez-1024x256.jpeg\" \/>\n<meta name=\"twitter:card\" content=\"summary_large_image\" \/>\n<meta name=\"twitter:site\" content=\"@esiuclm\" \/>\n<meta name=\"twitter:label1\" content=\"Tiempo de lectura\" \/>\n\t<meta name=\"twitter:data1\" content=\"3 minutos\" \/>\n<script type=\"application\/ld+json\" class=\"yoast-schema-graph\">{\"@context\":\"https:\\\/\\\/schema.org\",\"@graph\":[{\"@type\":\"WebPage\",\"@id\":\"https:\\\/\\\/esi.uclm.es\\\/index.php\\\/master-en-ingenieria-informatica\\\/\",\"url\":\"https:\\\/\\\/esi.uclm.es\\\/index.php\\\/master-en-ingenieria-informatica\\\/\",\"name\":\"M\u00e1ster en Ingenier\u00eda Inform\u00e1tica - Escuela Superior de Inform\u00e1tica de UCLM\",\"isPartOf\":{\"@id\":\"https:\\\/\\\/esi.uclm.es\\\/#website\"},\"primaryImageOfPage\":{\"@id\":\"https:\\\/\\\/esi.uclm.es\\\/index.php\\\/master-en-ingenieria-informatica\\\/#primaryimage\"},\"image\":{\"@id\":\"https:\\\/\\\/esi.uclm.es\\\/index.php\\\/master-en-ingenieria-informatica\\\/#primaryimage\"},\"thumbnailUrl\":\"https:\\\/\\\/esi.uclm.es\\\/assets\\\/uploads\\\/2022\\\/05\\\/ajedrez-1024x256.jpeg\",\"datePublished\":\"2022-01-27T17:06:31+00:00\",\"dateModified\":\"2024-07-23T11:30:29+00:00\",\"breadcrumb\":{\"@id\":\"https:\\\/\\\/esi.uclm.es\\\/index.php\\\/master-en-ingenieria-informatica\\\/#breadcrumb\"},\"inLanguage\":\"es\",\"potentialAction\":[{\"@type\":\"ReadAction\",\"target\":[\"https:\\\/\\\/esi.uclm.es\\\/index.php\\\/master-en-ingenieria-informatica\\\/\"]}]},{\"@type\":\"ImageObject\",\"inLanguage\":\"es\",\"@id\":\"https:\\\/\\\/esi.uclm.es\\\/index.php\\\/master-en-ingenieria-informatica\\\/#primaryimage\",\"url\":\"https:\\\/\\\/esi.uclm.es\\\/assets\\\/uploads\\\/2022\\\/05\\\/ajedrez-1024x256.jpeg\",\"contentUrl\":\"https:\\\/\\\/esi.uclm.es\\\/assets\\\/uploads\\\/2022\\\/05\\\/ajedrez-1024x256.jpeg\"},{\"@type\":\"BreadcrumbList\",\"@id\":\"https:\\\/\\\/esi.uclm.es\\\/index.php\\\/master-en-ingenieria-informatica\\\/#breadcrumb\",\"itemListElement\":[{\"@type\":\"ListItem\",\"position\":1,\"name\":\"Portada\",\"item\":\"https:\\\/\\\/esi.uclm.es\\\/\"},{\"@type\":\"ListItem\",\"position\":2,\"name\":\"M\u00e1ster en Ingenier\u00eda Inform\u00e1tica\"}]},{\"@type\":\"WebSite\",\"@id\":\"https:\\\/\\\/esi.uclm.es\\\/#website\",\"url\":\"https:\\\/\\\/esi.uclm.es\\\/\",\"name\":\"Escuela Superior de Inform\u00e1tica de UCLM en Ciudad Real, Castilla-La Mancha\",\"description\":\"La Escuela Superior de Inform\u00e1tica de Ciudad Real (Castilla-La Mancha), Universidad de Castilla-La Mancha es un centro universitario que imparte el ciclo completo de Ingenier\u00eda en Inform\u00e1tica: grado, m\u00e1ster y doctorado.\",\"publisher\":{\"@id\":\"https:\\\/\\\/esi.uclm.es\\\/#organization\"},\"potentialAction\":[{\"@type\":\"SearchAction\",\"target\":{\"@type\":\"EntryPoint\",\"urlTemplate\":\"https:\\\/\\\/esi.uclm.es\\\/?s={search_term_string}\"},\"query-input\":{\"@type\":\"PropertyValueSpecification\",\"valueRequired\":true,\"valueName\":\"search_term_string\"}}],\"inLanguage\":\"es\"},{\"@type\":\"Organization\",\"@id\":\"https:\\\/\\\/esi.uclm.es\\\/#organization\",\"name\":\"Escuela Superior de Inform\u00e1tica de UCLM\",\"url\":\"https:\\\/\\\/esi.uclm.es\\\/\",\"logo\":{\"@type\":\"ImageObject\",\"inLanguage\":\"es\",\"@id\":\"https:\\\/\\\/esi.uclm.es\\\/#\\\/schema\\\/logo\\\/image\\\/\",\"url\":\"https:\\\/\\\/esi.uclm.es\\\/assets\\\/uploads\\\/2022\\\/03\\\/LogoESI_cabecera-1.png\",\"contentUrl\":\"https:\\\/\\\/esi.uclm.es\\\/assets\\\/uploads\\\/2022\\\/03\\\/LogoESI_cabecera-1.png\",\"width\":460,\"height\":184,\"caption\":\"Escuela Superior de Inform\u00e1tica de UCLM\"},\"image\":{\"@id\":\"https:\\\/\\\/esi.uclm.es\\\/#\\\/schema\\\/logo\\\/image\\\/\"},\"sameAs\":[\"https:\\\/\\\/www.facebook.com\\\/Escuela-Superior-de-Informtica-543261809027158\",\"https:\\\/\\\/x.com\\\/esiuclm\",\"https:\\\/\\\/www.instagram.com\\\/esiuclm\\\/\",\"https:\\\/\\\/www.youtube.com\\\/user\\\/esiuclm\",\"https:\\\/\\\/www.twitch.tv\\\/esiuclm\",\"https:\\\/\\\/www.linkedin.com\\\/company\\\/12656631\\\/admin\\\/\"]}]}<\/script>\n<!-- \/ Yoast SEO plugin. -->","yoast_head_json":{"title":"M\u00e1ster en Ingenier\u00eda Inform\u00e1tica - Escuela Superior de Inform\u00e1tica de UCLM","robots":{"index":"index","follow":"follow","max-snippet":"max-snippet:-1","max-image-preview":"max-image-preview:large","max-video-preview":"max-video-preview:-1"},"canonical":"https:\/\/esi.uclm.es\/index.php\/master-en-ingenieria-informatica\/","og_locale":"es_ES","og_type":"article","og_title":"M\u00e1ster en Ingenier\u00eda Inform\u00e1tica - Escuela Superior de Inform\u00e1tica de UCLM","og_description":"M\u00e1ster Universitario en Ingenier\u00eda Inform\u00e1tica Informaci\u00f3n General En la idea de una formaci\u00f3n continua de los profesionales de las TIC, la UCLM ofrece el M\u00e1ster Universitario en Ingenier\u00eda Inform\u00e1tica (MUii).&nbsp;Tras finalizar el Grado en Ingenier\u00eda Inform\u00e1tica, cada alumno ha cursado una intensificaci\u00f3n que le ha [&hellip;]","og_url":"https:\/\/esi.uclm.es\/index.php\/master-en-ingenieria-informatica\/","og_site_name":"Escuela Superior de Inform\u00e1tica de UCLM","article_publisher":"https:\/\/www.facebook.com\/Escuela-Superior-de-Informtica-543261809027158","article_modified_time":"2024-07-23T11:30:29+00:00","og_image":[{"url":"https:\/\/esi.uclm.es\/assets\/uploads\/2022\/05\/ajedrez-1024x256.jpeg","type":"","width":"","height":""}],"twitter_card":"summary_large_image","twitter_site":"@esiuclm","twitter_misc":{"Tiempo de lectura":"3 minutos"},"schema":{"@context":"https:\/\/schema.org","@graph":[{"@type":"WebPage","@id":"https:\/\/esi.uclm.es\/index.php\/master-en-ingenieria-informatica\/","url":"https:\/\/esi.uclm.es\/index.php\/master-en-ingenieria-informatica\/","name":"M\u00e1ster en Ingenier\u00eda Inform\u00e1tica - Escuela Superior de Inform\u00e1tica de UCLM","isPartOf":{"@id":"https:\/\/esi.uclm.es\/#website"},"primaryImageOfPage":{"@id":"https:\/\/esi.uclm.es\/index.php\/master-en-ingenieria-informatica\/#primaryimage"},"image":{"@id":"https:\/\/esi.uclm.es\/index.php\/master-en-ingenieria-informatica\/#primaryimage"},"thumbnailUrl":"https:\/\/esi.uclm.es\/assets\/uploads\/2022\/05\/ajedrez-1024x256.jpeg","datePublished":"2022-01-27T17:06:31+00:00","dateModified":"2024-07-23T11:30:29+00:00","breadcrumb":{"@id":"https:\/\/esi.uclm.es\/index.php\/master-en-ingenieria-informatica\/#breadcrumb"},"inLanguage":"es","potentialAction":[{"@type":"ReadAction","target":["https:\/\/esi.uclm.es\/index.php\/master-en-ingenieria-informatica\/"]}]},{"@type":"ImageObject","inLanguage":"es","@id":"https:\/\/esi.uclm.es\/index.php\/master-en-ingenieria-informatica\/#primaryimage","url":"https:\/\/esi.uclm.es\/assets\/uploads\/2022\/05\/ajedrez-1024x256.jpeg","contentUrl":"https:\/\/esi.uclm.es\/assets\/uploads\/2022\/05\/ajedrez-1024x256.jpeg"},{"@type":"BreadcrumbList","@id":"https:\/\/esi.uclm.es\/index.php\/master-en-ingenieria-informatica\/#breadcrumb","itemListElement":[{"@type":"ListItem","position":1,"name":"Portada","item":"https:\/\/esi.uclm.es\/"},{"@type":"ListItem","position":2,"name":"M\u00e1ster en Ingenier\u00eda Inform\u00e1tica"}]},{"@type":"WebSite","@id":"https:\/\/esi.uclm.es\/#website","url":"https:\/\/esi.uclm.es\/","name":"Escuela Superior de Inform\u00e1tica de UCLM en Ciudad Real, Castilla-La Mancha","description":"La Escuela Superior de Inform\u00e1tica de Ciudad Real (Castilla-La Mancha), Universidad de Castilla-La Mancha es un centro universitario que imparte el ciclo completo de Ingenier\u00eda en Inform\u00e1tica: grado, m\u00e1ster y doctorado.","publisher":{"@id":"https:\/\/esi.uclm.es\/#organization"},"potentialAction":[{"@type":"SearchAction","target":{"@type":"EntryPoint","urlTemplate":"https:\/\/esi.uclm.es\/?s={search_term_string}"},"query-input":{"@type":"PropertyValueSpecification","valueRequired":true,"valueName":"search_term_string"}}],"inLanguage":"es"},{"@type":"Organization","@id":"https:\/\/esi.uclm.es\/#organization","name":"Escuela Superior de Inform\u00e1tica de UCLM","url":"https:\/\/esi.uclm.es\/","logo":{"@type":"ImageObject","inLanguage":"es","@id":"https:\/\/esi.uclm.es\/#\/schema\/logo\/image\/","url":"https:\/\/esi.uclm.es\/assets\/uploads\/2022\/03\/LogoESI_cabecera-1.png","contentUrl":"https:\/\/esi.uclm.es\/assets\/uploads\/2022\/03\/LogoESI_cabecera-1.png","width":460,"height":184,"caption":"Escuela Superior de Inform\u00e1tica de UCLM"},"image":{"@id":"https:\/\/esi.uclm.es\/#\/schema\/logo\/image\/"},"sameAs":["https:\/\/www.facebook.com\/Escuela-Superior-de-Informtica-543261809027158","https:\/\/x.com\/esiuclm","https:\/\/www.instagram.com\/esiuclm\/","https:\/\/www.youtube.com\/user\/esiuclm","https:\/\/www.twitch.tv\/esiuclm","https:\/\/www.linkedin.com\/company\/12656631\/admin\/"]}]}},"_links":{"self":[{"href":"https:\/\/esi.uclm.es\/index.php\/wp-json\/wp\/v2\/pages\/3998","targetHints":{"allow":["GET"]}}],"collection":[{"href":"https:\/\/esi.uclm.es\/index.php\/wp-json\/wp\/v2\/pages"}],"about":[{"href":"https:\/\/esi.uclm.es\/index.php\/wp-json\/wp\/v2\/types\/page"}],"author":[{"embeddable":true,"href":"https:\/\/esi.uclm.es\/index.php\/wp-json\/wp\/v2\/users\/1"}],"replies":[{"embeddable":true,"href":"https:\/\/esi.uclm.es\/index.php\/wp-json\/wp\/v2\/comments?post=3998"}],"version-history":[{"count":10,"href":"https:\/\/esi.uclm.es\/index.php\/wp-json\/wp\/v2\/pages\/3998\/revisions"}],"predecessor-version":[{"id":19001,"href":"https:\/\/esi.uclm.es\/index.php\/wp-json\/wp\/v2\/pages\/3998\/revisions\/19001"}],"wp:attachment":[{"href":"https:\/\/esi.uclm.es\/index.php\/wp-json\/wp\/v2\/media?parent=3998"}],"curies":[{"name":"wp","href":"https:\/\/api.w.org\/{rel}","templated":true}]}}