{"id":3962,"date":"2022-01-27T15:35:13","date_gmt":"2022-01-27T15:35:13","guid":{"rendered":"http:\/\/esiaz24.uclm.es\/?page_id=3962"},"modified":"2026-03-03T12:50:41","modified_gmt":"2026-03-03T12:50:41","slug":"personal-de-administracion-y-servicios","status":"publish","type":"page","link":"https:\/\/esi.uclm.es\/index.php\/personal\/personal-de-administracion-y-servicios\/","title":{"rendered":"Personal de Administraci\u00f3n y Servicios"},"content":{"rendered":"\n<h2 class=\"wp-block-heading\">Personal de Administraci\u00f3n y Servicios<\/h2>\n\n\n\n<hr class=\"wp-block-separator has-text-color has-vivid-cyan-blue-color has-alpha-channel-opacity has-vivid-cyan-blue-background-color has-background is-style-wide\"\/>\n\n\n\n<h3 class=\"wp-block-heading\">Direcci\u00f3n y Secretar\u00eda<\/h3>\n\n\n\n<div class=\"wp-block-group\"><div class=\"wp-block-group__inner-container is-layout-flow wp-block-group-is-layout-flow\">\n<div class=\"wp-block-columns is-layout-flex wp-container-core-columns-is-layout-9d6595d7 wp-block-columns-is-layout-flex\">\n<div class=\"wp-block-column is-layout-flow wp-block-column-is-layout-flow\" style=\"flex-basis:100%\">\n<figure class=\"wp-block-table is-style-regular\"><table class=\"has-fixed-layout\"><tbody><tr><td class=\"has-text-align-center\" data-align=\"center\"><img decoding=\"async\" src=\"https:\/\/esi.uclm.es\/assets\/uploads\/2023\/07\/juliochocano2.webp\" alt=\"\" style=\"width: 96px;\"><\/td><td class=\"has-text-align-left\" data-align=\"left\"><a href=\"https:\/\/directorio.uclm.es\/persona.aspx?cod=UIdbw9ksDZzsSvvZrL5h2GU4VnuRezNS\">Julio Chocano Moreno<\/a><\/td><td class=\"has-text-align-left\" data-align=\"left\">Administrador de Centro<\/td><\/tr><tr><td class=\"has-text-align-center\" data-align=\"center\"><img loading=\"lazy\" decoding=\"async\" width=\"96\" height=\"96\" class=\"wp-image-6507\" style=\"width: 96px;\" src=\"https:\/\/esi.uclm.es\/assets\/uploads\/2022\/02\/content_paco.jpg\" alt=\"\"><\/td><td class=\"has-text-align-left\" data-align=\"left\"><a href=\"https:\/\/directorio.uclm.es\/?uid=fco.montoya\">Francisco Javier Montoya Gonz\u00e1lez<\/a><\/td><td class=\"has-text-align-left\" data-align=\"left\">Ejecutivo<br>Secretar\u00eda de Direcci\u00f3n<\/td><\/tr><tr><td class=\"has-text-align-center\" data-align=\"center\"><img loading=\"lazy\" decoding=\"async\" width=\"96\" height=\"96\" class=\"wp-image-5434\" style=\"width: 96px;\" src=\"https:\/\/esi.uclm.es\/assets\/uploads\/2022\/02\/content_persona.png\" alt=\"\" srcset=\"https:\/\/esi.uclm.es\/assets\/uploads\/2022\/02\/content_persona.png 512w, https:\/\/esi.uclm.es\/assets\/uploads\/2022\/02\/content_persona-300x300.png 300w, https:\/\/esi.uclm.es\/assets\/uploads\/2022\/02\/content_persona-150x150.png 150w, https:\/\/esi.uclm.es\/assets\/uploads\/2022\/02\/content_persona-100x100.png 100w\" sizes=\"auto, (max-width: 96px) 100vw, 96px\" \/>&nbsp;<\/td><td class=\"has-text-align-left\" data-align=\"left\"><a href=\"https:\/\/directorio.uclm.es\/persona.aspx?cod=RS5JdVecNLU\/rE+LOq6s9uxCHCrewxvZPH\/oCaw+7Zc=\">Carolina Urbina Rodrigo<\/a><\/td><td class=\"has-text-align-left\" data-align=\"left\">Gestor<br>Unidad de Centros y Apoyo<\/td><\/tr><tr><td class=\"has-text-align-center\" data-align=\"center\"><img loading=\"lazy\" decoding=\"async\" width=\"96\" height=\"96\" class=\"wp-image-5434\" style=\"width: 96px;\" src=\"https:\/\/esi.uclm.es\/assets\/uploads\/2022\/02\/content_persona.png\" alt=\"\" srcset=\"https:\/\/esi.uclm.es\/assets\/uploads\/2022\/02\/content_persona.png 512w, https:\/\/esi.uclm.es\/assets\/uploads\/2022\/02\/content_persona-300x300.png 300w, https:\/\/esi.uclm.es\/assets\/uploads\/2022\/02\/content_persona-150x150.png 150w, https:\/\/esi.uclm.es\/assets\/uploads\/2022\/02\/content_persona-100x100.png 100w\" sizes=\"auto, (max-width: 96px) 100vw, 96px\" \/>&nbsp;<\/td><td class=\"has-text-align-left\" data-align=\"left\"><a href=\"https:\/\/directorio.uclm.es\/?uid=mariamar.garcia\">Mar\u00eda del Mar Garc\u00eda de las Bayonas Arriaga<\/a><\/td><td class=\"has-text-align-left\" data-align=\"left\">Ejecutivo<br>Unidad de Centros y Apoyo<\/td><\/tr><\/tbody><\/table><\/figure>\n<\/div>\n<\/div>\n<\/div><\/div>\n\n\n\n<h3 class=\"wp-block-heading\">Unidad TIC<\/h3>\n\n\n\n<figure class=\"wp-block-table is-style-regular\"><table class=\"has-fixed-layout\"><tbody><tr><td>&nbsp;<img decoding=\"async\" src=\"https:\/\/esi.uclm.es\/assets\/uploads\/2022\/02\/content_jantoniofmds.jpg\" alt=\"\"><\/td><td class=\"has-text-align-left\" data-align=\"left\"><a href=\"https:\/\/directorio.uclm.es\/?uid=joseantonio.fdez\">Jos\u00e9 Antonio Fern\u00e1ndez del Moral D\u00edaz-Salazar<\/a><\/td><td class=\"has-text-align-left\" data-align=\"left\">T\u00e9cnico II<br>Unidad de Investigaci\u00f3n y Departamentos<\/td><\/tr><tr><td><img decoding=\"async\" src=\"https:\/\/esi.uclm.es\/assets\/uploads\/2022\/02\/content_david.jpg\" alt=\"\"><\/td><td class=\"has-text-align-left\" data-align=\"left\"><a href=\"https:\/\/directorio.uclm.es\/?uid=david.cerrillo\">David Cerrillo Cerrillo<\/a><\/td><td class=\"has-text-align-left\" data-align=\"left\">T\u00e9cnico III<br>Unidad de Investigaci\u00f3n y Departamentos<\/td><\/tr><tr><td><img decoding=\"async\" src=\"https:\/\/esi.uclm.es\/assets\/uploads\/2022\/02\/content_bernardo.jpg\" alt=\"\"><\/td><td class=\"has-text-align-left\" data-align=\"left\"><a href=\"https:\/\/directorio.uclm.es\/?uid=josebernardo.martin\">Jose Bernardo Mart\u00edn Rodr\u00edguez<\/a><\/td><td class=\"has-text-align-left\" data-align=\"left\">T\u00e9cnico III<br>Unidad de Investigaci\u00f3n y Departamentos<\/td><\/tr><tr><td><img decoding=\"async\" src=\"https:\/\/esi.uclm.es\/assets\/uploads\/2023\/07\/joseangel2.webp\" alt=\"\" style=\"width: 96px;\"><\/td><td class=\"has-text-align-left\" data-align=\"left\"><a href=\"https:\/\/directorio.uclm.es\/persona.aspx?cod=DTXTrZ1i0JYBakBXE1H7K2afasBmAAHD\">Jos\u00e9 \u00c1ngel S\u00e1nchez D\u00edaz<\/a><\/td><td class=\"has-text-align-left\" data-align=\"left\">Oficial<br>Unidad de Investigaci\u00f3n y Departamentos<\/td><\/tr><\/tbody><\/table><\/figure>\n\n\n\n<h3 class=\"wp-block-heading\">Unidad de Servicios<\/h3>\n\n\n\n<figure class=\"wp-block-table is-style-regular\"><table class=\"has-fixed-layout\"><tbody><tr><td>&nbsp;<img loading=\"lazy\" decoding=\"async\" width=\"96\" height=\"96\" class=\"wp-image-5434\" style=\"width: 96px;\" src=\"https:\/\/esi.uclm.es\/assets\/uploads\/2022\/02\/content_persona.png\" alt=\"\" srcset=\"https:\/\/esi.uclm.es\/assets\/uploads\/2022\/02\/content_persona.png 512w, https:\/\/esi.uclm.es\/assets\/uploads\/2022\/02\/content_persona-300x300.png 300w, https:\/\/esi.uclm.es\/assets\/uploads\/2022\/02\/content_persona-150x150.png 150w, https:\/\/esi.uclm.es\/assets\/uploads\/2022\/02\/content_persona-100x100.png 100w\" sizes=\"auto, (max-width: 96px) 100vw, 96px\" \/><\/td><td class=\"has-text-align-left\" data-align=\"left\"><a href=\"https:\/\/directorio.uclm.es\/persona.aspx?cod=jO9wEjsyUWawgKHRvYA7YGafasBmAAHD\">C\u00e9sar Aranda Gonz\u00e1lez<\/a><\/td><td class=\"has-text-align-left\" data-align=\"left\">Responsable de edificio<br>Unidad de Servicios<\/td><\/tr><tr><td>&nbsp;<img loading=\"lazy\" decoding=\"async\" width=\"96\" height=\"96\" class=\"wp-image-5434\" style=\"width: 96px;\" src=\"https:\/\/esi.uclm.es\/assets\/uploads\/2022\/02\/content_persona.png\" alt=\"\" srcset=\"https:\/\/esi.uclm.es\/assets\/uploads\/2022\/02\/content_persona.png 512w, https:\/\/esi.uclm.es\/assets\/uploads\/2022\/02\/content_persona-300x300.png 300w, https:\/\/esi.uclm.es\/assets\/uploads\/2022\/02\/content_persona-150x150.png 150w, https:\/\/esi.uclm.es\/assets\/uploads\/2022\/02\/content_persona-100x100.png 100w\" sizes=\"auto, (max-width: 96px) 100vw, 96px\" \/><\/td><td class=\"has-text-align-left\" data-align=\"left\"><a href=\"https:\/\/directorio.uclm.es\/persona.aspx?cod=N1Afas3UoqJjutEVC399ETjuM6w14xA+Zp9qwGYAAcM=\">Mar\u00eda de los Santos Triguero L\u00f3pez<\/a><\/td><td class=\"has-text-align-left\" data-align=\"left\">Oficial de Servicios<\/td><\/tr><tr><td><img loading=\"lazy\" decoding=\"async\" width=\"96\" height=\"96\" class=\"wp-image-5434\" style=\"width: 96px;\" src=\"https:\/\/esi.uclm.es\/assets\/uploads\/2022\/02\/content_persona.png\" alt=\"\" srcset=\"https:\/\/esi.uclm.es\/assets\/uploads\/2022\/02\/content_persona.png 512w, https:\/\/esi.uclm.es\/assets\/uploads\/2022\/02\/content_persona-300x300.png 300w, https:\/\/esi.uclm.es\/assets\/uploads\/2022\/02\/content_persona-150x150.png 150w, https:\/\/esi.uclm.es\/assets\/uploads\/2022\/02\/content_persona-100x100.png 100w\" sizes=\"auto, (max-width: 96px) 100vw, 96px\" \/><\/td><td class=\"has-text-align-left\" data-align=\"left\"><a href=\"https:\/\/directorio.uclm.es\/persona.aspx?cod=TyWFd3d9wlhOdHQjFmD0mGafasBmAAHD\">Manuela D\u00edaz S\u00e1nchez<\/a><\/td><td class=\"has-text-align-left\" data-align=\"left\">Gestor de Servicios<\/td><\/tr><tr><td><img loading=\"lazy\" decoding=\"async\" width=\"96\" height=\"96\" class=\"wp-image-5434\" style=\"width: 96px;\" src=\"https:\/\/esi.uclm.es\/assets\/uploads\/2022\/02\/content_persona.png\" alt=\"\" srcset=\"https:\/\/esi.uclm.es\/assets\/uploads\/2022\/02\/content_persona.png 512w, https:\/\/esi.uclm.es\/assets\/uploads\/2022\/02\/content_persona-300x300.png 300w, https:\/\/esi.uclm.es\/assets\/uploads\/2022\/02\/content_persona-150x150.png 150w, https:\/\/esi.uclm.es\/assets\/uploads\/2022\/02\/content_persona-100x100.png 100w\" sizes=\"auto, (max-width: 96px) 100vw, 96px\" \/><\/td><td class=\"has-text-align-left\" data-align=\"left\"><a href=\"https:\/\/directorio.uclm.es\/persona.aspx?cod=RGTIA47HYxJGqpLenr8+jziD036oTBupkGC+LfDlw\/w=\">Inmaculada Concepci\u00f3n Ruiz Mart\u00edn <\/a><\/td><td class=\"has-text-align-left\" data-align=\"left\">Gestor de Servicios<\/td><\/tr><\/tbody><\/table><\/figure>\n","protected":false},"excerpt":{"rendered":"<p>Personal de Administraci\u00f3n y Servicios Direcci\u00f3n y Secretar\u00eda Julio Chocano Moreno Administrador de Centro Francisco Javier Montoya Gonz\u00e1lez EjecutivoSecretar\u00eda de Direcci\u00f3n &nbsp; Carolina Urbina Rodrigo GestorUnidad de Centros y Apoyo &nbsp; Mar\u00eda del Mar Garc\u00eda de las Bayonas Arriaga EjecutivoUnidad de Centros y Apoyo Unidad [&hellip;]<\/p>\n","protected":false},"author":1,"featured_media":0,"parent":5510,"menu_order":0,"comment_status":"closed","ping_status":"closed","template":"","meta":{"footnotes":""},"class_list":["post-3962","page","type-page","status-publish","hentry"],"yoast_head":"<!-- This site is optimized with the Yoast SEO plugin v27.3 - https:\/\/yoast.com\/product\/yoast-seo-wordpress\/ -->\n<title>Personal de Administraci\u00f3n y Servicios - Escuela Superior de Inform\u00e1tica de UCLM<\/title>\n<meta name=\"robots\" content=\"index, follow, max-snippet:-1, max-image-preview:large, max-video-preview:-1\" \/>\n<link rel=\"canonical\" href=\"https:\/\/esi.uclm.es\/index.php\/personal\/personal-de-administracion-y-servicios\/\" \/>\n<meta property=\"og:locale\" content=\"es_ES\" \/>\n<meta property=\"og:type\" content=\"article\" \/>\n<meta property=\"og:title\" content=\"Personal de Administraci\u00f3n y Servicios - Escuela Superior de Inform\u00e1tica de UCLM\" \/>\n<meta property=\"og:description\" content=\"Personal de Administraci\u00f3n y Servicios Direcci\u00f3n y Secretar\u00eda Julio Chocano Moreno Administrador de Centro Francisco Javier Montoya Gonz\u00e1lez EjecutivoSecretar\u00eda de Direcci\u00f3n &nbsp; Carolina Urbina Rodrigo GestorUnidad de Centros y Apoyo &nbsp; Mar\u00eda del Mar Garc\u00eda de las Bayonas Arriaga EjecutivoUnidad de Centros y Apoyo Unidad [&hellip;]\" \/>\n<meta property=\"og:url\" content=\"https:\/\/esi.uclm.es\/index.php\/personal\/personal-de-administracion-y-servicios\/\" \/>\n<meta property=\"og:site_name\" content=\"Escuela Superior de Inform\u00e1tica de UCLM\" \/>\n<meta property=\"article:publisher\" content=\"https:\/\/www.facebook.com\/Escuela-Superior-de-Informtica-543261809027158\" \/>\n<meta property=\"article:modified_time\" content=\"2026-03-03T12:50:41+00:00\" \/>\n<meta property=\"og:image\" content=\"https:\/\/esi.uclm.es\/assets\/uploads\/2023\/07\/juliochocano2.webp\" \/>\n<meta name=\"twitter:card\" content=\"summary_large_image\" \/>\n<meta name=\"twitter:site\" content=\"@esiuclm\" \/>\n<meta name=\"twitter:label1\" content=\"Tiempo de lectura\" \/>\n\t<meta name=\"twitter:data1\" content=\"3 minutos\" \/>\n<script type=\"application\/ld+json\" class=\"yoast-schema-graph\">{\"@context\":\"https:\\\/\\\/schema.org\",\"@graph\":[{\"@type\":\"WebPage\",\"@id\":\"https:\\\/\\\/esi.uclm.es\\\/index.php\\\/personal\\\/personal-de-administracion-y-servicios\\\/\",\"url\":\"https:\\\/\\\/esi.uclm.es\\\/index.php\\\/personal\\\/personal-de-administracion-y-servicios\\\/\",\"name\":\"Personal de Administraci\u00f3n y Servicios - Escuela Superior de Inform\u00e1tica de UCLM\",\"isPartOf\":{\"@id\":\"https:\\\/\\\/esi.uclm.es\\\/#website\"},\"primaryImageOfPage\":{\"@id\":\"https:\\\/\\\/esi.uclm.es\\\/index.php\\\/personal\\\/personal-de-administracion-y-servicios\\\/#primaryimage\"},\"image\":{\"@id\":\"https:\\\/\\\/esi.uclm.es\\\/index.php\\\/personal\\\/personal-de-administracion-y-servicios\\\/#primaryimage\"},\"thumbnailUrl\":\"https:\\\/\\\/esi.uclm.es\\\/assets\\\/uploads\\\/2023\\\/07\\\/juliochocano2.webp\",\"datePublished\":\"2022-01-27T15:35:13+00:00\",\"dateModified\":\"2026-03-03T12:50:41+00:00\",\"breadcrumb\":{\"@id\":\"https:\\\/\\\/esi.uclm.es\\\/index.php\\\/personal\\\/personal-de-administracion-y-servicios\\\/#breadcrumb\"},\"inLanguage\":\"es\",\"potentialAction\":[{\"@type\":\"ReadAction\",\"target\":[\"https:\\\/\\\/esi.uclm.es\\\/index.php\\\/personal\\\/personal-de-administracion-y-servicios\\\/\"]}]},{\"@type\":\"ImageObject\",\"inLanguage\":\"es\",\"@id\":\"https:\\\/\\\/esi.uclm.es\\\/index.php\\\/personal\\\/personal-de-administracion-y-servicios\\\/#primaryimage\",\"url\":\"https:\\\/\\\/esi.uclm.es\\\/assets\\\/uploads\\\/2023\\\/07\\\/juliochocano2.webp\",\"contentUrl\":\"https:\\\/\\\/esi.uclm.es\\\/assets\\\/uploads\\\/2023\\\/07\\\/juliochocano2.webp\"},{\"@type\":\"BreadcrumbList\",\"@id\":\"https:\\\/\\\/esi.uclm.es\\\/index.php\\\/personal\\\/personal-de-administracion-y-servicios\\\/#breadcrumb\",\"itemListElement\":[{\"@type\":\"ListItem\",\"position\":1,\"name\":\"Portada\",\"item\":\"https:\\\/\\\/esi.uclm.es\\\/\"},{\"@type\":\"ListItem\",\"position\":2,\"name\":\"Personas y Equipo\",\"item\":\"https:\\\/\\\/esi.uclm.es\\\/index.php\\\/personal\\\/\"},{\"@type\":\"ListItem\",\"position\":3,\"name\":\"Personal de Administraci\u00f3n y Servicios\"}]},{\"@type\":\"WebSite\",\"@id\":\"https:\\\/\\\/esi.uclm.es\\\/#website\",\"url\":\"https:\\\/\\\/esi.uclm.es\\\/\",\"name\":\"Escuela Superior de Inform\u00e1tica de UCLM en Ciudad Real, Castilla-La Mancha\",\"description\":\"La Escuela Superior de Inform\u00e1tica de Ciudad Real (Castilla-La Mancha), Universidad de Castilla-La Mancha es un centro universitario que imparte el ciclo completo de Ingenier\u00eda en Inform\u00e1tica: grado, m\u00e1ster y doctorado.\",\"publisher\":{\"@id\":\"https:\\\/\\\/esi.uclm.es\\\/#organization\"},\"potentialAction\":[{\"@type\":\"SearchAction\",\"target\":{\"@type\":\"EntryPoint\",\"urlTemplate\":\"https:\\\/\\\/esi.uclm.es\\\/?s={search_term_string}\"},\"query-input\":{\"@type\":\"PropertyValueSpecification\",\"valueRequired\":true,\"valueName\":\"search_term_string\"}}],\"inLanguage\":\"es\"},{\"@type\":\"Organization\",\"@id\":\"https:\\\/\\\/esi.uclm.es\\\/#organization\",\"name\":\"Escuela Superior de Inform\u00e1tica de UCLM\",\"url\":\"https:\\\/\\\/esi.uclm.es\\\/\",\"logo\":{\"@type\":\"ImageObject\",\"inLanguage\":\"es\",\"@id\":\"https:\\\/\\\/esi.uclm.es\\\/#\\\/schema\\\/logo\\\/image\\\/\",\"url\":\"https:\\\/\\\/esi.uclm.es\\\/assets\\\/uploads\\\/2022\\\/03\\\/LogoESI_cabecera-1.png\",\"contentUrl\":\"https:\\\/\\\/esi.uclm.es\\\/assets\\\/uploads\\\/2022\\\/03\\\/LogoESI_cabecera-1.png\",\"width\":460,\"height\":184,\"caption\":\"Escuela Superior de Inform\u00e1tica de UCLM\"},\"image\":{\"@id\":\"https:\\\/\\\/esi.uclm.es\\\/#\\\/schema\\\/logo\\\/image\\\/\"},\"sameAs\":[\"https:\\\/\\\/www.facebook.com\\\/Escuela-Superior-de-Informtica-543261809027158\",\"https:\\\/\\\/x.com\\\/esiuclm\",\"https:\\\/\\\/www.instagram.com\\\/esiuclm\\\/\",\"https:\\\/\\\/www.youtube.com\\\/user\\\/esiuclm\",\"https:\\\/\\\/www.twitch.tv\\\/esiuclm\",\"https:\\\/\\\/www.linkedin.com\\\/company\\\/12656631\\\/admin\\\/\"]}]}<\/script>\n<!-- \/ Yoast SEO plugin. -->","yoast_head_json":{"title":"Personal de Administraci\u00f3n y Servicios - Escuela Superior de Inform\u00e1tica de UCLM","robots":{"index":"index","follow":"follow","max-snippet":"max-snippet:-1","max-image-preview":"max-image-preview:large","max-video-preview":"max-video-preview:-1"},"canonical":"https:\/\/esi.uclm.es\/index.php\/personal\/personal-de-administracion-y-servicios\/","og_locale":"es_ES","og_type":"article","og_title":"Personal de Administraci\u00f3n y Servicios - Escuela Superior de Inform\u00e1tica de UCLM","og_description":"Personal de Administraci\u00f3n y Servicios Direcci\u00f3n y Secretar\u00eda Julio Chocano Moreno Administrador de Centro Francisco Javier Montoya Gonz\u00e1lez EjecutivoSecretar\u00eda de Direcci\u00f3n &nbsp; Carolina Urbina Rodrigo GestorUnidad de Centros y Apoyo &nbsp; Mar\u00eda del Mar Garc\u00eda de las Bayonas Arriaga EjecutivoUnidad de Centros y Apoyo Unidad [&hellip;]","og_url":"https:\/\/esi.uclm.es\/index.php\/personal\/personal-de-administracion-y-servicios\/","og_site_name":"Escuela Superior de Inform\u00e1tica de UCLM","article_publisher":"https:\/\/www.facebook.com\/Escuela-Superior-de-Informtica-543261809027158","article_modified_time":"2026-03-03T12:50:41+00:00","og_image":[{"url":"https:\/\/esi.uclm.es\/assets\/uploads\/2023\/07\/juliochocano2.webp","type":"","width":"","height":""}],"twitter_card":"summary_large_image","twitter_site":"@esiuclm","twitter_misc":{"Tiempo de lectura":"3 minutos"},"schema":{"@context":"https:\/\/schema.org","@graph":[{"@type":"WebPage","@id":"https:\/\/esi.uclm.es\/index.php\/personal\/personal-de-administracion-y-servicios\/","url":"https:\/\/esi.uclm.es\/index.php\/personal\/personal-de-administracion-y-servicios\/","name":"Personal de Administraci\u00f3n y Servicios - Escuela Superior de Inform\u00e1tica de UCLM","isPartOf":{"@id":"https:\/\/esi.uclm.es\/#website"},"primaryImageOfPage":{"@id":"https:\/\/esi.uclm.es\/index.php\/personal\/personal-de-administracion-y-servicios\/#primaryimage"},"image":{"@id":"https:\/\/esi.uclm.es\/index.php\/personal\/personal-de-administracion-y-servicios\/#primaryimage"},"thumbnailUrl":"https:\/\/esi.uclm.es\/assets\/uploads\/2023\/07\/juliochocano2.webp","datePublished":"2022-01-27T15:35:13+00:00","dateModified":"2026-03-03T12:50:41+00:00","breadcrumb":{"@id":"https:\/\/esi.uclm.es\/index.php\/personal\/personal-de-administracion-y-servicios\/#breadcrumb"},"inLanguage":"es","potentialAction":[{"@type":"ReadAction","target":["https:\/\/esi.uclm.es\/index.php\/personal\/personal-de-administracion-y-servicios\/"]}]},{"@type":"ImageObject","inLanguage":"es","@id":"https:\/\/esi.uclm.es\/index.php\/personal\/personal-de-administracion-y-servicios\/#primaryimage","url":"https:\/\/esi.uclm.es\/assets\/uploads\/2023\/07\/juliochocano2.webp","contentUrl":"https:\/\/esi.uclm.es\/assets\/uploads\/2023\/07\/juliochocano2.webp"},{"@type":"BreadcrumbList","@id":"https:\/\/esi.uclm.es\/index.php\/personal\/personal-de-administracion-y-servicios\/#breadcrumb","itemListElement":[{"@type":"ListItem","position":1,"name":"Portada","item":"https:\/\/esi.uclm.es\/"},{"@type":"ListItem","position":2,"name":"Personas y Equipo","item":"https:\/\/esi.uclm.es\/index.php\/personal\/"},{"@type":"ListItem","position":3,"name":"Personal de Administraci\u00f3n y Servicios"}]},{"@type":"WebSite","@id":"https:\/\/esi.uclm.es\/#website","url":"https:\/\/esi.uclm.es\/","name":"Escuela Superior de Inform\u00e1tica de UCLM en Ciudad Real, Castilla-La Mancha","description":"La Escuela Superior de Inform\u00e1tica de Ciudad Real (Castilla-La Mancha), Universidad de Castilla-La Mancha es un centro universitario que imparte el ciclo completo de Ingenier\u00eda en Inform\u00e1tica: grado, m\u00e1ster y doctorado.","publisher":{"@id":"https:\/\/esi.uclm.es\/#organization"},"potentialAction":[{"@type":"SearchAction","target":{"@type":"EntryPoint","urlTemplate":"https:\/\/esi.uclm.es\/?s={search_term_string}"},"query-input":{"@type":"PropertyValueSpecification","valueRequired":true,"valueName":"search_term_string"}}],"inLanguage":"es"},{"@type":"Organization","@id":"https:\/\/esi.uclm.es\/#organization","name":"Escuela Superior de Inform\u00e1tica de UCLM","url":"https:\/\/esi.uclm.es\/","logo":{"@type":"ImageObject","inLanguage":"es","@id":"https:\/\/esi.uclm.es\/#\/schema\/logo\/image\/","url":"https:\/\/esi.uclm.es\/assets\/uploads\/2022\/03\/LogoESI_cabecera-1.png","contentUrl":"https:\/\/esi.uclm.es\/assets\/uploads\/2022\/03\/LogoESI_cabecera-1.png","width":460,"height":184,"caption":"Escuela Superior de Inform\u00e1tica de UCLM"},"image":{"@id":"https:\/\/esi.uclm.es\/#\/schema\/logo\/image\/"},"sameAs":["https:\/\/www.facebook.com\/Escuela-Superior-de-Informtica-543261809027158","https:\/\/x.com\/esiuclm","https:\/\/www.instagram.com\/esiuclm\/","https:\/\/www.youtube.com\/user\/esiuclm","https:\/\/www.twitch.tv\/esiuclm","https:\/\/www.linkedin.com\/company\/12656631\/admin\/"]}]}},"_links":{"self":[{"href":"https:\/\/esi.uclm.es\/index.php\/wp-json\/wp\/v2\/pages\/3962","targetHints":{"allow":["GET"]}}],"collection":[{"href":"https:\/\/esi.uclm.es\/index.php\/wp-json\/wp\/v2\/pages"}],"about":[{"href":"https:\/\/esi.uclm.es\/index.php\/wp-json\/wp\/v2\/types\/page"}],"author":[{"embeddable":true,"href":"https:\/\/esi.uclm.es\/index.php\/wp-json\/wp\/v2\/users\/1"}],"replies":[{"embeddable":true,"href":"https:\/\/esi.uclm.es\/index.php\/wp-json\/wp\/v2\/comments?post=3962"}],"version-history":[{"count":68,"href":"https:\/\/esi.uclm.es\/index.php\/wp-json\/wp\/v2\/pages\/3962\/revisions"}],"predecessor-version":[{"id":22723,"href":"https:\/\/esi.uclm.es\/index.php\/wp-json\/wp\/v2\/pages\/3962\/revisions\/22723"}],"up":[{"embeddable":true,"href":"https:\/\/esi.uclm.es\/index.php\/wp-json\/wp\/v2\/pages\/5510"}],"wp:attachment":[{"href":"https:\/\/esi.uclm.es\/index.php\/wp-json\/wp\/v2\/media?parent=3962"}],"curies":[{"name":"wp","href":"https:\/\/api.w.org\/{rel}","templated":true}]}}