{"id":3942,"date":"2022-01-27T15:18:30","date_gmt":"2022-01-27T15:18:30","guid":{"rendered":"http:\/\/esiaz24.uclm.es\/?page_id=3942"},"modified":"2022-05-30T20:42:48","modified_gmt":"2022-05-30T20:42:48","slug":"smartesi","status":"publish","type":"page","link":"https:\/\/esi.uclm.es\/index.php\/programas-singulares\/smartesi\/","title":{"rendered":"Smart ESI"},"content":{"rendered":"\n<p><\/p>\n\n\n\n<figure class=\"wp-block-image size-large\"><img loading=\"lazy\" decoding=\"async\" width=\"1024\" height=\"256\" src=\"https:\/\/esi.uclm.es\/assets\/uploads\/2022\/05\/mujer_sensores-1024x256.jpeg\" alt=\"Mujer controlando a trav\u00e9s de su ordenador partes de un edificio\" class=\"wp-image-10540\" srcset=\"https:\/\/esi.uclm.es\/assets\/uploads\/2022\/05\/mujer_sensores-1024x256.jpeg 1024w, https:\/\/esi.uclm.es\/assets\/uploads\/2022\/05\/mujer_sensores-300x75.jpeg 300w, https:\/\/esi.uclm.es\/assets\/uploads\/2022\/05\/mujer_sensores-768x192.jpeg 768w, https:\/\/esi.uclm.es\/assets\/uploads\/2022\/05\/mujer_sensores-600x150.jpeg 600w, https:\/\/esi.uclm.es\/assets\/uploads\/2022\/05\/mujer_sensores.jpeg 1200w\" sizes=\"auto, (max-width: 1024px) 100vw, 1024px\" \/><\/figure>\n\n\n\n<h2 class=\"wp-block-heading\" id=\"un-nuevo-modelo-de-escuela\">Un nuevo modelo de Escuela<\/h2>\n\n\n\n<hr class=\"wp-block-separator has-text-color has-vivid-cyan-blue-color has-css-opacity has-vivid-cyan-blue-background-color has-background is-style-wide\"\/>\n\n\n\n<div class=\"wp-block-media-text alignwide is-stacked-on-mobile is-vertically-aligned-top\" style=\"grid-template-columns:15% auto\"><figure class=\"wp-block-media-text__media\"><img loading=\"lazy\" decoding=\"async\" width=\"345\" height=\"1024\" src=\"https:\/\/esi.uclm.es\/assets\/uploads\/2022\/01\/content_Smart_ESI_con_lema_4x-345x1024.png\" alt=\"\" class=\"wp-image-3943 size-full\" srcset=\"https:\/\/esi.uclm.es\/assets\/uploads\/2022\/01\/content_Smart_ESI_con_lema_4x-345x1024.png 345w, https:\/\/esi.uclm.es\/assets\/uploads\/2022\/01\/content_Smart_ESI_con_lema_4x-101x300.png 101w, https:\/\/esi.uclm.es\/assets\/uploads\/2022\/01\/content_Smart_ESI_con_lema_4x.png 506w\" sizes=\"auto, (max-width: 345px) 100vw, 345px\" \/><\/figure><div class=\"wp-block-media-text__content\">\n<p>Inspirado en el concepto de&nbsp;ciudad inteligente, el proyecto&nbsp;smart ESI&nbsp;asume el reto de convertir a la Escuela Superior de Inform\u00e1tica en un&nbsp;modelo de referencia&nbsp;que usa y desarrolla tecnolog\u00edas para mejorar su&nbsp;operaci\u00f3n, haci\u00e9ndola&nbsp;m\u00e1s eficiente energ\u00e9ticamente y m\u00e1s sostenible, y para ofrecer servicios de valor a\u00f1adido a la comunidad ESI&nbsp;(alumnos, PDI y PAS), destinados a incrementar su conocimiento sobre la Escuela y su entorno.<\/p>\n\n\n\n<p>Emprendemos con el proyecto&nbsp;smart ESI&nbsp;la&nbsp;smartificaci\u00f3n&nbsp;de nuestra escuela, dot\u00e1ndola de la infraestructura&nbsp;necesaria para la realizaci\u00f3n del concepto y el empleo e integraci\u00f3n de tecnolog\u00edas habilitadoras, como son el&nbsp;Internet of Things&nbsp;(IoT),&nbsp;el uso de energ\u00edas renovables, la computaci\u00f3n cloud, la inteligencia artificial, la realidad aumentada o la visi\u00f3n por computador, desarrolladas como parte de la investigaci\u00f3n llevada a cabo en los distintos grupos de investigaci\u00f3n de la Escuela. El proceso de smartificaci\u00f3n debe ser: transversal (incluyendo a los grupos de investigaci\u00f3n), con un fuerte componente tecnol\u00f3gico que permita monitorizaci\u00f3n densa y en tiempo real de variables de inter\u00e9s, que aporte un valor a\u00f1adido sin precedentes, cuantificable de manera precisa, transparente y escalable para que pueda ser extendido de manera gradual.<\/p>\n<\/div><\/div>\n\n\n\n<h4 class=\"wp-block-heading\"><strong>El proyecto&nbsp;smart ESI&nbsp;aborda dos objetivos fundamentales:<\/strong><\/h4>\n\n\n\n<ol class=\"wp-block-list\"><li>Ofrecer a la comunidad ESI un marco \u00e1gil y flexible para la cohesi\u00f3n y la demostraci\u00f3n de las&nbsp;TIC, la investigaci\u00f3n y la innovaci\u00f3n desarrollada por los grupos de investigaci\u00f3n,<\/li><li>Proporcionar a la comunidad ESI, y a la sociedad en general, un cat\u00e1logo de servicios inteligentes que puedan ser&nbsp;articulados v\u00eda el marco anterior, orientados a incrementar el nivel de conocimiento sobre&nbsp;nuestra Escuela, sus condiciones y estado, su entorno o infraestructura.<\/li><\/ol>\n\n\n\n<h4 class=\"wp-block-heading\"><strong>Bajo el paradigma de servicios, el proyecto&nbsp;smart ESI&nbsp;podr\u00e1 ofrecernos respuestas precisas e instant\u00e1neas a preguntas como:<\/strong><\/h4>\n\n\n\n<ul class=\"wp-block-list\"><li>\u00bfCu\u00e1l es el consumo de agua y electricidad anual del edificio Ferm\u00edn Caballero?<\/li><li>\u00bfTengo plaza libre en el parking?<\/li><li>El proyector del aula A1.1 no funciona. Tomo una foto con mi m\u00f3vil y la env\u00edo mediante mi&nbsp;app&nbsp;a los t\u00e9cnicos.<\/li><li>En el display&nbsp; estoy viendo el valor CO<sub>2<\/sub>&nbsp;del aula Anita Borg. Es necesario abrir las ventanas.<\/li><li>\u00bfCu\u00e1nta energ\u00eda est\u00e1 produciendo hoy el panel solar?<\/li><li>\u00bfHacemos el trabajo ahora en la ALU o est\u00e1 llena?<\/li><li>\u00bfCu\u00e1ntas personas hay dentro del edificio Ferm\u00edn Caballero?<\/li><li>Acabo de recibir en mi m\u00f3vil la noticia de la representaci\u00f3n de la obra de teatro del pr\u00f3ximo martes.<\/li><li>\u00bfCu\u00e1ntas personas est\u00e1n conectadas a este punto de acceso WiFi?<\/li><li>Y mucho m\u00e1s&#8230;<\/li><\/ul>\n\n\n\n<h4 class=\"wp-block-heading\"><strong>Despliegue<\/strong><\/h4>\n\n\n\n<p><strong>Smart ESI <\/strong>se est\u00e1 construyendo en varias fases de desarrollo. En cada fase se realizar\u00e1 un despliegue que implicar\u00e1 actuar en los 3 niveles en la arquitectura (de abajo a arriba): nivel 1 (infraestructura), nivel 2 (negocio) y nivel 3 (presentaci\u00f3n de datos).<\/p>\n\n\n\n<p>La hoja de ruta del proyecto&nbsp;smart ESI&nbsp;puedes encontrarla en esta <a href=\"https:\/\/esi.uclm.es\/assets\/uploads\/2022\/01\/Smart_ESI.pdf\">presentaci\u00f3n<\/a>.&nbsp;En estas p\u00e1ginas iremos publicando las noticias relevantes relacionadas con el proyecto. Si quieres saber m\u00e1s, contacta con&nbsp;<a href=\"mailto:soledad.escolar@uclm.es\">Soledad Escolar<\/a>.<\/p>\n\n\n\n<div class=\"wp-block-file\"><a id=\"wp-block-file--media-20b2da85-0bc9-41d4-95f0-0a4e9555b1d8\" href=\"https:\/\/esi.uclm.es\/assets\/uploads\/2022\/01\/Smart_ESI.pdf\">Proyecto smart ESI<\/a><a href=\"https:\/\/esi.uclm.es\/assets\/uploads\/2022\/01\/Smart_ESI.pdf\" class=\"wp-block-file__button\" download aria-describedby=\"wp-block-file--media-20b2da85-0bc9-41d4-95f0-0a4e9555b1d8\">Descarga<\/a><\/div>\n\n\n\n<p><\/p>\n","protected":false},"excerpt":{"rendered":"<p>Un nuevo modelo de Escuela Inspirado en el concepto de&nbsp;ciudad inteligente, el proyecto&nbsp;smart ESI&nbsp;asume el reto de convertir a la Escuela Superior de Inform\u00e1tica en un&nbsp;modelo de referencia&nbsp;que usa y desarrolla tecnolog\u00edas para mejorar su&nbsp;operaci\u00f3n, haci\u00e9ndola&nbsp;m\u00e1s eficiente energ\u00e9ticamente y m\u00e1s sostenible, y para ofrecer servicios [&hellip;]<\/p>\n","protected":false},"author":1,"featured_media":0,"parent":6885,"menu_order":0,"comment_status":"closed","ping_status":"closed","template":"","meta":{"footnotes":""},"class_list":["post-3942","page","type-page","status-publish","hentry"],"yoast_head":"<!-- This site is optimized with the Yoast SEO plugin v27.3 - https:\/\/yoast.com\/product\/yoast-seo-wordpress\/ -->\n<title>Smart ESI - Escuela Superior de Inform\u00e1tica de UCLM<\/title>\n<meta name=\"robots\" content=\"index, follow, max-snippet:-1, max-image-preview:large, max-video-preview:-1\" \/>\n<link rel=\"canonical\" href=\"https:\/\/esi.uclm.es\/index.php\/programas-singulares\/smartesi\/\" \/>\n<meta property=\"og:locale\" content=\"es_ES\" \/>\n<meta property=\"og:type\" content=\"article\" \/>\n<meta property=\"og:title\" content=\"Smart ESI - Escuela Superior de Inform\u00e1tica de UCLM\" \/>\n<meta property=\"og:description\" content=\"Un nuevo modelo de Escuela Inspirado en el concepto de&nbsp;ciudad inteligente, el proyecto&nbsp;smart ESI&nbsp;asume el reto de convertir a la Escuela Superior de Inform\u00e1tica en un&nbsp;modelo de referencia&nbsp;que usa y desarrolla tecnolog\u00edas para mejorar su&nbsp;operaci\u00f3n, haci\u00e9ndola&nbsp;m\u00e1s eficiente energ\u00e9ticamente y m\u00e1s sostenible, y para ofrecer servicios [&hellip;]\" \/>\n<meta property=\"og:url\" content=\"https:\/\/esi.uclm.es\/index.php\/programas-singulares\/smartesi\/\" \/>\n<meta property=\"og:site_name\" content=\"Escuela Superior de Inform\u00e1tica de UCLM\" \/>\n<meta property=\"article:publisher\" content=\"https:\/\/www.facebook.com\/Escuela-Superior-de-Informtica-543261809027158\" \/>\n<meta property=\"article:modified_time\" content=\"2022-05-30T20:42:48+00:00\" \/>\n<meta property=\"og:image\" content=\"https:\/\/esi.uclm.es\/assets\/uploads\/2022\/05\/mujer_sensores-1024x256.jpeg\" \/>\n<meta name=\"twitter:card\" content=\"summary_large_image\" \/>\n<meta name=\"twitter:site\" content=\"@esiuclm\" \/>\n<meta name=\"twitter:label1\" content=\"Tiempo de lectura\" \/>\n\t<meta name=\"twitter:data1\" content=\"3 minutos\" \/>\n<script type=\"application\/ld+json\" class=\"yoast-schema-graph\">{\"@context\":\"https:\\\/\\\/schema.org\",\"@graph\":[{\"@type\":\"WebPage\",\"@id\":\"https:\\\/\\\/esi.uclm.es\\\/index.php\\\/programas-singulares\\\/smartesi\\\/\",\"url\":\"https:\\\/\\\/esi.uclm.es\\\/index.php\\\/programas-singulares\\\/smartesi\\\/\",\"name\":\"Smart ESI - Escuela Superior de Inform\u00e1tica de UCLM\",\"isPartOf\":{\"@id\":\"https:\\\/\\\/esi.uclm.es\\\/#website\"},\"primaryImageOfPage\":{\"@id\":\"https:\\\/\\\/esi.uclm.es\\\/index.php\\\/programas-singulares\\\/smartesi\\\/#primaryimage\"},\"image\":{\"@id\":\"https:\\\/\\\/esi.uclm.es\\\/index.php\\\/programas-singulares\\\/smartesi\\\/#primaryimage\"},\"thumbnailUrl\":\"https:\\\/\\\/esi.uclm.es\\\/assets\\\/uploads\\\/2022\\\/05\\\/mujer_sensores-1024x256.jpeg\",\"datePublished\":\"2022-01-27T15:18:30+00:00\",\"dateModified\":\"2022-05-30T20:42:48+00:00\",\"breadcrumb\":{\"@id\":\"https:\\\/\\\/esi.uclm.es\\\/index.php\\\/programas-singulares\\\/smartesi\\\/#breadcrumb\"},\"inLanguage\":\"es\",\"potentialAction\":[{\"@type\":\"ReadAction\",\"target\":[\"https:\\\/\\\/esi.uclm.es\\\/index.php\\\/programas-singulares\\\/smartesi\\\/\"]}]},{\"@type\":\"ImageObject\",\"inLanguage\":\"es\",\"@id\":\"https:\\\/\\\/esi.uclm.es\\\/index.php\\\/programas-singulares\\\/smartesi\\\/#primaryimage\",\"url\":\"https:\\\/\\\/esi.uclm.es\\\/assets\\\/uploads\\\/2022\\\/05\\\/mujer_sensores-1024x256.jpeg\",\"contentUrl\":\"https:\\\/\\\/esi.uclm.es\\\/assets\\\/uploads\\\/2022\\\/05\\\/mujer_sensores-1024x256.jpeg\"},{\"@type\":\"BreadcrumbList\",\"@id\":\"https:\\\/\\\/esi.uclm.es\\\/index.php\\\/programas-singulares\\\/smartesi\\\/#breadcrumb\",\"itemListElement\":[{\"@type\":\"ListItem\",\"position\":1,\"name\":\"Portada\",\"item\":\"https:\\\/\\\/esi.uclm.es\\\/\"},{\"@type\":\"ListItem\",\"position\":2,\"name\":\"Programas singulares\",\"item\":\"https:\\\/\\\/esi.uclm.es\\\/index.php\\\/programas-singulares\\\/\"},{\"@type\":\"ListItem\",\"position\":3,\"name\":\"Smart ESI\"}]},{\"@type\":\"WebSite\",\"@id\":\"https:\\\/\\\/esi.uclm.es\\\/#website\",\"url\":\"https:\\\/\\\/esi.uclm.es\\\/\",\"name\":\"Escuela Superior de Inform\u00e1tica de UCLM en Ciudad Real, Castilla-La Mancha\",\"description\":\"La Escuela Superior de Inform\u00e1tica de Ciudad Real (Castilla-La Mancha), Universidad de Castilla-La Mancha es un centro universitario que imparte el ciclo completo de Ingenier\u00eda en Inform\u00e1tica: grado, m\u00e1ster y doctorado.\",\"publisher\":{\"@id\":\"https:\\\/\\\/esi.uclm.es\\\/#organization\"},\"potentialAction\":[{\"@type\":\"SearchAction\",\"target\":{\"@type\":\"EntryPoint\",\"urlTemplate\":\"https:\\\/\\\/esi.uclm.es\\\/?s={search_term_string}\"},\"query-input\":{\"@type\":\"PropertyValueSpecification\",\"valueRequired\":true,\"valueName\":\"search_term_string\"}}],\"inLanguage\":\"es\"},{\"@type\":\"Organization\",\"@id\":\"https:\\\/\\\/esi.uclm.es\\\/#organization\",\"name\":\"Escuela Superior de Inform\u00e1tica de UCLM\",\"url\":\"https:\\\/\\\/esi.uclm.es\\\/\",\"logo\":{\"@type\":\"ImageObject\",\"inLanguage\":\"es\",\"@id\":\"https:\\\/\\\/esi.uclm.es\\\/#\\\/schema\\\/logo\\\/image\\\/\",\"url\":\"https:\\\/\\\/esi.uclm.es\\\/assets\\\/uploads\\\/2022\\\/03\\\/LogoESI_cabecera-1.png\",\"contentUrl\":\"https:\\\/\\\/esi.uclm.es\\\/assets\\\/uploads\\\/2022\\\/03\\\/LogoESI_cabecera-1.png\",\"width\":460,\"height\":184,\"caption\":\"Escuela Superior de Inform\u00e1tica de UCLM\"},\"image\":{\"@id\":\"https:\\\/\\\/esi.uclm.es\\\/#\\\/schema\\\/logo\\\/image\\\/\"},\"sameAs\":[\"https:\\\/\\\/www.facebook.com\\\/Escuela-Superior-de-Informtica-543261809027158\",\"https:\\\/\\\/x.com\\\/esiuclm\",\"https:\\\/\\\/www.instagram.com\\\/esiuclm\\\/\",\"https:\\\/\\\/www.youtube.com\\\/user\\\/esiuclm\",\"https:\\\/\\\/www.twitch.tv\\\/esiuclm\",\"https:\\\/\\\/www.linkedin.com\\\/company\\\/12656631\\\/admin\\\/\"]}]}<\/script>\n<!-- \/ Yoast SEO plugin. -->","yoast_head_json":{"title":"Smart ESI - Escuela Superior de Inform\u00e1tica de UCLM","robots":{"index":"index","follow":"follow","max-snippet":"max-snippet:-1","max-image-preview":"max-image-preview:large","max-video-preview":"max-video-preview:-1"},"canonical":"https:\/\/esi.uclm.es\/index.php\/programas-singulares\/smartesi\/","og_locale":"es_ES","og_type":"article","og_title":"Smart ESI - Escuela Superior de Inform\u00e1tica de UCLM","og_description":"Un nuevo modelo de Escuela Inspirado en el concepto de&nbsp;ciudad inteligente, el proyecto&nbsp;smart ESI&nbsp;asume el reto de convertir a la Escuela Superior de Inform\u00e1tica en un&nbsp;modelo de referencia&nbsp;que usa y desarrolla tecnolog\u00edas para mejorar su&nbsp;operaci\u00f3n, haci\u00e9ndola&nbsp;m\u00e1s eficiente energ\u00e9ticamente y m\u00e1s sostenible, y para ofrecer servicios [&hellip;]","og_url":"https:\/\/esi.uclm.es\/index.php\/programas-singulares\/smartesi\/","og_site_name":"Escuela Superior de Inform\u00e1tica de UCLM","article_publisher":"https:\/\/www.facebook.com\/Escuela-Superior-de-Informtica-543261809027158","article_modified_time":"2022-05-30T20:42:48+00:00","og_image":[{"url":"https:\/\/esi.uclm.es\/assets\/uploads\/2022\/05\/mujer_sensores-1024x256.jpeg","type":"","width":"","height":""}],"twitter_card":"summary_large_image","twitter_site":"@esiuclm","twitter_misc":{"Tiempo de lectura":"3 minutos"},"schema":{"@context":"https:\/\/schema.org","@graph":[{"@type":"WebPage","@id":"https:\/\/esi.uclm.es\/index.php\/programas-singulares\/smartesi\/","url":"https:\/\/esi.uclm.es\/index.php\/programas-singulares\/smartesi\/","name":"Smart ESI - Escuela Superior de Inform\u00e1tica de UCLM","isPartOf":{"@id":"https:\/\/esi.uclm.es\/#website"},"primaryImageOfPage":{"@id":"https:\/\/esi.uclm.es\/index.php\/programas-singulares\/smartesi\/#primaryimage"},"image":{"@id":"https:\/\/esi.uclm.es\/index.php\/programas-singulares\/smartesi\/#primaryimage"},"thumbnailUrl":"https:\/\/esi.uclm.es\/assets\/uploads\/2022\/05\/mujer_sensores-1024x256.jpeg","datePublished":"2022-01-27T15:18:30+00:00","dateModified":"2022-05-30T20:42:48+00:00","breadcrumb":{"@id":"https:\/\/esi.uclm.es\/index.php\/programas-singulares\/smartesi\/#breadcrumb"},"inLanguage":"es","potentialAction":[{"@type":"ReadAction","target":["https:\/\/esi.uclm.es\/index.php\/programas-singulares\/smartesi\/"]}]},{"@type":"ImageObject","inLanguage":"es","@id":"https:\/\/esi.uclm.es\/index.php\/programas-singulares\/smartesi\/#primaryimage","url":"https:\/\/esi.uclm.es\/assets\/uploads\/2022\/05\/mujer_sensores-1024x256.jpeg","contentUrl":"https:\/\/esi.uclm.es\/assets\/uploads\/2022\/05\/mujer_sensores-1024x256.jpeg"},{"@type":"BreadcrumbList","@id":"https:\/\/esi.uclm.es\/index.php\/programas-singulares\/smartesi\/#breadcrumb","itemListElement":[{"@type":"ListItem","position":1,"name":"Portada","item":"https:\/\/esi.uclm.es\/"},{"@type":"ListItem","position":2,"name":"Programas singulares","item":"https:\/\/esi.uclm.es\/index.php\/programas-singulares\/"},{"@type":"ListItem","position":3,"name":"Smart ESI"}]},{"@type":"WebSite","@id":"https:\/\/esi.uclm.es\/#website","url":"https:\/\/esi.uclm.es\/","name":"Escuela Superior de Inform\u00e1tica de UCLM en Ciudad Real, Castilla-La Mancha","description":"La Escuela Superior de Inform\u00e1tica de Ciudad Real (Castilla-La Mancha), Universidad de Castilla-La Mancha es un centro universitario que imparte el ciclo completo de Ingenier\u00eda en Inform\u00e1tica: grado, m\u00e1ster y doctorado.","publisher":{"@id":"https:\/\/esi.uclm.es\/#organization"},"potentialAction":[{"@type":"SearchAction","target":{"@type":"EntryPoint","urlTemplate":"https:\/\/esi.uclm.es\/?s={search_term_string}"},"query-input":{"@type":"PropertyValueSpecification","valueRequired":true,"valueName":"search_term_string"}}],"inLanguage":"es"},{"@type":"Organization","@id":"https:\/\/esi.uclm.es\/#organization","name":"Escuela Superior de Inform\u00e1tica de UCLM","url":"https:\/\/esi.uclm.es\/","logo":{"@type":"ImageObject","inLanguage":"es","@id":"https:\/\/esi.uclm.es\/#\/schema\/logo\/image\/","url":"https:\/\/esi.uclm.es\/assets\/uploads\/2022\/03\/LogoESI_cabecera-1.png","contentUrl":"https:\/\/esi.uclm.es\/assets\/uploads\/2022\/03\/LogoESI_cabecera-1.png","width":460,"height":184,"caption":"Escuela Superior de Inform\u00e1tica de UCLM"},"image":{"@id":"https:\/\/esi.uclm.es\/#\/schema\/logo\/image\/"},"sameAs":["https:\/\/www.facebook.com\/Escuela-Superior-de-Informtica-543261809027158","https:\/\/x.com\/esiuclm","https:\/\/www.instagram.com\/esiuclm\/","https:\/\/www.youtube.com\/user\/esiuclm","https:\/\/www.twitch.tv\/esiuclm","https:\/\/www.linkedin.com\/company\/12656631\/admin\/"]}]}},"_links":{"self":[{"href":"https:\/\/esi.uclm.es\/index.php\/wp-json\/wp\/v2\/pages\/3942","targetHints":{"allow":["GET"]}}],"collection":[{"href":"https:\/\/esi.uclm.es\/index.php\/wp-json\/wp\/v2\/pages"}],"about":[{"href":"https:\/\/esi.uclm.es\/index.php\/wp-json\/wp\/v2\/types\/page"}],"author":[{"embeddable":true,"href":"https:\/\/esi.uclm.es\/index.php\/wp-json\/wp\/v2\/users\/1"}],"replies":[{"embeddable":true,"href":"https:\/\/esi.uclm.es\/index.php\/wp-json\/wp\/v2\/comments?post=3942"}],"version-history":[{"count":23,"href":"https:\/\/esi.uclm.es\/index.php\/wp-json\/wp\/v2\/pages\/3942\/revisions"}],"predecessor-version":[{"id":10542,"href":"https:\/\/esi.uclm.es\/index.php\/wp-json\/wp\/v2\/pages\/3942\/revisions\/10542"}],"up":[{"embeddable":true,"href":"https:\/\/esi.uclm.es\/index.php\/wp-json\/wp\/v2\/pages\/6885"}],"wp:attachment":[{"href":"https:\/\/esi.uclm.es\/index.php\/wp-json\/wp\/v2\/media?parent=3942"}],"curies":[{"name":"wp","href":"https:\/\/api.w.org\/{rel}","templated":true}]}}