{"id":3930,"date":"2022-01-27T15:08:45","date_gmt":"2022-01-27T15:08:45","guid":{"rendered":"http:\/\/esiaz24.uclm.es\/?page_id=3930"},"modified":"2022-05-24T21:34:37","modified_gmt":"2022-05-24T21:34:37","slug":"redes-sociales","status":"publish","type":"page","link":"https:\/\/esi.uclm.es\/index.php\/comunicacion-y-medios\/redes-sociales\/","title":{"rendered":"Redes Sociales"},"content":{"rendered":"\n<figure class=\"wp-block-image size-large\"><img loading=\"lazy\" decoding=\"async\" width=\"1024\" height=\"236\" src=\"https:\/\/esi.uclm.es\/assets\/uploads\/2022\/02\/redes-1024x236.jpg\" alt=\"\" class=\"wp-image-7306\" srcset=\"https:\/\/esi.uclm.es\/assets\/uploads\/2022\/02\/redes-1024x236.jpg 1024w, https:\/\/esi.uclm.es\/assets\/uploads\/2022\/02\/redes-300x69.jpg 300w, https:\/\/esi.uclm.es\/assets\/uploads\/2022\/02\/redes-768x177.jpg 768w, https:\/\/esi.uclm.es\/assets\/uploads\/2022\/02\/redes-600x138.jpg 600w, https:\/\/esi.uclm.es\/assets\/uploads\/2022\/02\/redes.jpg 1300w\" sizes=\"auto, (max-width: 1024px) 100vw, 1024px\" \/><\/figure>\n\n\n\n<h2 class=\"wp-block-heading\">Conoce el d\u00eda a d\u00eda de la ESI a trav\u00e9s de las redes<\/h2>\n\n\n\n<hr class=\"wp-block-separator has-text-color has-background has-vivid-cyan-blue-background-color has-vivid-cyan-blue-color\"\/>\n\n\n\n<p>La ESI cuenta con perfiles en Instagram, Facebook, Twitter, YouTube&nbsp;y Linkedin con contenidos para poder difundir todo lo que hacemos&nbsp;desde la escuela dando especial protagonismo a los estudiantes, ofreciendo contenido&nbsp;de&nbsp;valor para generar comunidad y mejorar nuestra imagen&nbsp;de&nbsp;marca.<\/p>\n\n\n\n<p>Nuestras cuentas son:<\/p>\n\n\n\n<p><strong>Twitter<\/strong>&nbsp;(difusi\u00f3n principal de todo lo relacionado con la ESI y con nuestra profesi\u00f3n)&nbsp;&nbsp;<a rel=\"noreferrer noopener\" href=\"https:\/\/twitter.com\/esiuclm\" target=\"_blank\">https:\/\/twitter.com\/esiuclm<\/a><\/p>\n\n\n\n<p><strong>Instagram<\/strong>&nbsp;(centrada en nuestros estudiantes, presentes, futuros y pasados)&nbsp;&nbsp;<a rel=\"noreferrer noopener\" href=\"https:\/\/www.instagram.com\/esiuclm\/\" target=\"_blank\">https:\/\/www.instagram.com\/esiuclm\/<\/a><\/p>\n\n\n\n<p><strong>Youtube<\/strong>&nbsp;(Canal de videos con interesantes cursos y ponencias)&nbsp;&nbsp;<a rel=\"noreferrer noopener\" href=\"https:\/\/www.youtube.com\/user\/esiuclm\" target=\"_blank\">https:\/\/www.youtube.com\/user\/esiuclm<\/a><\/p>\n\n\n\n<p><strong>Linkedin<\/strong>\u00a0(para todo lo relacionado con los alumnos\u00a0de\u00a0\u00faltimos cursos, ofertas\u00a0de\u00a0empleo y creaci\u00f3n\u00a0de\u00a0marca\u00a0de\u00a0la ESI con relaciones entre empresas)\u00a0 <a rel=\"noreferrer noopener\" href=\"https:\/\/www.linkedin.com\/company\/esiuclm\" target=\"_blank\">https:\/\/www.linkedin.com\/company\/esiuclm<\/a><\/p>\n\n\n\n<p><strong>Facebook<\/strong>&nbsp;(difusi\u00f3n de los eventos desarrollados en la ESI)&nbsp;&nbsp;<a rel=\"noreferrer noopener\" href=\"https:\/\/www.facebook.com\/Escuela-Superior-de-Inform%C3%A1tica-543261809027158\/\" target=\"_blank\">https:\/\/www.facebook.com\/Escuela-Superior-de-Inform%C3%A1tica-543261809027158\/<\/a><\/p>\n","protected":false},"excerpt":{"rendered":"<p>Conoce el d\u00eda a d\u00eda de la ESI a trav\u00e9s de las redes La ESI cuenta con perfiles en Instagram, Facebook, Twitter, YouTube&nbsp;y Linkedin con contenidos para poder difundir todo lo que hacemos&nbsp;desde la escuela dando especial protagonismo a los estudiantes, ofreciendo contenido&nbsp;de&nbsp;valor para generar [&hellip;]<\/p>\n","protected":false},"author":1,"featured_media":0,"parent":5516,"menu_order":0,"comment_status":"closed","ping_status":"closed","template":"","meta":{"footnotes":""},"class_list":["post-3930","page","type-page","status-publish","hentry"],"yoast_head":"<!-- This site is optimized with the Yoast SEO plugin v27.2 - https:\/\/yoast.com\/product\/yoast-seo-wordpress\/ -->\n<title>Redes Sociales - Escuela Superior de Inform\u00e1tica de UCLM<\/title>\n<meta name=\"robots\" content=\"index, follow, max-snippet:-1, max-image-preview:large, max-video-preview:-1\" \/>\n<link rel=\"canonical\" href=\"https:\/\/esi.uclm.es\/index.php\/comunicacion-y-medios\/redes-sociales\/\" \/>\n<meta property=\"og:locale\" content=\"es_ES\" \/>\n<meta property=\"og:type\" content=\"article\" \/>\n<meta property=\"og:title\" content=\"Redes Sociales - Escuela Superior de Inform\u00e1tica de UCLM\" \/>\n<meta property=\"og:description\" content=\"Conoce el d\u00eda a d\u00eda de la ESI a trav\u00e9s de las redes La ESI cuenta con perfiles en Instagram, Facebook, Twitter, YouTube&nbsp;y Linkedin con contenidos para poder difundir todo lo que hacemos&nbsp;desde la escuela dando especial protagonismo a los estudiantes, ofreciendo contenido&nbsp;de&nbsp;valor para generar [&hellip;]\" \/>\n<meta property=\"og:url\" content=\"https:\/\/esi.uclm.es\/index.php\/comunicacion-y-medios\/redes-sociales\/\" \/>\n<meta property=\"og:site_name\" content=\"Escuela Superior de Inform\u00e1tica de UCLM\" \/>\n<meta property=\"article:publisher\" content=\"https:\/\/www.facebook.com\/Escuela-Superior-de-Informtica-543261809027158\" \/>\n<meta property=\"article:modified_time\" content=\"2022-05-24T21:34:37+00:00\" \/>\n<meta property=\"og:image\" content=\"https:\/\/esi.uclm.es\/assets\/uploads\/2022\/02\/redes-1024x236.jpg\" \/>\n<meta name=\"twitter:card\" content=\"summary_large_image\" \/>\n<meta name=\"twitter:site\" content=\"@esiuclm\" \/>\n<meta name=\"twitter:label1\" content=\"Tiempo de lectura\" \/>\n\t<meta name=\"twitter:data1\" content=\"1 minuto\" \/>\n<script type=\"application\/ld+json\" class=\"yoast-schema-graph\">{\"@context\":\"https:\/\/schema.org\",\"@graph\":[{\"@type\":\"WebPage\",\"@id\":\"https:\/\/esi.uclm.es\/index.php\/comunicacion-y-medios\/redes-sociales\/\",\"url\":\"https:\/\/esi.uclm.es\/index.php\/comunicacion-y-medios\/redes-sociales\/\",\"name\":\"Redes Sociales - Escuela Superior de Inform\u00e1tica de UCLM\",\"isPartOf\":{\"@id\":\"https:\/\/esi.uclm.es\/#website\"},\"primaryImageOfPage\":{\"@id\":\"https:\/\/esi.uclm.es\/index.php\/comunicacion-y-medios\/redes-sociales\/#primaryimage\"},\"image\":{\"@id\":\"https:\/\/esi.uclm.es\/index.php\/comunicacion-y-medios\/redes-sociales\/#primaryimage\"},\"thumbnailUrl\":\"https:\/\/esi.uclm.es\/assets\/uploads\/2022\/02\/redes-1024x236.jpg\",\"datePublished\":\"2022-01-27T15:08:45+00:00\",\"dateModified\":\"2022-05-24T21:34:37+00:00\",\"breadcrumb\":{\"@id\":\"https:\/\/esi.uclm.es\/index.php\/comunicacion-y-medios\/redes-sociales\/#breadcrumb\"},\"inLanguage\":\"es\",\"potentialAction\":[{\"@type\":\"ReadAction\",\"target\":[\"https:\/\/esi.uclm.es\/index.php\/comunicacion-y-medios\/redes-sociales\/\"]}]},{\"@type\":\"ImageObject\",\"inLanguage\":\"es\",\"@id\":\"https:\/\/esi.uclm.es\/index.php\/comunicacion-y-medios\/redes-sociales\/#primaryimage\",\"url\":\"https:\/\/esi.uclm.es\/assets\/uploads\/2022\/02\/redes-1024x236.jpg\",\"contentUrl\":\"https:\/\/esi.uclm.es\/assets\/uploads\/2022\/02\/redes-1024x236.jpg\"},{\"@type\":\"BreadcrumbList\",\"@id\":\"https:\/\/esi.uclm.es\/index.php\/comunicacion-y-medios\/redes-sociales\/#breadcrumb\",\"itemListElement\":[{\"@type\":\"ListItem\",\"position\":1,\"name\":\"Portada\",\"item\":\"https:\/\/esi.uclm.es\/\"},{\"@type\":\"ListItem\",\"position\":2,\"name\":\"Comunicaci\u00f3n y Medios\",\"item\":\"https:\/\/esi.uclm.es\/index.php\/comunicacion-y-medios\/\"},{\"@type\":\"ListItem\",\"position\":3,\"name\":\"Redes Sociales\"}]},{\"@type\":\"WebSite\",\"@id\":\"https:\/\/esi.uclm.es\/#website\",\"url\":\"https:\/\/esi.uclm.es\/\",\"name\":\"Escuela Superior de Inform\u00e1tica de UCLM en Ciudad Real, Castilla-La Mancha\",\"description\":\"La Escuela Superior de Inform\u00e1tica de Ciudad Real (Castilla-La Mancha), Universidad de Castilla-La Mancha es un centro universitario que imparte el ciclo completo de Ingenier\u00eda en Inform\u00e1tica: grado, m\u00e1ster y doctorado.\",\"publisher\":{\"@id\":\"https:\/\/esi.uclm.es\/#organization\"},\"potentialAction\":[{\"@type\":\"SearchAction\",\"target\":{\"@type\":\"EntryPoint\",\"urlTemplate\":\"https:\/\/esi.uclm.es\/?s={search_term_string}\"},\"query-input\":{\"@type\":\"PropertyValueSpecification\",\"valueRequired\":true,\"valueName\":\"search_term_string\"}}],\"inLanguage\":\"es\"},{\"@type\":\"Organization\",\"@id\":\"https:\/\/esi.uclm.es\/#organization\",\"name\":\"Escuela Superior de Inform\u00e1tica de UCLM\",\"url\":\"https:\/\/esi.uclm.es\/\",\"logo\":{\"@type\":\"ImageObject\",\"inLanguage\":\"es\",\"@id\":\"https:\/\/esi.uclm.es\/#\/schema\/logo\/image\/\",\"url\":\"https:\/\/esi.uclm.es\/assets\/uploads\/2022\/03\/LogoESI_cabecera-1.png\",\"contentUrl\":\"https:\/\/esi.uclm.es\/assets\/uploads\/2022\/03\/LogoESI_cabecera-1.png\",\"width\":460,\"height\":184,\"caption\":\"Escuela Superior de Inform\u00e1tica de UCLM\"},\"image\":{\"@id\":\"https:\/\/esi.uclm.es\/#\/schema\/logo\/image\/\"},\"sameAs\":[\"https:\/\/www.facebook.com\/Escuela-Superior-de-Informtica-543261809027158\",\"https:\/\/x.com\/esiuclm\",\"https:\/\/www.instagram.com\/esiuclm\/\",\"https:\/\/www.youtube.com\/user\/esiuclm\",\"https:\/\/www.twitch.tv\/esiuclm\",\"https:\/\/www.linkedin.com\/company\/12656631\/admin\/\"]}]}<\/script>\n<!-- \/ Yoast SEO plugin. -->","yoast_head_json":{"title":"Redes Sociales - Escuela Superior de Inform\u00e1tica de UCLM","robots":{"index":"index","follow":"follow","max-snippet":"max-snippet:-1","max-image-preview":"max-image-preview:large","max-video-preview":"max-video-preview:-1"},"canonical":"https:\/\/esi.uclm.es\/index.php\/comunicacion-y-medios\/redes-sociales\/","og_locale":"es_ES","og_type":"article","og_title":"Redes Sociales - Escuela Superior de Inform\u00e1tica de UCLM","og_description":"Conoce el d\u00eda a d\u00eda de la ESI a trav\u00e9s de las redes La ESI cuenta con perfiles en Instagram, Facebook, Twitter, YouTube&nbsp;y Linkedin con contenidos para poder difundir todo lo que hacemos&nbsp;desde la escuela dando especial protagonismo a los estudiantes, ofreciendo contenido&nbsp;de&nbsp;valor para generar [&hellip;]","og_url":"https:\/\/esi.uclm.es\/index.php\/comunicacion-y-medios\/redes-sociales\/","og_site_name":"Escuela Superior de Inform\u00e1tica de UCLM","article_publisher":"https:\/\/www.facebook.com\/Escuela-Superior-de-Informtica-543261809027158","article_modified_time":"2022-05-24T21:34:37+00:00","og_image":[{"url":"https:\/\/esi.uclm.es\/assets\/uploads\/2022\/02\/redes-1024x236.jpg","type":"","width":"","height":""}],"twitter_card":"summary_large_image","twitter_site":"@esiuclm","twitter_misc":{"Tiempo de lectura":"1 minuto"},"schema":{"@context":"https:\/\/schema.org","@graph":[{"@type":"WebPage","@id":"https:\/\/esi.uclm.es\/index.php\/comunicacion-y-medios\/redes-sociales\/","url":"https:\/\/esi.uclm.es\/index.php\/comunicacion-y-medios\/redes-sociales\/","name":"Redes Sociales - Escuela Superior de Inform\u00e1tica de UCLM","isPartOf":{"@id":"https:\/\/esi.uclm.es\/#website"},"primaryImageOfPage":{"@id":"https:\/\/esi.uclm.es\/index.php\/comunicacion-y-medios\/redes-sociales\/#primaryimage"},"image":{"@id":"https:\/\/esi.uclm.es\/index.php\/comunicacion-y-medios\/redes-sociales\/#primaryimage"},"thumbnailUrl":"https:\/\/esi.uclm.es\/assets\/uploads\/2022\/02\/redes-1024x236.jpg","datePublished":"2022-01-27T15:08:45+00:00","dateModified":"2022-05-24T21:34:37+00:00","breadcrumb":{"@id":"https:\/\/esi.uclm.es\/index.php\/comunicacion-y-medios\/redes-sociales\/#breadcrumb"},"inLanguage":"es","potentialAction":[{"@type":"ReadAction","target":["https:\/\/esi.uclm.es\/index.php\/comunicacion-y-medios\/redes-sociales\/"]}]},{"@type":"ImageObject","inLanguage":"es","@id":"https:\/\/esi.uclm.es\/index.php\/comunicacion-y-medios\/redes-sociales\/#primaryimage","url":"https:\/\/esi.uclm.es\/assets\/uploads\/2022\/02\/redes-1024x236.jpg","contentUrl":"https:\/\/esi.uclm.es\/assets\/uploads\/2022\/02\/redes-1024x236.jpg"},{"@type":"BreadcrumbList","@id":"https:\/\/esi.uclm.es\/index.php\/comunicacion-y-medios\/redes-sociales\/#breadcrumb","itemListElement":[{"@type":"ListItem","position":1,"name":"Portada","item":"https:\/\/esi.uclm.es\/"},{"@type":"ListItem","position":2,"name":"Comunicaci\u00f3n y Medios","item":"https:\/\/esi.uclm.es\/index.php\/comunicacion-y-medios\/"},{"@type":"ListItem","position":3,"name":"Redes Sociales"}]},{"@type":"WebSite","@id":"https:\/\/esi.uclm.es\/#website","url":"https:\/\/esi.uclm.es\/","name":"Escuela Superior de Inform\u00e1tica de UCLM en Ciudad Real, Castilla-La Mancha","description":"La Escuela Superior de Inform\u00e1tica de Ciudad Real (Castilla-La Mancha), Universidad de Castilla-La Mancha es un centro universitario que imparte el ciclo completo de Ingenier\u00eda en Inform\u00e1tica: grado, m\u00e1ster y doctorado.","publisher":{"@id":"https:\/\/esi.uclm.es\/#organization"},"potentialAction":[{"@type":"SearchAction","target":{"@type":"EntryPoint","urlTemplate":"https:\/\/esi.uclm.es\/?s={search_term_string}"},"query-input":{"@type":"PropertyValueSpecification","valueRequired":true,"valueName":"search_term_string"}}],"inLanguage":"es"},{"@type":"Organization","@id":"https:\/\/esi.uclm.es\/#organization","name":"Escuela Superior de Inform\u00e1tica de UCLM","url":"https:\/\/esi.uclm.es\/","logo":{"@type":"ImageObject","inLanguage":"es","@id":"https:\/\/esi.uclm.es\/#\/schema\/logo\/image\/","url":"https:\/\/esi.uclm.es\/assets\/uploads\/2022\/03\/LogoESI_cabecera-1.png","contentUrl":"https:\/\/esi.uclm.es\/assets\/uploads\/2022\/03\/LogoESI_cabecera-1.png","width":460,"height":184,"caption":"Escuela Superior de Inform\u00e1tica de UCLM"},"image":{"@id":"https:\/\/esi.uclm.es\/#\/schema\/logo\/image\/"},"sameAs":["https:\/\/www.facebook.com\/Escuela-Superior-de-Informtica-543261809027158","https:\/\/x.com\/esiuclm","https:\/\/www.instagram.com\/esiuclm\/","https:\/\/www.youtube.com\/user\/esiuclm","https:\/\/www.twitch.tv\/esiuclm","https:\/\/www.linkedin.com\/company\/12656631\/admin\/"]}]}},"_links":{"self":[{"href":"https:\/\/esi.uclm.es\/index.php\/wp-json\/wp\/v2\/pages\/3930","targetHints":{"allow":["GET"]}}],"collection":[{"href":"https:\/\/esi.uclm.es\/index.php\/wp-json\/wp\/v2\/pages"}],"about":[{"href":"https:\/\/esi.uclm.es\/index.php\/wp-json\/wp\/v2\/types\/page"}],"author":[{"embeddable":true,"href":"https:\/\/esi.uclm.es\/index.php\/wp-json\/wp\/v2\/users\/1"}],"replies":[{"embeddable":true,"href":"https:\/\/esi.uclm.es\/index.php\/wp-json\/wp\/v2\/comments?post=3930"}],"version-history":[{"count":6,"href":"https:\/\/esi.uclm.es\/index.php\/wp-json\/wp\/v2\/pages\/3930\/revisions"}],"predecessor-version":[{"id":10283,"href":"https:\/\/esi.uclm.es\/index.php\/wp-json\/wp\/v2\/pages\/3930\/revisions\/10283"}],"up":[{"embeddable":true,"href":"https:\/\/esi.uclm.es\/index.php\/wp-json\/wp\/v2\/pages\/5516"}],"wp:attachment":[{"href":"https:\/\/esi.uclm.es\/index.php\/wp-json\/wp\/v2\/media?parent=3930"}],"curies":[{"name":"wp","href":"https:\/\/api.w.org\/{rel}","templated":true}]}}