{"id":3890,"date":"2022-01-27T13:32:18","date_gmt":"2022-01-27T13:32:18","guid":{"rendered":"http:\/\/esiaz24.uclm.es\/?page_id=3890"},"modified":"2023-02-22T16:28:45","modified_gmt":"2023-02-22T16:28:45","slug":"historia","status":"publish","type":"page","link":"https:\/\/esi.uclm.es\/index.php\/conocenos-visitanos\/historia\/","title":{"rendered":"Historia"},"content":{"rendered":"\n<figure class=\"wp-block-image size-full\"><img loading=\"lazy\" decoding=\"async\" width=\"1024\" height=\"222\" src=\"https:\/\/esi.uclm.es\/assets\/uploads\/2022\/01\/fachada_esi.png\" alt=\"\" class=\"wp-image-4516\" srcset=\"https:\/\/esi.uclm.es\/assets\/uploads\/2022\/01\/fachada_esi.png 1024w, https:\/\/esi.uclm.es\/assets\/uploads\/2022\/01\/fachada_esi-300x65.png 300w, https:\/\/esi.uclm.es\/assets\/uploads\/2022\/01\/fachada_esi-768x167.png 768w, https:\/\/esi.uclm.es\/assets\/uploads\/2022\/01\/fachada_esi-600x130.png 600w\" sizes=\"auto, (max-width: 1024px) 100vw, 1024px\" \/><\/figure>\n\n\n\n<div style=\"height:24px\" aria-hidden=\"true\" class=\"wp-block-spacer\"><\/div>\n\n\n\n<h2 class=\"wp-block-heading\" id=\"nuestra-historia\">Nuestra Historia<\/h2>\n\n\n\n<hr class=\"wp-block-separator has-text-color has-vivid-cyan-blue-color has-css-opacity has-vivid-cyan-blue-background-color has-background\"\/>\n\n\n\n<p>La Escuela Universitaria de Inform\u00e1tica (EUI) de la Universidad de Castilla-La Mancha (UCLM), situada en Ciudad Real, fue creada por el Real Decreto 1025\/1989 (BOE n\u00ba 190 de 10 de agosto). El d\u00eda siguiente apareci\u00f3 en el BOE la autorizaci\u00f3n para iniciar las ense\u00f1anzas en el curso 1989\/1990 y el 14 de octubre se public\u00f3 el primer plan de estudios conducente a la obtenci\u00f3n del t\u00edtulo de <strong>Diplomado en Inform\u00e1tica<\/strong>.<\/p>\n\n\n\n<p>Con el fin de adaptarse a la reforma de los estudios universitarios, a principios de 1992 se elaboran unos nuevos planes de estudios que, publicados en el BOE el 20 de octubre, suponen el cambio de la anterior Diplomatura a dos nuevas titulaciones que empiezan a impartirse desde el curso 1992\/1993: Ingenier\u00eda T\u00e9cnica en Inform\u00e1tica de Sistemas e Ingenier\u00eda T\u00e9cnica en Inform\u00e1tica de Gesti\u00f3n.<\/p>\n\n\n\n<p>En 1992, la Junta de Gobierno y el Consejo Social de la Universidad Regional aprobaron la propuesta de nuevas titulaciones para el futuro, incluyendo los estudios de Ingenier\u00eda Superior en Inform\u00e1tica en el campus de Ciudad Real.<\/p>\n\n\n\n<p>El 28 de mayo de 1998 y seg\u00fan el <strong><a href=\"https:\/\/docm.jccm.es\/docm\/eli\/es-cm\/d\/1998\/05\/26\/52\">decreto 52\/1998<\/a><\/strong> de la Junta de Comunidades, publicado en el Diario Oficial de Castilla-La Mancha, la anterior Escuela Universitaria de Inform\u00e1tica (EUI) se transforma en la actual <strong><a href=\"https:\/\/esi.uclm.es\/index.php\/conocenos-visitanos\/conoce-la-esi\/\" data-type=\"page\" data-id=\"6843\">Escuela Superior de Inform\u00e1tica<\/a><\/strong> (<strong>ESI<\/strong>). Este decreto autoriza tambi\u00e9n la impartici\u00f3n desde el curso 1998\/1999 de la Ingenier\u00eda Superior. As\u00ed, a partir del citado curso, en la ESI se imparten los siguientes estudios oficiales:<\/p>\n\n\n\n<ul class=\"wp-block-list\">\n<li><strong>Ingenier\u00eda en Inform\u00e1tica (primer ciclo de 3 a\u00f1os y segundo ciclo de 2 a\u00f1os)<\/strong><\/li>\n\n\n\n<li><strong>Ingenier\u00eda T\u00e9cnica en Inform\u00e1tica de Sistemas (primer ciclo de 3 a\u00f1os)<\/strong><\/li>\n\n\n\n<li><strong>Ingenier\u00eda T\u00e9cnica en Inform\u00e1tica de Gesti\u00f3n (primer ciclo de 3 a\u00f1os)<\/strong><\/li>\n<\/ul>\n\n\n\n<p>En el inicio del siglo XXI comenz\u00f3 a impartirse el primer programa de&nbsp;Doctorado en Ingenier\u00eda Inform\u00e1tica&nbsp;de la UCLM, que pas\u00f3 a denominarse <em>Arquitectura y Gesti\u00f3n de la Informaci\u00f3n y del Conocimiento en Sistemas de Red<\/em>. Posteriormente, este programa se transform\u00f3 en un Programa Oficial de Posgrado con un&nbsp;m\u00e1ster oficial denominado <em>Tecnolog\u00edas Inform\u00e1ticas Avanzadas<\/em>&nbsp;que, con perfil de investigaci\u00f3n, supone el paso previo al periodo tutelado conducente a la obtenci\u00f3n del grado de Doctor en Ingenier\u00eda Inform\u00e1tica. El actual <strong><a href=\"https:\/\/www.uclm.es\/es\/estudios\/doctorados\/Tecnologias-Informaticas-Avanzadas\">Programa de Doctorado en Tecnolog\u00edas Inform\u00e1ticas Avanzadas<\/a><\/strong> recibe en octubre de 2011 la <strong>Menci\u00f3n hacia la Excelencia<\/strong> por parte del Ministerio de Educaci\u00f3n.<\/p>\n\n\n\n<p>En el curso 2010\/2011, y con la necesidad de adaptaci\u00f3n al Espacio Europeo de Educaci\u00f3n Superior, la Escuela comienza a ofertar los estudios de <strong><a href=\"https:\/\/esi.uclm.es\/index.php\/grado-en-ingenieria-informatica\/\" data-type=\"page\" data-id=\"3996\">Grado en Ingenier\u00eda Inform\u00e1tica<\/a><\/strong> contemplando cuatro intensificaciones correspondientes a cuatro bloques de tecnolog\u00eda espec\u00edfica de las recogidas en las correspondientes fichas de competencias acad\u00e9micas publicadas en el BOE para la formaci\u00f3n que debe habilitar para la profesi\u00f3n de Ingenier\u00eda T\u00e9cnica en Inform\u00e1tica.<\/p>\n\n\n\n<p>Esta oferta se completa con el <strong><a href=\"https:\/\/esi.uclm.es\/index.php\/master-en-ingenieria-informatica\/\" data-type=\"page\" data-id=\"3998\">M\u00e1ster en Ingenier\u00eda Inform\u00e1tica<\/a><\/strong> que, comenzando en el curso 2011\/2012, habilita para la profesi\u00f3n de Ingenier\u00eda Inform\u00e1tica.<\/p>\n\n\n\n<p><a href=\"https:\/\/esi.uclm.es\/index.php\/2023\/02\/16\/el-edificio-fermin-caballero-y-los-inicios-de-la-esi\/\" data-type=\"post\" data-id=\"14220\">[+] Historia del edificio Ferm\u00edn Caballero<\/a><\/p>\n","protected":false},"excerpt":{"rendered":"<p>Nuestra Historia La Escuela Universitaria de Inform\u00e1tica (EUI) de la Universidad de Castilla-La Mancha (UCLM), situada en Ciudad Real, fue creada por el Real Decreto 1025\/1989 (BOE n\u00ba 190 de 10 de agosto). El d\u00eda siguiente apareci\u00f3 en el BOE la autorizaci\u00f3n para iniciar las [&hellip;]<\/p>\n","protected":false},"author":1,"featured_media":0,"parent":5513,"menu_order":0,"comment_status":"closed","ping_status":"closed","template":"","meta":{"footnotes":""},"class_list":["post-3890","page","type-page","status-publish","hentry"],"yoast_head":"<!-- This site is optimized with the Yoast SEO plugin v27.4 - https:\/\/yoast.com\/product\/yoast-seo-wordpress\/ -->\n<title>Historia - Escuela Superior de Inform\u00e1tica de UCLM<\/title>\n<meta name=\"robots\" content=\"index, follow, max-snippet:-1, max-image-preview:large, max-video-preview:-1\" \/>\n<link rel=\"canonical\" href=\"https:\/\/esi.uclm.es\/index.php\/conocenos-visitanos\/historia\/\" \/>\n<meta property=\"og:locale\" content=\"es_ES\" \/>\n<meta property=\"og:type\" content=\"article\" \/>\n<meta property=\"og:title\" content=\"Historia - Escuela Superior de Inform\u00e1tica de UCLM\" \/>\n<meta property=\"og:description\" content=\"Nuestra Historia La Escuela Universitaria de Inform\u00e1tica (EUI) de la Universidad de Castilla-La Mancha (UCLM), situada en Ciudad Real, fue creada por el Real Decreto 1025\/1989 (BOE n\u00ba 190 de 10 de agosto). El d\u00eda siguiente apareci\u00f3 en el BOE la autorizaci\u00f3n para iniciar las [&hellip;]\" \/>\n<meta property=\"og:url\" content=\"https:\/\/esi.uclm.es\/index.php\/conocenos-visitanos\/historia\/\" \/>\n<meta property=\"og:site_name\" content=\"Escuela Superior de Inform\u00e1tica de UCLM\" \/>\n<meta property=\"article:publisher\" content=\"https:\/\/www.facebook.com\/Escuela-Superior-de-Informtica-543261809027158\" \/>\n<meta property=\"article:modified_time\" content=\"2023-02-22T16:28:45+00:00\" \/>\n<meta property=\"og:image\" content=\"https:\/\/esi.uclm.es\/assets\/uploads\/2022\/01\/fachada_esi.png\" \/>\n<meta name=\"twitter:card\" content=\"summary_large_image\" \/>\n<meta name=\"twitter:site\" content=\"@esiuclm\" \/>\n<meta name=\"twitter:label1\" content=\"Tiempo de lectura\" \/>\n\t<meta name=\"twitter:data1\" content=\"3 minutos\" \/>\n<script type=\"application\/ld+json\" class=\"yoast-schema-graph\">{\"@context\":\"https:\\\/\\\/schema.org\",\"@graph\":[{\"@type\":\"WebPage\",\"@id\":\"https:\\\/\\\/esi.uclm.es\\\/index.php\\\/conocenos-visitanos\\\/historia\\\/\",\"url\":\"https:\\\/\\\/esi.uclm.es\\\/index.php\\\/conocenos-visitanos\\\/historia\\\/\",\"name\":\"Historia - Escuela Superior de Inform\u00e1tica de UCLM\",\"isPartOf\":{\"@id\":\"https:\\\/\\\/esi.uclm.es\\\/#website\"},\"primaryImageOfPage\":{\"@id\":\"https:\\\/\\\/esi.uclm.es\\\/index.php\\\/conocenos-visitanos\\\/historia\\\/#primaryimage\"},\"image\":{\"@id\":\"https:\\\/\\\/esi.uclm.es\\\/index.php\\\/conocenos-visitanos\\\/historia\\\/#primaryimage\"},\"thumbnailUrl\":\"https:\\\/\\\/esi.uclm.es\\\/assets\\\/uploads\\\/2022\\\/01\\\/fachada_esi.png\",\"datePublished\":\"2022-01-27T13:32:18+00:00\",\"dateModified\":\"2023-02-22T16:28:45+00:00\",\"breadcrumb\":{\"@id\":\"https:\\\/\\\/esi.uclm.es\\\/index.php\\\/conocenos-visitanos\\\/historia\\\/#breadcrumb\"},\"inLanguage\":\"es\",\"potentialAction\":[{\"@type\":\"ReadAction\",\"target\":[\"https:\\\/\\\/esi.uclm.es\\\/index.php\\\/conocenos-visitanos\\\/historia\\\/\"]}]},{\"@type\":\"ImageObject\",\"inLanguage\":\"es\",\"@id\":\"https:\\\/\\\/esi.uclm.es\\\/index.php\\\/conocenos-visitanos\\\/historia\\\/#primaryimage\",\"url\":\"https:\\\/\\\/esi.uclm.es\\\/assets\\\/uploads\\\/2022\\\/01\\\/fachada_esi.png\",\"contentUrl\":\"https:\\\/\\\/esi.uclm.es\\\/assets\\\/uploads\\\/2022\\\/01\\\/fachada_esi.png\"},{\"@type\":\"BreadcrumbList\",\"@id\":\"https:\\\/\\\/esi.uclm.es\\\/index.php\\\/conocenos-visitanos\\\/historia\\\/#breadcrumb\",\"itemListElement\":[{\"@type\":\"ListItem\",\"position\":1,\"name\":\"Portada\",\"item\":\"https:\\\/\\\/esi.uclm.es\\\/\"},{\"@type\":\"ListItem\",\"position\":2,\"name\":\"Con\u00f3cenos\",\"item\":\"https:\\\/\\\/esi.uclm.es\\\/index.php\\\/conocenos-visitanos\\\/\"},{\"@type\":\"ListItem\",\"position\":3,\"name\":\"Historia\"}]},{\"@type\":\"WebSite\",\"@id\":\"https:\\\/\\\/esi.uclm.es\\\/#website\",\"url\":\"https:\\\/\\\/esi.uclm.es\\\/\",\"name\":\"Escuela Superior de Inform\u00e1tica de UCLM en Ciudad Real, Castilla-La Mancha\",\"description\":\"La Escuela Superior de Inform\u00e1tica de Ciudad Real (Castilla-La Mancha), Universidad de Castilla-La Mancha es un centro universitario que imparte el ciclo completo de Ingenier\u00eda en Inform\u00e1tica: grado, m\u00e1ster y doctorado.\",\"publisher\":{\"@id\":\"https:\\\/\\\/esi.uclm.es\\\/#organization\"},\"potentialAction\":[{\"@type\":\"SearchAction\",\"target\":{\"@type\":\"EntryPoint\",\"urlTemplate\":\"https:\\\/\\\/esi.uclm.es\\\/?s={search_term_string}\"},\"query-input\":{\"@type\":\"PropertyValueSpecification\",\"valueRequired\":true,\"valueName\":\"search_term_string\"}}],\"inLanguage\":\"es\"},{\"@type\":\"Organization\",\"@id\":\"https:\\\/\\\/esi.uclm.es\\\/#organization\",\"name\":\"Escuela Superior de Inform\u00e1tica de UCLM\",\"url\":\"https:\\\/\\\/esi.uclm.es\\\/\",\"logo\":{\"@type\":\"ImageObject\",\"inLanguage\":\"es\",\"@id\":\"https:\\\/\\\/esi.uclm.es\\\/#\\\/schema\\\/logo\\\/image\\\/\",\"url\":\"https:\\\/\\\/esi.uclm.es\\\/assets\\\/uploads\\\/2022\\\/03\\\/LogoESI_cabecera-1.png\",\"contentUrl\":\"https:\\\/\\\/esi.uclm.es\\\/assets\\\/uploads\\\/2022\\\/03\\\/LogoESI_cabecera-1.png\",\"width\":460,\"height\":184,\"caption\":\"Escuela Superior de Inform\u00e1tica de UCLM\"},\"image\":{\"@id\":\"https:\\\/\\\/esi.uclm.es\\\/#\\\/schema\\\/logo\\\/image\\\/\"},\"sameAs\":[\"https:\\\/\\\/www.facebook.com\\\/Escuela-Superior-de-Informtica-543261809027158\",\"https:\\\/\\\/x.com\\\/esiuclm\",\"https:\\\/\\\/www.instagram.com\\\/esiuclm\\\/\",\"https:\\\/\\\/www.youtube.com\\\/user\\\/esiuclm\",\"https:\\\/\\\/www.twitch.tv\\\/esiuclm\",\"https:\\\/\\\/www.linkedin.com\\\/company\\\/12656631\\\/admin\\\/\"]}]}<\/script>\n<!-- \/ Yoast SEO plugin. -->","yoast_head_json":{"title":"Historia - Escuela Superior de Inform\u00e1tica de UCLM","robots":{"index":"index","follow":"follow","max-snippet":"max-snippet:-1","max-image-preview":"max-image-preview:large","max-video-preview":"max-video-preview:-1"},"canonical":"https:\/\/esi.uclm.es\/index.php\/conocenos-visitanos\/historia\/","og_locale":"es_ES","og_type":"article","og_title":"Historia - Escuela Superior de Inform\u00e1tica de UCLM","og_description":"Nuestra Historia La Escuela Universitaria de Inform\u00e1tica (EUI) de la Universidad de Castilla-La Mancha (UCLM), situada en Ciudad Real, fue creada por el Real Decreto 1025\/1989 (BOE n\u00ba 190 de 10 de agosto). El d\u00eda siguiente apareci\u00f3 en el BOE la autorizaci\u00f3n para iniciar las [&hellip;]","og_url":"https:\/\/esi.uclm.es\/index.php\/conocenos-visitanos\/historia\/","og_site_name":"Escuela Superior de Inform\u00e1tica de UCLM","article_publisher":"https:\/\/www.facebook.com\/Escuela-Superior-de-Informtica-543261809027158","article_modified_time":"2023-02-22T16:28:45+00:00","og_image":[{"url":"https:\/\/esi.uclm.es\/assets\/uploads\/2022\/01\/fachada_esi.png","type":"","width":"","height":""}],"twitter_card":"summary_large_image","twitter_site":"@esiuclm","twitter_misc":{"Tiempo de lectura":"3 minutos"},"schema":{"@context":"https:\/\/schema.org","@graph":[{"@type":"WebPage","@id":"https:\/\/esi.uclm.es\/index.php\/conocenos-visitanos\/historia\/","url":"https:\/\/esi.uclm.es\/index.php\/conocenos-visitanos\/historia\/","name":"Historia - Escuela Superior de Inform\u00e1tica de UCLM","isPartOf":{"@id":"https:\/\/esi.uclm.es\/#website"},"primaryImageOfPage":{"@id":"https:\/\/esi.uclm.es\/index.php\/conocenos-visitanos\/historia\/#primaryimage"},"image":{"@id":"https:\/\/esi.uclm.es\/index.php\/conocenos-visitanos\/historia\/#primaryimage"},"thumbnailUrl":"https:\/\/esi.uclm.es\/assets\/uploads\/2022\/01\/fachada_esi.png","datePublished":"2022-01-27T13:32:18+00:00","dateModified":"2023-02-22T16:28:45+00:00","breadcrumb":{"@id":"https:\/\/esi.uclm.es\/index.php\/conocenos-visitanos\/historia\/#breadcrumb"},"inLanguage":"es","potentialAction":[{"@type":"ReadAction","target":["https:\/\/esi.uclm.es\/index.php\/conocenos-visitanos\/historia\/"]}]},{"@type":"ImageObject","inLanguage":"es","@id":"https:\/\/esi.uclm.es\/index.php\/conocenos-visitanos\/historia\/#primaryimage","url":"https:\/\/esi.uclm.es\/assets\/uploads\/2022\/01\/fachada_esi.png","contentUrl":"https:\/\/esi.uclm.es\/assets\/uploads\/2022\/01\/fachada_esi.png"},{"@type":"BreadcrumbList","@id":"https:\/\/esi.uclm.es\/index.php\/conocenos-visitanos\/historia\/#breadcrumb","itemListElement":[{"@type":"ListItem","position":1,"name":"Portada","item":"https:\/\/esi.uclm.es\/"},{"@type":"ListItem","position":2,"name":"Con\u00f3cenos","item":"https:\/\/esi.uclm.es\/index.php\/conocenos-visitanos\/"},{"@type":"ListItem","position":3,"name":"Historia"}]},{"@type":"WebSite","@id":"https:\/\/esi.uclm.es\/#website","url":"https:\/\/esi.uclm.es\/","name":"Escuela Superior de Inform\u00e1tica de UCLM en Ciudad Real, Castilla-La Mancha","description":"La Escuela Superior de Inform\u00e1tica de Ciudad Real (Castilla-La Mancha), Universidad de Castilla-La Mancha es un centro universitario que imparte el ciclo completo de Ingenier\u00eda en Inform\u00e1tica: grado, m\u00e1ster y doctorado.","publisher":{"@id":"https:\/\/esi.uclm.es\/#organization"},"potentialAction":[{"@type":"SearchAction","target":{"@type":"EntryPoint","urlTemplate":"https:\/\/esi.uclm.es\/?s={search_term_string}"},"query-input":{"@type":"PropertyValueSpecification","valueRequired":true,"valueName":"search_term_string"}}],"inLanguage":"es"},{"@type":"Organization","@id":"https:\/\/esi.uclm.es\/#organization","name":"Escuela Superior de Inform\u00e1tica de UCLM","url":"https:\/\/esi.uclm.es\/","logo":{"@type":"ImageObject","inLanguage":"es","@id":"https:\/\/esi.uclm.es\/#\/schema\/logo\/image\/","url":"https:\/\/esi.uclm.es\/assets\/uploads\/2022\/03\/LogoESI_cabecera-1.png","contentUrl":"https:\/\/esi.uclm.es\/assets\/uploads\/2022\/03\/LogoESI_cabecera-1.png","width":460,"height":184,"caption":"Escuela Superior de Inform\u00e1tica de UCLM"},"image":{"@id":"https:\/\/esi.uclm.es\/#\/schema\/logo\/image\/"},"sameAs":["https:\/\/www.facebook.com\/Escuela-Superior-de-Informtica-543261809027158","https:\/\/x.com\/esiuclm","https:\/\/www.instagram.com\/esiuclm\/","https:\/\/www.youtube.com\/user\/esiuclm","https:\/\/www.twitch.tv\/esiuclm","https:\/\/www.linkedin.com\/company\/12656631\/admin\/"]}]}},"_links":{"self":[{"href":"https:\/\/esi.uclm.es\/index.php\/wp-json\/wp\/v2\/pages\/3890","targetHints":{"allow":["GET"]}}],"collection":[{"href":"https:\/\/esi.uclm.es\/index.php\/wp-json\/wp\/v2\/pages"}],"about":[{"href":"https:\/\/esi.uclm.es\/index.php\/wp-json\/wp\/v2\/types\/page"}],"author":[{"embeddable":true,"href":"https:\/\/esi.uclm.es\/index.php\/wp-json\/wp\/v2\/users\/1"}],"replies":[{"embeddable":true,"href":"https:\/\/esi.uclm.es\/index.php\/wp-json\/wp\/v2\/comments?post=3890"}],"version-history":[{"count":11,"href":"https:\/\/esi.uclm.es\/index.php\/wp-json\/wp\/v2\/pages\/3890\/revisions"}],"predecessor-version":[{"id":14381,"href":"https:\/\/esi.uclm.es\/index.php\/wp-json\/wp\/v2\/pages\/3890\/revisions\/14381"}],"up":[{"embeddable":true,"href":"https:\/\/esi.uclm.es\/index.php\/wp-json\/wp\/v2\/pages\/5513"}],"wp:attachment":[{"href":"https:\/\/esi.uclm.es\/index.php\/wp-json\/wp\/v2\/media?parent=3890"}],"curies":[{"name":"wp","href":"https:\/\/api.w.org\/{rel}","templated":true}]}}