{"id":21709,"date":"2025-10-09T16:44:04","date_gmt":"2025-10-09T16:44:04","guid":{"rendered":"https:\/\/esi.uclm.es\/?page_id=21709"},"modified":"2025-10-09T16:49:15","modified_gmt":"2025-10-09T16:49:15","slug":"v-jornada-de-empresas","status":"publish","type":"page","link":"https:\/\/esi.uclm.es\/index.php\/v-jornada-de-empresas\/","title":{"rendered":"V Jornada de Empresas"},"content":{"rendered":"\n<p><\/p>\n\n\n\n<figure class=\"wp-block-image size-large\"><img loading=\"lazy\" decoding=\"async\" width=\"728\" height=\"1024\" src=\"http:\/\/esi.uclm.es\/assets\/uploads\/2022\/02\/v_jornada_empresas_medio-728x1024.png\" alt=\"\" class=\"wp-image-6909\" srcset=\"https:\/\/esi.uclm.es\/assets\/uploads\/2022\/02\/v_jornada_empresas_medio-728x1024.png 728w, https:\/\/esi.uclm.es\/assets\/uploads\/2022\/02\/v_jornada_empresas_medio-213x300.png 213w, https:\/\/esi.uclm.es\/assets\/uploads\/2022\/02\/v_jornada_empresas_medio-768x1081.png 768w, https:\/\/esi.uclm.es\/assets\/uploads\/2022\/02\/v_jornada_empresas_medio-1092x1536.png 1092w, https:\/\/esi.uclm.es\/assets\/uploads\/2022\/02\/v_jornada_empresas_medio-600x844.png 600w, https:\/\/esi.uclm.es\/assets\/uploads\/2022\/02\/v_jornada_empresas_medio.png 1184w\" sizes=\"auto, (max-width: 728px) 100vw, 728px\" \/><\/figure>\n\n\n\n<p>La V Jornada de Empresas se enmarca en la semana de Santa Tecla, del 26&nbsp;al 28 de octubre, siendo&nbsp;su objetivo el&nbsp;<a href=\"https:\/\/esi.uclm.es\/index.php\/colaboracion-con-empresas\/\">fortalecimiento de la relaci\u00f3n entre nuestros estudiantes y las empresas.<\/a><\/p>\n\n\n\n<p><strong><u>PROGRAMA DE ACTIVIDADES<\/u><\/strong><\/p>\n\n\n\n<p>9:30 \u2013 9:40 Recepci\u00f3n de empresas<\/p>\n\n\n\n<p>9:40 \u2013 9:50 Atenci\u00f3n a los medios de comunicaci\u00f3n en el hall<\/p>\n\n\n\n<p>9:50 \u2013 10:30&nbsp;Inauguraci\u00f3n<\/p>\n\n\n\n<p>10:30 \u2013 12:00 Presentaciones empresas (Everis,&nbsp;Cojali,&nbsp;Madrija,&nbsp;Rfranco,&nbsp;Indra,&nbsp;Comunitelia)<\/p>\n\n\n\n<p>12:00 \u2013 12:15 Caf\u00e9<\/p>\n\n\n\n<p>12:15 \u2013 13:00 Mesas de intercambio *<\/p>\n\n\n\n<p>13:00 \u2013 14:30 Presentaciones empresas (Inetum,&nbsp;Global Suite,&nbsp;Telef\u00f3nica,&nbsp;Avanttic,&nbsp;Docpath,&nbsp;Akura Games)<\/p>\n\n\n\n<p>14:30 \u2013 15:30 Cocktail<\/p>\n\n\n\n<p>15:30 \u2013 16:45 Presentaciones empresas (Oesia,&nbsp;Alpinia,&nbsp;Ub\u00f3tica,&nbsp;Di\u00e1logo Tecnol\u00f3gico,&nbsp;Future Space,&nbsp;Decide4AI)<\/p>\n\n\n\n<p>16:45 \u2013 17:00 Caf\u00e9<\/p>\n\n\n\n<p>17:00 \u2013 17:45 Mesas de intercambio *<\/p>\n\n\n\n<p>17:45 -18:30&nbsp;Charla Informativa FORTE<\/p>\n\n\n\n<p>* Cada empresa dispondr\u00e1 de un stand que podr\u00e1 ser visitado por los estudiantes.<\/p>\n\n\n\n<figure class=\"wp-block-embed is-type-video is-provider-youtube wp-block-embed-youtube wp-embed-aspect-16-9 wp-has-aspect-ratio\"><div class=\"wp-block-embed__wrapper\">\n<iframe loading=\"lazy\" title=\"V Jornada de Empresas - Santa Tecla 2021\" width=\"1060\" height=\"596\" src=\"https:\/\/www.youtube.com\/embed\/NQT6es8FIv0?feature=oembed\" frameborder=\"0\" allow=\"accelerometer; autoplay; clipboard-write; encrypted-media; gyroscope; picture-in-picture; web-share\" referrerpolicy=\"strict-origin-when-cross-origin\" allowfullscreen><\/iframe>\n<\/div><\/figure>\n","protected":false},"excerpt":{"rendered":"<p>La V Jornada de Empresas se enmarca en la semana de Santa Tecla, del 26&nbsp;al 28 de octubre, siendo&nbsp;su objetivo el&nbsp;fortalecimiento de la relaci\u00f3n entre nuestros estudiantes y las empresas. PROGRAMA DE ACTIVIDADES 9:30 \u2013 9:40 Recepci\u00f3n de empresas 9:40 \u2013 9:50 Atenci\u00f3n a los [&hellip;]<\/p>\n","protected":false},"author":4,"featured_media":0,"parent":0,"menu_order":0,"comment_status":"closed","ping_status":"closed","template":"","meta":{"footnotes":""},"class_list":["post-21709","page","type-page","status-publish","hentry"],"yoast_head":"<!-- This site is optimized with the Yoast SEO plugin v27.2 - https:\/\/yoast.com\/product\/yoast-seo-wordpress\/ -->\n<title>V Jornada de Empresas - Escuela Superior de Inform\u00e1tica de UCLM<\/title>\n<meta name=\"robots\" content=\"index, follow, max-snippet:-1, max-image-preview:large, max-video-preview:-1\" \/>\n<link rel=\"canonical\" href=\"https:\/\/esi.uclm.es\/index.php\/v-jornada-de-empresas\/\" \/>\n<meta property=\"og:locale\" content=\"es_ES\" \/>\n<meta property=\"og:type\" content=\"article\" \/>\n<meta property=\"og:title\" content=\"V Jornada de Empresas - Escuela Superior de Inform\u00e1tica de UCLM\" \/>\n<meta property=\"og:description\" content=\"La V Jornada de Empresas se enmarca en la semana de Santa Tecla, del 26&nbsp;al 28 de octubre, siendo&nbsp;su objetivo el&nbsp;fortalecimiento de la relaci\u00f3n entre nuestros estudiantes y las empresas. PROGRAMA DE ACTIVIDADES 9:30 \u2013 9:40 Recepci\u00f3n de empresas 9:40 \u2013 9:50 Atenci\u00f3n a los [&hellip;]\" \/>\n<meta property=\"og:url\" content=\"https:\/\/esi.uclm.es\/index.php\/v-jornada-de-empresas\/\" \/>\n<meta property=\"og:site_name\" content=\"Escuela Superior de Inform\u00e1tica de UCLM\" \/>\n<meta property=\"article:publisher\" content=\"https:\/\/www.facebook.com\/Escuela-Superior-de-Informtica-543261809027158\" \/>\n<meta property=\"article:modified_time\" content=\"2025-10-09T16:49:15+00:00\" \/>\n<meta property=\"og:image\" content=\"https:\/\/esi.uclm.es\/assets\/uploads\/2022\/02\/v_jornada_empresas_medio-728x1024.png\" \/>\n\t<meta property=\"og:image:width\" content=\"728\" \/>\n\t<meta property=\"og:image:height\" content=\"1024\" \/>\n\t<meta property=\"og:image:type\" content=\"image\/png\" \/>\n<meta name=\"twitter:card\" content=\"summary_large_image\" \/>\n<meta name=\"twitter:site\" content=\"@esiuclm\" \/>\n<meta name=\"twitter:label1\" content=\"Tiempo de lectura\" \/>\n\t<meta name=\"twitter:data1\" content=\"1 minuto\" \/>\n<script type=\"application\/ld+json\" class=\"yoast-schema-graph\">{\"@context\":\"https:\/\/schema.org\",\"@graph\":[{\"@type\":\"WebPage\",\"@id\":\"https:\/\/esi.uclm.es\/index.php\/v-jornada-de-empresas\/\",\"url\":\"https:\/\/esi.uclm.es\/index.php\/v-jornada-de-empresas\/\",\"name\":\"V Jornada de Empresas - Escuela Superior de Inform\u00e1tica de UCLM\",\"isPartOf\":{\"@id\":\"https:\/\/esi.uclm.es\/#website\"},\"primaryImageOfPage\":{\"@id\":\"https:\/\/esi.uclm.es\/index.php\/v-jornada-de-empresas\/#primaryimage\"},\"image\":{\"@id\":\"https:\/\/esi.uclm.es\/index.php\/v-jornada-de-empresas\/#primaryimage\"},\"thumbnailUrl\":\"http:\/\/esi.uclm.es\/assets\/uploads\/2022\/02\/v_jornada_empresas_medio-728x1024.png\",\"datePublished\":\"2025-10-09T16:44:04+00:00\",\"dateModified\":\"2025-10-09T16:49:15+00:00\",\"breadcrumb\":{\"@id\":\"https:\/\/esi.uclm.es\/index.php\/v-jornada-de-empresas\/#breadcrumb\"},\"inLanguage\":\"es\",\"potentialAction\":[{\"@type\":\"ReadAction\",\"target\":[\"https:\/\/esi.uclm.es\/index.php\/v-jornada-de-empresas\/\"]}]},{\"@type\":\"ImageObject\",\"inLanguage\":\"es\",\"@id\":\"https:\/\/esi.uclm.es\/index.php\/v-jornada-de-empresas\/#primaryimage\",\"url\":\"https:\/\/esi.uclm.es\/assets\/uploads\/2022\/02\/v_jornada_empresas_medio.png\",\"contentUrl\":\"https:\/\/esi.uclm.es\/assets\/uploads\/2022\/02\/v_jornada_empresas_medio.png\",\"width\":1184,\"height\":1666},{\"@type\":\"BreadcrumbList\",\"@id\":\"https:\/\/esi.uclm.es\/index.php\/v-jornada-de-empresas\/#breadcrumb\",\"itemListElement\":[{\"@type\":\"ListItem\",\"position\":1,\"name\":\"Portada\",\"item\":\"https:\/\/esi.uclm.es\/\"},{\"@type\":\"ListItem\",\"position\":2,\"name\":\"V Jornada de Empresas\"}]},{\"@type\":\"WebSite\",\"@id\":\"https:\/\/esi.uclm.es\/#website\",\"url\":\"https:\/\/esi.uclm.es\/\",\"name\":\"Escuela Superior de Inform\u00e1tica de UCLM en Ciudad Real, Castilla-La Mancha\",\"description\":\"La Escuela Superior de Inform\u00e1tica de Ciudad Real (Castilla-La Mancha), Universidad de Castilla-La Mancha es un centro universitario que imparte el ciclo completo de Ingenier\u00eda en Inform\u00e1tica: grado, m\u00e1ster y doctorado.\",\"publisher\":{\"@id\":\"https:\/\/esi.uclm.es\/#organization\"},\"potentialAction\":[{\"@type\":\"SearchAction\",\"target\":{\"@type\":\"EntryPoint\",\"urlTemplate\":\"https:\/\/esi.uclm.es\/?s={search_term_string}\"},\"query-input\":{\"@type\":\"PropertyValueSpecification\",\"valueRequired\":true,\"valueName\":\"search_term_string\"}}],\"inLanguage\":\"es\"},{\"@type\":\"Organization\",\"@id\":\"https:\/\/esi.uclm.es\/#organization\",\"name\":\"Escuela Superior de Inform\u00e1tica de UCLM\",\"url\":\"https:\/\/esi.uclm.es\/\",\"logo\":{\"@type\":\"ImageObject\",\"inLanguage\":\"es\",\"@id\":\"https:\/\/esi.uclm.es\/#\/schema\/logo\/image\/\",\"url\":\"https:\/\/esi.uclm.es\/assets\/uploads\/2022\/03\/LogoESI_cabecera-1.png\",\"contentUrl\":\"https:\/\/esi.uclm.es\/assets\/uploads\/2022\/03\/LogoESI_cabecera-1.png\",\"width\":460,\"height\":184,\"caption\":\"Escuela Superior de Inform\u00e1tica de UCLM\"},\"image\":{\"@id\":\"https:\/\/esi.uclm.es\/#\/schema\/logo\/image\/\"},\"sameAs\":[\"https:\/\/www.facebook.com\/Escuela-Superior-de-Informtica-543261809027158\",\"https:\/\/x.com\/esiuclm\",\"https:\/\/www.instagram.com\/esiuclm\/\",\"https:\/\/www.youtube.com\/user\/esiuclm\",\"https:\/\/www.twitch.tv\/esiuclm\",\"https:\/\/www.linkedin.com\/company\/12656631\/admin\/\"]}]}<\/script>\n<!-- \/ Yoast SEO plugin. -->","yoast_head_json":{"title":"V Jornada de Empresas - Escuela Superior de Inform\u00e1tica de UCLM","robots":{"index":"index","follow":"follow","max-snippet":"max-snippet:-1","max-image-preview":"max-image-preview:large","max-video-preview":"max-video-preview:-1"},"canonical":"https:\/\/esi.uclm.es\/index.php\/v-jornada-de-empresas\/","og_locale":"es_ES","og_type":"article","og_title":"V Jornada de Empresas - Escuela Superior de Inform\u00e1tica de UCLM","og_description":"La V Jornada de Empresas se enmarca en la semana de Santa Tecla, del 26&nbsp;al 28 de octubre, siendo&nbsp;su objetivo el&nbsp;fortalecimiento de la relaci\u00f3n entre nuestros estudiantes y las empresas. PROGRAMA DE ACTIVIDADES 9:30 \u2013 9:40 Recepci\u00f3n de empresas 9:40 \u2013 9:50 Atenci\u00f3n a los [&hellip;]","og_url":"https:\/\/esi.uclm.es\/index.php\/v-jornada-de-empresas\/","og_site_name":"Escuela Superior de Inform\u00e1tica de UCLM","article_publisher":"https:\/\/www.facebook.com\/Escuela-Superior-de-Informtica-543261809027158","article_modified_time":"2025-10-09T16:49:15+00:00","og_image":[{"width":728,"height":1024,"url":"https:\/\/esi.uclm.es\/assets\/uploads\/2022\/02\/v_jornada_empresas_medio-728x1024.png","type":"image\/png"}],"twitter_card":"summary_large_image","twitter_site":"@esiuclm","twitter_misc":{"Tiempo de lectura":"1 minuto"},"schema":{"@context":"https:\/\/schema.org","@graph":[{"@type":"WebPage","@id":"https:\/\/esi.uclm.es\/index.php\/v-jornada-de-empresas\/","url":"https:\/\/esi.uclm.es\/index.php\/v-jornada-de-empresas\/","name":"V Jornada de Empresas - Escuela Superior de Inform\u00e1tica de UCLM","isPartOf":{"@id":"https:\/\/esi.uclm.es\/#website"},"primaryImageOfPage":{"@id":"https:\/\/esi.uclm.es\/index.php\/v-jornada-de-empresas\/#primaryimage"},"image":{"@id":"https:\/\/esi.uclm.es\/index.php\/v-jornada-de-empresas\/#primaryimage"},"thumbnailUrl":"http:\/\/esi.uclm.es\/assets\/uploads\/2022\/02\/v_jornada_empresas_medio-728x1024.png","datePublished":"2025-10-09T16:44:04+00:00","dateModified":"2025-10-09T16:49:15+00:00","breadcrumb":{"@id":"https:\/\/esi.uclm.es\/index.php\/v-jornada-de-empresas\/#breadcrumb"},"inLanguage":"es","potentialAction":[{"@type":"ReadAction","target":["https:\/\/esi.uclm.es\/index.php\/v-jornada-de-empresas\/"]}]},{"@type":"ImageObject","inLanguage":"es","@id":"https:\/\/esi.uclm.es\/index.php\/v-jornada-de-empresas\/#primaryimage","url":"https:\/\/esi.uclm.es\/assets\/uploads\/2022\/02\/v_jornada_empresas_medio.png","contentUrl":"https:\/\/esi.uclm.es\/assets\/uploads\/2022\/02\/v_jornada_empresas_medio.png","width":1184,"height":1666},{"@type":"BreadcrumbList","@id":"https:\/\/esi.uclm.es\/index.php\/v-jornada-de-empresas\/#breadcrumb","itemListElement":[{"@type":"ListItem","position":1,"name":"Portada","item":"https:\/\/esi.uclm.es\/"},{"@type":"ListItem","position":2,"name":"V Jornada de Empresas"}]},{"@type":"WebSite","@id":"https:\/\/esi.uclm.es\/#website","url":"https:\/\/esi.uclm.es\/","name":"Escuela Superior de Inform\u00e1tica de UCLM en Ciudad Real, Castilla-La Mancha","description":"La Escuela Superior de Inform\u00e1tica de Ciudad Real (Castilla-La Mancha), Universidad de Castilla-La Mancha es un centro universitario que imparte el ciclo completo de Ingenier\u00eda en Inform\u00e1tica: grado, m\u00e1ster y doctorado.","publisher":{"@id":"https:\/\/esi.uclm.es\/#organization"},"potentialAction":[{"@type":"SearchAction","target":{"@type":"EntryPoint","urlTemplate":"https:\/\/esi.uclm.es\/?s={search_term_string}"},"query-input":{"@type":"PropertyValueSpecification","valueRequired":true,"valueName":"search_term_string"}}],"inLanguage":"es"},{"@type":"Organization","@id":"https:\/\/esi.uclm.es\/#organization","name":"Escuela Superior de Inform\u00e1tica de UCLM","url":"https:\/\/esi.uclm.es\/","logo":{"@type":"ImageObject","inLanguage":"es","@id":"https:\/\/esi.uclm.es\/#\/schema\/logo\/image\/","url":"https:\/\/esi.uclm.es\/assets\/uploads\/2022\/03\/LogoESI_cabecera-1.png","contentUrl":"https:\/\/esi.uclm.es\/assets\/uploads\/2022\/03\/LogoESI_cabecera-1.png","width":460,"height":184,"caption":"Escuela Superior de Inform\u00e1tica de UCLM"},"image":{"@id":"https:\/\/esi.uclm.es\/#\/schema\/logo\/image\/"},"sameAs":["https:\/\/www.facebook.com\/Escuela-Superior-de-Informtica-543261809027158","https:\/\/x.com\/esiuclm","https:\/\/www.instagram.com\/esiuclm\/","https:\/\/www.youtube.com\/user\/esiuclm","https:\/\/www.twitch.tv\/esiuclm","https:\/\/www.linkedin.com\/company\/12656631\/admin\/"]}]}},"_links":{"self":[{"href":"https:\/\/esi.uclm.es\/index.php\/wp-json\/wp\/v2\/pages\/21709","targetHints":{"allow":["GET"]}}],"collection":[{"href":"https:\/\/esi.uclm.es\/index.php\/wp-json\/wp\/v2\/pages"}],"about":[{"href":"https:\/\/esi.uclm.es\/index.php\/wp-json\/wp\/v2\/types\/page"}],"author":[{"embeddable":true,"href":"https:\/\/esi.uclm.es\/index.php\/wp-json\/wp\/v2\/users\/4"}],"replies":[{"embeddable":true,"href":"https:\/\/esi.uclm.es\/index.php\/wp-json\/wp\/v2\/comments?post=21709"}],"version-history":[{"count":3,"href":"https:\/\/esi.uclm.es\/index.php\/wp-json\/wp\/v2\/pages\/21709\/revisions"}],"predecessor-version":[{"id":21720,"href":"https:\/\/esi.uclm.es\/index.php\/wp-json\/wp\/v2\/pages\/21709\/revisions\/21720"}],"wp:attachment":[{"href":"https:\/\/esi.uclm.es\/index.php\/wp-json\/wp\/v2\/media?parent=21709"}],"curies":[{"name":"wp","href":"https:\/\/api.w.org\/{rel}","templated":true}]}}