{"id":21706,"date":"2025-10-09T16:45:05","date_gmt":"2025-10-09T16:45:05","guid":{"rendered":"https:\/\/esi.uclm.es\/?page_id=21706"},"modified":"2025-10-09T16:48:35","modified_gmt":"2025-10-09T16:48:35","slug":"vi-jornada-de-empresas","status":"publish","type":"page","link":"https:\/\/esi.uclm.es\/index.php\/transferencia\/vi-jornada-de-empresas\/","title":{"rendered":"VI Jornada de Empresas"},"content":{"rendered":"\n<p><\/p>\n\n\n\n<figure class=\"wp-block-image size-large is-resized\"><img loading=\"lazy\" decoding=\"async\" width=\"732\" height=\"1024\" src=\"http:\/\/esi.uclm.es\/assets\/uploads\/2023\/11\/CARTEL-JORNADAS-EMPRESAS-FINAL-732x1024.png\" alt=\"\" class=\"wp-image-17279\" style=\"width:1084px;height:auto\" srcset=\"https:\/\/esi.uclm.es\/assets\/uploads\/2023\/11\/CARTEL-JORNADAS-EMPRESAS-FINAL-732x1024.png 732w, https:\/\/esi.uclm.es\/assets\/uploads\/2023\/11\/CARTEL-JORNADAS-EMPRESAS-FINAL-214x300.png 214w, https:\/\/esi.uclm.es\/assets\/uploads\/2023\/11\/CARTEL-JORNADAS-EMPRESAS-FINAL-768x1075.png 768w, https:\/\/esi.uclm.es\/assets\/uploads\/2023\/11\/CARTEL-JORNADAS-EMPRESAS-FINAL-1098x1536.png 1098w, https:\/\/esi.uclm.es\/assets\/uploads\/2023\/11\/CARTEL-JORNADAS-EMPRESAS-FINAL-1464x2048.png 1464w, https:\/\/esi.uclm.es\/assets\/uploads\/2023\/11\/CARTEL-JORNADAS-EMPRESAS-FINAL-1300x1819.png 1300w, https:\/\/esi.uclm.es\/assets\/uploads\/2023\/11\/CARTEL-JORNADAS-EMPRESAS-FINAL-600x840.png 600w\" sizes=\"auto, (max-width: 732px) 100vw, 732px\" \/><\/figure>\n\n\n\n<p>Las VI Jornadas de Empresas de la Escuela Superior de Inform\u00e1tica ser\u00e1n dinamizadas por la presentadora&nbsp;<a href=\"https:\/\/www.linkedin.com\/in\/marta-critikian-alonso-0534b662\/\">Marta Critikian Alonso<\/a>.<\/p>\n\n\n\n<p><strong><strong><u>PROGRAMA DE ACTIVIDADES<\/u><\/strong><\/strong><\/p>\n\n\n\n<div class=\"wp-block-group\"><div class=\"wp-block-group__inner-container is-layout-constrained wp-block-group-is-layout-constrained\">\n<p>9:30 \u2013 10:00 Recepci\u00f3n de empresas y estudiantado *<\/p>\n\n\n\n<p>10:00 \u2013 11:15 Panel de empresas: Inetum, GlobalSuite, CGI, Minsait\/Indra, Itestra, Docpath, Zennio<\/p>\n\n\n\n<p>11:15 \u2013 11:30 Atenci\u00f3n a los medios de comunicaci\u00f3n en el hall de la ESI<\/p>\n\n\n\n<p>11:30 \u2013 12:00 Inauguraci\u00f3n de las Jornadas<\/p>\n\n\n\n<p>12:00 \u2013 12:30 Caf\u00e9<\/p>\n\n\n\n<p>12:30 \u2013 13:15 Mesas de intercambio **<\/p>\n\n\n\n<p>13:15 \u2013 14:30 Panel de empresas: NTT Data, Cojali, Madrija, Grupo Orenes, Tecnobit\/Grupo Oesia, aTurnos<\/p>\n\n\n\n<p>14:30 \u2013 16:00 Comida estilo cocktail (en el hotel Do\u00f1a Carlota)<\/p>\n\n\n\n<p>16:00 \u2013 17:15 Panel de empresas: Alpinia, Ubotica Technologies, Procesia, Zepo, SDGgroup, Orienteed<\/p>\n\n\n\n<p>17:15 \u2013 17:45 Caf\u00e9<\/p>\n\n\n\n<p>17:15 \u2013 18:00 Mesas de intercambio ** <\/p>\n\n\n\n<p>18:00 &#8211; 18:30 Cierre de las jornadas con el humor de Diego Da\u00f1o<\/p>\n<\/div><\/div>\n\n\n\n<p>* En esta media hora la idea es que cada empresa localice su mesa\/stand e instale o prepare lo que necesite para que quede todo listo para comenzar a las 10 h con el primer panel de empresas.<\/p>\n\n\n\n<p>** Cada empresa dispondr\u00e1 de un stand instalado en el hall de la ESI, que podr\u00e1 ser visitado por los estudiantes.<\/p>\n\n\n\n<p><\/p>\n\n\n\n<p><strong><u>EMPRESAS PARTICIPANTES<\/u><\/strong><\/p>\n\n\n\n<figure class=\"wp-block-table\"><table><tbody><tr><td><\/td><td><strong>Empresa<\/strong><\/td><td><strong>Web<\/strong><\/td><td><strong>V\u00eddeo<\/strong><\/td><\/tr><tr><td>1<\/td><td>ATURNOS<\/td><td><a href=\"https:\/\/aturnos.com\/\">https:\/\/aturnos.com\/<\/a><\/td><td><a href=\"https:\/\/pruebasaluuclm.sharepoint.com\/:v:\/r\/sites\/esicr\/tfg\/SiteAssets\/SitePages\/Inicio\/Videos%20Jornada%20Empresas\/V%C3%ADdeo%20empresa%20aTurnos%20ESI%20UCLM.mp4?csf=1&amp;web=1&amp;e=y6mNKa\">Enlace a video<\/a><\/td><\/tr><tr><td>2<\/td><td>ALPINIA<\/td><td><a href=\"https:\/\/alpinia.digital\/\">https:\/\/alpinia.digital<\/a><\/td><td>&nbsp;<\/td><\/tr><tr><td>3<\/td><td>CGI<\/td><td><a href=\"https:\/\/cgi.com\/\">https:\/\/cgi.com<\/a><\/td><td><a href=\"https:\/\/youtu.be\/zmNkEzwFHps\">https:\/\/youtu.be\/zmNkEzwFHps<\/a><\/td><\/tr><tr><td>4<\/td><td>COJALI<\/td><td><a href=\"http:\/\/www.cojali.com\/es\/\">http:\/\/www.cojali.com\/es\/<\/a><\/td><td><a href=\"https:\/\/youtu.be\/AzXbKj3MnVI\">https:\/\/youtu.be\/AzXbKj3MnVI<\/a><\/td><\/tr><tr><td>5<\/td><td>DOCPATH<\/td><td><a href=\"http:\/\/www.docpath.com\/\">http:\/\/www.docpath.com<\/a><\/td><td><a href=\"https:\/\/youtu.be\/a5BzfiCATnQ\">https:\/\/youtu.be\/a5BzfiCATnQ<\/a><\/td><\/tr><tr><td>6<\/td><td>GLOBAL SUITE<\/td><td><a href=\"https:\/\/www.globalsuitesolutions.com\/\">https:\/\/www.globalsuitesolutions.com\/<\/a><\/td><td><a href=\"https:\/\/youtu.be\/it184PX3YOg\">&nbsp;https:\/\/youtu.be\/it184PX3YOg<\/a><\/td><\/tr><tr><td>7<\/td><td>GRUPO ORENES<\/td><td><a href=\"https:\/\/orenesgrupo.com\/grupo-orenes\/\">https:\/\/orenesgrupo.com\/grupo-orenes<\/a><\/td><td><a href=\"https:\/\/youtu.be\/HbwV0RvYh3c\">https:\/\/youtu.be\/HbwV0RvYh3c<\/a><\/td><\/tr><tr><td>8<\/td><td>INETUM<\/td><td><a href=\"http:\/\/inetum.com.es\/\">http:\/\/inetum.com.es<\/a><\/td><td><a href=\"https:\/\/www.youtube.com\/watch?v=4TpK0QiEwhI\">https:\/\/www.youtube.com\/watch?v=4TpK0QiEwhI<\/a><\/td><\/tr><tr><td>9<\/td><td>ITESTRA<\/td><td><a href=\"https:\/\/itestra.com\/contact\/madrid\/\">https:\/\/itestra.com\/contact\/madrid\/<\/a><\/td><td><a href=\"https:\/\/www.youtube.com\/watch?v=tMv61rDDb8Y&amp;ab_channel=itestraGmbH\">https:\/\/www.youtube.com\/watch?v=tMv61rDDb8Y&amp;ab_channel=itestraGmbH<\/a><\/td><\/tr><tr><td>10<\/td><td>MADRIJA<\/td><td><a href=\"http:\/\/www.madrija.com\/es\/\">http:\/\/www.madrija.com\/es\/&nbsp;<\/a><\/td><td><a href=\"https:\/\/pruebasaluuclm.sharepoint.com\/:v:\/r\/sites\/esicr\/tfg\/SiteAssets\/SitePages\/Inicio\/Videos%20Jornada%20Empresas\/Video%20Madrija%20Consultor%C3%ADa.mov?csf=1&amp;web=1&amp;e=s6RFtt\">Enlace a video<\/a><\/td><\/tr><tr><td>11<\/td><td>MINSAIT\/INDRA<\/td><td><a href=\"http:\/\/www.minsait.com\/\">http:\/\/www.minsait.com<\/a><\/td><td><a href=\"https:\/\/pruebasaluuclm.sharepoint.com\/:v:\/r\/sites\/esicr\/tfg\/SiteAssets\/SitePages\/Inicio\/Videos%20Jornada%20Empresas\/more-digital.more-human.more-minsait-m-p4%20(1).mp4?csf=1&amp;web=1&amp;e=sZH8aE\">Enlace a video<\/a>&nbsp;<\/td><\/tr><tr><td>12<\/td><td>NTT DATA<\/td><td><a href=\"https:\/\/es.nttdata.com\/\">https:\/\/es.nttdata.com\/<\/a><\/td><td><a href=\"https:\/\/www.youtube.com\/watch?v=JvCzKPKC454\">The Digital Lovers &#8211; YouTube<\/a><\/td><\/tr><tr><td>13<\/td><td>ORIENTEED<\/td><td><a href=\"https:\/\/orienteed.com\/es\/\">https:\/\/orienteed.com\/es\/<\/a><\/td><td><a href=\"https:\/\/pruebasaluuclm.sharepoint.com\/:v:\/r\/sites\/esicr\/tfg\/SiteAssets\/SitePages\/Inicio\/Videos%20Jornada%20Empresas\/ORIENTEED_valores.mp4?csf=1&amp;web=1&amp;e=cw94ic\">Enlace a video<\/a>&nbsp;<\/td><\/tr><tr><td>14<\/td><td>PROCESIA<\/td><td><a href=\"https:\/\/procesia.com\/\">https:\/\/procesia.com<\/a><\/td><td><a href=\"https:\/\/pruebasaluuclm.sharepoint.com\/:v:\/r\/sites\/esicr\/tfg\/SiteAssets\/SitePages\/Inicio\/Videos%20Jornada%20Empresas\/PROCESIA%20CIBERSEGURIDAD.mp4?csf=1&amp;web=1&amp;e=YfpTTW\">Enlace a video<\/a>&nbsp;<\/td><\/tr><tr><td>15<\/td><td>SDGGROUP<\/td><td><a href=\"http:\/\/www.sdggroup.com\/\">http:\/\/www.sdggroup.com\/<\/a><\/td><td><a href=\"https:\/\/pruebasaluuclm.sharepoint.com\/:v:\/r\/sites\/esicr\/tfg\/SiteAssets\/SitePages\/Inicio\/Videos%20Jornada%20Empresas\/SDG%20Group%20-%20Video%20MKT%20Event%20(1)%20(3).mp4?csf=1&amp;web=1&amp;e=E7O28c\">Enlace a video<\/a>&nbsp;<\/td><\/tr><tr><td>16<\/td><td>TECNOBIT\/OESIA<\/td><td><a href=\"http:\/\/www.tecnobit.es\/\">http:\/\/www.tecnobit.es<\/a><\/td><td><a href=\"https:\/\/www.youtube.com\/watch?v=EtZ1TH6weRg\">https:\/\/www.youtube.com\/watch?v=EtZ1TH6weRg<\/a>&nbsp;<\/td><\/tr><tr><td>17<\/td><td>UBOTICA<\/td><td><a href=\"http:\/\/ubotica.com\/\">http:\/\/ubotica.com<\/a><\/td><td><a href=\"https:\/\/www.youtube.com\/watch?v=uoAfYcY5skU\">https:\/\/www.youtube.com\/watch?v=uoAfYcY5skU<\/a><\/td><\/tr><tr><td>18<\/td><td>ZEPO<\/td><td><a href=\"https:\/\/zepoapp.com\/\">https:\/\/zepoapp.com<\/a><\/td><td><a href=\"https:\/\/youtu.be\/8smTOxIbdSk\">https:\/\/youtu.be\/8smTOxIbdSk<\/a><\/td><\/tr><tr><td>19<\/td><td>ZENNIO<\/td><td><a href=\"http:\/\/www.zennio.com\/\">http:\/\/www.zennio.com<\/a><\/td><td><a href=\"https:\/\/pruebasaluuclm.sharepoint.com\/:v:\/r\/sites\/esicr\/tfg\/SiteAssets\/SitePages\/Inicio\/Videos%20Jornada%20Empresas\/2023_ZENNIO_empleo.mp4?csf=1&amp;web=1&amp;e=mxcPy9\">Enlace a video<\/a>&nbsp;<\/td><\/tr><\/tbody><\/table><\/figure>\n\n\n\n<figure class=\"wp-block-embed is-type-video is-provider-youtube wp-block-embed-youtube wp-embed-aspect-4-3 wp-has-aspect-ratio\"><div class=\"wp-block-embed__wrapper\">\n<iframe loading=\"lazy\" title=\"VI Jornadas de Empresas\" width=\"1060\" height=\"795\" src=\"https:\/\/www.youtube.com\/embed\/oH1y9FA-tJg?start=3&#038;feature=oembed\" frameborder=\"0\" allow=\"accelerometer; autoplay; clipboard-write; encrypted-media; gyroscope; picture-in-picture; web-share\" referrerpolicy=\"strict-origin-when-cross-origin\" allowfullscreen><\/iframe>\n<\/div><\/figure>\n","protected":false},"excerpt":{"rendered":"<p>Las VI Jornadas de Empresas de la Escuela Superior de Inform\u00e1tica ser\u00e1n dinamizadas por la presentadora&nbsp;Marta Critikian Alonso. PROGRAMA DE ACTIVIDADES 9:30 \u2013 10:00 Recepci\u00f3n de empresas y estudiantado * 10:00 \u2013 11:15 Panel de empresas: Inetum, GlobalSuite, CGI, Minsait\/Indra, Itestra, Docpath, Zennio 11:15 \u2013 [&hellip;]<\/p>\n","protected":false},"author":4,"featured_media":0,"parent":6380,"menu_order":0,"comment_status":"closed","ping_status":"closed","template":"","meta":{"footnotes":""},"class_list":["post-21706","page","type-page","status-publish","hentry"],"yoast_head":"<!-- This site is optimized with the Yoast SEO plugin v27.2 - https:\/\/yoast.com\/product\/yoast-seo-wordpress\/ -->\n<title>VI Jornada de Empresas - Escuela Superior de Inform\u00e1tica de UCLM<\/title>\n<meta name=\"robots\" content=\"index, follow, max-snippet:-1, max-image-preview:large, max-video-preview:-1\" \/>\n<link rel=\"canonical\" href=\"https:\/\/esi.uclm.es\/index.php\/transferencia\/vi-jornada-de-empresas\/\" \/>\n<meta property=\"og:locale\" content=\"es_ES\" \/>\n<meta property=\"og:type\" content=\"article\" \/>\n<meta property=\"og:title\" content=\"VI Jornada de Empresas - Escuela Superior de Inform\u00e1tica de UCLM\" \/>\n<meta property=\"og:description\" content=\"Las VI Jornadas de Empresas de la Escuela Superior de Inform\u00e1tica ser\u00e1n dinamizadas por la presentadora&nbsp;Marta Critikian Alonso. PROGRAMA DE ACTIVIDADES 9:30 \u2013 10:00 Recepci\u00f3n de empresas y estudiantado * 10:00 \u2013 11:15 Panel de empresas: Inetum, GlobalSuite, CGI, Minsait\/Indra, Itestra, Docpath, Zennio 11:15 \u2013 [&hellip;]\" \/>\n<meta property=\"og:url\" content=\"https:\/\/esi.uclm.es\/index.php\/transferencia\/vi-jornada-de-empresas\/\" \/>\n<meta property=\"og:site_name\" content=\"Escuela Superior de Inform\u00e1tica de UCLM\" \/>\n<meta property=\"article:publisher\" content=\"https:\/\/www.facebook.com\/Escuela-Superior-de-Informtica-543261809027158\" \/>\n<meta property=\"article:modified_time\" content=\"2025-10-09T16:48:35+00:00\" \/>\n<meta property=\"og:image\" content=\"https:\/\/esi.uclm.es\/assets\/uploads\/2023\/11\/CARTEL-JORNADAS-EMPRESAS-FINAL.png\" \/>\n\t<meta property=\"og:image:width\" content=\"1969\" \/>\n\t<meta property=\"og:image:height\" content=\"2755\" \/>\n\t<meta property=\"og:image:type\" content=\"image\/png\" \/>\n<meta name=\"twitter:card\" content=\"summary_large_image\" \/>\n<meta name=\"twitter:site\" content=\"@esiuclm\" \/>\n<meta name=\"twitter:label1\" content=\"Tiempo de lectura\" \/>\n\t<meta name=\"twitter:data1\" content=\"2 minutos\" \/>\n<script type=\"application\/ld+json\" class=\"yoast-schema-graph\">{\"@context\":\"https:\/\/schema.org\",\"@graph\":[{\"@type\":\"WebPage\",\"@id\":\"https:\/\/esi.uclm.es\/index.php\/transferencia\/vi-jornada-de-empresas\/\",\"url\":\"https:\/\/esi.uclm.es\/index.php\/transferencia\/vi-jornada-de-empresas\/\",\"name\":\"VI Jornada de Empresas - Escuela Superior de Inform\u00e1tica de UCLM\",\"isPartOf\":{\"@id\":\"https:\/\/esi.uclm.es\/#website\"},\"primaryImageOfPage\":{\"@id\":\"https:\/\/esi.uclm.es\/index.php\/transferencia\/vi-jornada-de-empresas\/#primaryimage\"},\"image\":{\"@id\":\"https:\/\/esi.uclm.es\/index.php\/transferencia\/vi-jornada-de-empresas\/#primaryimage\"},\"thumbnailUrl\":\"http:\/\/esi.uclm.es\/assets\/uploads\/2023\/11\/CARTEL-JORNADAS-EMPRESAS-FINAL-732x1024.png\",\"datePublished\":\"2025-10-09T16:45:05+00:00\",\"dateModified\":\"2025-10-09T16:48:35+00:00\",\"breadcrumb\":{\"@id\":\"https:\/\/esi.uclm.es\/index.php\/transferencia\/vi-jornada-de-empresas\/#breadcrumb\"},\"inLanguage\":\"es\",\"potentialAction\":[{\"@type\":\"ReadAction\",\"target\":[\"https:\/\/esi.uclm.es\/index.php\/transferencia\/vi-jornada-de-empresas\/\"]}]},{\"@type\":\"ImageObject\",\"inLanguage\":\"es\",\"@id\":\"https:\/\/esi.uclm.es\/index.php\/transferencia\/vi-jornada-de-empresas\/#primaryimage\",\"url\":\"https:\/\/esi.uclm.es\/assets\/uploads\/2023\/11\/CARTEL-JORNADAS-EMPRESAS-FINAL.png\",\"contentUrl\":\"https:\/\/esi.uclm.es\/assets\/uploads\/2023\/11\/CARTEL-JORNADAS-EMPRESAS-FINAL.png\",\"width\":1969,\"height\":2755},{\"@type\":\"BreadcrumbList\",\"@id\":\"https:\/\/esi.uclm.es\/index.php\/transferencia\/vi-jornada-de-empresas\/#breadcrumb\",\"itemListElement\":[{\"@type\":\"ListItem\",\"position\":1,\"name\":\"Portada\",\"item\":\"https:\/\/esi.uclm.es\/\"},{\"@type\":\"ListItem\",\"position\":2,\"name\":\"Transferencia\",\"item\":\"https:\/\/esi.uclm.es\/index.php\/transferencia\/\"},{\"@type\":\"ListItem\",\"position\":3,\"name\":\"VI Jornada de Empresas\"}]},{\"@type\":\"WebSite\",\"@id\":\"https:\/\/esi.uclm.es\/#website\",\"url\":\"https:\/\/esi.uclm.es\/\",\"name\":\"Escuela Superior de Inform\u00e1tica de UCLM en Ciudad Real, Castilla-La Mancha\",\"description\":\"La Escuela Superior de Inform\u00e1tica de Ciudad Real (Castilla-La Mancha), Universidad de Castilla-La Mancha es un centro universitario que imparte el ciclo completo de Ingenier\u00eda en Inform\u00e1tica: grado, m\u00e1ster y doctorado.\",\"publisher\":{\"@id\":\"https:\/\/esi.uclm.es\/#organization\"},\"potentialAction\":[{\"@type\":\"SearchAction\",\"target\":{\"@type\":\"EntryPoint\",\"urlTemplate\":\"https:\/\/esi.uclm.es\/?s={search_term_string}\"},\"query-input\":{\"@type\":\"PropertyValueSpecification\",\"valueRequired\":true,\"valueName\":\"search_term_string\"}}],\"inLanguage\":\"es\"},{\"@type\":\"Organization\",\"@id\":\"https:\/\/esi.uclm.es\/#organization\",\"name\":\"Escuela Superior de Inform\u00e1tica de UCLM\",\"url\":\"https:\/\/esi.uclm.es\/\",\"logo\":{\"@type\":\"ImageObject\",\"inLanguage\":\"es\",\"@id\":\"https:\/\/esi.uclm.es\/#\/schema\/logo\/image\/\",\"url\":\"https:\/\/esi.uclm.es\/assets\/uploads\/2022\/03\/LogoESI_cabecera-1.png\",\"contentUrl\":\"https:\/\/esi.uclm.es\/assets\/uploads\/2022\/03\/LogoESI_cabecera-1.png\",\"width\":460,\"height\":184,\"caption\":\"Escuela Superior de Inform\u00e1tica de UCLM\"},\"image\":{\"@id\":\"https:\/\/esi.uclm.es\/#\/schema\/logo\/image\/\"},\"sameAs\":[\"https:\/\/www.facebook.com\/Escuela-Superior-de-Informtica-543261809027158\",\"https:\/\/x.com\/esiuclm\",\"https:\/\/www.instagram.com\/esiuclm\/\",\"https:\/\/www.youtube.com\/user\/esiuclm\",\"https:\/\/www.twitch.tv\/esiuclm\",\"https:\/\/www.linkedin.com\/company\/12656631\/admin\/\"]}]}<\/script>\n<!-- \/ Yoast SEO plugin. -->","yoast_head_json":{"title":"VI Jornada de Empresas - Escuela Superior de Inform\u00e1tica de UCLM","robots":{"index":"index","follow":"follow","max-snippet":"max-snippet:-1","max-image-preview":"max-image-preview:large","max-video-preview":"max-video-preview:-1"},"canonical":"https:\/\/esi.uclm.es\/index.php\/transferencia\/vi-jornada-de-empresas\/","og_locale":"es_ES","og_type":"article","og_title":"VI Jornada de Empresas - Escuela Superior de Inform\u00e1tica de UCLM","og_description":"Las VI Jornadas de Empresas de la Escuela Superior de Inform\u00e1tica ser\u00e1n dinamizadas por la presentadora&nbsp;Marta Critikian Alonso. PROGRAMA DE ACTIVIDADES 9:30 \u2013 10:00 Recepci\u00f3n de empresas y estudiantado * 10:00 \u2013 11:15 Panel de empresas: Inetum, GlobalSuite, CGI, Minsait\/Indra, Itestra, Docpath, Zennio 11:15 \u2013 [&hellip;]","og_url":"https:\/\/esi.uclm.es\/index.php\/transferencia\/vi-jornada-de-empresas\/","og_site_name":"Escuela Superior de Inform\u00e1tica de UCLM","article_publisher":"https:\/\/www.facebook.com\/Escuela-Superior-de-Informtica-543261809027158","article_modified_time":"2025-10-09T16:48:35+00:00","og_image":[{"width":1969,"height":2755,"url":"https:\/\/esi.uclm.es\/assets\/uploads\/2023\/11\/CARTEL-JORNADAS-EMPRESAS-FINAL.png","type":"image\/png"}],"twitter_card":"summary_large_image","twitter_site":"@esiuclm","twitter_misc":{"Tiempo de lectura":"2 minutos"},"schema":{"@context":"https:\/\/schema.org","@graph":[{"@type":"WebPage","@id":"https:\/\/esi.uclm.es\/index.php\/transferencia\/vi-jornada-de-empresas\/","url":"https:\/\/esi.uclm.es\/index.php\/transferencia\/vi-jornada-de-empresas\/","name":"VI Jornada de Empresas - Escuela Superior de Inform\u00e1tica de UCLM","isPartOf":{"@id":"https:\/\/esi.uclm.es\/#website"},"primaryImageOfPage":{"@id":"https:\/\/esi.uclm.es\/index.php\/transferencia\/vi-jornada-de-empresas\/#primaryimage"},"image":{"@id":"https:\/\/esi.uclm.es\/index.php\/transferencia\/vi-jornada-de-empresas\/#primaryimage"},"thumbnailUrl":"http:\/\/esi.uclm.es\/assets\/uploads\/2023\/11\/CARTEL-JORNADAS-EMPRESAS-FINAL-732x1024.png","datePublished":"2025-10-09T16:45:05+00:00","dateModified":"2025-10-09T16:48:35+00:00","breadcrumb":{"@id":"https:\/\/esi.uclm.es\/index.php\/transferencia\/vi-jornada-de-empresas\/#breadcrumb"},"inLanguage":"es","potentialAction":[{"@type":"ReadAction","target":["https:\/\/esi.uclm.es\/index.php\/transferencia\/vi-jornada-de-empresas\/"]}]},{"@type":"ImageObject","inLanguage":"es","@id":"https:\/\/esi.uclm.es\/index.php\/transferencia\/vi-jornada-de-empresas\/#primaryimage","url":"https:\/\/esi.uclm.es\/assets\/uploads\/2023\/11\/CARTEL-JORNADAS-EMPRESAS-FINAL.png","contentUrl":"https:\/\/esi.uclm.es\/assets\/uploads\/2023\/11\/CARTEL-JORNADAS-EMPRESAS-FINAL.png","width":1969,"height":2755},{"@type":"BreadcrumbList","@id":"https:\/\/esi.uclm.es\/index.php\/transferencia\/vi-jornada-de-empresas\/#breadcrumb","itemListElement":[{"@type":"ListItem","position":1,"name":"Portada","item":"https:\/\/esi.uclm.es\/"},{"@type":"ListItem","position":2,"name":"Transferencia","item":"https:\/\/esi.uclm.es\/index.php\/transferencia\/"},{"@type":"ListItem","position":3,"name":"VI Jornada de Empresas"}]},{"@type":"WebSite","@id":"https:\/\/esi.uclm.es\/#website","url":"https:\/\/esi.uclm.es\/","name":"Escuela Superior de Inform\u00e1tica de UCLM en Ciudad Real, Castilla-La Mancha","description":"La Escuela Superior de Inform\u00e1tica de Ciudad Real (Castilla-La Mancha), Universidad de Castilla-La Mancha es un centro universitario que imparte el ciclo completo de Ingenier\u00eda en Inform\u00e1tica: grado, m\u00e1ster y doctorado.","publisher":{"@id":"https:\/\/esi.uclm.es\/#organization"},"potentialAction":[{"@type":"SearchAction","target":{"@type":"EntryPoint","urlTemplate":"https:\/\/esi.uclm.es\/?s={search_term_string}"},"query-input":{"@type":"PropertyValueSpecification","valueRequired":true,"valueName":"search_term_string"}}],"inLanguage":"es"},{"@type":"Organization","@id":"https:\/\/esi.uclm.es\/#organization","name":"Escuela Superior de Inform\u00e1tica de UCLM","url":"https:\/\/esi.uclm.es\/","logo":{"@type":"ImageObject","inLanguage":"es","@id":"https:\/\/esi.uclm.es\/#\/schema\/logo\/image\/","url":"https:\/\/esi.uclm.es\/assets\/uploads\/2022\/03\/LogoESI_cabecera-1.png","contentUrl":"https:\/\/esi.uclm.es\/assets\/uploads\/2022\/03\/LogoESI_cabecera-1.png","width":460,"height":184,"caption":"Escuela Superior de Inform\u00e1tica de UCLM"},"image":{"@id":"https:\/\/esi.uclm.es\/#\/schema\/logo\/image\/"},"sameAs":["https:\/\/www.facebook.com\/Escuela-Superior-de-Informtica-543261809027158","https:\/\/x.com\/esiuclm","https:\/\/www.instagram.com\/esiuclm\/","https:\/\/www.youtube.com\/user\/esiuclm","https:\/\/www.twitch.tv\/esiuclm","https:\/\/www.linkedin.com\/company\/12656631\/admin\/"]}]}},"_links":{"self":[{"href":"https:\/\/esi.uclm.es\/index.php\/wp-json\/wp\/v2\/pages\/21706","targetHints":{"allow":["GET"]}}],"collection":[{"href":"https:\/\/esi.uclm.es\/index.php\/wp-json\/wp\/v2\/pages"}],"about":[{"href":"https:\/\/esi.uclm.es\/index.php\/wp-json\/wp\/v2\/types\/page"}],"author":[{"embeddable":true,"href":"https:\/\/esi.uclm.es\/index.php\/wp-json\/wp\/v2\/users\/4"}],"replies":[{"embeddable":true,"href":"https:\/\/esi.uclm.es\/index.php\/wp-json\/wp\/v2\/comments?post=21706"}],"version-history":[{"count":6,"href":"https:\/\/esi.uclm.es\/index.php\/wp-json\/wp\/v2\/pages\/21706\/revisions"}],"predecessor-version":[{"id":21719,"href":"https:\/\/esi.uclm.es\/index.php\/wp-json\/wp\/v2\/pages\/21706\/revisions\/21719"}],"up":[{"embeddable":true,"href":"https:\/\/esi.uclm.es\/index.php\/wp-json\/wp\/v2\/pages\/6380"}],"wp:attachment":[{"href":"https:\/\/esi.uclm.es\/index.php\/wp-json\/wp\/v2\/media?parent=21706"}],"curies":[{"name":"wp","href":"https:\/\/api.w.org\/{rel}","templated":true}]}}