{"id":21388,"date":"2025-09-01T17:50:39","date_gmt":"2025-09-01T17:50:39","guid":{"rendered":"https:\/\/esi.uclm.es\/?page_id=21388"},"modified":"2025-09-15T10:58:16","modified_gmt":"2025-09-15T10:58:16","slug":"v-presupuesto-participativo-2025","status":"publish","type":"page","link":"https:\/\/esi.uclm.es\/index.php\/transparencia\/gobierno-abierto\/v-presupuesto-participativo-2025\/","title":{"rendered":"V Presupuesto participativo (2025)"},"content":{"rendered":"\n<p>Un&nbsp;<strong>presupuesto participativo<\/strong>&nbsp;es un instrumento que permite incorporar la democracia participativa en la definici\u00f3n de determinadas partidas de gasto, de manera que los miembros de una comunidad decidan de manera libre y directa el destino de una parte del presupuesto.<\/p>\n\n\n\n<p>Para aplicar esta pr\u00e1ctica al&nbsp;<strong>presupuesto de la ESI correspondiente al ejercicio 2025<\/strong>, se establece un procedimiento a trav\u00e9s del cual la comunidad universitaria de la ESI plantear\u00e1 primero sus propuestas de <strong>proyectos de inter\u00e9s acad\u00e9mico<\/strong> para ser financiados, a continuaci\u00f3n, estas se evaluar\u00e1n con el fin de detectar aquellas que pudieran ser redundantes o no viables por cuestiones normativas o t\u00e9cnicas y, finalmente, se votar\u00e1n y elegir\u00e1n las propuestas aceptadas.<\/p>\n\n\n\n<p>De modo que la participaci\u00f3n del personal y de los estudiantes de la ESI puede producirse de dos formas: presentando propuestas y, posteriormente, votando el conjunto de propuestas realizadas.<\/p>\n\n\n\n<p>La cuant\u00eda del presupuesto participativo para el ejercicio 2025, quinto en el que se aplica esta f\u00f3rmula, asciende a&nbsp;<strong>5.000 \u20ac<\/strong>.<\/p>\n\n\n\n\n\n<h3 class=\"wp-block-heading\">Votaci\u00f3n y calendario<\/h3>\n\n\n\n<p><\/p>\n\n\n\n<figure class=\"wp-block-table\"><table><thead><tr><th>Fase<\/th><th>Inicio<\/th><th>Duraci\u00f3n<\/th><\/tr><\/thead><tbody><tr><td>Lanzamiento<\/td><td>15\/septiembre\/2025<\/td><td>&#8211;<\/td><\/tr><tr><td><a href=\"https:\/\/forms.office.com\/e\/g3qMZfrnDU\">Env\u00edo de propuestas<\/a><\/td><td>15\/septiembre\/2025<\/td><td>10 d\u00edas h\u00e1biles<\/td><\/tr><tr><td>Evaluaci\u00f3n de propuestas<\/td><td>29\/septiembre\/2025<\/td><td>&#8211;<\/td><\/tr><tr><td>Votaci\u00f3n y elecci\u00f3n<\/td><td>2\/octubre\/2025<\/td><td>7 d\u00edas h\u00e1biles<\/td><\/tr><\/tbody><\/table><\/figure>\n","protected":false},"excerpt":{"rendered":"<p>Un&nbsp;presupuesto participativo&nbsp;es un instrumento que permite incorporar la democracia participativa en la definici\u00f3n de determinadas partidas de gasto, de manera que los miembros de una comunidad decidan de manera libre y directa el destino de una parte del presupuesto. Para aplicar esta pr\u00e1ctica al&nbsp;presupuesto de [&hellip;]<\/p>\n","protected":false},"author":1,"featured_media":0,"parent":4102,"menu_order":0,"comment_status":"closed","ping_status":"closed","template":"","meta":{"footnotes":""},"class_list":["post-21388","page","type-page","status-publish","hentry"],"yoast_head":"<!-- This site is optimized with the Yoast SEO plugin v27.3 - https:\/\/yoast.com\/product\/yoast-seo-wordpress\/ -->\n<title>V Presupuesto participativo (2025) - Escuela Superior de Inform\u00e1tica de UCLM<\/title>\n<meta name=\"robots\" content=\"index, follow, max-snippet:-1, max-image-preview:large, max-video-preview:-1\" \/>\n<link rel=\"canonical\" href=\"https:\/\/esi.uclm.es\/index.php\/transparencia\/gobierno-abierto\/v-presupuesto-participativo-2025\/\" \/>\n<meta property=\"og:locale\" content=\"es_ES\" \/>\n<meta property=\"og:type\" content=\"article\" \/>\n<meta property=\"og:title\" content=\"V Presupuesto participativo (2025) - Escuela Superior de Inform\u00e1tica de UCLM\" \/>\n<meta property=\"og:description\" content=\"Un&nbsp;presupuesto participativo&nbsp;es un instrumento que permite incorporar la democracia participativa en la definici\u00f3n de determinadas partidas de gasto, de manera que los miembros de una comunidad decidan de manera libre y directa el destino de una parte del presupuesto. Para aplicar esta pr\u00e1ctica al&nbsp;presupuesto de [&hellip;]\" \/>\n<meta property=\"og:url\" content=\"https:\/\/esi.uclm.es\/index.php\/transparencia\/gobierno-abierto\/v-presupuesto-participativo-2025\/\" \/>\n<meta property=\"og:site_name\" content=\"Escuela Superior de Inform\u00e1tica de UCLM\" \/>\n<meta property=\"article:publisher\" content=\"https:\/\/www.facebook.com\/Escuela-Superior-de-Informtica-543261809027158\" \/>\n<meta property=\"article:modified_time\" content=\"2025-09-15T10:58:16+00:00\" \/>\n<meta name=\"twitter:card\" content=\"summary_large_image\" \/>\n<meta name=\"twitter:site\" content=\"@esiuclm\" \/>\n<meta name=\"twitter:label1\" content=\"Tiempo de lectura\" \/>\n\t<meta name=\"twitter:data1\" content=\"1 minuto\" \/>\n<script type=\"application\/ld+json\" class=\"yoast-schema-graph\">{\"@context\":\"https:\\\/\\\/schema.org\",\"@graph\":[{\"@type\":\"WebPage\",\"@id\":\"https:\\\/\\\/esi.uclm.es\\\/index.php\\\/transparencia\\\/gobierno-abierto\\\/v-presupuesto-participativo-2025\\\/\",\"url\":\"https:\\\/\\\/esi.uclm.es\\\/index.php\\\/transparencia\\\/gobierno-abierto\\\/v-presupuesto-participativo-2025\\\/\",\"name\":\"V Presupuesto participativo (2025) - Escuela Superior de Inform\u00e1tica de UCLM\",\"isPartOf\":{\"@id\":\"https:\\\/\\\/esi.uclm.es\\\/#website\"},\"datePublished\":\"2025-09-01T17:50:39+00:00\",\"dateModified\":\"2025-09-15T10:58:16+00:00\",\"breadcrumb\":{\"@id\":\"https:\\\/\\\/esi.uclm.es\\\/index.php\\\/transparencia\\\/gobierno-abierto\\\/v-presupuesto-participativo-2025\\\/#breadcrumb\"},\"inLanguage\":\"es\",\"potentialAction\":[{\"@type\":\"ReadAction\",\"target\":[\"https:\\\/\\\/esi.uclm.es\\\/index.php\\\/transparencia\\\/gobierno-abierto\\\/v-presupuesto-participativo-2025\\\/\"]}]},{\"@type\":\"BreadcrumbList\",\"@id\":\"https:\\\/\\\/esi.uclm.es\\\/index.php\\\/transparencia\\\/gobierno-abierto\\\/v-presupuesto-participativo-2025\\\/#breadcrumb\",\"itemListElement\":[{\"@type\":\"ListItem\",\"position\":1,\"name\":\"Portada\",\"item\":\"https:\\\/\\\/esi.uclm.es\\\/\"},{\"@type\":\"ListItem\",\"position\":2,\"name\":\"Transparencia\",\"item\":\"https:\\\/\\\/esi.uclm.es\\\/index.php\\\/transparencia\\\/\"},{\"@type\":\"ListItem\",\"position\":3,\"name\":\"Gobierno abierto\",\"item\":\"https:\\\/\\\/esi.uclm.es\\\/index.php\\\/transparencia\\\/gobierno-abierto\\\/\"},{\"@type\":\"ListItem\",\"position\":4,\"name\":\"V Presupuesto participativo (2025)\"}]},{\"@type\":\"WebSite\",\"@id\":\"https:\\\/\\\/esi.uclm.es\\\/#website\",\"url\":\"https:\\\/\\\/esi.uclm.es\\\/\",\"name\":\"Escuela Superior de Inform\u00e1tica de UCLM en Ciudad Real, Castilla-La Mancha\",\"description\":\"La Escuela Superior de Inform\u00e1tica de Ciudad Real (Castilla-La Mancha), Universidad de Castilla-La Mancha es un centro universitario que imparte el ciclo completo de Ingenier\u00eda en Inform\u00e1tica: grado, m\u00e1ster y doctorado.\",\"publisher\":{\"@id\":\"https:\\\/\\\/esi.uclm.es\\\/#organization\"},\"potentialAction\":[{\"@type\":\"SearchAction\",\"target\":{\"@type\":\"EntryPoint\",\"urlTemplate\":\"https:\\\/\\\/esi.uclm.es\\\/?s={search_term_string}\"},\"query-input\":{\"@type\":\"PropertyValueSpecification\",\"valueRequired\":true,\"valueName\":\"search_term_string\"}}],\"inLanguage\":\"es\"},{\"@type\":\"Organization\",\"@id\":\"https:\\\/\\\/esi.uclm.es\\\/#organization\",\"name\":\"Escuela Superior de Inform\u00e1tica de UCLM\",\"url\":\"https:\\\/\\\/esi.uclm.es\\\/\",\"logo\":{\"@type\":\"ImageObject\",\"inLanguage\":\"es\",\"@id\":\"https:\\\/\\\/esi.uclm.es\\\/#\\\/schema\\\/logo\\\/image\\\/\",\"url\":\"https:\\\/\\\/esi.uclm.es\\\/assets\\\/uploads\\\/2022\\\/03\\\/LogoESI_cabecera-1.png\",\"contentUrl\":\"https:\\\/\\\/esi.uclm.es\\\/assets\\\/uploads\\\/2022\\\/03\\\/LogoESI_cabecera-1.png\",\"width\":460,\"height\":184,\"caption\":\"Escuela Superior de Inform\u00e1tica de UCLM\"},\"image\":{\"@id\":\"https:\\\/\\\/esi.uclm.es\\\/#\\\/schema\\\/logo\\\/image\\\/\"},\"sameAs\":[\"https:\\\/\\\/www.facebook.com\\\/Escuela-Superior-de-Informtica-543261809027158\",\"https:\\\/\\\/x.com\\\/esiuclm\",\"https:\\\/\\\/www.instagram.com\\\/esiuclm\\\/\",\"https:\\\/\\\/www.youtube.com\\\/user\\\/esiuclm\",\"https:\\\/\\\/www.twitch.tv\\\/esiuclm\",\"https:\\\/\\\/www.linkedin.com\\\/company\\\/12656631\\\/admin\\\/\"]}]}<\/script>\n<!-- \/ Yoast SEO plugin. -->","yoast_head_json":{"title":"V Presupuesto participativo (2025) - Escuela Superior de Inform\u00e1tica de UCLM","robots":{"index":"index","follow":"follow","max-snippet":"max-snippet:-1","max-image-preview":"max-image-preview:large","max-video-preview":"max-video-preview:-1"},"canonical":"https:\/\/esi.uclm.es\/index.php\/transparencia\/gobierno-abierto\/v-presupuesto-participativo-2025\/","og_locale":"es_ES","og_type":"article","og_title":"V Presupuesto participativo (2025) - Escuela Superior de Inform\u00e1tica de UCLM","og_description":"Un&nbsp;presupuesto participativo&nbsp;es un instrumento que permite incorporar la democracia participativa en la definici\u00f3n de determinadas partidas de gasto, de manera que los miembros de una comunidad decidan de manera libre y directa el destino de una parte del presupuesto. Para aplicar esta pr\u00e1ctica al&nbsp;presupuesto de [&hellip;]","og_url":"https:\/\/esi.uclm.es\/index.php\/transparencia\/gobierno-abierto\/v-presupuesto-participativo-2025\/","og_site_name":"Escuela Superior de Inform\u00e1tica de UCLM","article_publisher":"https:\/\/www.facebook.com\/Escuela-Superior-de-Informtica-543261809027158","article_modified_time":"2025-09-15T10:58:16+00:00","twitter_card":"summary_large_image","twitter_site":"@esiuclm","twitter_misc":{"Tiempo de lectura":"1 minuto"},"schema":{"@context":"https:\/\/schema.org","@graph":[{"@type":"WebPage","@id":"https:\/\/esi.uclm.es\/index.php\/transparencia\/gobierno-abierto\/v-presupuesto-participativo-2025\/","url":"https:\/\/esi.uclm.es\/index.php\/transparencia\/gobierno-abierto\/v-presupuesto-participativo-2025\/","name":"V Presupuesto participativo (2025) - Escuela Superior de Inform\u00e1tica de UCLM","isPartOf":{"@id":"https:\/\/esi.uclm.es\/#website"},"datePublished":"2025-09-01T17:50:39+00:00","dateModified":"2025-09-15T10:58:16+00:00","breadcrumb":{"@id":"https:\/\/esi.uclm.es\/index.php\/transparencia\/gobierno-abierto\/v-presupuesto-participativo-2025\/#breadcrumb"},"inLanguage":"es","potentialAction":[{"@type":"ReadAction","target":["https:\/\/esi.uclm.es\/index.php\/transparencia\/gobierno-abierto\/v-presupuesto-participativo-2025\/"]}]},{"@type":"BreadcrumbList","@id":"https:\/\/esi.uclm.es\/index.php\/transparencia\/gobierno-abierto\/v-presupuesto-participativo-2025\/#breadcrumb","itemListElement":[{"@type":"ListItem","position":1,"name":"Portada","item":"https:\/\/esi.uclm.es\/"},{"@type":"ListItem","position":2,"name":"Transparencia","item":"https:\/\/esi.uclm.es\/index.php\/transparencia\/"},{"@type":"ListItem","position":3,"name":"Gobierno abierto","item":"https:\/\/esi.uclm.es\/index.php\/transparencia\/gobierno-abierto\/"},{"@type":"ListItem","position":4,"name":"V Presupuesto participativo (2025)"}]},{"@type":"WebSite","@id":"https:\/\/esi.uclm.es\/#website","url":"https:\/\/esi.uclm.es\/","name":"Escuela Superior de Inform\u00e1tica de UCLM en Ciudad Real, Castilla-La Mancha","description":"La Escuela Superior de Inform\u00e1tica de Ciudad Real (Castilla-La Mancha), Universidad de Castilla-La Mancha es un centro universitario que imparte el ciclo completo de Ingenier\u00eda en Inform\u00e1tica: grado, m\u00e1ster y doctorado.","publisher":{"@id":"https:\/\/esi.uclm.es\/#organization"},"potentialAction":[{"@type":"SearchAction","target":{"@type":"EntryPoint","urlTemplate":"https:\/\/esi.uclm.es\/?s={search_term_string}"},"query-input":{"@type":"PropertyValueSpecification","valueRequired":true,"valueName":"search_term_string"}}],"inLanguage":"es"},{"@type":"Organization","@id":"https:\/\/esi.uclm.es\/#organization","name":"Escuela Superior de Inform\u00e1tica de UCLM","url":"https:\/\/esi.uclm.es\/","logo":{"@type":"ImageObject","inLanguage":"es","@id":"https:\/\/esi.uclm.es\/#\/schema\/logo\/image\/","url":"https:\/\/esi.uclm.es\/assets\/uploads\/2022\/03\/LogoESI_cabecera-1.png","contentUrl":"https:\/\/esi.uclm.es\/assets\/uploads\/2022\/03\/LogoESI_cabecera-1.png","width":460,"height":184,"caption":"Escuela Superior de Inform\u00e1tica de UCLM"},"image":{"@id":"https:\/\/esi.uclm.es\/#\/schema\/logo\/image\/"},"sameAs":["https:\/\/www.facebook.com\/Escuela-Superior-de-Informtica-543261809027158","https:\/\/x.com\/esiuclm","https:\/\/www.instagram.com\/esiuclm\/","https:\/\/www.youtube.com\/user\/esiuclm","https:\/\/www.twitch.tv\/esiuclm","https:\/\/www.linkedin.com\/company\/12656631\/admin\/"]}]}},"_links":{"self":[{"href":"https:\/\/esi.uclm.es\/index.php\/wp-json\/wp\/v2\/pages\/21388","targetHints":{"allow":["GET"]}}],"collection":[{"href":"https:\/\/esi.uclm.es\/index.php\/wp-json\/wp\/v2\/pages"}],"about":[{"href":"https:\/\/esi.uclm.es\/index.php\/wp-json\/wp\/v2\/types\/page"}],"author":[{"embeddable":true,"href":"https:\/\/esi.uclm.es\/index.php\/wp-json\/wp\/v2\/users\/1"}],"replies":[{"embeddable":true,"href":"https:\/\/esi.uclm.es\/index.php\/wp-json\/wp\/v2\/comments?post=21388"}],"version-history":[{"count":4,"href":"https:\/\/esi.uclm.es\/index.php\/wp-json\/wp\/v2\/pages\/21388\/revisions"}],"predecessor-version":[{"id":21498,"href":"https:\/\/esi.uclm.es\/index.php\/wp-json\/wp\/v2\/pages\/21388\/revisions\/21498"}],"up":[{"embeddable":true,"href":"https:\/\/esi.uclm.es\/index.php\/wp-json\/wp\/v2\/pages\/4102"}],"wp:attachment":[{"href":"https:\/\/esi.uclm.es\/index.php\/wp-json\/wp\/v2\/media?parent=21388"}],"curies":[{"name":"wp","href":"https:\/\/api.w.org\/{rel}","templated":true}]}}