{"id":21136,"date":"2025-07-24T09:50:56","date_gmt":"2025-07-24T09:50:56","guid":{"rendered":"https:\/\/esi.uclm.es\/?page_id=21136"},"modified":"2025-07-25T11:36:33","modified_gmt":"2025-07-25T11:36:33","slug":"calendario","status":"publish","type":"page","link":"https:\/\/esi.uclm.es\/index.php\/doble-grado-informatica-ade\/calendario\/","title":{"rendered":"Calendario-DG"},"content":{"rendered":"\n<figure class=\"wp-block-image size-large\"><img loading=\"lazy\" decoding=\"async\" width=\"1024\" height=\"256\" src=\"http:\/\/esi.uclm.es\/assets\/uploads\/2022\/05\/calendario_r-1024x256.webp\" alt=\"Agenda de eventos\" class=\"wp-image-10469\" srcset=\"https:\/\/esi.uclm.es\/assets\/uploads\/2022\/05\/calendario_r-1024x256.webp 1024w, https:\/\/esi.uclm.es\/assets\/uploads\/2022\/05\/calendario_r-300x75.webp 300w, https:\/\/esi.uclm.es\/assets\/uploads\/2022\/05\/calendario_r-768x192.webp 768w, https:\/\/esi.uclm.es\/assets\/uploads\/2022\/05\/calendario_r-600x150.webp 600w, https:\/\/esi.uclm.es\/assets\/uploads\/2022\/05\/calendario_r.webp 1199w\" sizes=\"auto, (max-width: 1024px) 100vw, 1024px\" \/><\/figure>\n\n\n\n<h2 class=\"wp-block-heading\">Doble Grado Inform\u00e1tica  ADE &#8211; curso 2025\/2026<\/h2>\n\n\n\n<hr class=\"wp-block-separator has-text-color has-vivid-cyan-blue-color has-alpha-channel-opacity has-vivid-cyan-blue-background-color has-background\"\/>\n\n\n\n<h3 class=\"wp-block-heading\">PERIODOS DOCENTES Y DE EVALUACI\u00d3N<\/h3>\n\n\n\n<p><strong>Docencia<\/strong><\/p>\n\n\n\n<ul class=\"wp-block-list\">\n<li>Semana de Cursos de Preparaci\u00f3n y Refuerzo: jueves 4 a martes 9 de septiembre de 2025<\/li>\n\n\n\n<li>Presentaci\u00f3n del curso acad\u00e9mico (todos los cursos): mi\u00e9rcoles 10 de septiembre de 2025<\/li>\n\n\n\n<li>1er. semestre (todos los cursos): mi\u00e9rcoles 10 de septiembre de 2025 a viernes 23 de enero de 2026<\/li>\n\n\n\n<li>2do. Semestre: martes 27 de enero a martes 2 de junio de 2026<\/li>\n\n\n\n<li>Per\u00edodo lectivo 1er. semestre: mi\u00e9rcoles 10 de septiembre a martes 23 diciembre de 2025 (15 semanas lectivas)<\/li>\n\n\n\n<li>Per\u00edodo lectivo 2do. semestre: martes 27 de enero a viernes 15 de mayo de 2026 (15 semanas lectivas)<\/li>\n<\/ul>\n\n\n\n<h3 class=\"wp-block-heading\">Evaluaci\u00f3n<\/h3>\n\n\n\n<ul class=\"wp-block-list\">\n<li>Ordinaria 1er. semestre: viernes 8 de enero a viernes 23 de enero de 2026<\/li>\n\n\n\n<li>Ordinaria 2do. semestre: lunes 18 de mayo a jueves 28 de mayo de 2026<\/li>\n\n\n\n<li>Extraordinaria 1er. semestre:&nbsp; viernes 29 de mayo a jueves 11 de junio de 2026<\/li>\n\n\n\n<li>Extraordinaria 2do. semestre: lunes 15 de junio a lunes 29 de junio de 2026<\/li>\n<\/ul>\n\n\n\n<h3 class=\"wp-block-heading\">CIERRE DE ACTAS<\/h3>\n\n\n\n<ul class=\"wp-block-list\">\n<li>Convocatoria ordinaria:\n<ul class=\"wp-block-list\">\n<li><strong>1er. semestre: <\/strong>6 de febrero de 2026<\/li>\n\n\n\n<li><strong>2do. semestre: <\/strong>11 de junio de 2026<\/li>\n<\/ul>\n<\/li>\n\n\n\n<li>Convocatoria extraordinaria 1er. y 2do. semestre: 9 de julio de 2026<\/li>\n<\/ul>\n\n\n\n<h3 class=\"wp-block-heading\">PERIODOS NO LECTIVOS<\/h3>\n\n\n\n<ul class=\"wp-block-list\">\n<li>Navidad: del 24 de diciembre de 2025 al 7 de enero de 2026<\/li>\n\n\n\n<li>Semana Santa: del 30 de marzo al 6 de abril de 2026<\/li>\n\n\n\n<li>Vacaciones verano: agosto de 2026<\/li>\n<\/ul>\n\n\n\n<h3 class=\"wp-block-heading\">ACTIVIDADES ACAD\u00c9MICAS, CULTURALES Y DEPORTIVAS DE SANTA TECLA<\/h3>\n\n\n\n<ul class=\"wp-block-list\">\n<li>Del 28 al 31 de octubre de 2025<\/li>\n<\/ul>\n\n\n\n<h3 class=\"wp-block-heading\">D\u00cdAS FESTIVOS<sup data-fn=\"aa27ed4b-0c49-47f8-8f08-8e3d46772094\" class=\"fn\"><a id=\"aa27ed4b-0c49-47f8-8f08-8e3d46772094-link\" href=\"#aa27ed4b-0c49-47f8-8f08-8e3d46772094\">1<\/a><\/sup><\/h3>\n\n\n\n<ul class=\"wp-block-list\">\n<li>Santa Tecla: lunes 3 de noviembre de 2025<\/li>\n\n\n\n<li>Santo Tom\u00e1s de Aquino: lunes 26 de enero de 2026<\/li>\n\n\n\n<li>Santa Mar\u00eda de Alarcos: lunes 25 de mayo de 2026<\/li>\n\n\n\n<li>D\u00eda de Castilla-La Mancha: 31 de mayo de 2026<\/li>\n\n\n\n<li>Corpus Christi: 4 de junio de 2026<\/li>\n<\/ul>\n\n\n\n<div class=\"wp-block-file\"><a id=\"wp-block-file--media-3bd01d6e-de75-4c58-a42e-8e71a2e2337b\" href=\"https:\/\/esi.uclm.es\/assets\/uploads\/2025\/07\/Calendario_academico_DobleGrado_2025_2026_v2.pdf\">Calendario Acad\u00e9mico Doble Grado Inform\u00e1tica ADE 2025-2026<\/a><a href=\"https:\/\/esi.uclm.es\/assets\/uploads\/2025\/07\/Calendario_academico_DobleGrado_2025_2026_v2.pdf\" class=\"wp-block-file__button wp-element-button\" download aria-describedby=\"wp-block-file--media-3bd01d6e-de75-4c58-a42e-8e71a2e2337b\">Descarga<\/a><\/div>\n\n\n<ol class=\"wp-block-footnotes\"><li id=\"aa27ed4b-0c49-47f8-8f08-8e3d46772094\">La determinaci\u00f3n de las fiestas laborales, tanto de \u00e1mbito local como regional, aprobadas con posterioridad a este calendario acad\u00e9mico, pueden interferir en los per\u00edodos docentes y de ex\u00e1menes fijados en \u00e9ste. De ser necesario, la ESI modificar\u00e1 las fechas afectadas con suficiente antelaci\u00f3n y previa autorizaci\u00f3n del Vic. de Docencia. <a href=\"#aa27ed4b-0c49-47f8-8f08-8e3d46772094-link\" aria-label=\"Saltar a la referencia de la nota 1\">\u21a9\ufe0e<\/a><\/li><\/ol>","protected":false},"excerpt":{"rendered":"<p>Doble Grado Inform\u00e1tica ADE &#8211; curso 2025\/2026 PERIODOS DOCENTES Y DE EVALUACI\u00d3N Docencia Evaluaci\u00f3n CIERRE DE ACTAS PERIODOS NO LECTIVOS ACTIVIDADES ACAD\u00c9MICAS, CULTURALES Y DEPORTIVAS DE SANTA TECLA D\u00cdAS FESTIVOS1<\/p>\n","protected":false},"author":4,"featured_media":0,"parent":20462,"menu_order":0,"comment_status":"closed","ping_status":"closed","template":"","meta":{"footnotes":"[{\"content\":\"La determinaci\u00f3n de las fiestas laborales, tanto de \u00e1mbito local como regional, aprobadas con posterioridad a este calendario acad\u00e9mico, pueden interferir en los per\u00edodos docentes y de ex\u00e1menes fijados en \u00e9ste. De ser necesario, la ESI modificar\u00e1 las fechas afectadas con suficiente antelaci\u00f3n y previa autorizaci\u00f3n del Vic. de Docencia.\",\"id\":\"aa27ed4b-0c49-47f8-8f08-8e3d46772094\"}]"},"class_list":["post-21136","page","type-page","status-publish","hentry"],"yoast_head":"<!-- This site is optimized with the Yoast SEO plugin v27.3 - https:\/\/yoast.com\/product\/yoast-seo-wordpress\/ -->\n<title>Calendario-DG - Escuela Superior de Inform\u00e1tica de UCLM<\/title>\n<meta name=\"robots\" content=\"index, follow, max-snippet:-1, max-image-preview:large, max-video-preview:-1\" \/>\n<link rel=\"canonical\" href=\"https:\/\/esi.uclm.es\/index.php\/doble-grado-informatica-ade\/calendario\/\" \/>\n<meta property=\"og:locale\" content=\"es_ES\" \/>\n<meta property=\"og:type\" content=\"article\" \/>\n<meta property=\"og:title\" content=\"Calendario-DG - Escuela Superior de Inform\u00e1tica de UCLM\" \/>\n<meta property=\"og:description\" content=\"Doble Grado Inform\u00e1tica ADE &#8211; curso 2025\/2026 PERIODOS DOCENTES Y DE EVALUACI\u00d3N Docencia Evaluaci\u00f3n CIERRE DE ACTAS PERIODOS NO LECTIVOS ACTIVIDADES ACAD\u00c9MICAS, CULTURALES Y DEPORTIVAS DE SANTA TECLA D\u00cdAS FESTIVOS1\" \/>\n<meta property=\"og:url\" content=\"https:\/\/esi.uclm.es\/index.php\/doble-grado-informatica-ade\/calendario\/\" \/>\n<meta property=\"og:site_name\" content=\"Escuela Superior de Inform\u00e1tica de UCLM\" \/>\n<meta property=\"article:publisher\" content=\"https:\/\/www.facebook.com\/Escuela-Superior-de-Informtica-543261809027158\" \/>\n<meta property=\"article:modified_time\" content=\"2025-07-25T11:36:33+00:00\" \/>\n<meta property=\"og:image\" content=\"https:\/\/esi.uclm.es\/assets\/uploads\/2022\/05\/calendario_r.webp\" \/>\n\t<meta property=\"og:image:width\" content=\"1199\" \/>\n\t<meta property=\"og:image:height\" content=\"300\" \/>\n\t<meta property=\"og:image:type\" content=\"image\/webp\" \/>\n<meta name=\"twitter:card\" content=\"summary_large_image\" \/>\n<meta name=\"twitter:site\" content=\"@esiuclm\" \/>\n<meta name=\"twitter:label1\" content=\"Tiempo de lectura\" \/>\n\t<meta name=\"twitter:data1\" content=\"2 minutos\" \/>\n<script type=\"application\/ld+json\" class=\"yoast-schema-graph\">{\"@context\":\"https:\\\/\\\/schema.org\",\"@graph\":[{\"@type\":\"WebPage\",\"@id\":\"https:\\\/\\\/esi.uclm.es\\\/index.php\\\/doble-grado-informatica-ade\\\/calendario\\\/\",\"url\":\"https:\\\/\\\/esi.uclm.es\\\/index.php\\\/doble-grado-informatica-ade\\\/calendario\\\/\",\"name\":\"Calendario-DG - Escuela Superior de Inform\u00e1tica de UCLM\",\"isPartOf\":{\"@id\":\"https:\\\/\\\/esi.uclm.es\\\/#website\"},\"primaryImageOfPage\":{\"@id\":\"https:\\\/\\\/esi.uclm.es\\\/index.php\\\/doble-grado-informatica-ade\\\/calendario\\\/#primaryimage\"},\"image\":{\"@id\":\"https:\\\/\\\/esi.uclm.es\\\/index.php\\\/doble-grado-informatica-ade\\\/calendario\\\/#primaryimage\"},\"thumbnailUrl\":\"http:\\\/\\\/esi.uclm.es\\\/assets\\\/uploads\\\/2022\\\/05\\\/calendario_r-1024x256.webp\",\"datePublished\":\"2025-07-24T09:50:56+00:00\",\"dateModified\":\"2025-07-25T11:36:33+00:00\",\"breadcrumb\":{\"@id\":\"https:\\\/\\\/esi.uclm.es\\\/index.php\\\/doble-grado-informatica-ade\\\/calendario\\\/#breadcrumb\"},\"inLanguage\":\"es\",\"potentialAction\":[{\"@type\":\"ReadAction\",\"target\":[\"https:\\\/\\\/esi.uclm.es\\\/index.php\\\/doble-grado-informatica-ade\\\/calendario\\\/\"]}]},{\"@type\":\"ImageObject\",\"inLanguage\":\"es\",\"@id\":\"https:\\\/\\\/esi.uclm.es\\\/index.php\\\/doble-grado-informatica-ade\\\/calendario\\\/#primaryimage\",\"url\":\"https:\\\/\\\/esi.uclm.es\\\/assets\\\/uploads\\\/2022\\\/05\\\/calendario_r.webp\",\"contentUrl\":\"https:\\\/\\\/esi.uclm.es\\\/assets\\\/uploads\\\/2022\\\/05\\\/calendario_r.webp\",\"width\":1199,\"height\":300,\"caption\":\"Agenda de eventos\"},{\"@type\":\"BreadcrumbList\",\"@id\":\"https:\\\/\\\/esi.uclm.es\\\/index.php\\\/doble-grado-informatica-ade\\\/calendario\\\/#breadcrumb\",\"itemListElement\":[{\"@type\":\"ListItem\",\"position\":1,\"name\":\"Portada\",\"item\":\"https:\\\/\\\/esi.uclm.es\\\/\"},{\"@type\":\"ListItem\",\"position\":2,\"name\":\"Doble Grado Inform\u00e1tica-ADE\",\"item\":\"https:\\\/\\\/esi.uclm.es\\\/index.php\\\/doble-grado-informatica-ade\\\/\"},{\"@type\":\"ListItem\",\"position\":3,\"name\":\"Calendario-DG\"}]},{\"@type\":\"WebSite\",\"@id\":\"https:\\\/\\\/esi.uclm.es\\\/#website\",\"url\":\"https:\\\/\\\/esi.uclm.es\\\/\",\"name\":\"Escuela Superior de Inform\u00e1tica de UCLM en Ciudad Real, Castilla-La Mancha\",\"description\":\"La Escuela Superior de Inform\u00e1tica de Ciudad Real (Castilla-La Mancha), Universidad de Castilla-La Mancha es un centro universitario que imparte el ciclo completo de Ingenier\u00eda en Inform\u00e1tica: grado, m\u00e1ster y doctorado.\",\"publisher\":{\"@id\":\"https:\\\/\\\/esi.uclm.es\\\/#organization\"},\"potentialAction\":[{\"@type\":\"SearchAction\",\"target\":{\"@type\":\"EntryPoint\",\"urlTemplate\":\"https:\\\/\\\/esi.uclm.es\\\/?s={search_term_string}\"},\"query-input\":{\"@type\":\"PropertyValueSpecification\",\"valueRequired\":true,\"valueName\":\"search_term_string\"}}],\"inLanguage\":\"es\"},{\"@type\":\"Organization\",\"@id\":\"https:\\\/\\\/esi.uclm.es\\\/#organization\",\"name\":\"Escuela Superior de Inform\u00e1tica de UCLM\",\"url\":\"https:\\\/\\\/esi.uclm.es\\\/\",\"logo\":{\"@type\":\"ImageObject\",\"inLanguage\":\"es\",\"@id\":\"https:\\\/\\\/esi.uclm.es\\\/#\\\/schema\\\/logo\\\/image\\\/\",\"url\":\"https:\\\/\\\/esi.uclm.es\\\/assets\\\/uploads\\\/2022\\\/03\\\/LogoESI_cabecera-1.png\",\"contentUrl\":\"https:\\\/\\\/esi.uclm.es\\\/assets\\\/uploads\\\/2022\\\/03\\\/LogoESI_cabecera-1.png\",\"width\":460,\"height\":184,\"caption\":\"Escuela Superior de Inform\u00e1tica de UCLM\"},\"image\":{\"@id\":\"https:\\\/\\\/esi.uclm.es\\\/#\\\/schema\\\/logo\\\/image\\\/\"},\"sameAs\":[\"https:\\\/\\\/www.facebook.com\\\/Escuela-Superior-de-Informtica-543261809027158\",\"https:\\\/\\\/x.com\\\/esiuclm\",\"https:\\\/\\\/www.instagram.com\\\/esiuclm\\\/\",\"https:\\\/\\\/www.youtube.com\\\/user\\\/esiuclm\",\"https:\\\/\\\/www.twitch.tv\\\/esiuclm\",\"https:\\\/\\\/www.linkedin.com\\\/company\\\/12656631\\\/admin\\\/\"]}]}<\/script>\n<!-- \/ Yoast SEO plugin. -->","yoast_head_json":{"title":"Calendario-DG - Escuela Superior de Inform\u00e1tica de UCLM","robots":{"index":"index","follow":"follow","max-snippet":"max-snippet:-1","max-image-preview":"max-image-preview:large","max-video-preview":"max-video-preview:-1"},"canonical":"https:\/\/esi.uclm.es\/index.php\/doble-grado-informatica-ade\/calendario\/","og_locale":"es_ES","og_type":"article","og_title":"Calendario-DG - Escuela Superior de Inform\u00e1tica de UCLM","og_description":"Doble Grado Inform\u00e1tica ADE &#8211; curso 2025\/2026 PERIODOS DOCENTES Y DE EVALUACI\u00d3N Docencia Evaluaci\u00f3n CIERRE DE ACTAS PERIODOS NO LECTIVOS ACTIVIDADES ACAD\u00c9MICAS, CULTURALES Y DEPORTIVAS DE SANTA TECLA D\u00cdAS FESTIVOS1","og_url":"https:\/\/esi.uclm.es\/index.php\/doble-grado-informatica-ade\/calendario\/","og_site_name":"Escuela Superior de Inform\u00e1tica de UCLM","article_publisher":"https:\/\/www.facebook.com\/Escuela-Superior-de-Informtica-543261809027158","article_modified_time":"2025-07-25T11:36:33+00:00","og_image":[{"width":1199,"height":300,"url":"https:\/\/esi.uclm.es\/assets\/uploads\/2022\/05\/calendario_r.webp","type":"image\/webp"}],"twitter_card":"summary_large_image","twitter_site":"@esiuclm","twitter_misc":{"Tiempo de lectura":"2 minutos"},"schema":{"@context":"https:\/\/schema.org","@graph":[{"@type":"WebPage","@id":"https:\/\/esi.uclm.es\/index.php\/doble-grado-informatica-ade\/calendario\/","url":"https:\/\/esi.uclm.es\/index.php\/doble-grado-informatica-ade\/calendario\/","name":"Calendario-DG - Escuela Superior de Inform\u00e1tica de UCLM","isPartOf":{"@id":"https:\/\/esi.uclm.es\/#website"},"primaryImageOfPage":{"@id":"https:\/\/esi.uclm.es\/index.php\/doble-grado-informatica-ade\/calendario\/#primaryimage"},"image":{"@id":"https:\/\/esi.uclm.es\/index.php\/doble-grado-informatica-ade\/calendario\/#primaryimage"},"thumbnailUrl":"http:\/\/esi.uclm.es\/assets\/uploads\/2022\/05\/calendario_r-1024x256.webp","datePublished":"2025-07-24T09:50:56+00:00","dateModified":"2025-07-25T11:36:33+00:00","breadcrumb":{"@id":"https:\/\/esi.uclm.es\/index.php\/doble-grado-informatica-ade\/calendario\/#breadcrumb"},"inLanguage":"es","potentialAction":[{"@type":"ReadAction","target":["https:\/\/esi.uclm.es\/index.php\/doble-grado-informatica-ade\/calendario\/"]}]},{"@type":"ImageObject","inLanguage":"es","@id":"https:\/\/esi.uclm.es\/index.php\/doble-grado-informatica-ade\/calendario\/#primaryimage","url":"https:\/\/esi.uclm.es\/assets\/uploads\/2022\/05\/calendario_r.webp","contentUrl":"https:\/\/esi.uclm.es\/assets\/uploads\/2022\/05\/calendario_r.webp","width":1199,"height":300,"caption":"Agenda de eventos"},{"@type":"BreadcrumbList","@id":"https:\/\/esi.uclm.es\/index.php\/doble-grado-informatica-ade\/calendario\/#breadcrumb","itemListElement":[{"@type":"ListItem","position":1,"name":"Portada","item":"https:\/\/esi.uclm.es\/"},{"@type":"ListItem","position":2,"name":"Doble Grado Inform\u00e1tica-ADE","item":"https:\/\/esi.uclm.es\/index.php\/doble-grado-informatica-ade\/"},{"@type":"ListItem","position":3,"name":"Calendario-DG"}]},{"@type":"WebSite","@id":"https:\/\/esi.uclm.es\/#website","url":"https:\/\/esi.uclm.es\/","name":"Escuela Superior de Inform\u00e1tica de UCLM en Ciudad Real, Castilla-La Mancha","description":"La Escuela Superior de Inform\u00e1tica de Ciudad Real (Castilla-La Mancha), Universidad de Castilla-La Mancha es un centro universitario que imparte el ciclo completo de Ingenier\u00eda en Inform\u00e1tica: grado, m\u00e1ster y doctorado.","publisher":{"@id":"https:\/\/esi.uclm.es\/#organization"},"potentialAction":[{"@type":"SearchAction","target":{"@type":"EntryPoint","urlTemplate":"https:\/\/esi.uclm.es\/?s={search_term_string}"},"query-input":{"@type":"PropertyValueSpecification","valueRequired":true,"valueName":"search_term_string"}}],"inLanguage":"es"},{"@type":"Organization","@id":"https:\/\/esi.uclm.es\/#organization","name":"Escuela Superior de Inform\u00e1tica de UCLM","url":"https:\/\/esi.uclm.es\/","logo":{"@type":"ImageObject","inLanguage":"es","@id":"https:\/\/esi.uclm.es\/#\/schema\/logo\/image\/","url":"https:\/\/esi.uclm.es\/assets\/uploads\/2022\/03\/LogoESI_cabecera-1.png","contentUrl":"https:\/\/esi.uclm.es\/assets\/uploads\/2022\/03\/LogoESI_cabecera-1.png","width":460,"height":184,"caption":"Escuela Superior de Inform\u00e1tica de UCLM"},"image":{"@id":"https:\/\/esi.uclm.es\/#\/schema\/logo\/image\/"},"sameAs":["https:\/\/www.facebook.com\/Escuela-Superior-de-Informtica-543261809027158","https:\/\/x.com\/esiuclm","https:\/\/www.instagram.com\/esiuclm\/","https:\/\/www.youtube.com\/user\/esiuclm","https:\/\/www.twitch.tv\/esiuclm","https:\/\/www.linkedin.com\/company\/12656631\/admin\/"]}]}},"_links":{"self":[{"href":"https:\/\/esi.uclm.es\/index.php\/wp-json\/wp\/v2\/pages\/21136","targetHints":{"allow":["GET"]}}],"collection":[{"href":"https:\/\/esi.uclm.es\/index.php\/wp-json\/wp\/v2\/pages"}],"about":[{"href":"https:\/\/esi.uclm.es\/index.php\/wp-json\/wp\/v2\/types\/page"}],"author":[{"embeddable":true,"href":"https:\/\/esi.uclm.es\/index.php\/wp-json\/wp\/v2\/users\/4"}],"replies":[{"embeddable":true,"href":"https:\/\/esi.uclm.es\/index.php\/wp-json\/wp\/v2\/comments?post=21136"}],"version-history":[{"count":8,"href":"https:\/\/esi.uclm.es\/index.php\/wp-json\/wp\/v2\/pages\/21136\/revisions"}],"predecessor-version":[{"id":21183,"href":"https:\/\/esi.uclm.es\/index.php\/wp-json\/wp\/v2\/pages\/21136\/revisions\/21183"}],"up":[{"embeddable":true,"href":"https:\/\/esi.uclm.es\/index.php\/wp-json\/wp\/v2\/pages\/20462"}],"wp:attachment":[{"href":"https:\/\/esi.uclm.es\/index.php\/wp-json\/wp\/v2\/media?parent=21136"}],"curies":[{"name":"wp","href":"https:\/\/api.w.org\/{rel}","templated":true}]}}