{"id":20794,"date":"2025-05-07T11:04:28","date_gmt":"2025-05-07T11:04:28","guid":{"rendered":"https:\/\/esi.uclm.es\/?page_id=20794"},"modified":"2025-06-27T17:26:56","modified_gmt":"2025-06-27T17:26:56","slug":"itinerario-doble-master-muii-mubdcn","status":"publish","type":"page","link":"https:\/\/esi.uclm.es\/index.php\/itinerario-doble-master-muii-mubdcn\/","title":{"rendered":"Itinerario personal de equivalencia entre m\u00e1steres: MUII-MUBDCN"},"content":{"rendered":"\n<p>Las Escuelas de Ingenier\u00eda Inform\u00e1tica en la Universidad de Castilla-La Mancha ofrecen a los estudiantes la posibilidad de cursar un <strong>Itinerario personal de equivalencia entre m\u00e1steres<\/strong> que combina el <em>M\u00e1ster Universitario en Ingenier\u00eda Inform\u00e1tica (MUII)<\/em> con el <em>M\u00e1ster Universitario en Big Data y Computaci\u00f3n en la Nube (MUBDCN)<\/em>, gracias a la conexi\u00f3n que existe en el dise\u00f1o de los planes de estudios. Esta opci\u00f3n est\u00e1 dirigida a quienes desean adquirir una formaci\u00f3n avanzada y multidisciplinar que combine los fundamentos y metodolog\u00edas propios de la Ingenier\u00eda Inform\u00e1tica con la especializaci\u00f3n en t\u00e9cnicas y aplicaciones de la Inteligencia Artificial.<\/p>\n\n\n\n<p>El itinerario ha sido dise\u00f1ado para aprovechar al m\u00e1ximo las sinergias entre ambos programas. Gracias al reconocimiento mutuo de asignaturas, los estudiantes pueden obtener ambos t\u00edtulos cursando un total de <strong>120 ECTS en lugar de 150<\/strong> <strong>ECTS<\/strong> (90+60).<\/p>\n\n\n\n<figure class=\"wp-block-image size-large\"><a href=\"https:\/\/esi.uclm.es\/assets\/uploads\/2024\/05\/flyer_muuii2024_interior.png\"><img loading=\"lazy\" decoding=\"async\" width=\"1024\" height=\"724\" src=\"http:\/\/esi.uclm.es\/assets\/uploads\/2024\/05\/flyer_muuii2024_interior-1024x724.png\" alt=\"\" class=\"wp-image-18514\" srcset=\"https:\/\/esi.uclm.es\/assets\/uploads\/2024\/05\/flyer_muuii2024_interior-1024x724.png 1024w, https:\/\/esi.uclm.es\/assets\/uploads\/2024\/05\/flyer_muuii2024_interior-300x212.png 300w, https:\/\/esi.uclm.es\/assets\/uploads\/2024\/05\/flyer_muuii2024_interior-768x543.png 768w, https:\/\/esi.uclm.es\/assets\/uploads\/2024\/05\/flyer_muuii2024_interior-1536x1086.png 1536w, https:\/\/esi.uclm.es\/assets\/uploads\/2024\/05\/flyer_muuii2024_interior-1300x919.png 1300w, https:\/\/esi.uclm.es\/assets\/uploads\/2024\/05\/flyer_muuii2024_interior-600x424.png 600w\" sizes=\"auto, (max-width: 1024px) 100vw, 1024px\" \/><\/a><\/figure>\n\n\n\n<h3 class=\"wp-block-heading\"><strong>Plan de estudios del M\u00e1ster Universitario en Big Data y Computaci\u00f3n en la Nube<\/strong><\/h3>\n\n\n\n<figure class=\"wp-block-table\"><table class=\"has-fixed-layout\"><tbody><tr><td><strong>M\u00d3DULO<\/strong><strong><\/strong><\/td><td><strong>MATERIA<\/strong><strong><\/strong><\/td><td><strong>ASIGNATURA<\/strong><strong><\/strong><\/td><td><strong>ECTS<\/strong><strong><\/strong><\/td><\/tr><tr><td rowspan=\"2\"><strong>M\u00f3dulo 1: Ciencia de datos&nbsp;<\/strong>(12 ECTS)<\/td><td rowspan=\"2\"><strong>&nbsp;<\/strong>&nbsp;<strong><em>An\u00e1lisis de datos y aprendizaje autom\u00e1tico<\/em><\/strong><strong><em><\/em><\/strong><\/td><td><strong>An\u00e1lisis<\/strong><strong>&nbsp;y visualizaci\u00f3n de datos<\/strong><strong><\/strong><\/td><td>6<\/td><\/tr><tr><td><strong>Aprendizaje<\/strong><strong>&nbsp;<\/strong><strong>autom\u00e1tico<\/strong><strong><\/strong><\/td><td>6<\/td><\/tr><tr><td rowspan=\"6\"><strong>&nbsp;<\/strong>&nbsp;<strong>&nbsp;<\/strong>&nbsp;<strong>&nbsp;<\/strong>&nbsp;<strong>&nbsp;<\/strong>&nbsp;<strong>M\u00f3dulo 2: Ingenier\u00eda de datos&nbsp;<\/strong>(36 ECTS)<\/td><td rowspan=\"3\"><strong>&nbsp;<\/strong>&nbsp;<strong>&nbsp;<\/strong>&nbsp;<strong><em>Procesamiento<\/em><\/strong><strong><em>&nbsp;<\/em><\/strong><strong><em>masivo<\/em><\/strong><strong><em>&nbsp;<\/em><\/strong><strong><em>de<\/em><\/strong><strong><em>&nbsp;<\/em><\/strong><strong><em>datos<\/em><\/strong><strong><em><\/em><\/strong><\/td><td><strong>Procesamiento<\/strong><strong>&nbsp;<\/strong><strong>masivo<\/strong><strong>&nbsp;<\/strong><strong>de<\/strong><strong>&nbsp;<\/strong><strong>datos<\/strong><strong><\/strong><\/td><td>6<\/td><\/tr><tr><td><strong>Arquitectura de sistemas&nbsp;<em>Big Data<\/em><\/strong><strong><em><\/em><\/strong><\/td><td>6<\/td><\/tr><tr><td><strong>Gobierno y calidad del dato<\/strong><strong><\/strong><\/td><td>6<\/td><\/tr><tr><td rowspan=\"3\"><strong>&nbsp;<\/strong>&nbsp;<strong>&nbsp;<\/strong>&nbsp;<strong><em>Desarrollo y despliegue de sistemas<\/em><\/strong><strong><em><\/em><\/strong><\/td><td><strong>Sistemas<\/strong><strong>&nbsp;<\/strong><strong>y<\/strong><strong>&nbsp;<\/strong><strong>Servicios<\/strong><strong>&nbsp;<\/strong><strong>en<\/strong><strong>&nbsp;<\/strong><strong>la<\/strong><strong>&nbsp;<\/strong><strong>nube<\/strong><strong><\/strong><\/td><td>6<\/td><\/tr><tr><td><strong>Desarrollo y despliegue de soluciones&nbsp;<em>Big Data<\/em><\/strong><strong><em><\/em><\/strong><\/td><td>6<\/td><\/tr><tr><td><strong>Internet de las cosas y sus aplicaciones<\/strong><strong><\/strong><\/td><td>6<\/td><\/tr><tr><td rowspan=\"2\"><strong>M\u00f3dulo 3: Optatividad<\/strong>&nbsp;(6 ETCS)<\/td><td><strong><em>Tecnolog\u00edas<\/em><\/strong><strong><em>&nbsp;<\/em><\/strong><strong><em>emergentes<\/em><\/strong><strong><em><\/em><\/strong><\/td><td><strong>Tecnolog\u00edas<\/strong><strong>&nbsp;<\/strong><strong>emergentes<\/strong><strong>&nbsp;<\/strong><strong>y<\/strong><strong>&nbsp;<\/strong><strong>casos<\/strong><strong>&nbsp;<\/strong><strong>pr\u00e1cticos<\/strong><strong><\/strong><\/td><td>6<\/td><\/tr><tr><td><strong><em>Pr\u00e1cticas<\/em><\/strong><strong><em>&nbsp;<\/em><\/strong><strong><em>en<\/em><\/strong><strong><em>&nbsp;<\/em><\/strong><strong><em>Empresa<\/em><\/strong><strong><em><\/em><\/strong><\/td><td><strong>Pr\u00e1cticas<\/strong><strong>&nbsp;<\/strong><strong>en<\/strong><strong>&nbsp;<\/strong><strong>Empresa<\/strong><strong><\/strong><\/td><td>6<\/td><\/tr><tr><td><strong>M\u00f3dulo 4:<\/strong>&nbsp;(6 ETCS)<\/td><td><strong><em>Trabajo Fin de M\u00e1ster<\/em><\/strong><strong><em><\/em><\/strong><\/td><td><strong>Trabajo Fin de M\u00e1ster<\/strong><strong><\/strong><\/td><td>6<\/td><\/tr><\/tbody><\/table><\/figure>\n\n\n\n<h3 class=\"wp-block-heading\"><strong>Tabla de reconocimiento entre asignaturas del programa MUII+MUBDCN&nbsp;<\/strong><\/h3>\n\n\n\n<p>** Pendiente de aprobaci\u00f3n por el \u00f3rgano competente. <\/p>\n\n\n\n<figure class=\"wp-block-table\"><table class=\"has-fixed-layout\"><tbody><tr><td colspan=\"4\"><strong>Asignaturas cursadas en el MUII<\/strong>&nbsp;<\/td><td colspan=\"4\"><strong>Asignaturas reconocidas en el MUBDCN<\/strong>&nbsp;<\/td><\/tr><tr><td><strong>C\u00f3digo<\/strong>&nbsp;<\/td><td><strong>Asignatura<\/strong>&nbsp;<\/td><td><strong>Car\u00e1cter<\/strong>&nbsp;<\/td><td><strong>ECTS<\/strong>&nbsp;<\/td><td><strong>C\u00f3digo<\/strong>&nbsp;<\/td><td><strong>Asignatura<\/strong>&nbsp;<\/td><td><strong>Car\u00e1cter<\/strong>&nbsp;<\/td><td><strong>ECTS<\/strong>&nbsp;<\/td><\/tr><tr><td>311290&nbsp;<\/td><td>Sistemas y Servicios en la Nube&nbsp;<\/td><td>OB&nbsp;<\/td><td>6&nbsp;<\/td><td>311480&nbsp;<\/td><td>Sistemas y Servicios en la Nube&nbsp;<\/td><td>OB&nbsp;<\/td><td>6&nbsp;<\/td><\/tr><tr><td>311306&nbsp;<\/td><td>Computaci\u00f3n de Altas Prestaciones&nbsp;<\/td><td>OB&nbsp;<\/td><td>6&nbsp;<\/td><td>311483&nbsp;<\/td><td>Tecnolog\u00edas emergentes y casos pr\u00e1cticos&nbsp;<\/td><td>OP&nbsp;<\/td><td>6&nbsp;<\/td><\/tr><tr><td>311294&nbsp;<\/td><td>An\u00e1lisis y Visualizaci\u00f3n de Datos&nbsp;<\/td><td>OP&nbsp;<\/td><td>6&nbsp;<\/td><td>311475&nbsp;<\/td><td>An\u00e1lisis y Visualizaci\u00f3n de Datos&nbsp;<\/td><td>OB&nbsp;<\/td><td>&nbsp;<\/td><\/tr><tr><td>311295&nbsp;<\/td><td>Procesamiento Masivo de Datos&nbsp;<\/td><td>OP&nbsp;<\/td><td>6&nbsp;<\/td><td>311477&nbsp;<\/td><td>Procesamiento Masivo de Datos&nbsp;<\/td><td>OB&nbsp;<\/td><td>&nbsp;<\/td><\/tr><tr><td>311296&nbsp;<\/td><td>Arquitectura de Sistemas Big Data&nbsp;<\/td><td>OP&nbsp;<\/td><td>6&nbsp;<\/td><td>311478&nbsp;<\/td><td>Arquitectura de Sistemas Big Data&nbsp;<\/td><td>OB&nbsp;<\/td><td>&nbsp;<\/td><\/tr><tr><td>&nbsp;<\/td><td>&nbsp;<\/td><td>&nbsp;<\/td><td>&nbsp;<\/td><td colspan=\"3\">TOTAL ECTS RECONOCIDOS&nbsp;<\/td><td><strong>30<\/strong>&nbsp;<\/td><\/tr><\/tbody><\/table><\/figure>\n\n\n\n<figure class=\"wp-block-table\"><table class=\"has-fixed-layout\"><tbody><tr><td colspan=\"4\"><strong>Asignaturas cursadas en el MUBDCN<\/strong>&nbsp;<\/td><td colspan=\"4\"><strong>Asignaturas reconocidas en el MUII<\/strong>&nbsp;<\/td><\/tr><tr><td><strong>C\u00f3digo<\/strong>&nbsp;<\/td><td><strong>Asignatura<\/strong>&nbsp;<\/td><td><strong>Car\u00e1cter<\/strong>&nbsp;<\/td><td><strong>ECTS<\/strong>&nbsp;<\/td><td><strong>C\u00f3digo<\/strong>&nbsp;<\/td><td><strong>Asignatura<\/strong>&nbsp;<\/td><td><strong>Car\u00e1cter<\/strong>&nbsp;<\/td><td><strong>ECTS<\/strong>&nbsp;<\/td><\/tr><tr><td>311480&nbsp;<\/td><td>Sistemas y Servicios en la Nube&nbsp;<\/td><td>OB&nbsp;<\/td><td>6&nbsp;<\/td><td>311290&nbsp;<\/td><td>Sistemas y Servicios en la Nube&nbsp;<\/td><td>OB&nbsp;<\/td><td>6&nbsp;<\/td><\/tr><tr><td>311475&nbsp;<\/td><td>An\u00e1lisis y Visualizaci\u00f3n de Datos&nbsp;<\/td><td>OB&nbsp;<\/td><td>6&nbsp;<\/td><td>311294&nbsp;<\/td><td>An\u00e1lisis y Visualizaci\u00f3n de Datos&nbsp;<\/td><td>OP&nbsp;<\/td><td>6&nbsp;<\/td><\/tr><tr><td>311477&nbsp;<\/td><td>Procesamiento Masivo de Datos&nbsp;<\/td><td>OB&nbsp;<\/td><td>6&nbsp;<\/td><td>311295&nbsp;<\/td><td>Procesamiento Masivo de Datos&nbsp;<\/td><td>OP&nbsp;<\/td><td>6&nbsp;<\/td><\/tr><tr><td>311478&nbsp;<\/td><td>Arquitectura de Sistemas Big Data&nbsp;<\/td><td>OB&nbsp;<\/td><td>6&nbsp;<\/td><td>311296&nbsp;<\/td><td>Arquitectura de Sistemas Big Data&nbsp;<\/td><td>OP&nbsp;<\/td><td>6&nbsp;<\/td><\/tr><tr><td>311484&nbsp;<\/td><td>Pr\u00e1cticas Acad\u00e9micas Externas&nbsp;<\/td><td>OP&nbsp;<\/td><td>6&nbsp;<\/td><td>311300&nbsp;<\/td><td>Pr\u00e1cticas Acad\u00e9micas Externas&nbsp;<\/td><td>OB&nbsp;<\/td><td>6&nbsp;<\/td><\/tr><tr><td>&nbsp;<\/td><td>&nbsp;<\/td><td>&nbsp;<\/td><td>&nbsp;<\/td><td colspan=\"3\">TOTAL ECTS RECONOCIDOS&nbsp;<\/td><td><strong>30<\/strong>&nbsp;<\/td><\/tr><\/tbody><\/table><\/figure>\n","protected":false},"excerpt":{"rendered":"<p>Las Escuelas de Ingenier\u00eda Inform\u00e1tica en la Universidad de Castilla-La Mancha ofrecen a los estudiantes la posibilidad de cursar un Itinerario personal de equivalencia entre m\u00e1steres que combina el M\u00e1ster Universitario en Ingenier\u00eda Inform\u00e1tica (MUII) con el M\u00e1ster Universitario en Big Data y Computaci\u00f3n en [&hellip;]<\/p>\n","protected":false},"author":1,"featured_media":0,"parent":0,"menu_order":0,"comment_status":"closed","ping_status":"closed","template":"","meta":{"footnotes":""},"class_list":["post-20794","page","type-page","status-publish","hentry"],"yoast_head":"<!-- This site is optimized with the Yoast SEO plugin v27.3 - https:\/\/yoast.com\/product\/yoast-seo-wordpress\/ -->\n<title>Itinerario personal de equivalencia entre m\u00e1steres: MUII-MUBDCN - Escuela Superior de Inform\u00e1tica de UCLM<\/title>\n<meta name=\"robots\" content=\"index, follow, max-snippet:-1, max-image-preview:large, max-video-preview:-1\" \/>\n<link rel=\"canonical\" href=\"https:\/\/esi.uclm.es\/index.php\/itinerario-doble-master-muii-mubdcn\/\" \/>\n<meta property=\"og:locale\" content=\"es_ES\" \/>\n<meta property=\"og:type\" content=\"article\" \/>\n<meta property=\"og:title\" content=\"Itinerario personal de equivalencia entre m\u00e1steres: MUII-MUBDCN - Escuela Superior de Inform\u00e1tica de UCLM\" \/>\n<meta property=\"og:description\" content=\"Las Escuelas de Ingenier\u00eda Inform\u00e1tica en la Universidad de Castilla-La Mancha ofrecen a los estudiantes la posibilidad de cursar un Itinerario personal de equivalencia entre m\u00e1steres que combina el M\u00e1ster Universitario en Ingenier\u00eda Inform\u00e1tica (MUII) con el M\u00e1ster Universitario en Big Data y Computaci\u00f3n en [&hellip;]\" \/>\n<meta property=\"og:url\" content=\"https:\/\/esi.uclm.es\/index.php\/itinerario-doble-master-muii-mubdcn\/\" \/>\n<meta property=\"og:site_name\" content=\"Escuela Superior de Inform\u00e1tica de UCLM\" \/>\n<meta property=\"article:publisher\" content=\"https:\/\/www.facebook.com\/Escuela-Superior-de-Informtica-543261809027158\" \/>\n<meta property=\"article:modified_time\" content=\"2025-06-27T17:26:56+00:00\" \/>\n<meta property=\"og:image\" content=\"https:\/\/esi.uclm.es\/assets\/uploads\/2024\/05\/flyer_muuii2024_interior-1024x724.png\" \/>\n\t<meta property=\"og:image:width\" content=\"1024\" \/>\n\t<meta property=\"og:image:height\" content=\"724\" \/>\n\t<meta property=\"og:image:type\" content=\"image\/png\" \/>\n<meta name=\"twitter:card\" content=\"summary_large_image\" \/>\n<meta name=\"twitter:site\" content=\"@esiuclm\" \/>\n<meta name=\"twitter:label1\" content=\"Tiempo de lectura\" \/>\n\t<meta name=\"twitter:data1\" content=\"3 minutos\" \/>\n<script type=\"application\/ld+json\" class=\"yoast-schema-graph\">{\"@context\":\"https:\\\/\\\/schema.org\",\"@graph\":[{\"@type\":\"WebPage\",\"@id\":\"https:\\\/\\\/esi.uclm.es\\\/index.php\\\/itinerario-doble-master-muii-mubdcn\\\/\",\"url\":\"https:\\\/\\\/esi.uclm.es\\\/index.php\\\/itinerario-doble-master-muii-mubdcn\\\/\",\"name\":\"Itinerario personal de equivalencia entre m\u00e1steres: MUII-MUBDCN - Escuela Superior de Inform\u00e1tica de UCLM\",\"isPartOf\":{\"@id\":\"https:\\\/\\\/esi.uclm.es\\\/#website\"},\"primaryImageOfPage\":{\"@id\":\"https:\\\/\\\/esi.uclm.es\\\/index.php\\\/itinerario-doble-master-muii-mubdcn\\\/#primaryimage\"},\"image\":{\"@id\":\"https:\\\/\\\/esi.uclm.es\\\/index.php\\\/itinerario-doble-master-muii-mubdcn\\\/#primaryimage\"},\"thumbnailUrl\":\"http:\\\/\\\/esi.uclm.es\\\/assets\\\/uploads\\\/2024\\\/05\\\/flyer_muuii2024_interior-1024x724.png\",\"datePublished\":\"2025-05-07T11:04:28+00:00\",\"dateModified\":\"2025-06-27T17:26:56+00:00\",\"breadcrumb\":{\"@id\":\"https:\\\/\\\/esi.uclm.es\\\/index.php\\\/itinerario-doble-master-muii-mubdcn\\\/#breadcrumb\"},\"inLanguage\":\"es\",\"potentialAction\":[{\"@type\":\"ReadAction\",\"target\":[\"https:\\\/\\\/esi.uclm.es\\\/index.php\\\/itinerario-doble-master-muii-mubdcn\\\/\"]}]},{\"@type\":\"ImageObject\",\"inLanguage\":\"es\",\"@id\":\"https:\\\/\\\/esi.uclm.es\\\/index.php\\\/itinerario-doble-master-muii-mubdcn\\\/#primaryimage\",\"url\":\"https:\\\/\\\/esi.uclm.es\\\/assets\\\/uploads\\\/2024\\\/05\\\/flyer_muuii2024_interior.png\",\"contentUrl\":\"https:\\\/\\\/esi.uclm.es\\\/assets\\\/uploads\\\/2024\\\/05\\\/flyer_muuii2024_interior.png\",\"width\":3508,\"height\":2480},{\"@type\":\"BreadcrumbList\",\"@id\":\"https:\\\/\\\/esi.uclm.es\\\/index.php\\\/itinerario-doble-master-muii-mubdcn\\\/#breadcrumb\",\"itemListElement\":[{\"@type\":\"ListItem\",\"position\":1,\"name\":\"Portada\",\"item\":\"https:\\\/\\\/esi.uclm.es\\\/\"},{\"@type\":\"ListItem\",\"position\":2,\"name\":\"Itinerario personal de equivalencia entre m\u00e1steres: MUII-MUBDCN\"}]},{\"@type\":\"WebSite\",\"@id\":\"https:\\\/\\\/esi.uclm.es\\\/#website\",\"url\":\"https:\\\/\\\/esi.uclm.es\\\/\",\"name\":\"Escuela Superior de Inform\u00e1tica de UCLM en Ciudad Real, Castilla-La Mancha\",\"description\":\"La Escuela Superior de Inform\u00e1tica de Ciudad Real (Castilla-La Mancha), Universidad de Castilla-La Mancha es un centro universitario que imparte el ciclo completo de Ingenier\u00eda en Inform\u00e1tica: grado, m\u00e1ster y doctorado.\",\"publisher\":{\"@id\":\"https:\\\/\\\/esi.uclm.es\\\/#organization\"},\"potentialAction\":[{\"@type\":\"SearchAction\",\"target\":{\"@type\":\"EntryPoint\",\"urlTemplate\":\"https:\\\/\\\/esi.uclm.es\\\/?s={search_term_string}\"},\"query-input\":{\"@type\":\"PropertyValueSpecification\",\"valueRequired\":true,\"valueName\":\"search_term_string\"}}],\"inLanguage\":\"es\"},{\"@type\":\"Organization\",\"@id\":\"https:\\\/\\\/esi.uclm.es\\\/#organization\",\"name\":\"Escuela Superior de Inform\u00e1tica de UCLM\",\"url\":\"https:\\\/\\\/esi.uclm.es\\\/\",\"logo\":{\"@type\":\"ImageObject\",\"inLanguage\":\"es\",\"@id\":\"https:\\\/\\\/esi.uclm.es\\\/#\\\/schema\\\/logo\\\/image\\\/\",\"url\":\"https:\\\/\\\/esi.uclm.es\\\/assets\\\/uploads\\\/2022\\\/03\\\/LogoESI_cabecera-1.png\",\"contentUrl\":\"https:\\\/\\\/esi.uclm.es\\\/assets\\\/uploads\\\/2022\\\/03\\\/LogoESI_cabecera-1.png\",\"width\":460,\"height\":184,\"caption\":\"Escuela Superior de Inform\u00e1tica de UCLM\"},\"image\":{\"@id\":\"https:\\\/\\\/esi.uclm.es\\\/#\\\/schema\\\/logo\\\/image\\\/\"},\"sameAs\":[\"https:\\\/\\\/www.facebook.com\\\/Escuela-Superior-de-Informtica-543261809027158\",\"https:\\\/\\\/x.com\\\/esiuclm\",\"https:\\\/\\\/www.instagram.com\\\/esiuclm\\\/\",\"https:\\\/\\\/www.youtube.com\\\/user\\\/esiuclm\",\"https:\\\/\\\/www.twitch.tv\\\/esiuclm\",\"https:\\\/\\\/www.linkedin.com\\\/company\\\/12656631\\\/admin\\\/\"]}]}<\/script>\n<!-- \/ Yoast SEO plugin. -->","yoast_head_json":{"title":"Itinerario personal de equivalencia entre m\u00e1steres: MUII-MUBDCN - Escuela Superior de Inform\u00e1tica de UCLM","robots":{"index":"index","follow":"follow","max-snippet":"max-snippet:-1","max-image-preview":"max-image-preview:large","max-video-preview":"max-video-preview:-1"},"canonical":"https:\/\/esi.uclm.es\/index.php\/itinerario-doble-master-muii-mubdcn\/","og_locale":"es_ES","og_type":"article","og_title":"Itinerario personal de equivalencia entre m\u00e1steres: MUII-MUBDCN - Escuela Superior de Inform\u00e1tica de UCLM","og_description":"Las Escuelas de Ingenier\u00eda Inform\u00e1tica en la Universidad de Castilla-La Mancha ofrecen a los estudiantes la posibilidad de cursar un Itinerario personal de equivalencia entre m\u00e1steres que combina el M\u00e1ster Universitario en Ingenier\u00eda Inform\u00e1tica (MUII) con el M\u00e1ster Universitario en Big Data y Computaci\u00f3n en [&hellip;]","og_url":"https:\/\/esi.uclm.es\/index.php\/itinerario-doble-master-muii-mubdcn\/","og_site_name":"Escuela Superior de Inform\u00e1tica de UCLM","article_publisher":"https:\/\/www.facebook.com\/Escuela-Superior-de-Informtica-543261809027158","article_modified_time":"2025-06-27T17:26:56+00:00","og_image":[{"width":1024,"height":724,"url":"https:\/\/esi.uclm.es\/assets\/uploads\/2024\/05\/flyer_muuii2024_interior-1024x724.png","type":"image\/png"}],"twitter_card":"summary_large_image","twitter_site":"@esiuclm","twitter_misc":{"Tiempo de lectura":"3 minutos"},"schema":{"@context":"https:\/\/schema.org","@graph":[{"@type":"WebPage","@id":"https:\/\/esi.uclm.es\/index.php\/itinerario-doble-master-muii-mubdcn\/","url":"https:\/\/esi.uclm.es\/index.php\/itinerario-doble-master-muii-mubdcn\/","name":"Itinerario personal de equivalencia entre m\u00e1steres: MUII-MUBDCN - Escuela Superior de Inform\u00e1tica de UCLM","isPartOf":{"@id":"https:\/\/esi.uclm.es\/#website"},"primaryImageOfPage":{"@id":"https:\/\/esi.uclm.es\/index.php\/itinerario-doble-master-muii-mubdcn\/#primaryimage"},"image":{"@id":"https:\/\/esi.uclm.es\/index.php\/itinerario-doble-master-muii-mubdcn\/#primaryimage"},"thumbnailUrl":"http:\/\/esi.uclm.es\/assets\/uploads\/2024\/05\/flyer_muuii2024_interior-1024x724.png","datePublished":"2025-05-07T11:04:28+00:00","dateModified":"2025-06-27T17:26:56+00:00","breadcrumb":{"@id":"https:\/\/esi.uclm.es\/index.php\/itinerario-doble-master-muii-mubdcn\/#breadcrumb"},"inLanguage":"es","potentialAction":[{"@type":"ReadAction","target":["https:\/\/esi.uclm.es\/index.php\/itinerario-doble-master-muii-mubdcn\/"]}]},{"@type":"ImageObject","inLanguage":"es","@id":"https:\/\/esi.uclm.es\/index.php\/itinerario-doble-master-muii-mubdcn\/#primaryimage","url":"https:\/\/esi.uclm.es\/assets\/uploads\/2024\/05\/flyer_muuii2024_interior.png","contentUrl":"https:\/\/esi.uclm.es\/assets\/uploads\/2024\/05\/flyer_muuii2024_interior.png","width":3508,"height":2480},{"@type":"BreadcrumbList","@id":"https:\/\/esi.uclm.es\/index.php\/itinerario-doble-master-muii-mubdcn\/#breadcrumb","itemListElement":[{"@type":"ListItem","position":1,"name":"Portada","item":"https:\/\/esi.uclm.es\/"},{"@type":"ListItem","position":2,"name":"Itinerario personal de equivalencia entre m\u00e1steres: MUII-MUBDCN"}]},{"@type":"WebSite","@id":"https:\/\/esi.uclm.es\/#website","url":"https:\/\/esi.uclm.es\/","name":"Escuela Superior de Inform\u00e1tica de UCLM en Ciudad Real, Castilla-La Mancha","description":"La Escuela Superior de Inform\u00e1tica de Ciudad Real (Castilla-La Mancha), Universidad de Castilla-La Mancha es un centro universitario que imparte el ciclo completo de Ingenier\u00eda en Inform\u00e1tica: grado, m\u00e1ster y doctorado.","publisher":{"@id":"https:\/\/esi.uclm.es\/#organization"},"potentialAction":[{"@type":"SearchAction","target":{"@type":"EntryPoint","urlTemplate":"https:\/\/esi.uclm.es\/?s={search_term_string}"},"query-input":{"@type":"PropertyValueSpecification","valueRequired":true,"valueName":"search_term_string"}}],"inLanguage":"es"},{"@type":"Organization","@id":"https:\/\/esi.uclm.es\/#organization","name":"Escuela Superior de Inform\u00e1tica de UCLM","url":"https:\/\/esi.uclm.es\/","logo":{"@type":"ImageObject","inLanguage":"es","@id":"https:\/\/esi.uclm.es\/#\/schema\/logo\/image\/","url":"https:\/\/esi.uclm.es\/assets\/uploads\/2022\/03\/LogoESI_cabecera-1.png","contentUrl":"https:\/\/esi.uclm.es\/assets\/uploads\/2022\/03\/LogoESI_cabecera-1.png","width":460,"height":184,"caption":"Escuela Superior de Inform\u00e1tica de UCLM"},"image":{"@id":"https:\/\/esi.uclm.es\/#\/schema\/logo\/image\/"},"sameAs":["https:\/\/www.facebook.com\/Escuela-Superior-de-Informtica-543261809027158","https:\/\/x.com\/esiuclm","https:\/\/www.instagram.com\/esiuclm\/","https:\/\/www.youtube.com\/user\/esiuclm","https:\/\/www.twitch.tv\/esiuclm","https:\/\/www.linkedin.com\/company\/12656631\/admin\/"]}]}},"_links":{"self":[{"href":"https:\/\/esi.uclm.es\/index.php\/wp-json\/wp\/v2\/pages\/20794","targetHints":{"allow":["GET"]}}],"collection":[{"href":"https:\/\/esi.uclm.es\/index.php\/wp-json\/wp\/v2\/pages"}],"about":[{"href":"https:\/\/esi.uclm.es\/index.php\/wp-json\/wp\/v2\/types\/page"}],"author":[{"embeddable":true,"href":"https:\/\/esi.uclm.es\/index.php\/wp-json\/wp\/v2\/users\/1"}],"replies":[{"embeddable":true,"href":"https:\/\/esi.uclm.es\/index.php\/wp-json\/wp\/v2\/comments?post=20794"}],"version-history":[{"count":5,"href":"https:\/\/esi.uclm.es\/index.php\/wp-json\/wp\/v2\/pages\/20794\/revisions"}],"predecessor-version":[{"id":20969,"href":"https:\/\/esi.uclm.es\/index.php\/wp-json\/wp\/v2\/pages\/20794\/revisions\/20969"}],"wp:attachment":[{"href":"https:\/\/esi.uclm.es\/index.php\/wp-json\/wp\/v2\/media?parent=20794"}],"curies":[{"name":"wp","href":"https:\/\/api.w.org\/{rel}","templated":true}]}}