{"id":20467,"date":"2025-03-16T08:59:04","date_gmt":"2025-03-16T08:59:04","guid":{"rendered":"https:\/\/esi.uclm.es\/?page_id=20467"},"modified":"2025-03-16T11:17:08","modified_gmt":"2025-03-16T11:17:08","slug":"reconocimiento-entre-asignaturas","status":"publish","type":"page","link":"https:\/\/esi.uclm.es\/index.php\/doble-grado-informatica-ade\/reconocimiento-entre-asignaturas\/","title":{"rendered":"Reconocimiento entre asignaturas"},"content":{"rendered":"\n<h3 class=\"wp-block-heading\">Reconocimiento entre asignaturas de los t\u00edtulos Grado en Administraci\u00f3n y Direcci\u00f3n de Empresas &#8211; Grado en Ingenier\u00eda Inform\u00e1tica<\/h3>\n\n\n\n<hr class=\"wp-block-separator has-text-color has-vivid-cyan-blue-color has-alpha-channel-opacity has-vivid-cyan-blue-background-color has-background\"\/>\n\n\n\n<figure class=\"wp-block-table\"><table class=\"has-fixed-layout\"><tbody><tr><td colspan=\"4\"><strong>Asignaturas cursadas en el Grado en Administraci\u00f3n y Direcci\u00f3n de Empresas<\/strong><strong><\/strong><\/td><td colspan=\"4\"><strong>Asignaturas reconocidas en el Grado en Ingenier\u00eda Inform\u00e1tica<\/strong><strong><\/strong><\/td><\/tr><tr><td><strong>C\u00f3digo<\/strong><strong><\/strong><\/td><td><strong>Asignatura<\/strong><strong><\/strong><\/td><td><strong>Car\u00e1cter<\/strong><strong><\/strong><\/td><td><strong>ECTS<\/strong><strong><\/strong><\/td><td><strong>C\u00f3digo<\/strong><strong><\/strong><\/td><td><strong>Asignatura<\/strong><strong><\/strong><\/td><td><strong>Car\u00e1cter<\/strong><strong><\/strong><\/td><td><strong>ECTS<\/strong><strong><\/strong><\/td><\/tr><tr><td>54303<\/td><td>Derecho de la Empresa<\/td><td>FB<\/td><td>6<\/td><td>42325<\/td><td>Aspectos Profesionales de la Inform\u00e1tica<\/td><td>OB<\/td><td>6<\/td><\/tr><tr><td>54318<\/td><td>Inferencia Estad\u00edstica e Introducci\u00f3n a la Econometr\u00eda<\/td><td>OB<\/td><td>6<\/td><td>&#8211; &nbsp;<\/td><td>M\u00e9todos Estad\u00edsticos en Ingenier\u00eda<\/td><td>OP<\/td><td>6<\/td><\/tr><tr><td>54325<\/td><td>Direcci\u00f3n de Operaciones<\/td><td>OB<\/td><td>6<\/td><td>&#8211;<\/td><td>Ingenier\u00eda de Servicios<\/td><td>OP<\/td><td>6<\/td><\/tr><tr><td>54320<\/td><td>Direcci\u00f3n Comercial de la Empresa<\/td><td>OB<\/td><td>6<\/td><td>42329<\/td><td>Sistemas de Informaci\u00f3n Empresariales<\/td><td>OP\/TE-IS<\/td><td>6<\/td><\/tr><tr><td>53328<\/td><td>Pr\u00e1cticas en empresa<\/td><td>OB<\/td><td>&nbsp;&nbsp;&nbsp; 12<\/td><td>42399<\/td><td>Pr\u00e1cticas en empresa<\/td><td>OP<\/td><td>12<\/td><\/tr><tr><td>54307<\/td><td>Fundamentos de Administraci\u00f3n de Empresas<\/td><td>FB<\/td><td>6<\/td><td>42304<\/td><td>Fundamentos de Gesti\u00f3n Empresarial<\/td><td>FB<\/td><td>6<\/td><\/tr><tr><td>&nbsp;<\/td><td>&nbsp;<\/td><td>&nbsp;<\/td><td>&nbsp;<\/td><td colspan=\"3\">TOTAL CR\u00c9DITOS RECONOCIDOS<\/td><td>42<\/td><\/tr><\/tbody><\/table><\/figure>\n\n\n\n<h3 class=\"wp-block-heading\">Reconocimiento entre asignaturas de los t\u00edtulos Grado en Ingenier\u00eda Inform\u00e1tica &#8211; Grado en Administraci\u00f3n y Direcci\u00f3n de Empresas<\/h3>\n\n\n\n<hr class=\"wp-block-separator has-text-color has-vivid-cyan-blue-color has-alpha-channel-opacity has-vivid-cyan-blue-background-color has-background\"\/>\n\n\n\n<figure class=\"wp-block-table\"><table class=\"has-fixed-layout\"><tbody><tr><td colspan=\"4\"><strong>Asignaturas cursadas en el Grado en Ingenier\u00eda Inform\u00e1tica<\/strong><strong><\/strong><\/td><td colspan=\"4\"><strong>Asignaturas reconocidas en el Grado en Administraci\u00f3n y Direcci\u00f3n de Empresas<\/strong><strong><\/strong><\/td><\/tr><tr><td><strong>C\u00f3digo<\/strong><strong><\/strong><\/td><td><strong>Asignatura<\/strong><strong><\/strong><\/td><td><strong>Car\u00e1cter<\/strong><strong><\/strong><\/td><td><strong>ECTS<\/strong><strong><\/strong><\/td><td><strong>C\u00f3digo<\/strong><strong><\/strong><\/td><td><strong>Asignatura<\/strong><strong><\/strong><\/td><td><strong>Car\u00e1cter<\/strong><strong><\/strong><\/td><td><strong>ECTS<\/strong><strong><\/strong><\/td><\/tr><tr><td>42300<\/td><td>C\u00e1lculo y M\u00e9todos Num\u00e9ricos<\/td><td>FB<\/td><td>6<\/td><td>54304<\/td><td>Matem\u00e1ticas I para la Empresa<\/td><td>FB<\/td><td>6<\/td><\/tr><tr><td>42305<\/td><td>\u00c1lgebra y Matem\u00e1tica Discreta<\/td><td>FB<\/td><td>6<\/td><td>54305<\/td><td>Matem\u00e1ticas II para la Empresa &nbsp;<\/td><td>FB<\/td><td>6<\/td><\/tr><tr><td>42315<\/td><td>Estad\u00edstica<\/td><td>FB<\/td><td>6<\/td><td>54306<\/td><td>Estad\u00edstica Empresarial<\/td><td>FB<\/td><td>6<\/td><\/tr><tr><td>42309<\/td><td>Sistemas de Informaci\u00f3n (6)<\/td><td>OB<\/td><td rowspan=\"2\">12<\/td><td>54343<\/td><td>Distribuci\u00f3n Comercial (4,5)<\/td><td>OP<\/td><td rowspan=\"2\">9<\/td><\/tr><tr><td>42326<\/td><td>Ingenier\u00eda de Requisitos (6)<\/td><td>OP\/M-IS<\/td><td>54358<\/td><td>Sociolog\u00eda del Trabajo (4,5)<\/td><td>OP<\/td><\/tr><tr><td>42321<\/td><td>Sistemas Inteligentes<\/td><td>OB<\/td><td>6<\/td><td>54338<\/td><td>Modelos para la Decisi\u00f3n Empresarial<\/td><td>OP<\/td><td>4,5<\/td><\/tr><tr><td>42332<\/td><td>Gesti\u00f3n de Proyectos Software<\/td><td>OP\/M-IS<\/td><td>6<\/td><td>54339<\/td><td>Seminario de Especializaci\u00f3n<\/td><td>OP<\/td><td>6<\/td><\/tr><tr><td>42331<\/td><td>Calidad de Sistemas Software<\/td><td>OP\/M-IS<\/td><td>6<\/td><td>54346<\/td><td>Seminario de Especializaci\u00f3n<\/td><td>OP<\/td><td>6<\/td><\/tr><tr><td>42333<\/td><td>Seguridad de Sistemas Software<\/td><td>OP\/M-IS<\/td><td>6<\/td><td>54353<\/td><td>Seminario de Especializaci\u00f3n<\/td><td>OP<\/td><td>6<\/td><\/tr><tr><td>&nbsp;<\/td><td>&nbsp;<\/td><td>&nbsp;<\/td><td>&nbsp;<\/td><td colspan=\"3\">TOTAL CR\u00c9DITOS RECONOCIDOS<\/td><td>&nbsp;49,5<\/td><\/tr><\/tbody><\/table><\/figure>\n","protected":false},"excerpt":{"rendered":"<p>Reconocimiento entre asignaturas de los t\u00edtulos Grado en Administraci\u00f3n y Direcci\u00f3n de Empresas &#8211; Grado en Ingenier\u00eda Inform\u00e1tica Asignaturas cursadas en el Grado en Administraci\u00f3n y Direcci\u00f3n de Empresas Asignaturas reconocidas en el Grado en Ingenier\u00eda Inform\u00e1tica C\u00f3digo Asignatura Car\u00e1cter ECTS C\u00f3digo Asignatura Car\u00e1cter ECTS [&hellip;]<\/p>\n","protected":false},"author":1,"featured_media":0,"parent":20462,"menu_order":0,"comment_status":"closed","ping_status":"closed","template":"","meta":{"footnotes":""},"class_list":["post-20467","page","type-page","status-publish","hentry"],"yoast_head":"<!-- This site is optimized with the Yoast SEO plugin v27.4 - https:\/\/yoast.com\/product\/yoast-seo-wordpress\/ -->\n<title>Reconocimiento entre asignaturas - Escuela Superior de Inform\u00e1tica de UCLM<\/title>\n<meta name=\"description\" content=\"Reconocimiento entre asignaturas de los t\u00edtulos del doble Grado Inform\u00e1tica-ADE en la UCLM.\" \/>\n<meta name=\"robots\" content=\"index, follow, max-snippet:-1, max-image-preview:large, max-video-preview:-1\" \/>\n<link rel=\"canonical\" href=\"https:\/\/esi.uclm.es\/index.php\/doble-grado-informatica-ade\/reconocimiento-entre-asignaturas\/\" \/>\n<meta property=\"og:locale\" content=\"es_ES\" \/>\n<meta property=\"og:type\" content=\"article\" \/>\n<meta property=\"og:title\" content=\"Reconocimiento entre asignaturas - Escuela Superior de Inform\u00e1tica de UCLM\" \/>\n<meta property=\"og:description\" content=\"Reconocimiento entre asignaturas de los t\u00edtulos del doble Grado Inform\u00e1tica-ADE en la UCLM.\" \/>\n<meta property=\"og:url\" content=\"https:\/\/esi.uclm.es\/index.php\/doble-grado-informatica-ade\/reconocimiento-entre-asignaturas\/\" \/>\n<meta property=\"og:site_name\" content=\"Escuela Superior de Inform\u00e1tica de UCLM\" \/>\n<meta property=\"article:publisher\" content=\"https:\/\/www.facebook.com\/Escuela-Superior-de-Informtica-543261809027158\" \/>\n<meta property=\"article:modified_time\" content=\"2025-03-16T11:17:08+00:00\" \/>\n<meta name=\"twitter:card\" content=\"summary_large_image\" \/>\n<meta name=\"twitter:site\" content=\"@esiuclm\" \/>\n<meta name=\"twitter:label1\" content=\"Tiempo de lectura\" \/>\n\t<meta name=\"twitter:data1\" content=\"2 minutos\" \/>\n<script type=\"application\/ld+json\" class=\"yoast-schema-graph\">{\"@context\":\"https:\\\/\\\/schema.org\",\"@graph\":[{\"@type\":\"WebPage\",\"@id\":\"https:\\\/\\\/esi.uclm.es\\\/index.php\\\/doble-grado-informatica-ade\\\/reconocimiento-entre-asignaturas\\\/\",\"url\":\"https:\\\/\\\/esi.uclm.es\\\/index.php\\\/doble-grado-informatica-ade\\\/reconocimiento-entre-asignaturas\\\/\",\"name\":\"Reconocimiento entre asignaturas - Escuela Superior de Inform\u00e1tica de UCLM\",\"isPartOf\":{\"@id\":\"https:\\\/\\\/esi.uclm.es\\\/#website\"},\"datePublished\":\"2025-03-16T08:59:04+00:00\",\"dateModified\":\"2025-03-16T11:17:08+00:00\",\"description\":\"Reconocimiento entre asignaturas de los t\u00edtulos del doble Grado Inform\u00e1tica-ADE en la UCLM.\",\"breadcrumb\":{\"@id\":\"https:\\\/\\\/esi.uclm.es\\\/index.php\\\/doble-grado-informatica-ade\\\/reconocimiento-entre-asignaturas\\\/#breadcrumb\"},\"inLanguage\":\"es\",\"potentialAction\":[{\"@type\":\"ReadAction\",\"target\":[\"https:\\\/\\\/esi.uclm.es\\\/index.php\\\/doble-grado-informatica-ade\\\/reconocimiento-entre-asignaturas\\\/\"]}]},{\"@type\":\"BreadcrumbList\",\"@id\":\"https:\\\/\\\/esi.uclm.es\\\/index.php\\\/doble-grado-informatica-ade\\\/reconocimiento-entre-asignaturas\\\/#breadcrumb\",\"itemListElement\":[{\"@type\":\"ListItem\",\"position\":1,\"name\":\"Portada\",\"item\":\"https:\\\/\\\/esi.uclm.es\\\/\"},{\"@type\":\"ListItem\",\"position\":2,\"name\":\"Doble Grado Inform\u00e1tica-ADE\",\"item\":\"https:\\\/\\\/esi.uclm.es\\\/index.php\\\/doble-grado-informatica-ade\\\/\"},{\"@type\":\"ListItem\",\"position\":3,\"name\":\"Reconocimiento entre asignaturas\"}]},{\"@type\":\"WebSite\",\"@id\":\"https:\\\/\\\/esi.uclm.es\\\/#website\",\"url\":\"https:\\\/\\\/esi.uclm.es\\\/\",\"name\":\"Escuela Superior de Inform\u00e1tica de UCLM en Ciudad Real, Castilla-La Mancha\",\"description\":\"La Escuela Superior de Inform\u00e1tica de Ciudad Real (Castilla-La Mancha), Universidad de Castilla-La Mancha es un centro universitario que imparte el ciclo completo de Ingenier\u00eda en Inform\u00e1tica: grado, m\u00e1ster y doctorado.\",\"publisher\":{\"@id\":\"https:\\\/\\\/esi.uclm.es\\\/#organization\"},\"potentialAction\":[{\"@type\":\"SearchAction\",\"target\":{\"@type\":\"EntryPoint\",\"urlTemplate\":\"https:\\\/\\\/esi.uclm.es\\\/?s={search_term_string}\"},\"query-input\":{\"@type\":\"PropertyValueSpecification\",\"valueRequired\":true,\"valueName\":\"search_term_string\"}}],\"inLanguage\":\"es\"},{\"@type\":\"Organization\",\"@id\":\"https:\\\/\\\/esi.uclm.es\\\/#organization\",\"name\":\"Escuela Superior de Inform\u00e1tica de UCLM\",\"url\":\"https:\\\/\\\/esi.uclm.es\\\/\",\"logo\":{\"@type\":\"ImageObject\",\"inLanguage\":\"es\",\"@id\":\"https:\\\/\\\/esi.uclm.es\\\/#\\\/schema\\\/logo\\\/image\\\/\",\"url\":\"https:\\\/\\\/esi.uclm.es\\\/assets\\\/uploads\\\/2022\\\/03\\\/LogoESI_cabecera-1.png\",\"contentUrl\":\"https:\\\/\\\/esi.uclm.es\\\/assets\\\/uploads\\\/2022\\\/03\\\/LogoESI_cabecera-1.png\",\"width\":460,\"height\":184,\"caption\":\"Escuela Superior de Inform\u00e1tica de UCLM\"},\"image\":{\"@id\":\"https:\\\/\\\/esi.uclm.es\\\/#\\\/schema\\\/logo\\\/image\\\/\"},\"sameAs\":[\"https:\\\/\\\/www.facebook.com\\\/Escuela-Superior-de-Informtica-543261809027158\",\"https:\\\/\\\/x.com\\\/esiuclm\",\"https:\\\/\\\/www.instagram.com\\\/esiuclm\\\/\",\"https:\\\/\\\/www.youtube.com\\\/user\\\/esiuclm\",\"https:\\\/\\\/www.twitch.tv\\\/esiuclm\",\"https:\\\/\\\/www.linkedin.com\\\/company\\\/12656631\\\/admin\\\/\"]}]}<\/script>\n<!-- \/ Yoast SEO plugin. -->","yoast_head_json":{"title":"Reconocimiento entre asignaturas - Escuela Superior de Inform\u00e1tica de UCLM","description":"Reconocimiento entre asignaturas de los t\u00edtulos del doble Grado Inform\u00e1tica-ADE en la UCLM.","robots":{"index":"index","follow":"follow","max-snippet":"max-snippet:-1","max-image-preview":"max-image-preview:large","max-video-preview":"max-video-preview:-1"},"canonical":"https:\/\/esi.uclm.es\/index.php\/doble-grado-informatica-ade\/reconocimiento-entre-asignaturas\/","og_locale":"es_ES","og_type":"article","og_title":"Reconocimiento entre asignaturas - Escuela Superior de Inform\u00e1tica de UCLM","og_description":"Reconocimiento entre asignaturas de los t\u00edtulos del doble Grado Inform\u00e1tica-ADE en la UCLM.","og_url":"https:\/\/esi.uclm.es\/index.php\/doble-grado-informatica-ade\/reconocimiento-entre-asignaturas\/","og_site_name":"Escuela Superior de Inform\u00e1tica de UCLM","article_publisher":"https:\/\/www.facebook.com\/Escuela-Superior-de-Informtica-543261809027158","article_modified_time":"2025-03-16T11:17:08+00:00","twitter_card":"summary_large_image","twitter_site":"@esiuclm","twitter_misc":{"Tiempo de lectura":"2 minutos"},"schema":{"@context":"https:\/\/schema.org","@graph":[{"@type":"WebPage","@id":"https:\/\/esi.uclm.es\/index.php\/doble-grado-informatica-ade\/reconocimiento-entre-asignaturas\/","url":"https:\/\/esi.uclm.es\/index.php\/doble-grado-informatica-ade\/reconocimiento-entre-asignaturas\/","name":"Reconocimiento entre asignaturas - Escuela Superior de Inform\u00e1tica de UCLM","isPartOf":{"@id":"https:\/\/esi.uclm.es\/#website"},"datePublished":"2025-03-16T08:59:04+00:00","dateModified":"2025-03-16T11:17:08+00:00","description":"Reconocimiento entre asignaturas de los t\u00edtulos del doble Grado Inform\u00e1tica-ADE en la UCLM.","breadcrumb":{"@id":"https:\/\/esi.uclm.es\/index.php\/doble-grado-informatica-ade\/reconocimiento-entre-asignaturas\/#breadcrumb"},"inLanguage":"es","potentialAction":[{"@type":"ReadAction","target":["https:\/\/esi.uclm.es\/index.php\/doble-grado-informatica-ade\/reconocimiento-entre-asignaturas\/"]}]},{"@type":"BreadcrumbList","@id":"https:\/\/esi.uclm.es\/index.php\/doble-grado-informatica-ade\/reconocimiento-entre-asignaturas\/#breadcrumb","itemListElement":[{"@type":"ListItem","position":1,"name":"Portada","item":"https:\/\/esi.uclm.es\/"},{"@type":"ListItem","position":2,"name":"Doble Grado Inform\u00e1tica-ADE","item":"https:\/\/esi.uclm.es\/index.php\/doble-grado-informatica-ade\/"},{"@type":"ListItem","position":3,"name":"Reconocimiento entre asignaturas"}]},{"@type":"WebSite","@id":"https:\/\/esi.uclm.es\/#website","url":"https:\/\/esi.uclm.es\/","name":"Escuela Superior de Inform\u00e1tica de UCLM en Ciudad Real, Castilla-La Mancha","description":"La Escuela Superior de Inform\u00e1tica de Ciudad Real (Castilla-La Mancha), Universidad de Castilla-La Mancha es un centro universitario que imparte el ciclo completo de Ingenier\u00eda en Inform\u00e1tica: grado, m\u00e1ster y doctorado.","publisher":{"@id":"https:\/\/esi.uclm.es\/#organization"},"potentialAction":[{"@type":"SearchAction","target":{"@type":"EntryPoint","urlTemplate":"https:\/\/esi.uclm.es\/?s={search_term_string}"},"query-input":{"@type":"PropertyValueSpecification","valueRequired":true,"valueName":"search_term_string"}}],"inLanguage":"es"},{"@type":"Organization","@id":"https:\/\/esi.uclm.es\/#organization","name":"Escuela Superior de Inform\u00e1tica de UCLM","url":"https:\/\/esi.uclm.es\/","logo":{"@type":"ImageObject","inLanguage":"es","@id":"https:\/\/esi.uclm.es\/#\/schema\/logo\/image\/","url":"https:\/\/esi.uclm.es\/assets\/uploads\/2022\/03\/LogoESI_cabecera-1.png","contentUrl":"https:\/\/esi.uclm.es\/assets\/uploads\/2022\/03\/LogoESI_cabecera-1.png","width":460,"height":184,"caption":"Escuela Superior de Inform\u00e1tica de UCLM"},"image":{"@id":"https:\/\/esi.uclm.es\/#\/schema\/logo\/image\/"},"sameAs":["https:\/\/www.facebook.com\/Escuela-Superior-de-Informtica-543261809027158","https:\/\/x.com\/esiuclm","https:\/\/www.instagram.com\/esiuclm\/","https:\/\/www.youtube.com\/user\/esiuclm","https:\/\/www.twitch.tv\/esiuclm","https:\/\/www.linkedin.com\/company\/12656631\/admin\/"]}]}},"_links":{"self":[{"href":"https:\/\/esi.uclm.es\/index.php\/wp-json\/wp\/v2\/pages\/20467","targetHints":{"allow":["GET"]}}],"collection":[{"href":"https:\/\/esi.uclm.es\/index.php\/wp-json\/wp\/v2\/pages"}],"about":[{"href":"https:\/\/esi.uclm.es\/index.php\/wp-json\/wp\/v2\/types\/page"}],"author":[{"embeddable":true,"href":"https:\/\/esi.uclm.es\/index.php\/wp-json\/wp\/v2\/users\/1"}],"replies":[{"embeddable":true,"href":"https:\/\/esi.uclm.es\/index.php\/wp-json\/wp\/v2\/comments?post=20467"}],"version-history":[{"count":3,"href":"https:\/\/esi.uclm.es\/index.php\/wp-json\/wp\/v2\/pages\/20467\/revisions"}],"predecessor-version":[{"id":20505,"href":"https:\/\/esi.uclm.es\/index.php\/wp-json\/wp\/v2\/pages\/20467\/revisions\/20505"}],"up":[{"embeddable":true,"href":"https:\/\/esi.uclm.es\/index.php\/wp-json\/wp\/v2\/pages\/20462"}],"wp:attachment":[{"href":"https:\/\/esi.uclm.es\/index.php\/wp-json\/wp\/v2\/media?parent=20467"}],"curies":[{"name":"wp","href":"https:\/\/api.w.org\/{rel}","templated":true}]}}