{"id":1960,"date":"2016-03-07T16:41:52","date_gmt":"2016-03-07T16:41:52","guid":{"rendered":"http:\/\/discussion.mikado-themes.com\/?page_id=1960"},"modified":"2016-03-07T16:41:52","modified_gmt":"2016-03-07T16:41:52","slug":"layout-5","status":"publish","type":"page","link":"https:\/\/esi.uclm.es\/index.php\/layout-5\/","title":{"rendered":"Layout 5"},"content":{"rendered":"<div class=\"vc_row wpb_row vc_row-fluid mkd-section mkd-content-aligment-left\" style=\"\"><div class=\"clearfix mkd-full-section-inner\"><div class=\"wpb_column vc_column_container vc_col-sm-12\"><div class=\"vc_column-inner\"><div class=\"wpb_wrapper\"><div class=\"mkd-bnl-holder mkd-pl-five-holder  mkd-post-columns-3\"  data-base=\"mkd_post_layout_five\"  data-number_of_posts=\"3\" data-column_number=\"3\" data-category_id=\"8\"       data-title=\"Three Columns\" data-pattern_style=\"light\" data-thumb_image_size=\"custom_size\" data-thumb_image_width=\"640\" data-thumb_image_height=\"407\" data-title_tag=\"h5\" data-title_length=\"20\"    data-display_comments=\"no\" data-display_share=\"no\" data-display_count=\"no\" data-display_excerpt=\"yes\" data-excerpt_length=\"6\" data-display_read_more=\"no\" data-display_pagination=\"no\"    data-paged=\"1\" data-max_pages=\"402\"><div class=\"mkd-layout-title-holder\"><span class=\"mkd-section-title-holder clearfix mkd-pattern-light\">\n            <span class=\"mkd-st-title\">\n        Three Columns        <\/span>\n    <\/span><\/div><div class=\"mkd-bnl-outer\"><div class=\"mkd-bnl-inner\"><div class=\"mkd-pt-five-item mkd-post-item\">\n\t<div class=\"mkd-pt-five-item-inner\">\n\t\t<div class=\"mkd-pt-five-top-content\">\n\t\t\t\t\t\t\t<div class=\"mkd-pt-five-image\">\n\t\t\t\t\t\t\t\t\t\t<a itemprop=\"url\" class=\"mkd-pt-five-link mkd-image-link\" href=\"https:\/\/esi.uclm.es\/index.php\/2026\/04\/04\/8-de-abril-hackeando-el-miedo-a-la-transparencia\/\" target=\"_self\">\n\t\t\t\t\t\t<img loading=\"lazy\" decoding=\"async\" src=\"https:\/\/esi.uclm.es\/assets\/uploads\/2026\/04\/jaimeGO_web-640x407.webp\" alt=\"Jaime G\u00f3mez Obreg\u00f3n\" width=\"640\" height=\"407\" \/>\t\t\t\t\t<\/a>\n\t\t\t\t<\/div>\n\t\t\t\t\t\t<div class=\"mkd-pt-five-content\">\n\t\t\t\t<div class=\"mkd-pt-five-content-inner\">\n\t\t\t\t\t<h5 class=\"mkd-pt-five-title\">\n\t\t\t\t\t\t<a itemprop=\"url\" class=\"mkd-pt-link\" href=\"https:\/\/esi.uclm.es\/index.php\/2026\/04\/04\/8-de-abril-hackeando-el-miedo-a-la-transparencia\/\" target=\"_self\">8 de abril &#8211; H...<\/a>\n\t\t\t\t\t<\/h5>\n\t\t\t\t\t<div itemprop=\"dateCreated\" class=\"mkd-post-info-date entry-date updated\">\n\t\t\t<a itemprop=\"url\" href=\"https:\/\/esi.uclm.es\/index.php\/2026\/04\/\">\n\t\t4 de abril de 2026\t\t\t<\/a>\n\t\t<meta itemprop=\"interactionCount\" content=\"UserComments: 0\"\/>\n<\/div>\t\t\t\t\t\t\t\t\t\t\t<div class=\"mkd-pt-one-excerpt\">\n\t\t\t\t\t\t\t<p class=\"mkd-post-excerpt\">\nLa Escuela Superior de Inform\u00e1tica acoger\u00e1<\/p>\t\t\t\t\t\t<\/div>\n\t\t\t\t\t\t\t\t\t<\/div>\n\t\t\t\t\t\t\t<\/div>\n\t\t<\/div>\n\t<\/div>\n<\/div><div class=\"mkd-pt-five-item mkd-post-item\">\n\t<div class=\"mkd-pt-five-item-inner\">\n\t\t<div class=\"mkd-pt-five-top-content\">\n\t\t\t\t\t\t\t<div class=\"mkd-pt-five-image\">\n\t\t\t\t\t\t\t\t\t\t<a itemprop=\"url\" class=\"mkd-pt-five-link mkd-image-link\" href=\"https:\/\/esi.uclm.es\/index.php\/2026\/04\/03\/campana-24-25-estudia-ingenieria-informatica-estudia-en-la-esi\/\" target=\"_self\">\n\t\t\t\t\t\t<img loading=\"lazy\" decoding=\"async\" src=\"https:\/\/esi.uclm.es\/assets\/uploads\/2023\/04\/fachada_centrada-640x407.jpg\" alt=\"Facchada de la Escuela Superior de Inform\u00e1tica\" width=\"640\" height=\"407\" \/>\t\t\t\t\t<\/a>\n\t\t\t\t<\/div>\n\t\t\t\t\t\t<div class=\"mkd-pt-five-content\">\n\t\t\t\t<div class=\"mkd-pt-five-content-inner\">\n\t\t\t\t\t<h5 class=\"mkd-pt-five-title\">\n\t\t\t\t\t\t<a itemprop=\"url\" class=\"mkd-pt-link\" href=\"https:\/\/esi.uclm.es\/index.php\/2026\/04\/03\/campana-24-25-estudia-ingenieria-informatica-estudia-en-la-esi\/\" target=\"_self\">Estudia Ingenier\u00eda I...<\/a>\n\t\t\t\t\t<\/h5>\n\t\t\t\t\t<div itemprop=\"dateCreated\" class=\"mkd-post-info-date entry-date updated\">\n\t\t\t<a itemprop=\"url\" href=\"https:\/\/esi.uclm.es\/index.php\/2026\/04\/\">\n\t\t3 de abril de 2026\t\t\t<\/a>\n\t\t<meta itemprop=\"interactionCount\" content=\"UserComments: 0\"\/>\n<\/div>\t\t\t\t\t\t\t\t\t\t\t<div class=\"mkd-pt-one-excerpt\">\n\t\t\t\t\t\t\t<p class=\"mkd-post-excerpt\">\n\u00bfInteresado\/a en estudiar Ingenier\u00eda Inform\u00e1tica? Conoce<\/p>\t\t\t\t\t\t<\/div>\n\t\t\t\t\t\t\t\t\t<\/div>\n\t\t\t\t\t\t\t<\/div>\n\t\t<\/div>\n\t<\/div>\n<\/div><div class=\"mkd-pt-five-item mkd-post-item\">\n\t<div class=\"mkd-pt-five-item-inner\">\n\t\t<div class=\"mkd-pt-five-top-content\">\n\t\t\t\t\t\t\t<div class=\"mkd-pt-five-image\">\n\t\t\t\t\t\t\t\t\t\t<a itemprop=\"url\" class=\"mkd-pt-five-link mkd-image-link\" href=\"https:\/\/esi.uclm.es\/index.php\/2026\/03\/25\/en-video-conferencia-de-isabel-rodriguez-olivar\/\" target=\"_self\">\n\t\t\t\t\t\t<img loading=\"lazy\" decoding=\"async\" src=\"https:\/\/esi.uclm.es\/assets\/uploads\/2026\/03\/isabelRodriguez_conferencia_Video-640x407.webp\" alt=\"Isabel Rodr\u00edguez Olivar durante la conferencia\" width=\"640\" height=\"407\" \/>\t\t\t\t\t<\/a>\n\t\t\t\t<\/div>\n\t\t\t\t\t\t<div class=\"mkd-pt-five-content\">\n\t\t\t\t<div class=\"mkd-pt-five-content-inner\">\n\t\t\t\t\t<h5 class=\"mkd-pt-five-title\">\n\t\t\t\t\t\t<a itemprop=\"url\" class=\"mkd-pt-link\" href=\"https:\/\/esi.uclm.es\/index.php\/2026\/03\/25\/en-video-conferencia-de-isabel-rodriguez-olivar\/\" target=\"_self\">En v\u00eddeo &#8211; Con...<\/a>\n\t\t\t\t\t<\/h5>\n\t\t\t\t\t<div itemprop=\"dateCreated\" class=\"mkd-post-info-date entry-date updated\">\n\t\t\t<a itemprop=\"url\" href=\"https:\/\/esi.uclm.es\/index.php\/2026\/03\/\">\n\t\t25 de marzo de 2026\t\t\t<\/a>\n\t\t<meta itemprop=\"interactionCount\" content=\"UserComments: 0\"\/>\n<\/div>\t\t\t\t\t\t\t\t\t\t\t<div class=\"mkd-pt-one-excerpt\">\n\t\t\t\t\t\t\t<p class=\"mkd-post-excerpt\">\nA continuaci\u00f3n, puedes visualizar el v\u00eddeo<\/p>\t\t\t\t\t\t<\/div>\n\t\t\t\t\t\t\t\t\t<\/div>\n\t\t\t\t\t\t\t<\/div>\n\t\t<\/div>\n\t<\/div>\n<\/div><\/div><\/div><\/div><\/div><\/div><\/div><\/div><\/div><div class=\"vc_row wpb_row vc_row-fluid mkd-section vc_custom_1457369194989 mkd-content-aligment-left\" style=\"\"><div class=\"clearfix mkd-full-section-inner\"><div class=\"wpb_column vc_column_container vc_col-sm-12\"><div class=\"vc_column-inner\"><div class=\"wpb_wrapper\"><div class=\"mkd-bnl-holder mkd-pl-five-holder  mkd-post-columns-2\"  data-base=\"mkd_post_layout_five\"  data-number_of_posts=\"2\" data-column_number=\"2\"     data-post_in=\"622, 541\"   data-title=\"Two Columns\" data-pattern_style=\"light\" data-thumb_image_size=\"full\"   data-title_tag=\"h4\"     data-display_comments=\"no\" data-display_share=\"no\" data-display_count=\"no\" data-display_excerpt=\"yes\" data-excerpt_length=\"15\" data-display_read_more=\"no\" data-display_pagination=\"no\"    data-paged=\"1\" ><div class=\"mkd-layout-title-holder\"><span class=\"mkd-section-title-holder clearfix mkd-pattern-light\">\n            <span class=\"mkd-st-title\">\n        Two Columns        <\/span>\n    <\/span><\/div><div class=\"mkd-bnl-outer\"><div class=\"mkd-bnl-inner\"><div class=\"mkd-pl-five-message\"><p>No posts were found.<\/p><\/div><\/div><\/div><\/div><\/div><\/div><\/div><\/div><\/div><div class=\"vc_row wpb_row vc_row-fluid mkd-section vc_custom_1457369204436 mkd-content-aligment-left\" style=\"\"><div class=\"clearfix mkd-full-section-inner\"><div class=\"wpb_column vc_column_container vc_col-sm-12\"><div class=\"vc_column-inner\"><div class=\"wpb_wrapper\"><div class=\"mkd-bnl-holder mkd-pl-five-holder  mkd-post-columns-1 mkd-post-pag-np-horizontal\"  data-base=\"mkd_post_layout_five\"  data-number_of_posts=\"1\" data-column_number=\"1\"        data-title=\"With Pagination\" data-pattern_style=\"light\" data-thumb_image_size=\"full\"        data-display_comments=\"no\" data-display_share=\"no\" data-display_count=\"no\" data-display_excerpt=\"yes\" data-excerpt_length=\"30\" data-display_read_more=\"no\" data-display_pagination=\"yes\" data-pagination_type=\"np-horizontal\"   data-paged=\"1\" data-max_pages=\"1205\"  data-next_page=\"2\"><div class=\"mkd-layout-title-holder\"><span class=\"mkd-section-title-holder clearfix mkd-pattern-light\">\n            <span class=\"mkd-st-title\">\n        With Pagination        <\/span>\n    <\/span><\/div><div class=\"mkd-bnl-outer\"><div class=\"mkd-bnl-inner\"><div class=\"mkd-pt-five-item mkd-post-item\">\n\t<div class=\"mkd-pt-five-item-inner\">\n\t\t<div class=\"mkd-pt-five-top-content\">\n\t\t\t\t\t\t\t<div class=\"mkd-pt-five-image\">\n\t\t\t\t\t\t\t\t\t\t<a itemprop=\"url\" class=\"mkd-pt-five-link mkd-image-link\" href=\"https:\/\/esi.uclm.es\/index.php\/2026\/04\/04\/8-de-abril-hackeando-el-miedo-a-la-transparencia\/\" target=\"_self\">\n\t\t\t\t\t\t<img loading=\"lazy\" decoding=\"async\" width=\"1200\" height=\"676\" src=\"https:\/\/esi.uclm.es\/assets\/uploads\/2026\/04\/jaimeGO_web.webp\" class=\"attachment-full size-full wp-post-image\" alt=\"Jaime G\u00f3mez Obreg\u00f3n\" srcset=\"https:\/\/esi.uclm.es\/assets\/uploads\/2026\/04\/jaimeGO_web.webp 1200w, https:\/\/esi.uclm.es\/assets\/uploads\/2026\/04\/jaimeGO_web-300x169.webp 300w, https:\/\/esi.uclm.es\/assets\/uploads\/2026\/04\/jaimeGO_web-1024x577.webp 1024w, https:\/\/esi.uclm.es\/assets\/uploads\/2026\/04\/jaimeGO_web-768x433.webp 768w, https:\/\/esi.uclm.es\/assets\/uploads\/2026\/04\/jaimeGO_web-18x10.webp 18w\" sizes=\"auto, (max-width: 1200px) 100vw, 1200px\" \/>\t\t\t\t\t<\/a>\n\t\t\t\t<\/div>\n\t\t\t\t\t\t<div class=\"mkd-pt-five-content\">\n\t\t\t\t<div class=\"mkd-pt-five-content-inner\">\n\t\t\t\t\t<h3 class=\"mkd-pt-five-title\">\n\t\t\t\t\t\t<a itemprop=\"url\" class=\"mkd-pt-link\" href=\"https:\/\/esi.uclm.es\/index.php\/2026\/04\/04\/8-de-abril-hackeando-el-miedo-a-la-transparencia\/\" target=\"_self\">8 de abril &#8211; Hackeando el miedo a la transparencia<\/a>\n\t\t\t\t\t<\/h3>\n\t\t\t\t\t<div itemprop=\"dateCreated\" class=\"mkd-post-info-date entry-date updated\">\n\t\t\t<a itemprop=\"url\" href=\"https:\/\/esi.uclm.es\/index.php\/2026\/04\/\">\n\t\t4 de abril de 2026\t\t\t<\/a>\n\t\t<meta itemprop=\"interactionCount\" content=\"UserComments: 0\"\/>\n<\/div>\t\t\t\t\t\t\t\t\t\t\t<div class=\"mkd-pt-one-excerpt\">\n\t\t\t\t\t\t\t<p class=\"mkd-post-excerpt\">\nLa Escuela Superior de Inform\u00e1tica acoger\u00e1 el pr\u00f3ximo 8 de abril la visita de Jaime G\u00f3mez-Obreg\u00f3n, ingeniero de telecomunicaci\u00f3n y especialista en ciencia de datos. Reconocido actualmente por su destacada<\/p>\t\t\t\t\t\t<\/div>\n\t\t\t\t\t\t\t\t\t<\/div>\n\t\t\t\t\t\t\t<\/div>\n\t\t<\/div>\n\t<\/div>\n<\/div><\/div><\/div><div class=\"mkd-bnl-navigation-holder\">\n    <div class=\"mkd-bnl-navigation\">\n        <a class=\"mkd-bnl-nav-icon mkd-bnl-nav-prev\"><span class=\"ion-ios-arrow-left\"><\/span><\/a>\n        <a class=\"mkd-bnl-nav-icon mkd-bnl-nav-next\"><span class=\"ion-ios-arrow-right\"><\/span><\/a>\n    <\/div>\n<\/div><div class=\"mkd-post-ajax-preloader\" style=\"display: none;\">\n\t<div class=\"mkd-post-ajax-preloader-inner\">\n\t    <div class=\"mkd-pulse\"><\/div>\n\t    <div class=\"mkd-pulse\"><\/div>\n\t    <div class=\"mkd-pulse\"><\/div>\n\t<\/div>\n<\/div><\/div><\/div><\/div><\/div><\/div><\/div>\n","protected":false},"excerpt":{"rendered":"La Escuela Superior de Inform\u00e1tica acoger\u00e1 el pr\u00f3ximo 8 de abril la visita de Jaime G\u00f3mez-Obreg\u00f3n, ingeniero de telecomunicaci\u00f3n y especialista en ciencia de datos. Reconocido actualmente por su destacada labor en el \u00e1mbito de la transparencia institucional y el activismo c\u00edvico en Espa\u00f1a, G\u00f3mez-Obreg\u00f3n [...]","protected":false},"author":1,"featured_media":0,"parent":0,"menu_order":0,"comment_status":"closed","ping_status":"closed","template":"","meta":{"footnotes":""},"class_list":["post-1960","page","type-page","status-publish","hentry"],"yoast_head":"<!-- This site is optimized with the Yoast SEO plugin v27.3 - https:\/\/yoast.com\/product\/yoast-seo-wordpress\/ -->\n<title>Layout 5 - Escuela Superior de Inform\u00e1tica de UCLM<\/title>\n<meta name=\"robots\" content=\"index, follow, max-snippet:-1, max-image-preview:large, max-video-preview:-1\" \/>\n<link rel=\"canonical\" href=\"https:\/\/esi.uclm.es\/index.php\/layout-5\/\" \/>\n<meta property=\"og:locale\" content=\"es_ES\" \/>\n<meta property=\"og:type\" content=\"article\" \/>\n<meta property=\"og:title\" content=\"Layout 5 - Escuela Superior de Inform\u00e1tica de UCLM\" \/>\n<meta property=\"og:url\" content=\"https:\/\/esi.uclm.es\/index.php\/layout-5\/\" \/>\n<meta property=\"og:site_name\" content=\"Escuela Superior de Inform\u00e1tica de UCLM\" \/>\n<meta property=\"article:publisher\" content=\"https:\/\/www.facebook.com\/Escuela-Superior-de-Informtica-543261809027158\" \/>\n<meta name=\"twitter:card\" content=\"summary_large_image\" \/>\n<meta name=\"twitter:site\" content=\"@esiuclm\" \/>\n<meta name=\"twitter:label1\" content=\"Tiempo de lectura\" \/>\n\t<meta name=\"twitter:data1\" content=\"1 minuto\" \/>\n<script type=\"application\/ld+json\" class=\"yoast-schema-graph\">{\"@context\":\"https:\\\/\\\/schema.org\",\"@graph\":[{\"@type\":\"WebPage\",\"@id\":\"https:\\\/\\\/esi.uclm.es\\\/index.php\\\/layout-5\\\/\",\"url\":\"https:\\\/\\\/esi.uclm.es\\\/index.php\\\/layout-5\\\/\",\"name\":\"Layout 5 - Escuela Superior de Inform\u00e1tica de UCLM\",\"isPartOf\":{\"@id\":\"https:\\\/\\\/esi.uclm.es\\\/#website\"},\"datePublished\":\"2016-03-07T16:41:52+00:00\",\"breadcrumb\":{\"@id\":\"https:\\\/\\\/esi.uclm.es\\\/index.php\\\/layout-5\\\/#breadcrumb\"},\"inLanguage\":\"es\",\"potentialAction\":[{\"@type\":\"ReadAction\",\"target\":[\"https:\\\/\\\/esi.uclm.es\\\/index.php\\\/layout-5\\\/\"]}]},{\"@type\":\"BreadcrumbList\",\"@id\":\"https:\\\/\\\/esi.uclm.es\\\/index.php\\\/layout-5\\\/#breadcrumb\",\"itemListElement\":[{\"@type\":\"ListItem\",\"position\":1,\"name\":\"Portada\",\"item\":\"https:\\\/\\\/esi.uclm.es\\\/\"},{\"@type\":\"ListItem\",\"position\":2,\"name\":\"Layout 5\"}]},{\"@type\":\"WebSite\",\"@id\":\"https:\\\/\\\/esi.uclm.es\\\/#website\",\"url\":\"https:\\\/\\\/esi.uclm.es\\\/\",\"name\":\"Escuela Superior de Inform\u00e1tica de UCLM en Ciudad Real, Castilla-La Mancha\",\"description\":\"La Escuela Superior de Inform\u00e1tica de Ciudad Real (Castilla-La Mancha), Universidad de Castilla-La Mancha es un centro universitario que imparte el ciclo completo de Ingenier\u00eda en Inform\u00e1tica: grado, m\u00e1ster y doctorado.\",\"publisher\":{\"@id\":\"https:\\\/\\\/esi.uclm.es\\\/#organization\"},\"potentialAction\":[{\"@type\":\"SearchAction\",\"target\":{\"@type\":\"EntryPoint\",\"urlTemplate\":\"https:\\\/\\\/esi.uclm.es\\\/?s={search_term_string}\"},\"query-input\":{\"@type\":\"PropertyValueSpecification\",\"valueRequired\":true,\"valueName\":\"search_term_string\"}}],\"inLanguage\":\"es\"},{\"@type\":\"Organization\",\"@id\":\"https:\\\/\\\/esi.uclm.es\\\/#organization\",\"name\":\"Escuela Superior de Inform\u00e1tica de UCLM\",\"url\":\"https:\\\/\\\/esi.uclm.es\\\/\",\"logo\":{\"@type\":\"ImageObject\",\"inLanguage\":\"es\",\"@id\":\"https:\\\/\\\/esi.uclm.es\\\/#\\\/schema\\\/logo\\\/image\\\/\",\"url\":\"https:\\\/\\\/esi.uclm.es\\\/assets\\\/uploads\\\/2022\\\/03\\\/LogoESI_cabecera-1.png\",\"contentUrl\":\"https:\\\/\\\/esi.uclm.es\\\/assets\\\/uploads\\\/2022\\\/03\\\/LogoESI_cabecera-1.png\",\"width\":460,\"height\":184,\"caption\":\"Escuela Superior de Inform\u00e1tica de UCLM\"},\"image\":{\"@id\":\"https:\\\/\\\/esi.uclm.es\\\/#\\\/schema\\\/logo\\\/image\\\/\"},\"sameAs\":[\"https:\\\/\\\/www.facebook.com\\\/Escuela-Superior-de-Informtica-543261809027158\",\"https:\\\/\\\/x.com\\\/esiuclm\",\"https:\\\/\\\/www.instagram.com\\\/esiuclm\\\/\",\"https:\\\/\\\/www.youtube.com\\\/user\\\/esiuclm\",\"https:\\\/\\\/www.twitch.tv\\\/esiuclm\",\"https:\\\/\\\/www.linkedin.com\\\/company\\\/12656631\\\/admin\\\/\"]}]}<\/script>\n<!-- \/ Yoast SEO plugin. -->","yoast_head_json":{"title":"Layout 5 - Escuela Superior de Inform\u00e1tica de UCLM","robots":{"index":"index","follow":"follow","max-snippet":"max-snippet:-1","max-image-preview":"max-image-preview:large","max-video-preview":"max-video-preview:-1"},"canonical":"https:\/\/esi.uclm.es\/index.php\/layout-5\/","og_locale":"es_ES","og_type":"article","og_title":"Layout 5 - Escuela Superior de Inform\u00e1tica de UCLM","og_url":"https:\/\/esi.uclm.es\/index.php\/layout-5\/","og_site_name":"Escuela Superior de Inform\u00e1tica de UCLM","article_publisher":"https:\/\/www.facebook.com\/Escuela-Superior-de-Informtica-543261809027158","twitter_card":"summary_large_image","twitter_site":"@esiuclm","twitter_misc":{"Tiempo de lectura":"1 minuto"},"schema":{"@context":"https:\/\/schema.org","@graph":[{"@type":"WebPage","@id":"https:\/\/esi.uclm.es\/index.php\/layout-5\/","url":"https:\/\/esi.uclm.es\/index.php\/layout-5\/","name":"Layout 5 - Escuela Superior de Inform\u00e1tica de UCLM","isPartOf":{"@id":"https:\/\/esi.uclm.es\/#website"},"datePublished":"2016-03-07T16:41:52+00:00","breadcrumb":{"@id":"https:\/\/esi.uclm.es\/index.php\/layout-5\/#breadcrumb"},"inLanguage":"es","potentialAction":[{"@type":"ReadAction","target":["https:\/\/esi.uclm.es\/index.php\/layout-5\/"]}]},{"@type":"BreadcrumbList","@id":"https:\/\/esi.uclm.es\/index.php\/layout-5\/#breadcrumb","itemListElement":[{"@type":"ListItem","position":1,"name":"Portada","item":"https:\/\/esi.uclm.es\/"},{"@type":"ListItem","position":2,"name":"Layout 5"}]},{"@type":"WebSite","@id":"https:\/\/esi.uclm.es\/#website","url":"https:\/\/esi.uclm.es\/","name":"Escuela Superior de Inform\u00e1tica de UCLM en Ciudad Real, Castilla-La Mancha","description":"La Escuela Superior de Inform\u00e1tica de Ciudad Real (Castilla-La Mancha), Universidad de Castilla-La Mancha es un centro universitario que imparte el ciclo completo de Ingenier\u00eda en Inform\u00e1tica: grado, m\u00e1ster y doctorado.","publisher":{"@id":"https:\/\/esi.uclm.es\/#organization"},"potentialAction":[{"@type":"SearchAction","target":{"@type":"EntryPoint","urlTemplate":"https:\/\/esi.uclm.es\/?s={search_term_string}"},"query-input":{"@type":"PropertyValueSpecification","valueRequired":true,"valueName":"search_term_string"}}],"inLanguage":"es"},{"@type":"Organization","@id":"https:\/\/esi.uclm.es\/#organization","name":"Escuela Superior de Inform\u00e1tica de UCLM","url":"https:\/\/esi.uclm.es\/","logo":{"@type":"ImageObject","inLanguage":"es","@id":"https:\/\/esi.uclm.es\/#\/schema\/logo\/image\/","url":"https:\/\/esi.uclm.es\/assets\/uploads\/2022\/03\/LogoESI_cabecera-1.png","contentUrl":"https:\/\/esi.uclm.es\/assets\/uploads\/2022\/03\/LogoESI_cabecera-1.png","width":460,"height":184,"caption":"Escuela Superior de Inform\u00e1tica de UCLM"},"image":{"@id":"https:\/\/esi.uclm.es\/#\/schema\/logo\/image\/"},"sameAs":["https:\/\/www.facebook.com\/Escuela-Superior-de-Informtica-543261809027158","https:\/\/x.com\/esiuclm","https:\/\/www.instagram.com\/esiuclm\/","https:\/\/www.youtube.com\/user\/esiuclm","https:\/\/www.twitch.tv\/esiuclm","https:\/\/www.linkedin.com\/company\/12656631\/admin\/"]}]}},"_links":{"self":[{"href":"https:\/\/esi.uclm.es\/index.php\/wp-json\/wp\/v2\/pages\/1960","targetHints":{"allow":["GET"]}}],"collection":[{"href":"https:\/\/esi.uclm.es\/index.php\/wp-json\/wp\/v2\/pages"}],"about":[{"href":"https:\/\/esi.uclm.es\/index.php\/wp-json\/wp\/v2\/types\/page"}],"author":[{"embeddable":true,"href":"https:\/\/esi.uclm.es\/index.php\/wp-json\/wp\/v2\/users\/1"}],"replies":[{"embeddable":true,"href":"https:\/\/esi.uclm.es\/index.php\/wp-json\/wp\/v2\/comments?post=1960"}],"version-history":[{"count":0,"href":"https:\/\/esi.uclm.es\/index.php\/wp-json\/wp\/v2\/pages\/1960\/revisions"}],"wp:attachment":[{"href":"https:\/\/esi.uclm.es\/index.php\/wp-json\/wp\/v2\/media?parent=1960"}],"curies":[{"name":"wp","href":"https:\/\/api.w.org\/{rel}","templated":true}]}}