{"id":1935,"date":"2016-03-07T16:19:07","date_gmt":"2016-03-07T16:19:07","guid":{"rendered":"http:\/\/discussion.mikado-themes.com\/?page_id=1935"},"modified":"2016-03-07T16:19:07","modified_gmt":"2016-03-07T16:19:07","slug":"layout-2","status":"publish","type":"page","link":"https:\/\/esi.uclm.es\/index.php\/layout-2\/","title":{"rendered":"Layout 2"},"content":{"rendered":"<div class=\"vc_row wpb_row vc_row-fluid mkd-section mkd-content-aligment-left\" style=\"\"><div class=\"clearfix mkd-full-section-inner\"><div class=\"wpb_column vc_column_container vc_col-sm-12\"><div class=\"vc_column-inner\"><div class=\"wpb_wrapper\"><div class=\"mkd-bnl-holder mkd-pl-two-holder  mkd-post-columns-1\"  data-base=\"mkd_post_layout_two\"  data-number_of_posts=\"3\" data-column_number=\"1\" data-category_id=\"4\"       data-title=\"No Pagination\" data-pattern_style=\"light\"  data-custom_thumb_image_height=\"223\"  data-title_length=\"29\"       data-display_excerpt=\"yes\" data-excerpt_length=\"25\" data-display_pagination=\"no\"     data-paged=\"1\" data-max_pages=\"404\"><div class=\"mkd-layout-title-holder\"><span class=\"mkd-section-title-holder clearfix mkd-pattern-light\">\n            <span class=\"mkd-st-title\">\n        No Pagination        <\/span>\n    <\/span><\/div><div class=\"mkd-bnl-outer\"><div class=\"mkd-bnl-inner\"><div class=\"mkd-pt-two-item mkd-post-item\">\n\t<div class=\"mkd-pt-two-item-inner\">\n\t\t\t\t\t<div class=\"mkd-pt-two-image-holder\">\n\t\t\t\t<div class=\"mkd-post-info-category\"><a href=\"https:\/\/esi.uclm.es\/index.php\/category\/portada\/\" rel=\"category tag\">Portada<\/a><\/div>\t\t\t\t<a itemprop=\"url\" class=\"mkd-pt-two-link mkd-image-link\" href=\"https:\/\/esi.uclm.es\/index.php\/2026\/04\/15\/17-abril-finales-e-sports-intercampus-en-la-esi\/\" target=\"_self\" style=\"width: 312px\">\n\t\t\t\t\t<img loading=\"lazy\" decoding=\"async\" src=\"https:\/\/esi.uclm.es\/assets\/uploads\/2025\/04\/finales_esports2025-312x223.webp\" alt=\"jugadores jugando las finales de e-sports\" width=\"312\" height=\"223\" \/>\t\t\t\t<\/a>\n\t\t\t<\/div>\n\t\t\t\t<div class=\"mkd-pt-two-content-holder\">\n\t\t\t<div class=\"mkd-pt-two-content-holder-inner\">\n\t\t\t\t<div class=\"mkd-pt-two-content-top-holder\">\n\t\t\t\t\t<div class=\"mkd-pt-two-content-top-holder-cell\">\n\t\t\t\t\t\t<h3 class=\"mkd-pt-two-title\">\n\t\t\t\t\t\t<a itemprop=\"url\" class=\"mkd-pt-link\" href=\"https:\/\/esi.uclm.es\/index.php\/2026\/04\/15\/17-abril-finales-e-sports-intercampus-en-la-esi\/\" target=\"_self\">\n\t\t\t\t\t\t\t17 abril &#8211; Finales e-sp...\t\t\t\t\t\t<\/a>\n\t\t\t\t\t\t<\/h3>\n\t\t\t\t\t\t<div itemprop=\"dateCreated\" class=\"mkd-post-info-date entry-date updated\">\n\t\t\t<a itemprop=\"url\" href=\"https:\/\/esi.uclm.es\/index.php\/2026\/04\/\">\n\t\t15 de abril de 2026\t\t\t<\/a>\n\t\t<meta itemprop=\"interactionCount\" content=\"UserComments: 0\"\/>\n<\/div>\t\t\t\t\t\t\t\t\t\t\t\t\t<div class=\"mkd-pt-two-excerpt\">\n\t\t\t\t\t\t\t\t<p class=\"mkd-post-excerpt\">\nEl pr\u00f3ximo 17 de abril, el sal\u00f3n de actos de la Escuela Superior de Inform\u00e1tica de Ciudad Real se convertir\u00e1 en el escenario de las<\/p>\t\t\t\t\t\t\t<\/div>\n\t\t\t\t\t\t\t\t\t\t\t<\/div>\n\t\t\t\t<\/div>\n\t\t\t\t\t\t\t\t\t<div class=\"mkd-pt-two-content-bottom-holder\">\n\t\t\t\t\t\t<div class=\"mkd-pt-info-section clearfix\">\n\t\t\t\t\t\t\t<div>\n\t\t\t\t\t\t\t\t<div class =\"mkd-blog-share\">\n\t<div class=\"mkd-social-share-holder mkd-dropdown\">\n\t\t<a href=\"javascript:void(0)\" target=\"_self\" class=\"mkd-social-share-dropdown-opener\">\n\t\t\t<span class=\"mkd-social-share-title\">Share<\/span>\n\t\t<\/a>\n\t\t<div class=\"mkd-social-share-dropdown\">\n\t\t\t<ul>\n\t\t\t\t<li class=\"mkd-linkedin-share\">\n\t<a class=\"mkd-share-link\" href=\"#\" onclick=\"popUp=window.open('http:\/\/linkedin.com\/shareArticle?mini=true&amp;url=https%3A%2F%2Fesi.uclm.es%2Findex.php%2F2026%2F04%2F15%2F17-abril-finales-e-sports-intercampus-en-la-esi%2F&amp;title=17+abril+%26%238211%3B+Finales+e-sports+intercampus+en+la+ESI', 'popupwindow', 'scrollbars=yes,width=800,height=400');popUp.focus();return false;\">\n\t\t\t\t\t<span class=\"mkd-social-network-icon social_linkedin\"><\/span>\n\t\t\t<\/a>\n<\/li><li class=\"mkd-twitter-share\">\n\t<a class=\"mkd-share-link\" href=\"#\" onclick=\"window.open('https:\/\/twitter.com\/intent\/tweet?text=El+pr%C3%B3ximo+17+de+abril%2C+el+sal%C3%B3n+de+actos+de+la+Escuela+Superior+de+Inform%C3%A1tica+de+Ciudad+Real+se+convertir%C3%A1+en+el+ https:\/\/esi.uclm.es\/index.php\/2026\/04\/15\/17-abril-finales-e-sports-intercampus-en-la-esi\/', 'popupwindow', 'scrollbars=yes,width=800,height=400');\">\n\t\t\t\t\t<span class=\"mkd-social-network-icon social_twitter\"><\/span>\n\t\t\t<\/a>\n<\/li><li class=\"mkd-facebook-share\">\n\t<a class=\"mkd-share-link\" href=\"#\" onclick=\"window.open('https:\/\/www.facebook.com\/sharer.php?u=https%3A%2F%2Fesi.uclm.es%2Findex.php%2F2026%2F04%2F15%2F17-abril-finales-e-sports-intercampus-en-la-esi%2F', 'sharer', 'toolbar=0,status=0,width=620,height=280');\">\n\t\t\t\t\t<span class=\"mkd-social-network-icon social_facebook\"><\/span>\n\t\t\t<\/a>\n<\/li>\t\t\t<\/ul>\n\t\t<\/div>\n\t<\/div>\n<\/div><div class=\"mkd-post-info-comments-holder\"><a class=\"mkd-post-info-comments\" href=\"https:\/\/esi.uclm.es\/index.php\/2026\/04\/15\/17-abril-finales-e-sports-intercampus-en-la-esi\/#respond\" target=\"_self\">0 Comments<\/a><\/div>\t\t\t\t\t\t\t<\/div>\n\t\t\t\t\t\t<\/div>\n\t\t\t\t\t<\/div>\n\t\t\t\t\t\t\t<\/div>\n\t\t<\/div>\n\t<\/div>\n<\/div><div class=\"mkd-pt-two-item mkd-post-item\">\n\t<div class=\"mkd-pt-two-item-inner\">\n\t\t\t\t\t<div class=\"mkd-pt-two-image-holder\">\n\t\t\t\t<div class=\"mkd-post-info-category\"><a href=\"https:\/\/esi.uclm.es\/index.php\/category\/portada\/\" rel=\"category tag\">Portada<\/a><\/div>\t\t\t\t<a itemprop=\"url\" class=\"mkd-pt-two-link mkd-image-link\" href=\"https:\/\/esi.uclm.es\/index.php\/2026\/04\/15\/javier-garzas-impartira-el-curso-ingenieria-del-software-aumentada-con-ia-en-la-esi\/\" target=\"_self\" style=\"width: 312px\">\n\t\t\t\t\t<img loading=\"lazy\" decoding=\"async\" src=\"https:\/\/esi.uclm.es\/assets\/uploads\/2026\/04\/javiergarzas_esi-312x223.webp\" alt=\"javier garzas\" width=\"312\" height=\"223\" \/>\t\t\t\t<\/a>\n\t\t\t<\/div>\n\t\t\t\t<div class=\"mkd-pt-two-content-holder\">\n\t\t\t<div class=\"mkd-pt-two-content-holder-inner\">\n\t\t\t\t<div class=\"mkd-pt-two-content-top-holder\">\n\t\t\t\t\t<div class=\"mkd-pt-two-content-top-holder-cell\">\n\t\t\t\t\t\t<h3 class=\"mkd-pt-two-title\">\n\t\t\t\t\t\t<a itemprop=\"url\" class=\"mkd-pt-link\" href=\"https:\/\/esi.uclm.es\/index.php\/2026\/04\/15\/javier-garzas-impartira-el-curso-ingenieria-del-software-aumentada-con-ia-en-la-esi\/\" target=\"_self\">\n\t\t\t\t\t\t\tJavier Garzas impartir\u00e1 el cu...\t\t\t\t\t\t<\/a>\n\t\t\t\t\t\t<\/h3>\n\t\t\t\t\t\t<div itemprop=\"dateCreated\" class=\"mkd-post-info-date entry-date updated\">\n\t\t\t<a itemprop=\"url\" href=\"https:\/\/esi.uclm.es\/index.php\/2026\/04\/\">\n\t\t15 de abril de 2026\t\t\t<\/a>\n\t\t<meta itemprop=\"interactionCount\" content=\"UserComments: 0\"\/>\n<\/div>\t\t\t\t\t\t\t\t\t\t\t\t\t<div class=\"mkd-pt-two-excerpt\">\n\t\t\t\t\t\t\t\t<p class=\"mkd-post-excerpt\">\nLa Escuela Superior de Inform\u00e1tica acoger\u00e1 el pr\u00f3ximo 17 de abril un curso especializado impartido por Javier Garzas. El evento tendr\u00e1 lugar en el aula<\/p>\t\t\t\t\t\t\t<\/div>\n\t\t\t\t\t\t\t\t\t\t\t<\/div>\n\t\t\t\t<\/div>\n\t\t\t\t\t\t\t\t\t<div class=\"mkd-pt-two-content-bottom-holder\">\n\t\t\t\t\t\t<div class=\"mkd-pt-info-section clearfix\">\n\t\t\t\t\t\t\t<div>\n\t\t\t\t\t\t\t\t<div class =\"mkd-blog-share\">\n\t<div class=\"mkd-social-share-holder mkd-dropdown\">\n\t\t<a href=\"javascript:void(0)\" target=\"_self\" class=\"mkd-social-share-dropdown-opener\">\n\t\t\t<span class=\"mkd-social-share-title\">Share<\/span>\n\t\t<\/a>\n\t\t<div class=\"mkd-social-share-dropdown\">\n\t\t\t<ul>\n\t\t\t\t<li class=\"mkd-linkedin-share\">\n\t<a class=\"mkd-share-link\" href=\"#\" onclick=\"popUp=window.open('http:\/\/linkedin.com\/shareArticle?mini=true&amp;url=https%3A%2F%2Fesi.uclm.es%2Findex.php%2F2026%2F04%2F15%2Fjavier-garzas-impartira-el-curso-ingenieria-del-software-aumentada-con-ia-en-la-esi%2F&amp;title=Javier+Garzas+impartir%C3%A1+el+curso+%C2%ABIngenier%C3%ADa+del+Software+aumentada+con+IA%C2%BB+en+la+ESI', 'popupwindow', 'scrollbars=yes,width=800,height=400');popUp.focus();return false;\">\n\t\t\t\t\t<span class=\"mkd-social-network-icon social_linkedin\"><\/span>\n\t\t\t<\/a>\n<\/li><li class=\"mkd-twitter-share\">\n\t<a class=\"mkd-share-link\" href=\"#\" onclick=\"window.open('https:\/\/twitter.com\/intent\/tweet?text=La+Escuela+Superior+de+Inform%C3%A1tica+acoger%C3%A1+el+pr%C3%B3ximo+17+de+abril+un+curso+especializado+impartido+por+Javier+Garzas.+ https:\/\/esi.uclm.es\/index.php\/2026\/04\/15\/javier-garzas-impartira-el-curso-ingenieria-del-software-aumentada-con-ia-en-la-esi\/', 'popupwindow', 'scrollbars=yes,width=800,height=400');\">\n\t\t\t\t\t<span class=\"mkd-social-network-icon social_twitter\"><\/span>\n\t\t\t<\/a>\n<\/li><li class=\"mkd-facebook-share\">\n\t<a class=\"mkd-share-link\" href=\"#\" onclick=\"window.open('https:\/\/www.facebook.com\/sharer.php?u=https%3A%2F%2Fesi.uclm.es%2Findex.php%2F2026%2F04%2F15%2Fjavier-garzas-impartira-el-curso-ingenieria-del-software-aumentada-con-ia-en-la-esi%2F', 'sharer', 'toolbar=0,status=0,width=620,height=280');\">\n\t\t\t\t\t<span class=\"mkd-social-network-icon social_facebook\"><\/span>\n\t\t\t<\/a>\n<\/li>\t\t\t<\/ul>\n\t\t<\/div>\n\t<\/div>\n<\/div><div class=\"mkd-post-info-comments-holder\"><a class=\"mkd-post-info-comments\" href=\"https:\/\/esi.uclm.es\/index.php\/2026\/04\/15\/javier-garzas-impartira-el-curso-ingenieria-del-software-aumentada-con-ia-en-la-esi\/#respond\" target=\"_self\">0 Comments<\/a><\/div>\t\t\t\t\t\t\t<\/div>\n\t\t\t\t\t\t<\/div>\n\t\t\t\t\t<\/div>\n\t\t\t\t\t\t\t<\/div>\n\t\t<\/div>\n\t<\/div>\n<\/div><div class=\"mkd-pt-two-item mkd-post-item\">\n\t<div class=\"mkd-pt-two-item-inner\">\n\t\t\t\t\t<div class=\"mkd-pt-two-image-holder\">\n\t\t\t\t<div class=\"mkd-post-info-category\"><a href=\"https:\/\/esi.uclm.es\/index.php\/category\/general\/\" rel=\"category tag\">General<\/a><\/div>\t\t\t\t<a itemprop=\"url\" class=\"mkd-pt-two-link mkd-image-link\" href=\"https:\/\/esi.uclm.es\/index.php\/2026\/04\/13\/22977\/\" target=\"_self\" style=\"width: 312px\">\n\t\t\t\t\t<img loading=\"lazy\" decoding=\"async\" src=\"https:\/\/esi.uclm.es\/assets\/uploads\/2026\/04\/charla_15A_web-312x223.webp\" alt=\"ponentes de la charla\" width=\"312\" height=\"223\" \/>\t\t\t\t<\/a>\n\t\t\t<\/div>\n\t\t\t\t<div class=\"mkd-pt-two-content-holder\">\n\t\t\t<div class=\"mkd-pt-two-content-holder-inner\">\n\t\t\t\t<div class=\"mkd-pt-two-content-top-holder\">\n\t\t\t\t\t<div class=\"mkd-pt-two-content-top-holder-cell\">\n\t\t\t\t\t\t<h3 class=\"mkd-pt-two-title\">\n\t\t\t\t\t\t<a itemprop=\"url\" class=\"mkd-pt-link\" href=\"https:\/\/esi.uclm.es\/index.php\/2026\/04\/13\/22977\/\" target=\"_self\">\n\t\t\t\t\t\t\tCharla sobre Conferencia 23A:...\t\t\t\t\t\t<\/a>\n\t\t\t\t\t\t<\/h3>\n\t\t\t\t\t\t<div itemprop=\"dateCreated\" class=\"mkd-post-info-date entry-date updated\">\n\t\t\t<a itemprop=\"url\" href=\"https:\/\/esi.uclm.es\/index.php\/2026\/04\/\">\n\t\t13 de abril de 2026\t\t\t<\/a>\n\t\t<meta itemprop=\"interactionCount\" content=\"UserComments: 0\"\/>\n<\/div>\t\t\t\t\t\t\t\t\t\t\t\t\t<div class=\"mkd-pt-two-excerpt\">\n\t\t\t\t\t\t\t\t<p class=\"mkd-post-excerpt\">\nEl mi\u00e9rcoles 15 de abril, a las 11.30h en el aula FO.1 Marvin Minsky, nos visitar\u00e1n Victorina Fern\u00e1ndez Gonz\u00e1lez (Cipherbit) y David de la Fuente<\/p>\t\t\t\t\t\t\t<\/div>\n\t\t\t\t\t\t\t\t\t\t\t<\/div>\n\t\t\t\t<\/div>\n\t\t\t\t\t\t\t\t\t<div class=\"mkd-pt-two-content-bottom-holder\">\n\t\t\t\t\t\t<div class=\"mkd-pt-info-section clearfix\">\n\t\t\t\t\t\t\t<div>\n\t\t\t\t\t\t\t\t<div class =\"mkd-blog-share\">\n\t<div class=\"mkd-social-share-holder mkd-dropdown\">\n\t\t<a href=\"javascript:void(0)\" target=\"_self\" class=\"mkd-social-share-dropdown-opener\">\n\t\t\t<span class=\"mkd-social-share-title\">Share<\/span>\n\t\t<\/a>\n\t\t<div class=\"mkd-social-share-dropdown\">\n\t\t\t<ul>\n\t\t\t\t<li class=\"mkd-linkedin-share\">\n\t<a class=\"mkd-share-link\" href=\"#\" onclick=\"popUp=window.open('http:\/\/linkedin.com\/shareArticle?mini=true&amp;url=https%3A%2F%2Fesi.uclm.es%2Findex.php%2F2026%2F04%2F13%2F22977%2F&amp;title=Charla+sobre+Conferencia+23A%3A+Dise%C3%B1o+de+circuitos+digitales+sobre+FPGA', 'popupwindow', 'scrollbars=yes,width=800,height=400');popUp.focus();return false;\">\n\t\t\t\t\t<span class=\"mkd-social-network-icon social_linkedin\"><\/span>\n\t\t\t<\/a>\n<\/li><li class=\"mkd-twitter-share\">\n\t<a class=\"mkd-share-link\" href=\"#\" onclick=\"window.open('https:\/\/twitter.com\/intent\/tweet?text=El+mi%C3%A9rcoles+15+de+abril%2C+a+las+11.30h+en+el+aula+FO.1+Marvin+Minsky%2C+nos+visitar%C3%A1n+Victorina+Fern%C3%A1ndez+Gonz%C3%A1lez+ https:\/\/esi.uclm.es\/index.php\/2026\/04\/13\/22977\/', 'popupwindow', 'scrollbars=yes,width=800,height=400');\">\n\t\t\t\t\t<span class=\"mkd-social-network-icon social_twitter\"><\/span>\n\t\t\t<\/a>\n<\/li><li class=\"mkd-facebook-share\">\n\t<a class=\"mkd-share-link\" href=\"#\" onclick=\"window.open('https:\/\/www.facebook.com\/sharer.php?u=https%3A%2F%2Fesi.uclm.es%2Findex.php%2F2026%2F04%2F13%2F22977%2F', 'sharer', 'toolbar=0,status=0,width=620,height=280');\">\n\t\t\t\t\t<span class=\"mkd-social-network-icon social_facebook\"><\/span>\n\t\t\t<\/a>\n<\/li>\t\t\t<\/ul>\n\t\t<\/div>\n\t<\/div>\n<\/div><div class=\"mkd-post-info-comments-holder\"><a class=\"mkd-post-info-comments\" href=\"https:\/\/esi.uclm.es\/index.php\/2026\/04\/13\/22977\/#respond\" target=\"_self\">0 Comments<\/a><\/div>\t\t\t\t\t\t\t<\/div>\n\t\t\t\t\t\t<\/div>\n\t\t\t\t\t<\/div>\n\t\t\t\t\t\t\t<\/div>\n\t\t<\/div>\n\t<\/div>\n<\/div><\/div><\/div><\/div><\/div><\/div><\/div><\/div><\/div><div class=\"vc_row wpb_row vc_row-fluid mkd-section vc_custom_1457368025102 mkd-content-aligment-left\" style=\"\"><div class=\"clearfix mkd-full-section-inner\"><div class=\"wpb_column vc_column_container vc_col-sm-12\"><div class=\"vc_column-inner\"><div class=\"wpb_wrapper\"><div class=\"mkd-bnl-holder mkd-pl-two-holder  mkd-post-columns-1 mkd-post-pag-np-horizontal\"  data-base=\"mkd_post_layout_two\"  data-number_of_posts=\"3\" data-column_number=\"1\"  data-category_slug=\"sport, health, food\"      data-title=\"With Pagination\" data-pattern_style=\"light\"  data-custom_thumb_image_height=\"223\"         data-display_excerpt=\"yes\" data-excerpt_length=\"25\" data-display_pagination=\"yes\" data-pagination_type=\"np-horizontal\"    data-paged=\"1\"   data-next_page=\"2\"><div class=\"mkd-layout-title-holder\"><span class=\"mkd-section-title-holder clearfix mkd-pattern-light\">\n            <span class=\"mkd-st-title\">\n        With Pagination        <\/span>\n    <\/span><\/div><div class=\"mkd-bnl-outer\"><div class=\"mkd-bnl-inner\"><div class=\"mkd-pl-two-message\"><p>No posts were found.<\/p><\/div><\/div><\/div><\/div><\/div><\/div><\/div><\/div><\/div>\n","protected":false},"excerpt":{"rendered":"El mi\u00e9rcoles 15 de abril, a las 11.30h en el aula FO.1 Marvin Minsky, nos visitar\u00e1n Victorina Fern\u00e1ndez Gonz\u00e1lez (Cipherbit) y David de la Fuente para impartir la charla titulada: \"Dise\u00f1o de circuitos digitales sobre FPGA\". El acceso ser\u00e1 libre hasta completar el aforo del [...]","protected":false},"author":1,"featured_media":0,"parent":0,"menu_order":0,"comment_status":"closed","ping_status":"closed","template":"","meta":{"footnotes":""},"class_list":["post-1935","page","type-page","status-publish","hentry"],"yoast_head":"<!-- This site is optimized with the Yoast SEO plugin v27.4 - https:\/\/yoast.com\/product\/yoast-seo-wordpress\/ -->\n<title>Layout 2 - Escuela Superior de Inform\u00e1tica de UCLM<\/title>\n<meta name=\"robots\" content=\"index, follow, max-snippet:-1, max-image-preview:large, max-video-preview:-1\" \/>\n<link rel=\"canonical\" href=\"https:\/\/esi.uclm.es\/index.php\/layout-2\/\" \/>\n<meta property=\"og:locale\" content=\"es_ES\" \/>\n<meta property=\"og:type\" content=\"article\" \/>\n<meta property=\"og:title\" content=\"Layout 2 - Escuela Superior de Inform\u00e1tica de UCLM\" \/>\n<meta property=\"og:url\" content=\"https:\/\/esi.uclm.es\/index.php\/layout-2\/\" \/>\n<meta property=\"og:site_name\" content=\"Escuela Superior de Inform\u00e1tica de UCLM\" \/>\n<meta property=\"article:publisher\" content=\"https:\/\/www.facebook.com\/Escuela-Superior-de-Informtica-543261809027158\" \/>\n<meta name=\"twitter:card\" content=\"summary_large_image\" \/>\n<meta name=\"twitter:site\" content=\"@esiuclm\" \/>\n<script type=\"application\/ld+json\" class=\"yoast-schema-graph\">{\"@context\":\"https:\\\/\\\/schema.org\",\"@graph\":[{\"@type\":\"WebPage\",\"@id\":\"https:\\\/\\\/esi.uclm.es\\\/index.php\\\/layout-2\\\/\",\"url\":\"https:\\\/\\\/esi.uclm.es\\\/index.php\\\/layout-2\\\/\",\"name\":\"Layout 2 - Escuela Superior de Inform\u00e1tica de UCLM\",\"isPartOf\":{\"@id\":\"https:\\\/\\\/esi.uclm.es\\\/#website\"},\"datePublished\":\"2016-03-07T16:19:07+00:00\",\"breadcrumb\":{\"@id\":\"https:\\\/\\\/esi.uclm.es\\\/index.php\\\/layout-2\\\/#breadcrumb\"},\"inLanguage\":\"es\",\"potentialAction\":[{\"@type\":\"ReadAction\",\"target\":[\"https:\\\/\\\/esi.uclm.es\\\/index.php\\\/layout-2\\\/\"]}]},{\"@type\":\"BreadcrumbList\",\"@id\":\"https:\\\/\\\/esi.uclm.es\\\/index.php\\\/layout-2\\\/#breadcrumb\",\"itemListElement\":[{\"@type\":\"ListItem\",\"position\":1,\"name\":\"Portada\",\"item\":\"https:\\\/\\\/esi.uclm.es\\\/\"},{\"@type\":\"ListItem\",\"position\":2,\"name\":\"Layout 2\"}]},{\"@type\":\"WebSite\",\"@id\":\"https:\\\/\\\/esi.uclm.es\\\/#website\",\"url\":\"https:\\\/\\\/esi.uclm.es\\\/\",\"name\":\"Escuela Superior de Inform\u00e1tica de UCLM en Ciudad Real, Castilla-La Mancha\",\"description\":\"La Escuela Superior de Inform\u00e1tica de Ciudad Real (Castilla-La Mancha), Universidad de Castilla-La Mancha es un centro universitario que imparte el ciclo completo de Ingenier\u00eda en Inform\u00e1tica: grado, m\u00e1ster y doctorado.\",\"publisher\":{\"@id\":\"https:\\\/\\\/esi.uclm.es\\\/#organization\"},\"potentialAction\":[{\"@type\":\"SearchAction\",\"target\":{\"@type\":\"EntryPoint\",\"urlTemplate\":\"https:\\\/\\\/esi.uclm.es\\\/?s={search_term_string}\"},\"query-input\":{\"@type\":\"PropertyValueSpecification\",\"valueRequired\":true,\"valueName\":\"search_term_string\"}}],\"inLanguage\":\"es\"},{\"@type\":\"Organization\",\"@id\":\"https:\\\/\\\/esi.uclm.es\\\/#organization\",\"name\":\"Escuela Superior de Inform\u00e1tica de UCLM\",\"url\":\"https:\\\/\\\/esi.uclm.es\\\/\",\"logo\":{\"@type\":\"ImageObject\",\"inLanguage\":\"es\",\"@id\":\"https:\\\/\\\/esi.uclm.es\\\/#\\\/schema\\\/logo\\\/image\\\/\",\"url\":\"https:\\\/\\\/esi.uclm.es\\\/assets\\\/uploads\\\/2022\\\/03\\\/LogoESI_cabecera-1.png\",\"contentUrl\":\"https:\\\/\\\/esi.uclm.es\\\/assets\\\/uploads\\\/2022\\\/03\\\/LogoESI_cabecera-1.png\",\"width\":460,\"height\":184,\"caption\":\"Escuela Superior de Inform\u00e1tica de UCLM\"},\"image\":{\"@id\":\"https:\\\/\\\/esi.uclm.es\\\/#\\\/schema\\\/logo\\\/image\\\/\"},\"sameAs\":[\"https:\\\/\\\/www.facebook.com\\\/Escuela-Superior-de-Informtica-543261809027158\",\"https:\\\/\\\/x.com\\\/esiuclm\",\"https:\\\/\\\/www.instagram.com\\\/esiuclm\\\/\",\"https:\\\/\\\/www.youtube.com\\\/user\\\/esiuclm\",\"https:\\\/\\\/www.twitch.tv\\\/esiuclm\",\"https:\\\/\\\/www.linkedin.com\\\/company\\\/12656631\\\/admin\\\/\"]}]}<\/script>\n<!-- \/ Yoast SEO plugin. -->","yoast_head_json":{"title":"Layout 2 - Escuela Superior de Inform\u00e1tica de UCLM","robots":{"index":"index","follow":"follow","max-snippet":"max-snippet:-1","max-image-preview":"max-image-preview:large","max-video-preview":"max-video-preview:-1"},"canonical":"https:\/\/esi.uclm.es\/index.php\/layout-2\/","og_locale":"es_ES","og_type":"article","og_title":"Layout 2 - Escuela Superior de Inform\u00e1tica de UCLM","og_url":"https:\/\/esi.uclm.es\/index.php\/layout-2\/","og_site_name":"Escuela Superior de Inform\u00e1tica de UCLM","article_publisher":"https:\/\/www.facebook.com\/Escuela-Superior-de-Informtica-543261809027158","twitter_card":"summary_large_image","twitter_site":"@esiuclm","schema":{"@context":"https:\/\/schema.org","@graph":[{"@type":"WebPage","@id":"https:\/\/esi.uclm.es\/index.php\/layout-2\/","url":"https:\/\/esi.uclm.es\/index.php\/layout-2\/","name":"Layout 2 - Escuela Superior de Inform\u00e1tica de UCLM","isPartOf":{"@id":"https:\/\/esi.uclm.es\/#website"},"datePublished":"2016-03-07T16:19:07+00:00","breadcrumb":{"@id":"https:\/\/esi.uclm.es\/index.php\/layout-2\/#breadcrumb"},"inLanguage":"es","potentialAction":[{"@type":"ReadAction","target":["https:\/\/esi.uclm.es\/index.php\/layout-2\/"]}]},{"@type":"BreadcrumbList","@id":"https:\/\/esi.uclm.es\/index.php\/layout-2\/#breadcrumb","itemListElement":[{"@type":"ListItem","position":1,"name":"Portada","item":"https:\/\/esi.uclm.es\/"},{"@type":"ListItem","position":2,"name":"Layout 2"}]},{"@type":"WebSite","@id":"https:\/\/esi.uclm.es\/#website","url":"https:\/\/esi.uclm.es\/","name":"Escuela Superior de Inform\u00e1tica de UCLM en Ciudad Real, Castilla-La Mancha","description":"La Escuela Superior de Inform\u00e1tica de Ciudad Real (Castilla-La Mancha), Universidad de Castilla-La Mancha es un centro universitario que imparte el ciclo completo de Ingenier\u00eda en Inform\u00e1tica: grado, m\u00e1ster y doctorado.","publisher":{"@id":"https:\/\/esi.uclm.es\/#organization"},"potentialAction":[{"@type":"SearchAction","target":{"@type":"EntryPoint","urlTemplate":"https:\/\/esi.uclm.es\/?s={search_term_string}"},"query-input":{"@type":"PropertyValueSpecification","valueRequired":true,"valueName":"search_term_string"}}],"inLanguage":"es"},{"@type":"Organization","@id":"https:\/\/esi.uclm.es\/#organization","name":"Escuela Superior de Inform\u00e1tica de UCLM","url":"https:\/\/esi.uclm.es\/","logo":{"@type":"ImageObject","inLanguage":"es","@id":"https:\/\/esi.uclm.es\/#\/schema\/logo\/image\/","url":"https:\/\/esi.uclm.es\/assets\/uploads\/2022\/03\/LogoESI_cabecera-1.png","contentUrl":"https:\/\/esi.uclm.es\/assets\/uploads\/2022\/03\/LogoESI_cabecera-1.png","width":460,"height":184,"caption":"Escuela Superior de Inform\u00e1tica de UCLM"},"image":{"@id":"https:\/\/esi.uclm.es\/#\/schema\/logo\/image\/"},"sameAs":["https:\/\/www.facebook.com\/Escuela-Superior-de-Informtica-543261809027158","https:\/\/x.com\/esiuclm","https:\/\/www.instagram.com\/esiuclm\/","https:\/\/www.youtube.com\/user\/esiuclm","https:\/\/www.twitch.tv\/esiuclm","https:\/\/www.linkedin.com\/company\/12656631\/admin\/"]}]}},"_links":{"self":[{"href":"https:\/\/esi.uclm.es\/index.php\/wp-json\/wp\/v2\/pages\/1935","targetHints":{"allow":["GET"]}}],"collection":[{"href":"https:\/\/esi.uclm.es\/index.php\/wp-json\/wp\/v2\/pages"}],"about":[{"href":"https:\/\/esi.uclm.es\/index.php\/wp-json\/wp\/v2\/types\/page"}],"author":[{"embeddable":true,"href":"https:\/\/esi.uclm.es\/index.php\/wp-json\/wp\/v2\/users\/1"}],"replies":[{"embeddable":true,"href":"https:\/\/esi.uclm.es\/index.php\/wp-json\/wp\/v2\/comments?post=1935"}],"version-history":[{"count":0,"href":"https:\/\/esi.uclm.es\/index.php\/wp-json\/wp\/v2\/pages\/1935\/revisions"}],"wp:attachment":[{"href":"https:\/\/esi.uclm.es\/index.php\/wp-json\/wp\/v2\/media?parent=1935"}],"curies":[{"name":"wp","href":"https:\/\/api.w.org\/{rel}","templated":true}]}}