{"id":18467,"date":"2024-04-29T08:47:39","date_gmt":"2024-04-29T08:47:39","guid":{"rendered":"https:\/\/esi.uclm.es\/?page_id=18467"},"modified":"2025-12-05T13:05:46","modified_gmt":"2025-12-05T13:05:46","slug":"tribunales-cursos-anteriores","status":"publish","type":"page","link":"https:\/\/esi.uclm.es\/index.php\/grado-en-ingenieria-informatica\/trabajos-fin-de-grado\/tribunales-cursos-anteriores\/","title":{"rendered":"Tribunales Cursos Anteriores"},"content":{"rendered":"\n<figure class=\"wp-block-image size-full\"><img loading=\"lazy\" decoding=\"async\" width=\"1024\" height=\"256\" src=\"https:\/\/esi.uclm.es\/assets\/uploads\/2024\/04\/image.png\" alt=\"\" class=\"wp-image-18468\" srcset=\"https:\/\/esi.uclm.es\/assets\/uploads\/2024\/04\/image.png 1024w, https:\/\/esi.uclm.es\/assets\/uploads\/2024\/04\/image-300x75.png 300w, https:\/\/esi.uclm.es\/assets\/uploads\/2024\/04\/image-768x192.png 768w, https:\/\/esi.uclm.es\/assets\/uploads\/2024\/04\/image-600x150.png 600w\" sizes=\"auto, (max-width: 1024px) 100vw, 1024px\" \/><\/figure>\n\n\n\n<h3 class=\"wp-block-heading\">Tribunales de cursos anteriores<\/h3>\n\n\n\n<hr class=\"wp-block-separator has-text-color has-vivid-cyan-blue-color has-alpha-channel-opacity has-vivid-cyan-blue-background-color has-background\"\/>\n\n\n\n<ul class=\"wp-block-list\">\n<li>Curso 2023\/2024\n<ul class=\"wp-block-list\">\n<li><a href=\"https:\/\/esi.uclm.es\/assets\/uploads\/2023\/12\/propuesta-tribunales-dic2023.pdf\">Convocatoria Diciembre 2023<\/a><\/li>\n\n\n\n<li><a href=\"https:\/\/esi.uclm.es\/assets\/uploads\/2024\/02\/propuesta-tribunales-feb2024_v3.pdf\">Convocatoria Febrero 2024<\/a><\/li>\n\n\n\n<li><a href=\"https:\/\/esi.uclm.es\/assets\/uploads\/2024\/07\/propuesta-tribunales-julio2024_v3-1.pdf\">Convocatoria Julio 2024<\/a><\/li>\n\n\n\n<li><a href=\"https:\/\/esi.uclm.es\/assets\/uploads\/2024\/07\/propuesta-tribunales-septiembre-2024.pdf\">Convocatoria Septiembre 2024<\/a><\/li>\n<\/ul>\n<\/li>\n\n\n\n<li>Curso 2022\/2023\n<ul class=\"wp-block-list\">\n<li><a href=\"http:\/\/esi.uclm.es\/assets\/uploads\/2022\/11\/propuesta-tribunales-diciembre2022.pdf\">Convocatoria Diciembre 2022<\/a><\/li>\n\n\n\n<li><a href=\"https:\/\/esi.uclm.es\/assets\/uploads\/2023\/02\/propuesta-tribunales-feb2023-1.pdf\">Convocatoria Febrero 2023<\/a><\/li>\n\n\n\n<li><a href=\"https:\/\/esi.uclm.es\/assets\/uploads\/2023\/07\/propuesta-tribunales-jul2023_v2.pdf\">Convocatoria Julio 2023<\/a><\/li>\n\n\n\n<li><a href=\"https:\/\/esi.uclm.es\/assets\/uploads\/2023\/09\/propuesta-tribunales-sept2023_v2.pdf\">Convocatoria Septiembre 2023<\/a><\/li>\n<\/ul>\n<\/li>\n\n\n\n<li>Curso 2021\/2022:\n<ul class=\"wp-block-list\">\n<li><a href=\"https:\/\/esi.uclm.es\/assets\/uploads\/2022\/04\/propuesta-tribunales-dic2021-1.pdf\">Convocatoria Diciembre 2021<\/a><\/li>\n\n\n\n<li><a href=\"https:\/\/esi.uclm.es\/assets\/uploads\/2022\/04\/propuesta-tribunales-feb2022_v2-1.pdf\">Convocatoria Febrero 2022<\/a><\/li>\n\n\n\n<li><a href=\"https:\/\/esi.uclm.es\/assets\/uploads\/2022\/07\/Tribunales-TFM-TFG-jul2022.pdf\">Convocatoria Julio 2022<\/a><\/li>\n\n\n\n<li>Convocatoria Septiembre 2022<\/li>\n<\/ul>\n<\/li>\n\n\n\n<li>Curso 2020\/2021\n<ul class=\"wp-block-list\">\n<li><a href=\"https:\/\/esi.uclm.es\/assets\/uploads\/2022\/04\/propuesta-tribunales-julio2021.pdf\">Convocatoria Julio 2021<\/a><\/li>\n\n\n\n<li><a href=\"https:\/\/esi.uclm.es\/assets\/uploads\/2022\/04\/propuesta-tribunales-sept2021.pdf\">Convocatoria Septiembre 2021<\/a><\/li>\n<\/ul>\n<\/li>\n<\/ul>\n\n\n<div class=\"vc_row wpb_row vc_row-fluid mkd-section mkd-content-aligment-left\" style=\"\"><div class=\"clearfix mkd-full-section-inner\"><div class=\"wpb_column vc_column_container vc_col-sm-12\"><div class=\"vc_column-inner\"><div class=\"wpb_wrapper\"><div class=\"mkd-bnl-holder mkd-pl-seven-holder  mkd-post-columns-2\"  data-base=\"mkd_post_layout_seven\"  data-number_of_posts=\"6\" data-column_number=\"2\"       data-sort=\"latest\"            data-display_pagination=\"no\"     data-paged=\"1\" data-max_pages=\"202\"><div class=\"mkd-bnl-outer\"><div class=\"mkd-bnl-inner\"><div class=\"mkd-pt-seven-item mkd-post-item\">\n\t<div class=\"mkd-pt-seven-item-inner clearfix\">\n\t\t\t\t\t<div class=\"mkd-pt-seven-image-holder\" style=\"width: 123px\">\n\t\t\t\t<a itemprop=\"url\" class=\"mkd-pt-seven-link mkd-image-link\" href=\"https:\/\/esi.uclm.es\/index.php\/2026\/04\/10\/convocatoria-de-cinco-plazas-postdoctorales\/\" target=\"_self\">\n\t\t\t\t\t<img loading=\"lazy\" decoding=\"async\" src=\"https:\/\/esi.uclm.es\/assets\/uploads\/2026\/04\/uppa-123x105.webp\" alt=\"\" width=\"123\" height=\"105\" \/>\t\t\t\t<\/a>\n\t\t\t<\/div>\n\t\t\t\t<div class=\"mkd-pt-seven-content-holder\">\n\t\t\t<div class=\"mkd-pt-seven-title-holder\">\n\t\t\t\t<h5 class=\"mkd-pt-seven-title\">\n\t\t\t\t\t<a itemprop=\"url\" class=\"mkd-pt-link\" href=\"https:\/\/esi.uclm.es\/index.php\/2026\/04\/10\/convocatoria-de-cinco-plazas-postdoctorales\/\" target=\"_self\">Convocatoria de cinco plazas postdoctorales<\/a>\n\t\t\t\t<\/h5>\n\t\t\t<\/div>\n\t\t\t<div itemprop=\"dateCreated\" class=\"mkd-post-info-date entry-date updated\">\n\t\t\t<a itemprop=\"url\" href=\"https:\/\/esi.uclm.es\/index.php\/2026\/04\/\">\n\t\t10 de abril de 2026\t\t\t<\/a>\n\t\t<meta itemprop=\"interactionCount\" content=\"UserComments: 0\"\/>\n<\/div>\t\t\t\t\t<\/div>\n\t<\/div>\n<\/div><div class=\"mkd-pt-seven-item mkd-post-item\">\n\t<div class=\"mkd-pt-seven-item-inner clearfix\">\n\t\t\t\t\t<div class=\"mkd-pt-seven-image-holder\" style=\"width: 123px\">\n\t\t\t\t<a itemprop=\"url\" class=\"mkd-pt-seven-link mkd-image-link\" href=\"https:\/\/esi.uclm.es\/index.php\/2026\/04\/08\/en-video-hackeando-el-miedo-a-la-transparencia-jaime-gomez-obregon\/\" target=\"_self\">\n\t\t\t\t\t<img loading=\"lazy\" decoding=\"async\" src=\"https:\/\/esi.uclm.es\/assets\/uploads\/2026\/04\/jaimeGo_WEB-1-123x105.webp\" alt=\"Jaime G\u00f3mez Obreg\u00f3n en la ESI\" width=\"123\" height=\"105\" \/>\t\t\t\t<\/a>\n\t\t\t<\/div>\n\t\t\t\t<div class=\"mkd-pt-seven-content-holder\">\n\t\t\t<div class=\"mkd-pt-seven-title-holder\">\n\t\t\t\t<h5 class=\"mkd-pt-seven-title\">\n\t\t\t\t\t<a itemprop=\"url\" class=\"mkd-pt-link\" href=\"https:\/\/esi.uclm.es\/index.php\/2026\/04\/08\/en-video-hackeando-el-miedo-a-la-transparencia-jaime-gomez-obregon\/\" target=\"_self\">En v\u00eddeo: Hackeando el miedo a la transparencia | Jaime G\u00f3mez-Obreg\u00f3n<\/a>\n\t\t\t\t<\/h5>\n\t\t\t<\/div>\n\t\t\t<div itemprop=\"dateCreated\" class=\"mkd-post-info-date entry-date updated\">\n\t\t\t<a itemprop=\"url\" href=\"https:\/\/esi.uclm.es\/index.php\/2026\/04\/\">\n\t\t8 de abril de 2026\t\t\t<\/a>\n\t\t<meta itemprop=\"interactionCount\" content=\"UserComments: 0\"\/>\n<\/div>\t\t\t\t\t<\/div>\n\t<\/div>\n<\/div><div class=\"mkd-pt-seven-item mkd-post-item\">\n\t<div class=\"mkd-pt-seven-item-inner clearfix\">\n\t\t\t\t\t<div class=\"mkd-pt-seven-image-holder\" style=\"width: 123px\">\n\t\t\t\t<a itemprop=\"url\" class=\"mkd-pt-seven-link mkd-image-link\" href=\"https:\/\/esi.uclm.es\/index.php\/2026\/04\/04\/8-de-abril-hackeando-el-miedo-a-la-transparencia\/\" target=\"_self\">\n\t\t\t\t\t<img loading=\"lazy\" decoding=\"async\" src=\"https:\/\/esi.uclm.es\/assets\/uploads\/2026\/04\/jaimeGO_web-123x105.webp\" alt=\"Jaime G\u00f3mez Obreg\u00f3n\" width=\"123\" height=\"105\" \/>\t\t\t\t<\/a>\n\t\t\t<\/div>\n\t\t\t\t<div class=\"mkd-pt-seven-content-holder\">\n\t\t\t<div class=\"mkd-pt-seven-title-holder\">\n\t\t\t\t<h5 class=\"mkd-pt-seven-title\">\n\t\t\t\t\t<a itemprop=\"url\" class=\"mkd-pt-link\" href=\"https:\/\/esi.uclm.es\/index.php\/2026\/04\/04\/8-de-abril-hackeando-el-miedo-a-la-transparencia\/\" target=\"_self\">8 de abril &#8211; Hackeando el miedo a la transparencia<\/a>\n\t\t\t\t<\/h5>\n\t\t\t<\/div>\n\t\t\t<div itemprop=\"dateCreated\" class=\"mkd-post-info-date entry-date updated\">\n\t\t\t<a itemprop=\"url\" href=\"https:\/\/esi.uclm.es\/index.php\/2026\/04\/\">\n\t\t4 de abril de 2026\t\t\t<\/a>\n\t\t<meta itemprop=\"interactionCount\" content=\"UserComments: 0\"\/>\n<\/div>\t\t\t\t\t<\/div>\n\t<\/div>\n<\/div><div class=\"mkd-pt-seven-item mkd-post-item\">\n\t<div class=\"mkd-pt-seven-item-inner clearfix\">\n\t\t\t\t\t<div class=\"mkd-pt-seven-image-holder\" style=\"width: 123px\">\n\t\t\t\t<a itemprop=\"url\" class=\"mkd-pt-seven-link mkd-image-link\" href=\"https:\/\/esi.uclm.es\/index.php\/2026\/04\/03\/campana-24-25-estudia-ingenieria-informatica-estudia-en-la-esi\/\" target=\"_self\">\n\t\t\t\t\t<img loading=\"lazy\" decoding=\"async\" src=\"https:\/\/esi.uclm.es\/assets\/uploads\/2023\/04\/fachada_centrada-123x105.jpg\" alt=\"Facchada de la Escuela Superior de Inform\u00e1tica\" width=\"123\" height=\"105\" \/>\t\t\t\t<\/a>\n\t\t\t<\/div>\n\t\t\t\t<div class=\"mkd-pt-seven-content-holder\">\n\t\t\t<div class=\"mkd-pt-seven-title-holder\">\n\t\t\t\t<h5 class=\"mkd-pt-seven-title\">\n\t\t\t\t\t<a itemprop=\"url\" class=\"mkd-pt-link\" href=\"https:\/\/esi.uclm.es\/index.php\/2026\/04\/03\/campana-24-25-estudia-ingenieria-informatica-estudia-en-la-esi\/\" target=\"_self\">Estudia Ingenier\u00eda Inform\u00e1tica, Estudia en la ESI<\/a>\n\t\t\t\t<\/h5>\n\t\t\t<\/div>\n\t\t\t<div itemprop=\"dateCreated\" class=\"mkd-post-info-date entry-date updated\">\n\t\t\t<a itemprop=\"url\" href=\"https:\/\/esi.uclm.es\/index.php\/2026\/04\/\">\n\t\t3 de abril de 2026\t\t\t<\/a>\n\t\t<meta itemprop=\"interactionCount\" content=\"UserComments: 0\"\/>\n<\/div>\t\t\t\t\t<\/div>\n\t<\/div>\n<\/div><div class=\"mkd-pt-seven-item mkd-post-item\">\n\t<div class=\"mkd-pt-seven-item-inner clearfix\">\n\t\t\t\t\t<div class=\"mkd-pt-seven-image-holder\" style=\"width: 123px\">\n\t\t\t\t<a itemprop=\"url\" class=\"mkd-pt-seven-link mkd-image-link\" href=\"https:\/\/esi.uclm.es\/index.php\/2026\/03\/25\/en-video-conferencia-de-isabel-rodriguez-olivar\/\" target=\"_self\">\n\t\t\t\t\t<img loading=\"lazy\" decoding=\"async\" src=\"https:\/\/esi.uclm.es\/assets\/uploads\/2026\/03\/isabelRodriguez_conferencia_Video-123x105.webp\" alt=\"Isabel Rodr\u00edguez Olivar durante la conferencia\" width=\"123\" height=\"105\" \/>\t\t\t\t<\/a>\n\t\t\t<\/div>\n\t\t\t\t<div class=\"mkd-pt-seven-content-holder\">\n\t\t\t<div class=\"mkd-pt-seven-title-holder\">\n\t\t\t\t<h5 class=\"mkd-pt-seven-title\">\n\t\t\t\t\t<a itemprop=\"url\" class=\"mkd-pt-link\" href=\"https:\/\/esi.uclm.es\/index.php\/2026\/03\/25\/en-video-conferencia-de-isabel-rodriguez-olivar\/\" target=\"_self\">En v\u00eddeo &#8211; Conferencia de Isabel Rodr\u00edguez Olivar<\/a>\n\t\t\t\t<\/h5>\n\t\t\t<\/div>\n\t\t\t<div itemprop=\"dateCreated\" class=\"mkd-post-info-date entry-date updated\">\n\t\t\t<a itemprop=\"url\" href=\"https:\/\/esi.uclm.es\/index.php\/2026\/03\/\">\n\t\t25 de marzo de 2026\t\t\t<\/a>\n\t\t<meta itemprop=\"interactionCount\" content=\"UserComments: 0\"\/>\n<\/div>\t\t\t\t\t<\/div>\n\t<\/div>\n<\/div><div class=\"mkd-pt-seven-item mkd-post-item\">\n\t<div class=\"mkd-pt-seven-item-inner clearfix\">\n\t\t\t\t\t<div class=\"mkd-pt-seven-image-holder\" style=\"width: 123px\">\n\t\t\t\t<a itemprop=\"url\" class=\"mkd-pt-seven-link mkd-image-link\" href=\"https:\/\/esi.uclm.es\/index.php\/2026\/03\/25\/la-esi-orienta-a-futuros-universitarios-en-la-feria-del-ies-gregorio-prieto-en-valdepenas\/\" target=\"_self\">\n\t\t\t\t\t<img loading=\"lazy\" decoding=\"async\" src=\"https:\/\/esi.uclm.es\/assets\/uploads\/2026\/03\/portada_feriavaldepenas-123x105.webp\" alt=\"Profesores de la ESI en la Feria de Empleo de Valdepe\u00f1as\" width=\"123\" height=\"105\" \/>\t\t\t\t<\/a>\n\t\t\t<\/div>\n\t\t\t\t<div class=\"mkd-pt-seven-content-holder\">\n\t\t\t<div class=\"mkd-pt-seven-title-holder\">\n\t\t\t\t<h5 class=\"mkd-pt-seven-title\">\n\t\t\t\t\t<a itemprop=\"url\" class=\"mkd-pt-link\" href=\"https:\/\/esi.uclm.es\/index.php\/2026\/03\/25\/la-esi-orienta-a-futuros-universitarios-en-la-feria-del-ies-gregorio-prieto-en-valdepenas\/\" target=\"_self\">La ESI orienta a futuros universitarios en la Feria del IES Gregorio Prieto en Valdepe\u00f1as<\/a>\n\t\t\t\t<\/h5>\n\t\t\t<\/div>\n\t\t\t<div itemprop=\"dateCreated\" class=\"mkd-post-info-date entry-date updated\">\n\t\t\t<a itemprop=\"url\" href=\"https:\/\/esi.uclm.es\/index.php\/2026\/03\/\">\n\t\t25 de marzo de 2026\t\t\t<\/a>\n\t\t<meta itemprop=\"interactionCount\" content=\"UserComments: 0\"\/>\n<\/div>\t\t\t\t\t<\/div>\n\t<\/div>\n<\/div><\/div><\/div><\/div><\/div><\/div><\/div><\/div><\/div>\n","protected":false},"excerpt":{"rendered":"<p>Tribunales de cursos anteriores<\/p>\n","protected":false},"author":4,"featured_media":0,"parent":4045,"menu_order":0,"comment_status":"closed","ping_status":"closed","template":"","meta":{"footnotes":""},"class_list":["post-18467","page","type-page","status-publish","hentry"],"yoast_head":"<!-- This site is optimized with the Yoast SEO plugin v27.3 - https:\/\/yoast.com\/product\/yoast-seo-wordpress\/ -->\n<title>Tribunales Cursos Anteriores - Escuela Superior de Inform\u00e1tica de UCLM<\/title>\n<meta name=\"robots\" content=\"index, follow, max-snippet:-1, max-image-preview:large, max-video-preview:-1\" \/>\n<link rel=\"canonical\" href=\"https:\/\/esi.uclm.es\/index.php\/grado-en-ingenieria-informatica\/trabajos-fin-de-grado\/tribunales-cursos-anteriores\/\" \/>\n<meta property=\"og:locale\" content=\"es_ES\" \/>\n<meta property=\"og:type\" content=\"article\" \/>\n<meta property=\"og:title\" content=\"Tribunales Cursos Anteriores - Escuela Superior de Inform\u00e1tica de UCLM\" \/>\n<meta property=\"og:description\" content=\"Tribunales de cursos anteriores\" \/>\n<meta property=\"og:url\" content=\"https:\/\/esi.uclm.es\/index.php\/grado-en-ingenieria-informatica\/trabajos-fin-de-grado\/tribunales-cursos-anteriores\/\" \/>\n<meta property=\"og:site_name\" content=\"Escuela Superior de Inform\u00e1tica de UCLM\" \/>\n<meta property=\"article:publisher\" content=\"https:\/\/www.facebook.com\/Escuela-Superior-de-Informtica-543261809027158\" \/>\n<meta property=\"article:modified_time\" content=\"2025-12-05T13:05:46+00:00\" \/>\n<meta property=\"og:image\" content=\"https:\/\/esi.uclm.es\/assets\/uploads\/2024\/04\/image.png\" \/>\n\t<meta property=\"og:image:width\" content=\"1024\" \/>\n\t<meta property=\"og:image:height\" content=\"256\" \/>\n\t<meta property=\"og:image:type\" content=\"image\/png\" \/>\n<meta name=\"twitter:card\" content=\"summary_large_image\" \/>\n<meta name=\"twitter:site\" content=\"@esiuclm\" \/>\n<meta name=\"twitter:label1\" content=\"Tiempo de lectura\" \/>\n\t<meta name=\"twitter:data1\" content=\"1 minuto\" \/>\n<script type=\"application\/ld+json\" class=\"yoast-schema-graph\">{\"@context\":\"https:\\\/\\\/schema.org\",\"@graph\":[{\"@type\":\"WebPage\",\"@id\":\"https:\\\/\\\/esi.uclm.es\\\/index.php\\\/grado-en-ingenieria-informatica\\\/trabajos-fin-de-grado\\\/tribunales-cursos-anteriores\\\/\",\"url\":\"https:\\\/\\\/esi.uclm.es\\\/index.php\\\/grado-en-ingenieria-informatica\\\/trabajos-fin-de-grado\\\/tribunales-cursos-anteriores\\\/\",\"name\":\"Tribunales Cursos Anteriores - Escuela Superior de Inform\u00e1tica de UCLM\",\"isPartOf\":{\"@id\":\"https:\\\/\\\/esi.uclm.es\\\/#website\"},\"primaryImageOfPage\":{\"@id\":\"https:\\\/\\\/esi.uclm.es\\\/index.php\\\/grado-en-ingenieria-informatica\\\/trabajos-fin-de-grado\\\/tribunales-cursos-anteriores\\\/#primaryimage\"},\"image\":{\"@id\":\"https:\\\/\\\/esi.uclm.es\\\/index.php\\\/grado-en-ingenieria-informatica\\\/trabajos-fin-de-grado\\\/tribunales-cursos-anteriores\\\/#primaryimage\"},\"thumbnailUrl\":\"https:\\\/\\\/esi.uclm.es\\\/assets\\\/uploads\\\/2024\\\/04\\\/image.png\",\"datePublished\":\"2024-04-29T08:47:39+00:00\",\"dateModified\":\"2025-12-05T13:05:46+00:00\",\"breadcrumb\":{\"@id\":\"https:\\\/\\\/esi.uclm.es\\\/index.php\\\/grado-en-ingenieria-informatica\\\/trabajos-fin-de-grado\\\/tribunales-cursos-anteriores\\\/#breadcrumb\"},\"inLanguage\":\"es\",\"potentialAction\":[{\"@type\":\"ReadAction\",\"target\":[\"https:\\\/\\\/esi.uclm.es\\\/index.php\\\/grado-en-ingenieria-informatica\\\/trabajos-fin-de-grado\\\/tribunales-cursos-anteriores\\\/\"]}]},{\"@type\":\"ImageObject\",\"inLanguage\":\"es\",\"@id\":\"https:\\\/\\\/esi.uclm.es\\\/index.php\\\/grado-en-ingenieria-informatica\\\/trabajos-fin-de-grado\\\/tribunales-cursos-anteriores\\\/#primaryimage\",\"url\":\"https:\\\/\\\/esi.uclm.es\\\/assets\\\/uploads\\\/2024\\\/04\\\/image.png\",\"contentUrl\":\"https:\\\/\\\/esi.uclm.es\\\/assets\\\/uploads\\\/2024\\\/04\\\/image.png\",\"width\":1024,\"height\":256},{\"@type\":\"BreadcrumbList\",\"@id\":\"https:\\\/\\\/esi.uclm.es\\\/index.php\\\/grado-en-ingenieria-informatica\\\/trabajos-fin-de-grado\\\/tribunales-cursos-anteriores\\\/#breadcrumb\",\"itemListElement\":[{\"@type\":\"ListItem\",\"position\":1,\"name\":\"Portada\",\"item\":\"https:\\\/\\\/esi.uclm.es\\\/\"},{\"@type\":\"ListItem\",\"position\":2,\"name\":\"Grado en Ingenier\u00eda Inform\u00e1tica\",\"item\":\"https:\\\/\\\/esi.uclm.es\\\/index.php\\\/grado-en-ingenieria-informatica\\\/\"},{\"@type\":\"ListItem\",\"position\":3,\"name\":\"Trabajos Fin de Grado\",\"item\":\"https:\\\/\\\/esi.uclm.es\\\/index.php\\\/grado-en-ingenieria-informatica\\\/trabajos-fin-de-grado\\\/\"},{\"@type\":\"ListItem\",\"position\":4,\"name\":\"Tribunales Cursos Anteriores\"}]},{\"@type\":\"WebSite\",\"@id\":\"https:\\\/\\\/esi.uclm.es\\\/#website\",\"url\":\"https:\\\/\\\/esi.uclm.es\\\/\",\"name\":\"Escuela Superior de Inform\u00e1tica de UCLM en Ciudad Real, Castilla-La Mancha\",\"description\":\"La Escuela Superior de Inform\u00e1tica de Ciudad Real (Castilla-La Mancha), Universidad de Castilla-La Mancha es un centro universitario que imparte el ciclo completo de Ingenier\u00eda en Inform\u00e1tica: grado, m\u00e1ster y doctorado.\",\"publisher\":{\"@id\":\"https:\\\/\\\/esi.uclm.es\\\/#organization\"},\"potentialAction\":[{\"@type\":\"SearchAction\",\"target\":{\"@type\":\"EntryPoint\",\"urlTemplate\":\"https:\\\/\\\/esi.uclm.es\\\/?s={search_term_string}\"},\"query-input\":{\"@type\":\"PropertyValueSpecification\",\"valueRequired\":true,\"valueName\":\"search_term_string\"}}],\"inLanguage\":\"es\"},{\"@type\":\"Organization\",\"@id\":\"https:\\\/\\\/esi.uclm.es\\\/#organization\",\"name\":\"Escuela Superior de Inform\u00e1tica de UCLM\",\"url\":\"https:\\\/\\\/esi.uclm.es\\\/\",\"logo\":{\"@type\":\"ImageObject\",\"inLanguage\":\"es\",\"@id\":\"https:\\\/\\\/esi.uclm.es\\\/#\\\/schema\\\/logo\\\/image\\\/\",\"url\":\"https:\\\/\\\/esi.uclm.es\\\/assets\\\/uploads\\\/2022\\\/03\\\/LogoESI_cabecera-1.png\",\"contentUrl\":\"https:\\\/\\\/esi.uclm.es\\\/assets\\\/uploads\\\/2022\\\/03\\\/LogoESI_cabecera-1.png\",\"width\":460,\"height\":184,\"caption\":\"Escuela Superior de Inform\u00e1tica de UCLM\"},\"image\":{\"@id\":\"https:\\\/\\\/esi.uclm.es\\\/#\\\/schema\\\/logo\\\/image\\\/\"},\"sameAs\":[\"https:\\\/\\\/www.facebook.com\\\/Escuela-Superior-de-Informtica-543261809027158\",\"https:\\\/\\\/x.com\\\/esiuclm\",\"https:\\\/\\\/www.instagram.com\\\/esiuclm\\\/\",\"https:\\\/\\\/www.youtube.com\\\/user\\\/esiuclm\",\"https:\\\/\\\/www.twitch.tv\\\/esiuclm\",\"https:\\\/\\\/www.linkedin.com\\\/company\\\/12656631\\\/admin\\\/\"]}]}<\/script>\n<!-- \/ Yoast SEO plugin. -->","yoast_head_json":{"title":"Tribunales Cursos Anteriores - Escuela Superior de Inform\u00e1tica de UCLM","robots":{"index":"index","follow":"follow","max-snippet":"max-snippet:-1","max-image-preview":"max-image-preview:large","max-video-preview":"max-video-preview:-1"},"canonical":"https:\/\/esi.uclm.es\/index.php\/grado-en-ingenieria-informatica\/trabajos-fin-de-grado\/tribunales-cursos-anteriores\/","og_locale":"es_ES","og_type":"article","og_title":"Tribunales Cursos Anteriores - Escuela Superior de Inform\u00e1tica de UCLM","og_description":"Tribunales de cursos anteriores","og_url":"https:\/\/esi.uclm.es\/index.php\/grado-en-ingenieria-informatica\/trabajos-fin-de-grado\/tribunales-cursos-anteriores\/","og_site_name":"Escuela Superior de Inform\u00e1tica de UCLM","article_publisher":"https:\/\/www.facebook.com\/Escuela-Superior-de-Informtica-543261809027158","article_modified_time":"2025-12-05T13:05:46+00:00","og_image":[{"width":1024,"height":256,"url":"https:\/\/esi.uclm.es\/assets\/uploads\/2024\/04\/image.png","type":"image\/png"}],"twitter_card":"summary_large_image","twitter_site":"@esiuclm","twitter_misc":{"Tiempo de lectura":"1 minuto"},"schema":{"@context":"https:\/\/schema.org","@graph":[{"@type":"WebPage","@id":"https:\/\/esi.uclm.es\/index.php\/grado-en-ingenieria-informatica\/trabajos-fin-de-grado\/tribunales-cursos-anteriores\/","url":"https:\/\/esi.uclm.es\/index.php\/grado-en-ingenieria-informatica\/trabajos-fin-de-grado\/tribunales-cursos-anteriores\/","name":"Tribunales Cursos Anteriores - Escuela Superior de Inform\u00e1tica de UCLM","isPartOf":{"@id":"https:\/\/esi.uclm.es\/#website"},"primaryImageOfPage":{"@id":"https:\/\/esi.uclm.es\/index.php\/grado-en-ingenieria-informatica\/trabajos-fin-de-grado\/tribunales-cursos-anteriores\/#primaryimage"},"image":{"@id":"https:\/\/esi.uclm.es\/index.php\/grado-en-ingenieria-informatica\/trabajos-fin-de-grado\/tribunales-cursos-anteriores\/#primaryimage"},"thumbnailUrl":"https:\/\/esi.uclm.es\/assets\/uploads\/2024\/04\/image.png","datePublished":"2024-04-29T08:47:39+00:00","dateModified":"2025-12-05T13:05:46+00:00","breadcrumb":{"@id":"https:\/\/esi.uclm.es\/index.php\/grado-en-ingenieria-informatica\/trabajos-fin-de-grado\/tribunales-cursos-anteriores\/#breadcrumb"},"inLanguage":"es","potentialAction":[{"@type":"ReadAction","target":["https:\/\/esi.uclm.es\/index.php\/grado-en-ingenieria-informatica\/trabajos-fin-de-grado\/tribunales-cursos-anteriores\/"]}]},{"@type":"ImageObject","inLanguage":"es","@id":"https:\/\/esi.uclm.es\/index.php\/grado-en-ingenieria-informatica\/trabajos-fin-de-grado\/tribunales-cursos-anteriores\/#primaryimage","url":"https:\/\/esi.uclm.es\/assets\/uploads\/2024\/04\/image.png","contentUrl":"https:\/\/esi.uclm.es\/assets\/uploads\/2024\/04\/image.png","width":1024,"height":256},{"@type":"BreadcrumbList","@id":"https:\/\/esi.uclm.es\/index.php\/grado-en-ingenieria-informatica\/trabajos-fin-de-grado\/tribunales-cursos-anteriores\/#breadcrumb","itemListElement":[{"@type":"ListItem","position":1,"name":"Portada","item":"https:\/\/esi.uclm.es\/"},{"@type":"ListItem","position":2,"name":"Grado en Ingenier\u00eda Inform\u00e1tica","item":"https:\/\/esi.uclm.es\/index.php\/grado-en-ingenieria-informatica\/"},{"@type":"ListItem","position":3,"name":"Trabajos Fin de Grado","item":"https:\/\/esi.uclm.es\/index.php\/grado-en-ingenieria-informatica\/trabajos-fin-de-grado\/"},{"@type":"ListItem","position":4,"name":"Tribunales Cursos Anteriores"}]},{"@type":"WebSite","@id":"https:\/\/esi.uclm.es\/#website","url":"https:\/\/esi.uclm.es\/","name":"Escuela Superior de Inform\u00e1tica de UCLM en Ciudad Real, Castilla-La Mancha","description":"La Escuela Superior de Inform\u00e1tica de Ciudad Real (Castilla-La Mancha), Universidad de Castilla-La Mancha es un centro universitario que imparte el ciclo completo de Ingenier\u00eda en Inform\u00e1tica: grado, m\u00e1ster y doctorado.","publisher":{"@id":"https:\/\/esi.uclm.es\/#organization"},"potentialAction":[{"@type":"SearchAction","target":{"@type":"EntryPoint","urlTemplate":"https:\/\/esi.uclm.es\/?s={search_term_string}"},"query-input":{"@type":"PropertyValueSpecification","valueRequired":true,"valueName":"search_term_string"}}],"inLanguage":"es"},{"@type":"Organization","@id":"https:\/\/esi.uclm.es\/#organization","name":"Escuela Superior de Inform\u00e1tica de UCLM","url":"https:\/\/esi.uclm.es\/","logo":{"@type":"ImageObject","inLanguage":"es","@id":"https:\/\/esi.uclm.es\/#\/schema\/logo\/image\/","url":"https:\/\/esi.uclm.es\/assets\/uploads\/2022\/03\/LogoESI_cabecera-1.png","contentUrl":"https:\/\/esi.uclm.es\/assets\/uploads\/2022\/03\/LogoESI_cabecera-1.png","width":460,"height":184,"caption":"Escuela Superior de Inform\u00e1tica de UCLM"},"image":{"@id":"https:\/\/esi.uclm.es\/#\/schema\/logo\/image\/"},"sameAs":["https:\/\/www.facebook.com\/Escuela-Superior-de-Informtica-543261809027158","https:\/\/x.com\/esiuclm","https:\/\/www.instagram.com\/esiuclm\/","https:\/\/www.youtube.com\/user\/esiuclm","https:\/\/www.twitch.tv\/esiuclm","https:\/\/www.linkedin.com\/company\/12656631\/admin\/"]}]}},"_links":{"self":[{"href":"https:\/\/esi.uclm.es\/index.php\/wp-json\/wp\/v2\/pages\/18467","targetHints":{"allow":["GET"]}}],"collection":[{"href":"https:\/\/esi.uclm.es\/index.php\/wp-json\/wp\/v2\/pages"}],"about":[{"href":"https:\/\/esi.uclm.es\/index.php\/wp-json\/wp\/v2\/types\/page"}],"author":[{"embeddable":true,"href":"https:\/\/esi.uclm.es\/index.php\/wp-json\/wp\/v2\/users\/4"}],"replies":[{"embeddable":true,"href":"https:\/\/esi.uclm.es\/index.php\/wp-json\/wp\/v2\/comments?post=18467"}],"version-history":[{"count":4,"href":"https:\/\/esi.uclm.es\/index.php\/wp-json\/wp\/v2\/pages\/18467\/revisions"}],"predecessor-version":[{"id":22257,"href":"https:\/\/esi.uclm.es\/index.php\/wp-json\/wp\/v2\/pages\/18467\/revisions\/22257"}],"up":[{"embeddable":true,"href":"https:\/\/esi.uclm.es\/index.php\/wp-json\/wp\/v2\/pages\/4045"}],"wp:attachment":[{"href":"https:\/\/esi.uclm.es\/index.php\/wp-json\/wp\/v2\/media?parent=18467"}],"curies":[{"name":"wp","href":"https:\/\/api.w.org\/{rel}","templated":true}]}}