{"id":18419,"date":"2024-04-19T11:22:47","date_gmt":"2024-04-19T11:22:47","guid":{"rendered":"https:\/\/esi.uclm.es\/?page_id=18419"},"modified":"2024-06-12T16:10:52","modified_gmt":"2024-06-12T16:10:52","slug":"presupuesto-participativo-2024","status":"publish","type":"page","link":"https:\/\/esi.uclm.es\/index.php\/transparencia\/gobierno-abierto\/presupuesto-participativo-2024\/","title":{"rendered":"IV Presupuesto participativo (2024)"},"content":{"rendered":"\n<p>Un&nbsp;<strong>presupuesto participativo<\/strong>&nbsp;es un instrumento que permite incorporar la democracia participativa en la definici\u00f3n de determinadas partidas de gasto, de manera que los miembros de una comunidad decidan de manera libre y directa el destino de una parte del presupuesto.<\/p>\n\n\n\n<p>Para aplicar esta pr\u00e1ctica al&nbsp;<strong>presupuesto de la ESI correspondiente al ejercicio 2024<\/strong>, se establece un procedimiento a trav\u00e9s del cual la comunidad universitaria de la ESI plantear\u00e1 primero sus propuestas de <strong>proyectos de inter\u00e9s acad\u00e9mico<\/strong> para ser financiados, a continuaci\u00f3n, estas se evaluar\u00e1n con el fin de detectar aquellas que pudieran ser redundantes o no viables por cuestiones normativas o t\u00e9cnicas y, finalmente, se votar\u00e1n y elegir\u00e1n las propuestas aceptadas.<\/p>\n\n\n\n<p>De modo que la participaci\u00f3n del personal y de los estudiantes de la ESI puede producirse de dos formas: presentando propuestas y, posteriormente, votando el conjunto de propuestas realizadas.<\/p>\n\n\n\n<p>La cuant\u00eda del presupuesto participativo para el ejercicio 2024, cuarto en el que se aplica esta f\u00f3rmula, asciende a&nbsp;<strong>5.000 \u20ac<\/strong>.<\/p>\n\n\n\n<h3 class=\"wp-block-heading\">Proyectos seleccionados para la votaci\u00f3n<\/h3>\n\n\n\n<hr class=\"wp-block-separator has-text-color has-vivid-cyan-blue-color has-alpha-channel-opacity has-vivid-cyan-blue-background-color has-background is-style-wide\"\/>\n\n\n\n<figure class=\"wp-block-table\"><table><thead><tr><th>Proyecto<\/th><th class=\"has-text-align-left\" data-align=\"left\">Necesidad y descripci\u00f3n<\/th><\/tr><\/thead><tbody><tr><td><strong>M\u00e1quinas expendedoras de bebidas y comida<\/strong><\/td><td class=\"has-text-align-left\" data-align=\"left\">Al tener horario de tarde, y estando en ocasiones cerrado el bar en funci\u00f3n de la hora, ser\u00eda recomendable disponer de una m\u00e1quina para coger algo de comer, beber o un caf\u00e9.<\/td><\/tr><tr><td><strong>Ritmos Binarios: Inversi\u00f3n Instrumental en la ESI<\/strong><\/td><td class=\"has-text-align-left\" data-align=\"left\">Compra de bater\u00eda electr\u00f3nica y amplificadores y otros instrumentos de m\u00fasica relacionados con proyectos acad\u00e9micos y de investigaci\u00f3n.<br>Estar\u00eda bien disponer de instrumentos (de dif\u00edcil transporte) en la ESI para su uso, puesto que promocionar\u00eda actividades culturales relacionadas con la m\u00fasica y tambi\u00e9n incluso la grabaci\u00f3n de pruebas de sonido para experimentos inform\u00e1ticos relacionados con la m\u00fasica.<\/td><\/tr><tr><td><strong>Juegos de mesa<\/strong><\/td><td class=\"has-text-align-left\" data-align=\"left\">Viendo el creciente inter\u00e9s por esta actividad en la hora ocio nos gustar\u00eda contar con material para no depender del que ofrecen los participantes.<br>Se propone asignar un presupuesto para la organizaci\u00f3n de la actividad social recreativa de juegos de mesa, que se lleva a cabo en la ESI, normalmente en el horario de mi\u00e9rcoles de 11:30 a 13:00 cuando no hay conferencias.&nbsp; Este presupuesto se dedicar\u00eda a la compra de juegos de mesa colaborativos, para promover la relaci\u00f3n entre alumnos tanto del mismo curso, como de distintos cursos con la finalidad de descansar de los estudios y socializar. Esta actividad, que ya est\u00e1 siendo realizada, ha encontrado un gran aumento de participantes en este a\u00f1o. Esto solo est\u00e1 siendo posible gracias a la cooperaci\u00f3n de algunos alumnos que participan y tienen juegos de mesa propios. Con tantos miembros este m\u00e9todo no es factible, por lo que se presenta esta propuesta.<\/td><\/tr><tr><td><strong>Espacio social<\/strong><\/td><td class=\"has-text-align-left\" data-align=\"left\">Hermandad entre los estudiantes de la ESI. Habilitar un espacio de acceso exclusivo a los alumnos de la ESI. No solo con mesas para trabajar si no que se incluya mobiliario para que los alumnos est\u00e9n en un ambiente distendido donde puedan florecer comunidades, asociaciones y tambi\u00e9n puedan desconectar del plano m\u00e1s acad\u00e9mico. Esta sala podr\u00eda tener alg\u00fan sof\u00e1, pizarras, equipo de proyecci\u00f3n. La idea es que los alumnos entre clases puedan ir ah\u00ed a trabajar, descansar, hablar y socializar. El espacio adem\u00e1s podr\u00eda estar decorado con la logomarca de la ESI y as\u00ed fomentar el sentimiento de pertenencia a la Escuela.<\/td><\/tr><\/tbody><\/table><\/figure>\n\n\n\n\n\n<h3 class=\"wp-block-heading\">Votaci\u00f3n y calendario<\/h3>\n\n\n\n<hr class=\"wp-block-separator has-text-color has-vivid-cyan-blue-color has-alpha-channel-opacity has-vivid-cyan-blue-background-color has-background is-style-wide\"\/>\n\n\n\n<p>Concluido el periodo de votaci\u00f3n, que se ha extendido desde el d\u00eda 22\/mayo al 4\/junio, se han recibido\u00a0<strong>153 votos<\/strong>, siendo los resultados de la votaci\u00f3n los siguientes:<\/p>\n\n\n\n<ol class=\"wp-block-list\">\n<li>Proyecto <strong>M\u00e1quinas expendedoras de bebidas y comida\u00a0\u2013\u00a02,57 puntos<\/strong><\/li>\n\n\n\n<li>Proyecto <strong>Ritmos Binarios: Inversi\u00f3n Instrumental en la ESI\u00a0\u2013\u00a01,91 puntos<\/strong><\/li>\n\n\n\n<li>Proyecto <strong>Juegos de Mesa \u2013\u00a02,18 puntos<\/strong><\/li>\n\n\n\n<li>Proyecto <strong>Espacio social<\/strong> \u2013\u00a0<strong>2,50 puntos<\/strong><\/li>\n<\/ol>\n\n\n\n<p>Han quedado seleccionados los proyectos 1 y 4.<\/p>\n\n\n\n<figure class=\"wp-block-table\"><table><thead><tr><th>Fase<\/th><th>Inicio<\/th><th>Duraci\u00f3n<\/th><\/tr><\/thead><tbody><tr><td>Lanzamiento<\/td><td>22\/abril\/2024<\/td><td>&#8211;<\/td><\/tr><tr><td>Env\u00edo de propuestas<\/td><td>22\/abril\/2024<\/td><td>10 d\u00edas h\u00e1biles<\/td><\/tr><tr><td>Evaluaci\u00f3n de propuestas<\/td><td>7\/mayo\/2024<\/td><td>&#8211;<\/td><\/tr><tr><td>Votaci\u00f3n y elecci\u00f3n<\/td><td>22\/mayo\/2024<\/td><td>7 d\u00edas h\u00e1biles<\/td><\/tr><\/tbody><\/table><\/figure>\n","protected":false},"excerpt":{"rendered":"<p>Un&nbsp;presupuesto participativo&nbsp;es un instrumento que permite incorporar la democracia participativa en la definici\u00f3n de determinadas partidas de gasto, de manera que los miembros de una comunidad decidan de manera libre y directa el destino de una parte del presupuesto. Para aplicar esta pr\u00e1ctica al&nbsp;presupuesto de [&hellip;]<\/p>\n","protected":false},"author":1,"featured_media":0,"parent":4102,"menu_order":0,"comment_status":"closed","ping_status":"closed","template":"","meta":{"footnotes":""},"class_list":["post-18419","page","type-page","status-publish","hentry"],"yoast_head":"<!-- This site is optimized with the Yoast SEO plugin v27.3 - https:\/\/yoast.com\/product\/yoast-seo-wordpress\/ -->\n<title>IV Presupuesto participativo (2024) - Escuela Superior de Inform\u00e1tica de UCLM<\/title>\n<meta name=\"robots\" content=\"index, follow, max-snippet:-1, max-image-preview:large, max-video-preview:-1\" \/>\n<link rel=\"canonical\" href=\"https:\/\/esi.uclm.es\/index.php\/transparencia\/gobierno-abierto\/presupuesto-participativo-2024\/\" \/>\n<meta property=\"og:locale\" content=\"es_ES\" \/>\n<meta property=\"og:type\" content=\"article\" \/>\n<meta property=\"og:title\" content=\"IV Presupuesto participativo (2024) - Escuela Superior de Inform\u00e1tica de UCLM\" \/>\n<meta property=\"og:description\" content=\"Un&nbsp;presupuesto participativo&nbsp;es un instrumento que permite incorporar la democracia participativa en la definici\u00f3n de determinadas partidas de gasto, de manera que los miembros de una comunidad decidan de manera libre y directa el destino de una parte del presupuesto. Para aplicar esta pr\u00e1ctica al&nbsp;presupuesto de [&hellip;]\" \/>\n<meta property=\"og:url\" content=\"https:\/\/esi.uclm.es\/index.php\/transparencia\/gobierno-abierto\/presupuesto-participativo-2024\/\" \/>\n<meta property=\"og:site_name\" content=\"Escuela Superior de Inform\u00e1tica de UCLM\" \/>\n<meta property=\"article:publisher\" content=\"https:\/\/www.facebook.com\/Escuela-Superior-de-Informtica-543261809027158\" \/>\n<meta property=\"article:modified_time\" content=\"2024-06-12T16:10:52+00:00\" \/>\n<meta name=\"twitter:card\" content=\"summary_large_image\" \/>\n<meta name=\"twitter:site\" content=\"@esiuclm\" \/>\n<meta name=\"twitter:label1\" content=\"Tiempo de lectura\" \/>\n\t<meta name=\"twitter:data1\" content=\"3 minutos\" \/>\n<script type=\"application\/ld+json\" class=\"yoast-schema-graph\">{\"@context\":\"https:\\\/\\\/schema.org\",\"@graph\":[{\"@type\":\"WebPage\",\"@id\":\"https:\\\/\\\/esi.uclm.es\\\/index.php\\\/transparencia\\\/gobierno-abierto\\\/presupuesto-participativo-2024\\\/\",\"url\":\"https:\\\/\\\/esi.uclm.es\\\/index.php\\\/transparencia\\\/gobierno-abierto\\\/presupuesto-participativo-2024\\\/\",\"name\":\"IV Presupuesto participativo (2024) - Escuela Superior de Inform\u00e1tica de UCLM\",\"isPartOf\":{\"@id\":\"https:\\\/\\\/esi.uclm.es\\\/#website\"},\"datePublished\":\"2024-04-19T11:22:47+00:00\",\"dateModified\":\"2024-06-12T16:10:52+00:00\",\"breadcrumb\":{\"@id\":\"https:\\\/\\\/esi.uclm.es\\\/index.php\\\/transparencia\\\/gobierno-abierto\\\/presupuesto-participativo-2024\\\/#breadcrumb\"},\"inLanguage\":\"es\",\"potentialAction\":[{\"@type\":\"ReadAction\",\"target\":[\"https:\\\/\\\/esi.uclm.es\\\/index.php\\\/transparencia\\\/gobierno-abierto\\\/presupuesto-participativo-2024\\\/\"]}]},{\"@type\":\"BreadcrumbList\",\"@id\":\"https:\\\/\\\/esi.uclm.es\\\/index.php\\\/transparencia\\\/gobierno-abierto\\\/presupuesto-participativo-2024\\\/#breadcrumb\",\"itemListElement\":[{\"@type\":\"ListItem\",\"position\":1,\"name\":\"Portada\",\"item\":\"https:\\\/\\\/esi.uclm.es\\\/\"},{\"@type\":\"ListItem\",\"position\":2,\"name\":\"Transparencia\",\"item\":\"https:\\\/\\\/esi.uclm.es\\\/index.php\\\/transparencia\\\/\"},{\"@type\":\"ListItem\",\"position\":3,\"name\":\"Gobierno abierto\",\"item\":\"https:\\\/\\\/esi.uclm.es\\\/index.php\\\/transparencia\\\/gobierno-abierto\\\/\"},{\"@type\":\"ListItem\",\"position\":4,\"name\":\"IV Presupuesto participativo (2024)\"}]},{\"@type\":\"WebSite\",\"@id\":\"https:\\\/\\\/esi.uclm.es\\\/#website\",\"url\":\"https:\\\/\\\/esi.uclm.es\\\/\",\"name\":\"Escuela Superior de Inform\u00e1tica de UCLM en Ciudad Real, Castilla-La Mancha\",\"description\":\"La Escuela Superior de Inform\u00e1tica de Ciudad Real (Castilla-La Mancha), Universidad de Castilla-La Mancha es un centro universitario que imparte el ciclo completo de Ingenier\u00eda en Inform\u00e1tica: grado, m\u00e1ster y doctorado.\",\"publisher\":{\"@id\":\"https:\\\/\\\/esi.uclm.es\\\/#organization\"},\"potentialAction\":[{\"@type\":\"SearchAction\",\"target\":{\"@type\":\"EntryPoint\",\"urlTemplate\":\"https:\\\/\\\/esi.uclm.es\\\/?s={search_term_string}\"},\"query-input\":{\"@type\":\"PropertyValueSpecification\",\"valueRequired\":true,\"valueName\":\"search_term_string\"}}],\"inLanguage\":\"es\"},{\"@type\":\"Organization\",\"@id\":\"https:\\\/\\\/esi.uclm.es\\\/#organization\",\"name\":\"Escuela Superior de Inform\u00e1tica de UCLM\",\"url\":\"https:\\\/\\\/esi.uclm.es\\\/\",\"logo\":{\"@type\":\"ImageObject\",\"inLanguage\":\"es\",\"@id\":\"https:\\\/\\\/esi.uclm.es\\\/#\\\/schema\\\/logo\\\/image\\\/\",\"url\":\"https:\\\/\\\/esi.uclm.es\\\/assets\\\/uploads\\\/2022\\\/03\\\/LogoESI_cabecera-1.png\",\"contentUrl\":\"https:\\\/\\\/esi.uclm.es\\\/assets\\\/uploads\\\/2022\\\/03\\\/LogoESI_cabecera-1.png\",\"width\":460,\"height\":184,\"caption\":\"Escuela Superior de Inform\u00e1tica de UCLM\"},\"image\":{\"@id\":\"https:\\\/\\\/esi.uclm.es\\\/#\\\/schema\\\/logo\\\/image\\\/\"},\"sameAs\":[\"https:\\\/\\\/www.facebook.com\\\/Escuela-Superior-de-Informtica-543261809027158\",\"https:\\\/\\\/x.com\\\/esiuclm\",\"https:\\\/\\\/www.instagram.com\\\/esiuclm\\\/\",\"https:\\\/\\\/www.youtube.com\\\/user\\\/esiuclm\",\"https:\\\/\\\/www.twitch.tv\\\/esiuclm\",\"https:\\\/\\\/www.linkedin.com\\\/company\\\/12656631\\\/admin\\\/\"]}]}<\/script>\n<!-- \/ Yoast SEO plugin. -->","yoast_head_json":{"title":"IV Presupuesto participativo (2024) - Escuela Superior de Inform\u00e1tica de UCLM","robots":{"index":"index","follow":"follow","max-snippet":"max-snippet:-1","max-image-preview":"max-image-preview:large","max-video-preview":"max-video-preview:-1"},"canonical":"https:\/\/esi.uclm.es\/index.php\/transparencia\/gobierno-abierto\/presupuesto-participativo-2024\/","og_locale":"es_ES","og_type":"article","og_title":"IV Presupuesto participativo (2024) - Escuela Superior de Inform\u00e1tica de UCLM","og_description":"Un&nbsp;presupuesto participativo&nbsp;es un instrumento que permite incorporar la democracia participativa en la definici\u00f3n de determinadas partidas de gasto, de manera que los miembros de una comunidad decidan de manera libre y directa el destino de una parte del presupuesto. Para aplicar esta pr\u00e1ctica al&nbsp;presupuesto de [&hellip;]","og_url":"https:\/\/esi.uclm.es\/index.php\/transparencia\/gobierno-abierto\/presupuesto-participativo-2024\/","og_site_name":"Escuela Superior de Inform\u00e1tica de UCLM","article_publisher":"https:\/\/www.facebook.com\/Escuela-Superior-de-Informtica-543261809027158","article_modified_time":"2024-06-12T16:10:52+00:00","twitter_card":"summary_large_image","twitter_site":"@esiuclm","twitter_misc":{"Tiempo de lectura":"3 minutos"},"schema":{"@context":"https:\/\/schema.org","@graph":[{"@type":"WebPage","@id":"https:\/\/esi.uclm.es\/index.php\/transparencia\/gobierno-abierto\/presupuesto-participativo-2024\/","url":"https:\/\/esi.uclm.es\/index.php\/transparencia\/gobierno-abierto\/presupuesto-participativo-2024\/","name":"IV Presupuesto participativo (2024) - Escuela Superior de Inform\u00e1tica de UCLM","isPartOf":{"@id":"https:\/\/esi.uclm.es\/#website"},"datePublished":"2024-04-19T11:22:47+00:00","dateModified":"2024-06-12T16:10:52+00:00","breadcrumb":{"@id":"https:\/\/esi.uclm.es\/index.php\/transparencia\/gobierno-abierto\/presupuesto-participativo-2024\/#breadcrumb"},"inLanguage":"es","potentialAction":[{"@type":"ReadAction","target":["https:\/\/esi.uclm.es\/index.php\/transparencia\/gobierno-abierto\/presupuesto-participativo-2024\/"]}]},{"@type":"BreadcrumbList","@id":"https:\/\/esi.uclm.es\/index.php\/transparencia\/gobierno-abierto\/presupuesto-participativo-2024\/#breadcrumb","itemListElement":[{"@type":"ListItem","position":1,"name":"Portada","item":"https:\/\/esi.uclm.es\/"},{"@type":"ListItem","position":2,"name":"Transparencia","item":"https:\/\/esi.uclm.es\/index.php\/transparencia\/"},{"@type":"ListItem","position":3,"name":"Gobierno abierto","item":"https:\/\/esi.uclm.es\/index.php\/transparencia\/gobierno-abierto\/"},{"@type":"ListItem","position":4,"name":"IV Presupuesto participativo (2024)"}]},{"@type":"WebSite","@id":"https:\/\/esi.uclm.es\/#website","url":"https:\/\/esi.uclm.es\/","name":"Escuela Superior de Inform\u00e1tica de UCLM en Ciudad Real, Castilla-La Mancha","description":"La Escuela Superior de Inform\u00e1tica de Ciudad Real (Castilla-La Mancha), Universidad de Castilla-La Mancha es un centro universitario que imparte el ciclo completo de Ingenier\u00eda en Inform\u00e1tica: grado, m\u00e1ster y doctorado.","publisher":{"@id":"https:\/\/esi.uclm.es\/#organization"},"potentialAction":[{"@type":"SearchAction","target":{"@type":"EntryPoint","urlTemplate":"https:\/\/esi.uclm.es\/?s={search_term_string}"},"query-input":{"@type":"PropertyValueSpecification","valueRequired":true,"valueName":"search_term_string"}}],"inLanguage":"es"},{"@type":"Organization","@id":"https:\/\/esi.uclm.es\/#organization","name":"Escuela Superior de Inform\u00e1tica de UCLM","url":"https:\/\/esi.uclm.es\/","logo":{"@type":"ImageObject","inLanguage":"es","@id":"https:\/\/esi.uclm.es\/#\/schema\/logo\/image\/","url":"https:\/\/esi.uclm.es\/assets\/uploads\/2022\/03\/LogoESI_cabecera-1.png","contentUrl":"https:\/\/esi.uclm.es\/assets\/uploads\/2022\/03\/LogoESI_cabecera-1.png","width":460,"height":184,"caption":"Escuela Superior de Inform\u00e1tica de UCLM"},"image":{"@id":"https:\/\/esi.uclm.es\/#\/schema\/logo\/image\/"},"sameAs":["https:\/\/www.facebook.com\/Escuela-Superior-de-Informtica-543261809027158","https:\/\/x.com\/esiuclm","https:\/\/www.instagram.com\/esiuclm\/","https:\/\/www.youtube.com\/user\/esiuclm","https:\/\/www.twitch.tv\/esiuclm","https:\/\/www.linkedin.com\/company\/12656631\/admin\/"]}]}},"_links":{"self":[{"href":"https:\/\/esi.uclm.es\/index.php\/wp-json\/wp\/v2\/pages\/18419","targetHints":{"allow":["GET"]}}],"collection":[{"href":"https:\/\/esi.uclm.es\/index.php\/wp-json\/wp\/v2\/pages"}],"about":[{"href":"https:\/\/esi.uclm.es\/index.php\/wp-json\/wp\/v2\/types\/page"}],"author":[{"embeddable":true,"href":"https:\/\/esi.uclm.es\/index.php\/wp-json\/wp\/v2\/users\/1"}],"replies":[{"embeddable":true,"href":"https:\/\/esi.uclm.es\/index.php\/wp-json\/wp\/v2\/comments?post=18419"}],"version-history":[{"count":11,"href":"https:\/\/esi.uclm.es\/index.php\/wp-json\/wp\/v2\/pages\/18419\/revisions"}],"predecessor-version":[{"id":18779,"href":"https:\/\/esi.uclm.es\/index.php\/wp-json\/wp\/v2\/pages\/18419\/revisions\/18779"}],"up":[{"embeddable":true,"href":"https:\/\/esi.uclm.es\/index.php\/wp-json\/wp\/v2\/pages\/4102"}],"wp:attachment":[{"href":"https:\/\/esi.uclm.es\/index.php\/wp-json\/wp\/v2\/media?parent=18419"}],"curies":[{"name":"wp","href":"https:\/\/api.w.org\/{rel}","templated":true}]}}