{"id":16706,"date":"2023-09-14T10:14:02","date_gmt":"2023-09-14T10:14:02","guid":{"rendered":"https:\/\/esi.uclm.es\/?page_id=16706"},"modified":"2023-09-14T10:23:05","modified_gmt":"2023-09-14T10:23:05","slug":"nuestro-experto","status":"publish","type":"page","link":"https:\/\/esi.uclm.es\/index.php\/vida-en-la-esi\/apoyo-al-estudiante\/programa-mentor-profesional\/nuestro-experto\/","title":{"rendered":"Nuestro experto"},"content":{"rendered":"\n<figure class=\"wp-block-image size-large\"><img loading=\"lazy\" decoding=\"async\" width=\"1024\" height=\"576\" src=\"https:\/\/esi.uclm.es\/assets\/uploads\/2023\/09\/juanjoescribano-1024x576.jpg\" alt=\"\" class=\"wp-image-16711\" srcset=\"https:\/\/esi.uclm.es\/assets\/uploads\/2023\/09\/juanjoescribano-1024x576.jpg 1024w, https:\/\/esi.uclm.es\/assets\/uploads\/2023\/09\/juanjoescribano-300x169.jpg 300w, https:\/\/esi.uclm.es\/assets\/uploads\/2023\/09\/juanjoescribano-768x432.jpg 768w, https:\/\/esi.uclm.es\/assets\/uploads\/2023\/09\/juanjoescribano-600x338.jpg 600w, https:\/\/esi.uclm.es\/assets\/uploads\/2023\/09\/juanjoescribano.jpg 1280w\" sizes=\"auto, (max-width: 1024px) 100vw, 1024px\" \/><\/figure>\n\n\n\n<h3 class=\"wp-block-heading\"><strong>Juan Jos\u00e9 Escribano Otero<\/strong><\/h3>\n\n\n\n<p><strong>Mi desarrollo personal me ha convertido en un profesional vers\u00e1til y tenaz, capaz de compaginar el dise\u00f1o y la planificaci\u00f3n de proyectos (gracias a mis conocimientos universitarios de matem\u00e1ticas e ingenier\u00eda inform\u00e1tica), la coordinaci\u00f3n de equipos de personas (puesta en pr\u00e1ctica en los diversos puestos de gesti\u00f3n y de direcci\u00f3n detallados en este curr\u00edculo) y la orientaci\u00f3n a la excelencia y al servicio universitario (avalados por diversos premios de calidad, de innovaci\u00f3n y de labor docente).&nbsp;<\/strong>&nbsp;<\/p>\n\n\n\n<p>Doctor en CC de la Computaci\u00f3n (Universidad de Alcal\u00e1) y licenciado en CC Matem\u00e1ticas (Universidad Complutense de Madrid). Profesor desde 1993 en el Departamento de Ciencias, Computaci\u00f3n y Tecnolog\u00eda de la UEM, y profesor titular desde 2010 en el mismo departamento. Ha impartido diversas asignaturas de las \u00e1reas de Ciencias de la Computaci\u00f3n, matem\u00e1ticas y asignaturas relacionadas con <em>soft skills<\/em> en entornos de ingenier\u00eda. Profesor desde el 2022 de la Escuela Polit\u00e9cnica Superior de la universidad Francisco de vitoria de las asignaturas Aut\u00f3matas (para ing. Matem\u00e1tica) y proyectos I (para ing. Inform\u00e1tica).&nbsp;<\/p>\n\n\n\n<p>Ganador del Premio a la mejor labor docente de la UEM en 2009 y a \u201cmejor profesor de la Escuela Polit\u00e9cnica\u201d en el mismo a\u00f1o. En tres ediciones, miembro del equipo ganador del premio a la calidad de la Universidad Europea, el \u00faltimo de ellos en el 2020 con el trabajo para la elaboraci\u00f3n de un mapa de colaboraciones empresa-universidad. Ganador <em>ex aequo<\/em> del premio a la calidad y la innovaci\u00f3n docente 2022, otorgado por AENUI (Asociaci\u00f3n de Ense\u00f1antes Universitarios de Inform\u00e1tica).&nbsp;<\/p>\n\n\n\n<p>Asesor y formador externo de diversas universidades (espa\u00f1olas y latinoamericanas) sobre aspectos relacionados con la docencia, la innovaci\u00f3n y la gesti\u00f3n acad\u00e9mica. Cabe destacar la participaci\u00f3n como asesor externo y coordinador de equipo en las universidades UTEC (elaboraci\u00f3n de mallas curriculares basadas en competencias de varios grados) y UNJFSC (Actualizaci\u00f3n de su modelo acad\u00e9mico a entornos h\u00edbridos), ambas de Per\u00fa, adem\u00e1s de las espa\u00f1olas ESNE y UDIT como experto y coordinador del equipo para la redacci\u00f3n y presentaci\u00f3n de varios t\u00edtulos de grado universitario (dos para ESNE y uno para UDIT) y de m\u00e1ster universitario (para UDIT). Adem\u00e1s, fue miembro del comit\u00e9 directivo de las \u201cI jornadas para la confecci\u00f3n de t\u00edtulos de inform\u00e1tica en el EEES\u201d (Alcal\u00e1 de Henares, 2009) y responsable del equipo interno para la acreditaci\u00f3n de todos los t\u00edtulos TIC (de grado y de postgrado) de la UEM durante el periodo de 2013 a 2017.&nbsp;&nbsp;&nbsp;<\/p>\n\n\n\n<p>Ha ocupado varios puestos de gesti\u00f3n acad\u00e9mica: responsable de calidad del departamento, responsable de Innovaci\u00f3n tecnol\u00f3gica de la UEM, director de departamento, director acad\u00e9mico de la Escuela de Arquitectura, Ingenier\u00eda y Dise\u00f1o, subdirector de Grados, y subdirector de Tecnolog\u00edas digitales en la misma Escuela. Fundador y responsable de la oficina PBS (Project Based School, 2017-2019), fundador del laboratorio TechFactory (2019).&nbsp;<\/p>\n\n\n\n<p>Cofundador del grupo de investigaci\u00f3n MATICES (M\u00e9todos de Aplicaci\u00f3n de Tecnolog\u00edas de la Informaci\u00f3n Contra la Exclusi\u00f3n Social). Ha dirigido y participado en proyectos de investigaci\u00f3n en \u00e1reas como la tecnolog\u00eda e innovaci\u00f3n en docencia, accesibilidad e inclusividad.&nbsp;<\/p>\n\n\n\n<p>Socio de AENUI desde 2001, asociaci\u00f3n de la que fue coordinador del 2009 al 2013. Miembro del comit\u00e9 cient\u00edfico (revisor) de JENUI (Jornadas de Ense\u00f1anza Universitaria de la Inform\u00e1tica) desde 2003, Jornadas de las que fue presidente del comit\u00e9 organizador en el 2005 y presidente del comit\u00e9 de programa en el 2014. Coordinador del comit\u00e9 directivo de SIENUI (Simposio de Investigaci\u00f3n en docencia universitaria de inform\u00e1tica) en su primera edici\u00f3n (2021) y de la segunda que se celebrar\u00e1 en 2023 en la universidad de Alicante. Editor de la revista indexada JOTSE (Journal of Technology and Science Education) desde 2018.&nbsp;&nbsp;<\/p>\n\n\n\n<p>Codirector del \u00e1rea \u201cInteligencia Artificial Inclusiva\u201d (IAI) en OdiseIA (Observatorio del impacto social y \u00e9tico de la inteligencia artificial) desde 2020 y director del \u00e1rea de Alianzas Estrat\u00e9gicas en el mismo observatorio desde 2021.&nbsp;<\/p>\n\n\n\n<p>Responsable Acad\u00e9mico del proyecto de Formaci\u00f3n Profesional Xtart desde 2022.&nbsp;<\/p>\n\n\n\n<p>Coautor del libro #arteconfinado (poemas y fotograf\u00edas) escrito y publicado durante la pandemia de 2020 y del poemario \u201cMultiverso\u201d (2022). Autor de numerosos art\u00edculos en revistas y libros, conferenciante y divulgador sobre todos los temas tratados en esta rese\u00f1a.&nbsp;<\/p>\n","protected":false},"excerpt":{"rendered":"<p>Juan Jos\u00e9 Escribano Otero Mi desarrollo personal me ha convertido en un profesional vers\u00e1til y tenaz, capaz de compaginar el dise\u00f1o y la planificaci\u00f3n de proyectos (gracias a mis conocimientos universitarios de matem\u00e1ticas e ingenier\u00eda inform\u00e1tica), la coordinaci\u00f3n de equipos de personas (puesta en pr\u00e1ctica [&hellip;]<\/p>\n","protected":false},"author":4,"featured_media":0,"parent":4240,"menu_order":0,"comment_status":"closed","ping_status":"closed","template":"","meta":{"footnotes":""},"class_list":["post-16706","page","type-page","status-publish","hentry"],"yoast_head":"<!-- This site is optimized with the Yoast SEO plugin v27.3 - https:\/\/yoast.com\/product\/yoast-seo-wordpress\/ -->\n<title>Nuestro experto - Escuela Superior de Inform\u00e1tica de UCLM<\/title>\n<meta name=\"robots\" content=\"index, follow, max-snippet:-1, max-image-preview:large, max-video-preview:-1\" \/>\n<link rel=\"canonical\" href=\"https:\/\/esi.uclm.es\/index.php\/vida-en-la-esi\/apoyo-al-estudiante\/programa-mentor-profesional\/nuestro-experto\/\" \/>\n<meta property=\"og:locale\" content=\"es_ES\" \/>\n<meta property=\"og:type\" content=\"article\" \/>\n<meta property=\"og:title\" content=\"Nuestro experto - Escuela Superior de Inform\u00e1tica de UCLM\" \/>\n<meta property=\"og:description\" content=\"Juan Jos\u00e9 Escribano Otero Mi desarrollo personal me ha convertido en un profesional vers\u00e1til y tenaz, capaz de compaginar el dise\u00f1o y la planificaci\u00f3n de proyectos (gracias a mis conocimientos universitarios de matem\u00e1ticas e ingenier\u00eda inform\u00e1tica), la coordinaci\u00f3n de equipos de personas (puesta en pr\u00e1ctica [&hellip;]\" \/>\n<meta property=\"og:url\" content=\"https:\/\/esi.uclm.es\/index.php\/vida-en-la-esi\/apoyo-al-estudiante\/programa-mentor-profesional\/nuestro-experto\/\" \/>\n<meta property=\"og:site_name\" content=\"Escuela Superior de Inform\u00e1tica de UCLM\" \/>\n<meta property=\"article:publisher\" content=\"https:\/\/www.facebook.com\/Escuela-Superior-de-Informtica-543261809027158\" \/>\n<meta property=\"article:modified_time\" content=\"2023-09-14T10:23:05+00:00\" \/>\n<meta property=\"og:image\" content=\"https:\/\/esi.uclm.es\/assets\/uploads\/2023\/09\/juanjoescribano-1024x576.jpg\" \/>\n<meta name=\"twitter:card\" content=\"summary_large_image\" \/>\n<meta name=\"twitter:site\" content=\"@esiuclm\" \/>\n<meta name=\"twitter:label1\" content=\"Tiempo de lectura\" \/>\n\t<meta name=\"twitter:data1\" content=\"4 minutos\" \/>\n<script type=\"application\/ld+json\" class=\"yoast-schema-graph\">{\"@context\":\"https:\\\/\\\/schema.org\",\"@graph\":[{\"@type\":\"WebPage\",\"@id\":\"https:\\\/\\\/esi.uclm.es\\\/index.php\\\/vida-en-la-esi\\\/apoyo-al-estudiante\\\/programa-mentor-profesional\\\/nuestro-experto\\\/\",\"url\":\"https:\\\/\\\/esi.uclm.es\\\/index.php\\\/vida-en-la-esi\\\/apoyo-al-estudiante\\\/programa-mentor-profesional\\\/nuestro-experto\\\/\",\"name\":\"Nuestro experto - Escuela Superior de Inform\u00e1tica de UCLM\",\"isPartOf\":{\"@id\":\"https:\\\/\\\/esi.uclm.es\\\/#website\"},\"primaryImageOfPage\":{\"@id\":\"https:\\\/\\\/esi.uclm.es\\\/index.php\\\/vida-en-la-esi\\\/apoyo-al-estudiante\\\/programa-mentor-profesional\\\/nuestro-experto\\\/#primaryimage\"},\"image\":{\"@id\":\"https:\\\/\\\/esi.uclm.es\\\/index.php\\\/vida-en-la-esi\\\/apoyo-al-estudiante\\\/programa-mentor-profesional\\\/nuestro-experto\\\/#primaryimage\"},\"thumbnailUrl\":\"https:\\\/\\\/esi.uclm.es\\\/assets\\\/uploads\\\/2023\\\/09\\\/juanjoescribano-1024x576.jpg\",\"datePublished\":\"2023-09-14T10:14:02+00:00\",\"dateModified\":\"2023-09-14T10:23:05+00:00\",\"breadcrumb\":{\"@id\":\"https:\\\/\\\/esi.uclm.es\\\/index.php\\\/vida-en-la-esi\\\/apoyo-al-estudiante\\\/programa-mentor-profesional\\\/nuestro-experto\\\/#breadcrumb\"},\"inLanguage\":\"es\",\"potentialAction\":[{\"@type\":\"ReadAction\",\"target\":[\"https:\\\/\\\/esi.uclm.es\\\/index.php\\\/vida-en-la-esi\\\/apoyo-al-estudiante\\\/programa-mentor-profesional\\\/nuestro-experto\\\/\"]}]},{\"@type\":\"ImageObject\",\"inLanguage\":\"es\",\"@id\":\"https:\\\/\\\/esi.uclm.es\\\/index.php\\\/vida-en-la-esi\\\/apoyo-al-estudiante\\\/programa-mentor-profesional\\\/nuestro-experto\\\/#primaryimage\",\"url\":\"https:\\\/\\\/esi.uclm.es\\\/assets\\\/uploads\\\/2023\\\/09\\\/juanjoescribano-1024x576.jpg\",\"contentUrl\":\"https:\\\/\\\/esi.uclm.es\\\/assets\\\/uploads\\\/2023\\\/09\\\/juanjoescribano-1024x576.jpg\"},{\"@type\":\"BreadcrumbList\",\"@id\":\"https:\\\/\\\/esi.uclm.es\\\/index.php\\\/vida-en-la-esi\\\/apoyo-al-estudiante\\\/programa-mentor-profesional\\\/nuestro-experto\\\/#breadcrumb\",\"itemListElement\":[{\"@type\":\"ListItem\",\"position\":1,\"name\":\"Portada\",\"item\":\"https:\\\/\\\/esi.uclm.es\\\/\"},{\"@type\":\"ListItem\",\"position\":2,\"name\":\"Vida en la ESI\",\"item\":\"https:\\\/\\\/esi.uclm.es\\\/index.php\\\/vida-en-la-esi\\\/\"},{\"@type\":\"ListItem\",\"position\":3,\"name\":\"Apoyo al estudiante\",\"item\":\"https:\\\/\\\/esi.uclm.es\\\/index.php\\\/vida-en-la-esi\\\/apoyo-al-estudiante\\\/\"},{\"@type\":\"ListItem\",\"position\":4,\"name\":\"Programa Mentor Profesional\",\"item\":\"https:\\\/\\\/esi.uclm.es\\\/index.php\\\/vida-en-la-esi\\\/apoyo-al-estudiante\\\/programa-mentor-profesional\\\/\"},{\"@type\":\"ListItem\",\"position\":5,\"name\":\"Nuestro experto\"}]},{\"@type\":\"WebSite\",\"@id\":\"https:\\\/\\\/esi.uclm.es\\\/#website\",\"url\":\"https:\\\/\\\/esi.uclm.es\\\/\",\"name\":\"Escuela Superior de Inform\u00e1tica de UCLM en Ciudad Real, Castilla-La Mancha\",\"description\":\"La Escuela Superior de Inform\u00e1tica de Ciudad Real (Castilla-La Mancha), Universidad de Castilla-La Mancha es un centro universitario que imparte el ciclo completo de Ingenier\u00eda en Inform\u00e1tica: grado, m\u00e1ster y doctorado.\",\"publisher\":{\"@id\":\"https:\\\/\\\/esi.uclm.es\\\/#organization\"},\"potentialAction\":[{\"@type\":\"SearchAction\",\"target\":{\"@type\":\"EntryPoint\",\"urlTemplate\":\"https:\\\/\\\/esi.uclm.es\\\/?s={search_term_string}\"},\"query-input\":{\"@type\":\"PropertyValueSpecification\",\"valueRequired\":true,\"valueName\":\"search_term_string\"}}],\"inLanguage\":\"es\"},{\"@type\":\"Organization\",\"@id\":\"https:\\\/\\\/esi.uclm.es\\\/#organization\",\"name\":\"Escuela Superior de Inform\u00e1tica de UCLM\",\"url\":\"https:\\\/\\\/esi.uclm.es\\\/\",\"logo\":{\"@type\":\"ImageObject\",\"inLanguage\":\"es\",\"@id\":\"https:\\\/\\\/esi.uclm.es\\\/#\\\/schema\\\/logo\\\/image\\\/\",\"url\":\"https:\\\/\\\/esi.uclm.es\\\/assets\\\/uploads\\\/2022\\\/03\\\/LogoESI_cabecera-1.png\",\"contentUrl\":\"https:\\\/\\\/esi.uclm.es\\\/assets\\\/uploads\\\/2022\\\/03\\\/LogoESI_cabecera-1.png\",\"width\":460,\"height\":184,\"caption\":\"Escuela Superior de Inform\u00e1tica de UCLM\"},\"image\":{\"@id\":\"https:\\\/\\\/esi.uclm.es\\\/#\\\/schema\\\/logo\\\/image\\\/\"},\"sameAs\":[\"https:\\\/\\\/www.facebook.com\\\/Escuela-Superior-de-Informtica-543261809027158\",\"https:\\\/\\\/x.com\\\/esiuclm\",\"https:\\\/\\\/www.instagram.com\\\/esiuclm\\\/\",\"https:\\\/\\\/www.youtube.com\\\/user\\\/esiuclm\",\"https:\\\/\\\/www.twitch.tv\\\/esiuclm\",\"https:\\\/\\\/www.linkedin.com\\\/company\\\/12656631\\\/admin\\\/\"]}]}<\/script>\n<!-- \/ Yoast SEO plugin. -->","yoast_head_json":{"title":"Nuestro experto - Escuela Superior de Inform\u00e1tica de UCLM","robots":{"index":"index","follow":"follow","max-snippet":"max-snippet:-1","max-image-preview":"max-image-preview:large","max-video-preview":"max-video-preview:-1"},"canonical":"https:\/\/esi.uclm.es\/index.php\/vida-en-la-esi\/apoyo-al-estudiante\/programa-mentor-profesional\/nuestro-experto\/","og_locale":"es_ES","og_type":"article","og_title":"Nuestro experto - Escuela Superior de Inform\u00e1tica de UCLM","og_description":"Juan Jos\u00e9 Escribano Otero Mi desarrollo personal me ha convertido en un profesional vers\u00e1til y tenaz, capaz de compaginar el dise\u00f1o y la planificaci\u00f3n de proyectos (gracias a mis conocimientos universitarios de matem\u00e1ticas e ingenier\u00eda inform\u00e1tica), la coordinaci\u00f3n de equipos de personas (puesta en pr\u00e1ctica [&hellip;]","og_url":"https:\/\/esi.uclm.es\/index.php\/vida-en-la-esi\/apoyo-al-estudiante\/programa-mentor-profesional\/nuestro-experto\/","og_site_name":"Escuela Superior de Inform\u00e1tica de UCLM","article_publisher":"https:\/\/www.facebook.com\/Escuela-Superior-de-Informtica-543261809027158","article_modified_time":"2023-09-14T10:23:05+00:00","og_image":[{"url":"https:\/\/esi.uclm.es\/assets\/uploads\/2023\/09\/juanjoescribano-1024x576.jpg","type":"","width":"","height":""}],"twitter_card":"summary_large_image","twitter_site":"@esiuclm","twitter_misc":{"Tiempo de lectura":"4 minutos"},"schema":{"@context":"https:\/\/schema.org","@graph":[{"@type":"WebPage","@id":"https:\/\/esi.uclm.es\/index.php\/vida-en-la-esi\/apoyo-al-estudiante\/programa-mentor-profesional\/nuestro-experto\/","url":"https:\/\/esi.uclm.es\/index.php\/vida-en-la-esi\/apoyo-al-estudiante\/programa-mentor-profesional\/nuestro-experto\/","name":"Nuestro experto - Escuela Superior de Inform\u00e1tica de UCLM","isPartOf":{"@id":"https:\/\/esi.uclm.es\/#website"},"primaryImageOfPage":{"@id":"https:\/\/esi.uclm.es\/index.php\/vida-en-la-esi\/apoyo-al-estudiante\/programa-mentor-profesional\/nuestro-experto\/#primaryimage"},"image":{"@id":"https:\/\/esi.uclm.es\/index.php\/vida-en-la-esi\/apoyo-al-estudiante\/programa-mentor-profesional\/nuestro-experto\/#primaryimage"},"thumbnailUrl":"https:\/\/esi.uclm.es\/assets\/uploads\/2023\/09\/juanjoescribano-1024x576.jpg","datePublished":"2023-09-14T10:14:02+00:00","dateModified":"2023-09-14T10:23:05+00:00","breadcrumb":{"@id":"https:\/\/esi.uclm.es\/index.php\/vida-en-la-esi\/apoyo-al-estudiante\/programa-mentor-profesional\/nuestro-experto\/#breadcrumb"},"inLanguage":"es","potentialAction":[{"@type":"ReadAction","target":["https:\/\/esi.uclm.es\/index.php\/vida-en-la-esi\/apoyo-al-estudiante\/programa-mentor-profesional\/nuestro-experto\/"]}]},{"@type":"ImageObject","inLanguage":"es","@id":"https:\/\/esi.uclm.es\/index.php\/vida-en-la-esi\/apoyo-al-estudiante\/programa-mentor-profesional\/nuestro-experto\/#primaryimage","url":"https:\/\/esi.uclm.es\/assets\/uploads\/2023\/09\/juanjoescribano-1024x576.jpg","contentUrl":"https:\/\/esi.uclm.es\/assets\/uploads\/2023\/09\/juanjoescribano-1024x576.jpg"},{"@type":"BreadcrumbList","@id":"https:\/\/esi.uclm.es\/index.php\/vida-en-la-esi\/apoyo-al-estudiante\/programa-mentor-profesional\/nuestro-experto\/#breadcrumb","itemListElement":[{"@type":"ListItem","position":1,"name":"Portada","item":"https:\/\/esi.uclm.es\/"},{"@type":"ListItem","position":2,"name":"Vida en la ESI","item":"https:\/\/esi.uclm.es\/index.php\/vida-en-la-esi\/"},{"@type":"ListItem","position":3,"name":"Apoyo al estudiante","item":"https:\/\/esi.uclm.es\/index.php\/vida-en-la-esi\/apoyo-al-estudiante\/"},{"@type":"ListItem","position":4,"name":"Programa Mentor Profesional","item":"https:\/\/esi.uclm.es\/index.php\/vida-en-la-esi\/apoyo-al-estudiante\/programa-mentor-profesional\/"},{"@type":"ListItem","position":5,"name":"Nuestro experto"}]},{"@type":"WebSite","@id":"https:\/\/esi.uclm.es\/#website","url":"https:\/\/esi.uclm.es\/","name":"Escuela Superior de Inform\u00e1tica de UCLM en Ciudad Real, Castilla-La Mancha","description":"La Escuela Superior de Inform\u00e1tica de Ciudad Real (Castilla-La Mancha), Universidad de Castilla-La Mancha es un centro universitario que imparte el ciclo completo de Ingenier\u00eda en Inform\u00e1tica: grado, m\u00e1ster y doctorado.","publisher":{"@id":"https:\/\/esi.uclm.es\/#organization"},"potentialAction":[{"@type":"SearchAction","target":{"@type":"EntryPoint","urlTemplate":"https:\/\/esi.uclm.es\/?s={search_term_string}"},"query-input":{"@type":"PropertyValueSpecification","valueRequired":true,"valueName":"search_term_string"}}],"inLanguage":"es"},{"@type":"Organization","@id":"https:\/\/esi.uclm.es\/#organization","name":"Escuela Superior de Inform\u00e1tica de UCLM","url":"https:\/\/esi.uclm.es\/","logo":{"@type":"ImageObject","inLanguage":"es","@id":"https:\/\/esi.uclm.es\/#\/schema\/logo\/image\/","url":"https:\/\/esi.uclm.es\/assets\/uploads\/2022\/03\/LogoESI_cabecera-1.png","contentUrl":"https:\/\/esi.uclm.es\/assets\/uploads\/2022\/03\/LogoESI_cabecera-1.png","width":460,"height":184,"caption":"Escuela Superior de Inform\u00e1tica de UCLM"},"image":{"@id":"https:\/\/esi.uclm.es\/#\/schema\/logo\/image\/"},"sameAs":["https:\/\/www.facebook.com\/Escuela-Superior-de-Informtica-543261809027158","https:\/\/x.com\/esiuclm","https:\/\/www.instagram.com\/esiuclm\/","https:\/\/www.youtube.com\/user\/esiuclm","https:\/\/www.twitch.tv\/esiuclm","https:\/\/www.linkedin.com\/company\/12656631\/admin\/"]}]}},"_links":{"self":[{"href":"https:\/\/esi.uclm.es\/index.php\/wp-json\/wp\/v2\/pages\/16706","targetHints":{"allow":["GET"]}}],"collection":[{"href":"https:\/\/esi.uclm.es\/index.php\/wp-json\/wp\/v2\/pages"}],"about":[{"href":"https:\/\/esi.uclm.es\/index.php\/wp-json\/wp\/v2\/types\/page"}],"author":[{"embeddable":true,"href":"https:\/\/esi.uclm.es\/index.php\/wp-json\/wp\/v2\/users\/4"}],"replies":[{"embeddable":true,"href":"https:\/\/esi.uclm.es\/index.php\/wp-json\/wp\/v2\/comments?post=16706"}],"version-history":[{"count":2,"href":"https:\/\/esi.uclm.es\/index.php\/wp-json\/wp\/v2\/pages\/16706\/revisions"}],"predecessor-version":[{"id":16712,"href":"https:\/\/esi.uclm.es\/index.php\/wp-json\/wp\/v2\/pages\/16706\/revisions\/16712"}],"up":[{"embeddable":true,"href":"https:\/\/esi.uclm.es\/index.php\/wp-json\/wp\/v2\/pages\/4240"}],"wp:attachment":[{"href":"https:\/\/esi.uclm.es\/index.php\/wp-json\/wp\/v2\/media?parent=16706"}],"curies":[{"name":"wp","href":"https:\/\/api.w.org\/{rel}","templated":true}]}}