{"id":15910,"date":"2023-05-29T09:30:13","date_gmt":"2023-05-29T09:30:13","guid":{"rendered":"https:\/\/esi.uclm.es\/?page_id=15910"},"modified":"2023-06-06T09:00:42","modified_gmt":"2023-06-06T09:00:42","slug":"que-dicen-del-mentor-profesional","status":"publish","type":"page","link":"https:\/\/esi.uclm.es\/index.php\/vida-en-la-esi\/apoyo-al-estudiante\/programa-mentor-profesional\/que-dicen-del-mentor-profesional\/","title":{"rendered":"Qu\u00e9 dicen del Mentor Profesional"},"content":{"rendered":"<div class=\"wp-block-image\">\n<figure class=\"aligncenter size-full\"><img loading=\"lazy\" decoding=\"async\" width=\"1023\" height=\"512\" src=\"http:\/\/esi.uclm.es\/assets\/uploads\/2023\/05\/programa_mentor.webp\" alt=\"\" class=\"wp-image-15912\" srcset=\"https:\/\/esi.uclm.es\/assets\/uploads\/2023\/05\/programa_mentor.webp 1023w, https:\/\/esi.uclm.es\/assets\/uploads\/2023\/05\/programa_mentor-300x150.webp 300w, https:\/\/esi.uclm.es\/assets\/uploads\/2023\/05\/programa_mentor-768x384.webp 768w, https:\/\/esi.uclm.es\/assets\/uploads\/2023\/05\/programa_mentor-600x300.webp 600w\" sizes=\"auto, (max-width: 1023px) 100vw, 1023px\" \/><\/figure>\n<\/div>\n\n\n<h3 class=\"wp-block-heading\"><strong>\u00bfQu\u00e9 dicen nuestros mentores y mentorizados?<\/strong><\/h3>\n\n\n\n<p>En esta primera edici\u00f3n del Programa Mentor Profesional se formaron 22 pares de mentores y mentorizados.<\/p>\n\n\n\n<p>Los resultados de las encuestas realizadas por mentores y mentorizados\/as han sido muy satisfactorios: El 92,85% y el 100% de los mentores y mentorizados, respectivamente, se considera \u201cSatisfecho\/Bastante Satisfecho\/Muy Satisfecho\u201d con el PMP.<\/p>\n\n\n\n<p>Esto es lo que mentores y mentorizados dicen del Programa:<\/p>\n\n\n\n<p><strong>Mentores:<\/strong><\/p>\n\n\n\n<ul class=\"wp-block-list\">\n<li><em>\u00abHe tenido el placer de poder participar este a\u00f1o en el Programa Mentor de la Escuela Superior de Inform\u00e1tica, y as\u00ed poder guiar a algunos alumnos con todas las dudas que puedan tener antes de salir al mundo laboral. La manera en la que enfoqu\u00e9 la tarea de mentorizar fue la de pensar qu\u00e9 me dir\u00eda a m\u00ed mismo en el a\u00f1o 2007 cuando estaba en una situaci\u00f3n similar, enfrent\u00e1ndome a los mismos miedos y dudas. Yo igual que muchos de mis compa\u00f1eros de la \u00e9poca no tuvimos la suerte de tener a nuestro yo del futuro para aconsejarnos, sin embargo, lo que he intentado como mentor es transmitir que los miedos y dudas a lo desconocido son en realidad un camino lleno de oportunidades que no hay que desaprovechar!\u00bb<\/em><\/li>\n<\/ul>\n\n\n\n<p><strong>Mentorizados\/as:<\/strong><\/p>\n\n\n\n<ul class=\"wp-block-list\">\n<li><em>\u00abEl programa mentor profesional ha conseguido superar mis expectativas! La experiencia de poder hablar con una persona que unos a\u00f1os atr\u00e1s estuvo en la misma situaci\u00f3n que yo, me ha ayudado a poner en perspectiva mis ideas y a poder conocer c\u00f3mo funciona realmente el mercado laboral. Tras hablar con mi mentor sobre las diferentes Soft-Skills, me explic\u00f3 la importancia que ten\u00edan y as\u00ed he podido enfocarme en aquellas que ten\u00eda menos desarrolladas. La experiencia ha sido un 10\/10, lo \u00fanico que se me ocurre es que para mejorarla se preparasen gu\u00edas m\u00e1s espec\u00edficas para las sesiones. Sin embargo, a pesar de no haber tenido una gu\u00eda, el solo hecho de poder hablar y resolver las dudas que nos surgen a los estudiantes que estamos a punto de terminar, me ha hecho mejorar como profesional.\u00bb<\/em><\/li>\n<\/ul>\n\n\n\n<ul class=\"wp-block-list\">\n<li><em>\u00abNo tengo ning\u00fan aspecto negativo que destacar. Mi experiencia ha sido muy buena, mi mentor se dedica al campo que me interesa y ha recorrido gran parte del camino que tengo pensado seguir. As\u00ed quehemos podido hablar mucho tiempo sobre los siguientes pasos.\u00bb<\/em><\/li>\n<\/ul>\n\n\n\n<p>La ESI os da las gracias a mentores y mentorizados por vuestros comentarios<\/p>\n","protected":false},"excerpt":{"rendered":"<p>\u00bfQu\u00e9 dicen nuestros mentores y mentorizados? En esta primera edici\u00f3n del Programa Mentor Profesional se formaron 22 pares de mentores y mentorizados. Los resultados de las encuestas realizadas por mentores y mentorizados\/as han sido muy satisfactorios: El 92,85% y el 100% de los mentores y [&hellip;]<\/p>\n","protected":false},"author":4,"featured_media":0,"parent":4240,"menu_order":0,"comment_status":"closed","ping_status":"closed","template":"","meta":{"footnotes":""},"class_list":["post-15910","page","type-page","status-publish","hentry"],"yoast_head":"<!-- This site is optimized with the Yoast SEO plugin v27.3 - https:\/\/yoast.com\/product\/yoast-seo-wordpress\/ -->\n<title>Qu\u00e9 dicen del Mentor Profesional - Escuela Superior de Inform\u00e1tica de UCLM<\/title>\n<meta name=\"description\" content=\"El programa mentor profesional ha conseguido superar mis expectativas! La experiencia de poder hablar con una persona que unos a\u00f1os atr\u00e1s estuvo en la misma situaci\u00f3n que yo, me ha ayudado a poner en perspectiva mis ideas y a poder conocer c\u00f3mo funciona realmente el mercado laboral. Tras hablar con mi mentor sobre las diferentes Soft-Skills, me explic\u00f3 la importancia que ten\u00edan y as\u00ed he podido enfocarme en aquellas que ten\u00eda menos desarrolladas\" \/>\n<meta name=\"robots\" content=\"index, follow, max-snippet:-1, max-image-preview:large, max-video-preview:-1\" \/>\n<link rel=\"canonical\" href=\"https:\/\/esi.uclm.es\/index.php\/vida-en-la-esi\/apoyo-al-estudiante\/programa-mentor-profesional\/que-dicen-del-mentor-profesional\/\" \/>\n<meta property=\"og:locale\" content=\"es_ES\" \/>\n<meta property=\"og:type\" content=\"article\" \/>\n<meta property=\"og:title\" content=\"Qu\u00e9 dicen del Mentor Profesional - Escuela Superior de Inform\u00e1tica de UCLM\" \/>\n<meta property=\"og:description\" content=\"El programa mentor profesional ha conseguido superar mis expectativas! La experiencia de poder hablar con una persona que unos a\u00f1os atr\u00e1s estuvo en la misma situaci\u00f3n que yo, me ha ayudado a poner en perspectiva mis ideas y a poder conocer c\u00f3mo funciona realmente el mercado laboral. Tras hablar con mi mentor sobre las diferentes Soft-Skills, me explic\u00f3 la importancia que ten\u00edan y as\u00ed he podido enfocarme en aquellas que ten\u00eda menos desarrolladas\" \/>\n<meta property=\"og:url\" content=\"https:\/\/esi.uclm.es\/index.php\/vida-en-la-esi\/apoyo-al-estudiante\/programa-mentor-profesional\/que-dicen-del-mentor-profesional\/\" \/>\n<meta property=\"og:site_name\" content=\"Escuela Superior de Inform\u00e1tica de UCLM\" \/>\n<meta property=\"article:publisher\" content=\"https:\/\/www.facebook.com\/Escuela-Superior-de-Informtica-543261809027158\" \/>\n<meta property=\"article:modified_time\" content=\"2023-06-06T09:00:42+00:00\" \/>\n<meta property=\"og:image\" content=\"http:\/\/esi.uclm.es\/assets\/uploads\/2023\/05\/programa_mentor.webp\" \/>\n<meta name=\"twitter:card\" content=\"summary_large_image\" \/>\n<meta name=\"twitter:site\" content=\"@esiuclm\" \/>\n<meta name=\"twitter:label1\" content=\"Tiempo de lectura\" \/>\n\t<meta name=\"twitter:data1\" content=\"2 minutos\" \/>\n<script type=\"application\/ld+json\" class=\"yoast-schema-graph\">{\"@context\":\"https:\\\/\\\/schema.org\",\"@graph\":[{\"@type\":\"WebPage\",\"@id\":\"https:\\\/\\\/esi.uclm.es\\\/index.php\\\/vida-en-la-esi\\\/apoyo-al-estudiante\\\/programa-mentor-profesional\\\/que-dicen-del-mentor-profesional\\\/\",\"url\":\"https:\\\/\\\/esi.uclm.es\\\/index.php\\\/vida-en-la-esi\\\/apoyo-al-estudiante\\\/programa-mentor-profesional\\\/que-dicen-del-mentor-profesional\\\/\",\"name\":\"Qu\u00e9 dicen del Mentor Profesional - Escuela Superior de Inform\u00e1tica de UCLM\",\"isPartOf\":{\"@id\":\"https:\\\/\\\/esi.uclm.es\\\/#website\"},\"primaryImageOfPage\":{\"@id\":\"https:\\\/\\\/esi.uclm.es\\\/index.php\\\/vida-en-la-esi\\\/apoyo-al-estudiante\\\/programa-mentor-profesional\\\/que-dicen-del-mentor-profesional\\\/#primaryimage\"},\"image\":{\"@id\":\"https:\\\/\\\/esi.uclm.es\\\/index.php\\\/vida-en-la-esi\\\/apoyo-al-estudiante\\\/programa-mentor-profesional\\\/que-dicen-del-mentor-profesional\\\/#primaryimage\"},\"thumbnailUrl\":\"http:\\\/\\\/esi.uclm.es\\\/assets\\\/uploads\\\/2023\\\/05\\\/programa_mentor.webp\",\"datePublished\":\"2023-05-29T09:30:13+00:00\",\"dateModified\":\"2023-06-06T09:00:42+00:00\",\"description\":\"El programa mentor profesional ha conseguido superar mis expectativas! La experiencia de poder hablar con una persona que unos a\u00f1os atr\u00e1s estuvo en la misma situaci\u00f3n que yo, me ha ayudado a poner en perspectiva mis ideas y a poder conocer c\u00f3mo funciona realmente el mercado laboral. Tras hablar con mi mentor sobre las diferentes Soft-Skills, me explic\u00f3 la importancia que ten\u00edan y as\u00ed he podido enfocarme en aquellas que ten\u00eda menos desarrolladas\",\"breadcrumb\":{\"@id\":\"https:\\\/\\\/esi.uclm.es\\\/index.php\\\/vida-en-la-esi\\\/apoyo-al-estudiante\\\/programa-mentor-profesional\\\/que-dicen-del-mentor-profesional\\\/#breadcrumb\"},\"inLanguage\":\"es\",\"potentialAction\":[{\"@type\":\"ReadAction\",\"target\":[\"https:\\\/\\\/esi.uclm.es\\\/index.php\\\/vida-en-la-esi\\\/apoyo-al-estudiante\\\/programa-mentor-profesional\\\/que-dicen-del-mentor-profesional\\\/\"]}]},{\"@type\":\"ImageObject\",\"inLanguage\":\"es\",\"@id\":\"https:\\\/\\\/esi.uclm.es\\\/index.php\\\/vida-en-la-esi\\\/apoyo-al-estudiante\\\/programa-mentor-profesional\\\/que-dicen-del-mentor-profesional\\\/#primaryimage\",\"url\":\"http:\\\/\\\/esi.uclm.es\\\/assets\\\/uploads\\\/2023\\\/05\\\/programa_mentor.webp\",\"contentUrl\":\"http:\\\/\\\/esi.uclm.es\\\/assets\\\/uploads\\\/2023\\\/05\\\/programa_mentor.webp\"},{\"@type\":\"BreadcrumbList\",\"@id\":\"https:\\\/\\\/esi.uclm.es\\\/index.php\\\/vida-en-la-esi\\\/apoyo-al-estudiante\\\/programa-mentor-profesional\\\/que-dicen-del-mentor-profesional\\\/#breadcrumb\",\"itemListElement\":[{\"@type\":\"ListItem\",\"position\":1,\"name\":\"Portada\",\"item\":\"https:\\\/\\\/esi.uclm.es\\\/\"},{\"@type\":\"ListItem\",\"position\":2,\"name\":\"Vida en la ESI\",\"item\":\"https:\\\/\\\/esi.uclm.es\\\/index.php\\\/vida-en-la-esi\\\/\"},{\"@type\":\"ListItem\",\"position\":3,\"name\":\"Apoyo al estudiante\",\"item\":\"https:\\\/\\\/esi.uclm.es\\\/index.php\\\/vida-en-la-esi\\\/apoyo-al-estudiante\\\/\"},{\"@type\":\"ListItem\",\"position\":4,\"name\":\"Programa Mentor Profesional\",\"item\":\"https:\\\/\\\/esi.uclm.es\\\/index.php\\\/vida-en-la-esi\\\/apoyo-al-estudiante\\\/programa-mentor-profesional\\\/\"},{\"@type\":\"ListItem\",\"position\":5,\"name\":\"Qu\u00e9 dicen del Mentor Profesional\"}]},{\"@type\":\"WebSite\",\"@id\":\"https:\\\/\\\/esi.uclm.es\\\/#website\",\"url\":\"https:\\\/\\\/esi.uclm.es\\\/\",\"name\":\"Escuela Superior de Inform\u00e1tica de UCLM en Ciudad Real, Castilla-La Mancha\",\"description\":\"La Escuela Superior de Inform\u00e1tica de Ciudad Real (Castilla-La Mancha), Universidad de Castilla-La Mancha es un centro universitario que imparte el ciclo completo de Ingenier\u00eda en Inform\u00e1tica: grado, m\u00e1ster y doctorado.\",\"publisher\":{\"@id\":\"https:\\\/\\\/esi.uclm.es\\\/#organization\"},\"potentialAction\":[{\"@type\":\"SearchAction\",\"target\":{\"@type\":\"EntryPoint\",\"urlTemplate\":\"https:\\\/\\\/esi.uclm.es\\\/?s={search_term_string}\"},\"query-input\":{\"@type\":\"PropertyValueSpecification\",\"valueRequired\":true,\"valueName\":\"search_term_string\"}}],\"inLanguage\":\"es\"},{\"@type\":\"Organization\",\"@id\":\"https:\\\/\\\/esi.uclm.es\\\/#organization\",\"name\":\"Escuela Superior de Inform\u00e1tica de UCLM\",\"url\":\"https:\\\/\\\/esi.uclm.es\\\/\",\"logo\":{\"@type\":\"ImageObject\",\"inLanguage\":\"es\",\"@id\":\"https:\\\/\\\/esi.uclm.es\\\/#\\\/schema\\\/logo\\\/image\\\/\",\"url\":\"https:\\\/\\\/esi.uclm.es\\\/assets\\\/uploads\\\/2022\\\/03\\\/LogoESI_cabecera-1.png\",\"contentUrl\":\"https:\\\/\\\/esi.uclm.es\\\/assets\\\/uploads\\\/2022\\\/03\\\/LogoESI_cabecera-1.png\",\"width\":460,\"height\":184,\"caption\":\"Escuela Superior de Inform\u00e1tica de UCLM\"},\"image\":{\"@id\":\"https:\\\/\\\/esi.uclm.es\\\/#\\\/schema\\\/logo\\\/image\\\/\"},\"sameAs\":[\"https:\\\/\\\/www.facebook.com\\\/Escuela-Superior-de-Informtica-543261809027158\",\"https:\\\/\\\/x.com\\\/esiuclm\",\"https:\\\/\\\/www.instagram.com\\\/esiuclm\\\/\",\"https:\\\/\\\/www.youtube.com\\\/user\\\/esiuclm\",\"https:\\\/\\\/www.twitch.tv\\\/esiuclm\",\"https:\\\/\\\/www.linkedin.com\\\/company\\\/12656631\\\/admin\\\/\"]}]}<\/script>\n<!-- \/ Yoast SEO plugin. -->","yoast_head_json":{"title":"Qu\u00e9 dicen del Mentor Profesional - Escuela Superior de Inform\u00e1tica de UCLM","description":"El programa mentor profesional ha conseguido superar mis expectativas! La experiencia de poder hablar con una persona que unos a\u00f1os atr\u00e1s estuvo en la misma situaci\u00f3n que yo, me ha ayudado a poner en perspectiva mis ideas y a poder conocer c\u00f3mo funciona realmente el mercado laboral. Tras hablar con mi mentor sobre las diferentes Soft-Skills, me explic\u00f3 la importancia que ten\u00edan y as\u00ed he podido enfocarme en aquellas que ten\u00eda menos desarrolladas","robots":{"index":"index","follow":"follow","max-snippet":"max-snippet:-1","max-image-preview":"max-image-preview:large","max-video-preview":"max-video-preview:-1"},"canonical":"https:\/\/esi.uclm.es\/index.php\/vida-en-la-esi\/apoyo-al-estudiante\/programa-mentor-profesional\/que-dicen-del-mentor-profesional\/","og_locale":"es_ES","og_type":"article","og_title":"Qu\u00e9 dicen del Mentor Profesional - Escuela Superior de Inform\u00e1tica de UCLM","og_description":"El programa mentor profesional ha conseguido superar mis expectativas! La experiencia de poder hablar con una persona que unos a\u00f1os atr\u00e1s estuvo en la misma situaci\u00f3n que yo, me ha ayudado a poner en perspectiva mis ideas y a poder conocer c\u00f3mo funciona realmente el mercado laboral. Tras hablar con mi mentor sobre las diferentes Soft-Skills, me explic\u00f3 la importancia que ten\u00edan y as\u00ed he podido enfocarme en aquellas que ten\u00eda menos desarrolladas","og_url":"https:\/\/esi.uclm.es\/index.php\/vida-en-la-esi\/apoyo-al-estudiante\/programa-mentor-profesional\/que-dicen-del-mentor-profesional\/","og_site_name":"Escuela Superior de Inform\u00e1tica de UCLM","article_publisher":"https:\/\/www.facebook.com\/Escuela-Superior-de-Informtica-543261809027158","article_modified_time":"2023-06-06T09:00:42+00:00","og_image":[{"url":"http:\/\/esi.uclm.es\/assets\/uploads\/2023\/05\/programa_mentor.webp","type":"","width":"","height":""}],"twitter_card":"summary_large_image","twitter_site":"@esiuclm","twitter_misc":{"Tiempo de lectura":"2 minutos"},"schema":{"@context":"https:\/\/schema.org","@graph":[{"@type":"WebPage","@id":"https:\/\/esi.uclm.es\/index.php\/vida-en-la-esi\/apoyo-al-estudiante\/programa-mentor-profesional\/que-dicen-del-mentor-profesional\/","url":"https:\/\/esi.uclm.es\/index.php\/vida-en-la-esi\/apoyo-al-estudiante\/programa-mentor-profesional\/que-dicen-del-mentor-profesional\/","name":"Qu\u00e9 dicen del Mentor Profesional - Escuela Superior de Inform\u00e1tica de UCLM","isPartOf":{"@id":"https:\/\/esi.uclm.es\/#website"},"primaryImageOfPage":{"@id":"https:\/\/esi.uclm.es\/index.php\/vida-en-la-esi\/apoyo-al-estudiante\/programa-mentor-profesional\/que-dicen-del-mentor-profesional\/#primaryimage"},"image":{"@id":"https:\/\/esi.uclm.es\/index.php\/vida-en-la-esi\/apoyo-al-estudiante\/programa-mentor-profesional\/que-dicen-del-mentor-profesional\/#primaryimage"},"thumbnailUrl":"http:\/\/esi.uclm.es\/assets\/uploads\/2023\/05\/programa_mentor.webp","datePublished":"2023-05-29T09:30:13+00:00","dateModified":"2023-06-06T09:00:42+00:00","description":"El programa mentor profesional ha conseguido superar mis expectativas! La experiencia de poder hablar con una persona que unos a\u00f1os atr\u00e1s estuvo en la misma situaci\u00f3n que yo, me ha ayudado a poner en perspectiva mis ideas y a poder conocer c\u00f3mo funciona realmente el mercado laboral. Tras hablar con mi mentor sobre las diferentes Soft-Skills, me explic\u00f3 la importancia que ten\u00edan y as\u00ed he podido enfocarme en aquellas que ten\u00eda menos desarrolladas","breadcrumb":{"@id":"https:\/\/esi.uclm.es\/index.php\/vida-en-la-esi\/apoyo-al-estudiante\/programa-mentor-profesional\/que-dicen-del-mentor-profesional\/#breadcrumb"},"inLanguage":"es","potentialAction":[{"@type":"ReadAction","target":["https:\/\/esi.uclm.es\/index.php\/vida-en-la-esi\/apoyo-al-estudiante\/programa-mentor-profesional\/que-dicen-del-mentor-profesional\/"]}]},{"@type":"ImageObject","inLanguage":"es","@id":"https:\/\/esi.uclm.es\/index.php\/vida-en-la-esi\/apoyo-al-estudiante\/programa-mentor-profesional\/que-dicen-del-mentor-profesional\/#primaryimage","url":"http:\/\/esi.uclm.es\/assets\/uploads\/2023\/05\/programa_mentor.webp","contentUrl":"http:\/\/esi.uclm.es\/assets\/uploads\/2023\/05\/programa_mentor.webp"},{"@type":"BreadcrumbList","@id":"https:\/\/esi.uclm.es\/index.php\/vida-en-la-esi\/apoyo-al-estudiante\/programa-mentor-profesional\/que-dicen-del-mentor-profesional\/#breadcrumb","itemListElement":[{"@type":"ListItem","position":1,"name":"Portada","item":"https:\/\/esi.uclm.es\/"},{"@type":"ListItem","position":2,"name":"Vida en la ESI","item":"https:\/\/esi.uclm.es\/index.php\/vida-en-la-esi\/"},{"@type":"ListItem","position":3,"name":"Apoyo al estudiante","item":"https:\/\/esi.uclm.es\/index.php\/vida-en-la-esi\/apoyo-al-estudiante\/"},{"@type":"ListItem","position":4,"name":"Programa Mentor Profesional","item":"https:\/\/esi.uclm.es\/index.php\/vida-en-la-esi\/apoyo-al-estudiante\/programa-mentor-profesional\/"},{"@type":"ListItem","position":5,"name":"Qu\u00e9 dicen del Mentor Profesional"}]},{"@type":"WebSite","@id":"https:\/\/esi.uclm.es\/#website","url":"https:\/\/esi.uclm.es\/","name":"Escuela Superior de Inform\u00e1tica de UCLM en Ciudad Real, Castilla-La Mancha","description":"La Escuela Superior de Inform\u00e1tica de Ciudad Real (Castilla-La Mancha), Universidad de Castilla-La Mancha es un centro universitario que imparte el ciclo completo de Ingenier\u00eda en Inform\u00e1tica: grado, m\u00e1ster y doctorado.","publisher":{"@id":"https:\/\/esi.uclm.es\/#organization"},"potentialAction":[{"@type":"SearchAction","target":{"@type":"EntryPoint","urlTemplate":"https:\/\/esi.uclm.es\/?s={search_term_string}"},"query-input":{"@type":"PropertyValueSpecification","valueRequired":true,"valueName":"search_term_string"}}],"inLanguage":"es"},{"@type":"Organization","@id":"https:\/\/esi.uclm.es\/#organization","name":"Escuela Superior de Inform\u00e1tica de UCLM","url":"https:\/\/esi.uclm.es\/","logo":{"@type":"ImageObject","inLanguage":"es","@id":"https:\/\/esi.uclm.es\/#\/schema\/logo\/image\/","url":"https:\/\/esi.uclm.es\/assets\/uploads\/2022\/03\/LogoESI_cabecera-1.png","contentUrl":"https:\/\/esi.uclm.es\/assets\/uploads\/2022\/03\/LogoESI_cabecera-1.png","width":460,"height":184,"caption":"Escuela Superior de Inform\u00e1tica de UCLM"},"image":{"@id":"https:\/\/esi.uclm.es\/#\/schema\/logo\/image\/"},"sameAs":["https:\/\/www.facebook.com\/Escuela-Superior-de-Informtica-543261809027158","https:\/\/x.com\/esiuclm","https:\/\/www.instagram.com\/esiuclm\/","https:\/\/www.youtube.com\/user\/esiuclm","https:\/\/www.twitch.tv\/esiuclm","https:\/\/www.linkedin.com\/company\/12656631\/admin\/"]}]}},"_links":{"self":[{"href":"https:\/\/esi.uclm.es\/index.php\/wp-json\/wp\/v2\/pages\/15910","targetHints":{"allow":["GET"]}}],"collection":[{"href":"https:\/\/esi.uclm.es\/index.php\/wp-json\/wp\/v2\/pages"}],"about":[{"href":"https:\/\/esi.uclm.es\/index.php\/wp-json\/wp\/v2\/types\/page"}],"author":[{"embeddable":true,"href":"https:\/\/esi.uclm.es\/index.php\/wp-json\/wp\/v2\/users\/4"}],"replies":[{"embeddable":true,"href":"https:\/\/esi.uclm.es\/index.php\/wp-json\/wp\/v2\/comments?post=15910"}],"version-history":[{"count":3,"href":"https:\/\/esi.uclm.es\/index.php\/wp-json\/wp\/v2\/pages\/15910\/revisions"}],"predecessor-version":[{"id":15956,"href":"https:\/\/esi.uclm.es\/index.php\/wp-json\/wp\/v2\/pages\/15910\/revisions\/15956"}],"up":[{"embeddable":true,"href":"https:\/\/esi.uclm.es\/index.php\/wp-json\/wp\/v2\/pages\/4240"}],"wp:attachment":[{"href":"https:\/\/esi.uclm.es\/index.php\/wp-json\/wp\/v2\/media?parent=15910"}],"curies":[{"name":"wp","href":"https:\/\/api.w.org\/{rel}","templated":true}]}}