{"id":13908,"date":"2023-01-18T10:28:06","date_gmt":"2023-01-18T10:28:06","guid":{"rendered":"https:\/\/esi.uclm.es\/?page_id=13908"},"modified":"2023-03-01T09:26:07","modified_gmt":"2023-03-01T09:26:07","slug":"laboratorio-movil","status":"publish","type":"page","link":"https:\/\/esi.uclm.es\/index.php\/recursos\/laboratorio-movil\/","title":{"rendered":"Laboratorio m\u00f3vil"},"content":{"rendered":"\n<figure class=\"wp-block-image size-large\"><img loading=\"lazy\" decoding=\"async\" width=\"1024\" height=\"389\" src=\"http:\/\/esi.uclm.es\/assets\/uploads\/2023\/03\/labportatil-e1677662761804-1024x389.webp\" alt=\"\" class=\"wp-image-14625\" srcset=\"https:\/\/esi.uclm.es\/assets\/uploads\/2023\/03\/labportatil-e1677662761804-1024x389.webp 1024w, https:\/\/esi.uclm.es\/assets\/uploads\/2023\/03\/labportatil-e1677662761804-300x114.webp 300w, https:\/\/esi.uclm.es\/assets\/uploads\/2023\/03\/labportatil-e1677662761804-768x291.webp 768w, https:\/\/esi.uclm.es\/assets\/uploads\/2023\/03\/labportatil-e1677662761804-600x228.webp 600w, https:\/\/esi.uclm.es\/assets\/uploads\/2023\/03\/labportatil-e1677662761804.webp 1265w\" sizes=\"auto, (max-width: 1024px) 100vw, 1024px\" \/><\/figure>\n\n\n\n<h2 class=\"wp-block-heading\">Equipamiento<\/h2>\n\n\n\n<hr class=\"wp-block-separator has-text-color has-vivid-cyan-blue-color has-alpha-channel-opacity has-vivid-cyan-blue-background-color has-background\"\/>\n\n\n\n<p>La Escuela dispone de un <strong>mini-rack con ruedas<\/strong> para fines docentes. Este mini-rack es t\u00e9cnicamente un laboratorio m\u00f3vil que puede moverse f\u00e1cilmente de un aula a otra. El mini-rack contiene dos routers, dos switches conectados cada uno con su router y 18 miniPCs conectados nueve de ellos a un switch y los otros nueve al otro.<\/p>\n\n\n\n<p>La arquitectura f\u00edsica actual consiste en dos redes LAN conectadas entre s\u00ed mediante los dos routers. Cada LAN esta formada por 1 switch al cual se conectan 9 miniPCs. Sin embargo, estos elementos pueden combinarse para dise\u00f1ar una gran cantidad de topolog\u00edas de redes que permiten al estudiante entender mejor los conceptos de nivel 3 (enrutamiento), nivel 2 (Ethernet), configuraci\u00f3n de VLANs y soporte de caracter\u00edsticas como QoS, gesti\u00f3n y administraci\u00f3n de redes (SNMP) o monitorizaci\u00f3n inteligente.<\/p>\n\n\n\n<p>El mini-rack permite realizar pr\u00e1cticas en las asignaturas de Redes I, Redes II, Sistemas Distribuidos, Aplicaciones distribuidas en Internet, Dise\u00f1o de Infraestructura de Red, Gesti\u00f3n y Administraci\u00f3n de Redes y, en general, cualquier asignatura que necesite experimentaci\u00f3n con redes reales. Adem\u00e1s, al estar aislado completamente de la red del edificio, las pruebas no interfieren en el funcionamiento de la misma y viceversa.<\/p>\n\n\n\n<p>Las caracter\u00edsticas de los componentes son los siguientes:<\/p>\n\n\n\n<h3 class=\"wp-block-heading\">Switches TL-SG2428P de tp-Link de 24 puertos PoE+ y 4 ranuras SFP<\/h3>\n\n\n\n<hr class=\"wp-block-separator has-text-color has-vivid-cyan-blue-color has-alpha-channel-opacity has-vivid-cyan-blue-background-color has-background\"\/>\n\n\n\n<ul class=\"wp-block-list\">\n<li>Rendimiento PoE+ de hasta 250W: puertos PoE+ compatibles con 24\u00d7802.3at\/af con una fuente de alimentaci\u00f3n total de 250W*.<\/li>\n\n\n\n<li>Puertos Gigabit completos: los puertos PoE + de 24 \u00d7 gigabit y las ranuras SFP de 4 \u00d7 gigabit con conexiones de alta velocidad.<\/li>\n\n\n\n<li>Integrado en Omada SDN: Zero-Touch Provisioning (ZTP) **, Administraci\u00f3n centralizada en la nube y Monitorizaci\u00f3n inteligente.<\/li>\n\n\n\n<li>Administraci\u00f3n centralizada: acceso a la nube y aplicaci\u00f3n Omada para una comodidad y administraci\u00f3n f\u00e1ciles.<\/li>\n\n\n\n<li>Enrutamiento est\u00e1tico: ayuda a enrutar el tr\u00e1fico interno para un uso m\u00e1s eficiente de los recursos de la red.<\/li>\n\n\n\n<li>Estrategias de seguridad s\u00f3lidas: enlace de puertos IP-MAC, ACL, seguridad de puertos, defensa DoS, control de tormentas, DHCP Snooping, 802.1X, autenticaci\u00f3n de radio y m\u00e1s.<\/li>\n\n\n\n<li>Aplicaciones de voz y video: L2 \/ L3 \/ L4 QoS e IGMP snooping<strong>.<\/strong><\/li>\n\n\n\n<li>IPv6: soporte IPv6 con doble pila IPv4 \/ IPv6, indagaci\u00f3n MLD, descubrimiento de vecinos IPv6.<\/li>\n<\/ul>\n\n\n\n<p>+info: <a href=\"https:\/\/www.tp-link.com\/es\/business-networking\/omada-sdn-switch\/tl-sg2428p\/\">https:\/\/www.tp-link.com\/es\/business-networking\/omada-sdn-switch\/tl-sg2428p\/<\/a><\/p>\n\n\n\n<figure class=\"wp-block-image size-full\"><img loading=\"lazy\" decoding=\"async\" width=\"485\" height=\"381\" src=\"https:\/\/esi.uclm.es\/assets\/uploads\/2023\/02\/router1.png\" alt=\"\" class=\"wp-image-14536\" srcset=\"https:\/\/esi.uclm.es\/assets\/uploads\/2023\/02\/router1.png 485w, https:\/\/esi.uclm.es\/assets\/uploads\/2023\/02\/router1-300x236.png 300w\" sizes=\"auto, (max-width: 485px) 100vw, 485px\" \/><\/figure>\n\n\n\n<h3 class=\"wp-block-heading\">Routers TL-R480T+ con 4 puertos WAN<\/h3>\n\n\n\n<hr class=\"wp-block-separator has-text-color has-vivid-cyan-blue-color has-alpha-channel-opacity has-vivid-cyan-blue-background-color has-background\"\/>\n\n\n\n<ul class=\"wp-block-list\">\n<li>IEEE 802.3, 802.3u, 802.3x, TCP\/IP, DHCP, ICMP, NAT, PPPoE, SNTP, HTTP, DDNS<ul><li>1 puerto WAN Ethernet Fijo<br>1 puerto LAN Ethernet Fijo<br>3 puertos WAN\/LAN Ethernet Intercambiables<\/li><\/ul><ul><li>10BASE-T: Cable UTP categor\u00eda 3, 4, 5 (Max 100m)<br>100BASE-TX: UTP categor\u00eda 5, 5e (Max 100m)<\/li><\/ul><ul><li>16 MB Flash<\/li><\/ul><ul><li>128 MB DRAM<\/li><\/ul>\n<ul class=\"wp-block-list\">\n<li>Dimensiones: 294*180*44mm<\/li>\n<\/ul>\n<\/li>\n<\/ul>\n\n\n\n<p>+info: <a href=\"https:\/\/www.tp-link.com\/es\/business-networking\/load-balance-router\/tl-r480t+\/\">https:\/\/www.tp-link.com\/es\/business-networking\/load-balance-router\/tl-r480t+\/<\/a><\/p>\n\n\n\n<figure class=\"wp-block-image size-full\"><img loading=\"lazy\" decoding=\"async\" width=\"505\" height=\"346\" src=\"https:\/\/esi.uclm.es\/assets\/uploads\/2023\/02\/router2.png\" alt=\"\" class=\"wp-image-14537\" srcset=\"https:\/\/esi.uclm.es\/assets\/uploads\/2023\/02\/router2.png 505w, https:\/\/esi.uclm.es\/assets\/uploads\/2023\/02\/router2-300x206.png 300w, https:\/\/esi.uclm.es\/assets\/uploads\/2023\/02\/router2-474x324.png 474w\" sizes=\"auto, (max-width: 505px) 100vw, 505px\" \/><\/figure>\n\n\n\n<h3 class=\"wp-block-heading\">Mini PC 11 Generaci\u00f3n de Intel Celeron<\/h3>\n\n\n\n<hr class=\"wp-block-separator has-text-color has-vivid-cyan-blue-color has-alpha-channel-opacity has-vivid-cyan-blue-background-color has-background\"\/>\n\n\n\n<ul class=\"wp-block-list\">\n<li>Intel\u00ae Celeron\u00ae N5095\uff1a4 n\u00facleos y 4 hilos, 1,5 veces m\u00e1s r\u00e1pido que su predecesor.<\/li>\n\n\n\n<li>Gr\u00e1ficos Intel UHD: admite hasta2 pantallas 4K.<\/li>\n\n\n\n<li>RAM\uff1aDDR4 de doble canal, ampliable hasta 32 GB.<\/li>\n\n\n\n<li>Almacenamiento\uff1aSSD M.2 2280 PCIe NVMe, ampliable hasta 1 TB.<\/li>\n\n\n\n<li>Dise\u00f1o Ultracompacto: pesa 500 g.<\/li>\n\n\n\n<li>Instalados con el S.O. Debian<\/li>\n<\/ul>\n\n\n\n<figure class=\"wp-block-image size-full\"><img loading=\"lazy\" decoding=\"async\" width=\"606\" height=\"385\" src=\"https:\/\/esi.uclm.es\/assets\/uploads\/2023\/02\/miniPC.png\" alt=\"\" class=\"wp-image-14538\" srcset=\"https:\/\/esi.uclm.es\/assets\/uploads\/2023\/02\/miniPC.png 606w, https:\/\/esi.uclm.es\/assets\/uploads\/2023\/02\/miniPC-300x191.png 300w, https:\/\/esi.uclm.es\/assets\/uploads\/2023\/02\/miniPC-600x381.png 600w\" sizes=\"auto, (max-width: 606px) 100vw, 606px\" \/><\/figure>\n","protected":false},"excerpt":{"rendered":"<p>Equipamiento La Escuela dispone de un mini-rack con ruedas para fines docentes. Este mini-rack es t\u00e9cnicamente un laboratorio m\u00f3vil que puede moverse f\u00e1cilmente de un aula a otra. El mini-rack contiene dos routers, dos switches conectados cada uno con su router y 18 miniPCs conectados [&hellip;]<\/p>\n","protected":false},"author":4,"featured_media":0,"parent":6226,"menu_order":0,"comment_status":"closed","ping_status":"closed","template":"","meta":{"footnotes":""},"class_list":["post-13908","page","type-page","status-publish","hentry"],"yoast_head":"<!-- This site is optimized with the Yoast SEO plugin v27.3 - https:\/\/yoast.com\/product\/yoast-seo-wordpress\/ -->\n<title>Laboratorio m\u00f3vil - Escuela Superior de Inform\u00e1tica de UCLM<\/title>\n<meta name=\"robots\" content=\"index, follow, max-snippet:-1, max-image-preview:large, max-video-preview:-1\" \/>\n<link rel=\"canonical\" href=\"https:\/\/esi.uclm.es\/index.php\/recursos\/laboratorio-movil\/\" \/>\n<meta property=\"og:locale\" content=\"es_ES\" \/>\n<meta property=\"og:type\" content=\"article\" \/>\n<meta property=\"og:title\" content=\"Laboratorio m\u00f3vil - Escuela Superior de Inform\u00e1tica de UCLM\" \/>\n<meta property=\"og:description\" content=\"Equipamiento La Escuela dispone de un mini-rack con ruedas para fines docentes. Este mini-rack es t\u00e9cnicamente un laboratorio m\u00f3vil que puede moverse f\u00e1cilmente de un aula a otra. El mini-rack contiene dos routers, dos switches conectados cada uno con su router y 18 miniPCs conectados [&hellip;]\" \/>\n<meta property=\"og:url\" content=\"https:\/\/esi.uclm.es\/index.php\/recursos\/laboratorio-movil\/\" \/>\n<meta property=\"og:site_name\" content=\"Escuela Superior de Inform\u00e1tica de UCLM\" \/>\n<meta property=\"article:publisher\" content=\"https:\/\/www.facebook.com\/Escuela-Superior-de-Informtica-543261809027158\" \/>\n<meta property=\"article:modified_time\" content=\"2023-03-01T09:26:07+00:00\" \/>\n<meta property=\"og:image\" content=\"http:\/\/esi.uclm.es\/assets\/uploads\/2023\/03\/labportatil-e1677662761804-1024x389.webp\" \/>\n<meta name=\"twitter:card\" content=\"summary_large_image\" \/>\n<meta name=\"twitter:site\" content=\"@esiuclm\" \/>\n<meta name=\"twitter:label1\" content=\"Tiempo de lectura\" \/>\n\t<meta name=\"twitter:data1\" content=\"3 minutos\" \/>\n<script type=\"application\/ld+json\" class=\"yoast-schema-graph\">{\"@context\":\"https:\\\/\\\/schema.org\",\"@graph\":[{\"@type\":\"WebPage\",\"@id\":\"https:\\\/\\\/esi.uclm.es\\\/index.php\\\/recursos\\\/laboratorio-movil\\\/\",\"url\":\"https:\\\/\\\/esi.uclm.es\\\/index.php\\\/recursos\\\/laboratorio-movil\\\/\",\"name\":\"Laboratorio m\u00f3vil - Escuela Superior de Inform\u00e1tica de UCLM\",\"isPartOf\":{\"@id\":\"https:\\\/\\\/esi.uclm.es\\\/#website\"},\"primaryImageOfPage\":{\"@id\":\"https:\\\/\\\/esi.uclm.es\\\/index.php\\\/recursos\\\/laboratorio-movil\\\/#primaryimage\"},\"image\":{\"@id\":\"https:\\\/\\\/esi.uclm.es\\\/index.php\\\/recursos\\\/laboratorio-movil\\\/#primaryimage\"},\"thumbnailUrl\":\"http:\\\/\\\/esi.uclm.es\\\/assets\\\/uploads\\\/2023\\\/03\\\/labportatil-e1677662761804-1024x389.webp\",\"datePublished\":\"2023-01-18T10:28:06+00:00\",\"dateModified\":\"2023-03-01T09:26:07+00:00\",\"breadcrumb\":{\"@id\":\"https:\\\/\\\/esi.uclm.es\\\/index.php\\\/recursos\\\/laboratorio-movil\\\/#breadcrumb\"},\"inLanguage\":\"es\",\"potentialAction\":[{\"@type\":\"ReadAction\",\"target\":[\"https:\\\/\\\/esi.uclm.es\\\/index.php\\\/recursos\\\/laboratorio-movil\\\/\"]}]},{\"@type\":\"ImageObject\",\"inLanguage\":\"es\",\"@id\":\"https:\\\/\\\/esi.uclm.es\\\/index.php\\\/recursos\\\/laboratorio-movil\\\/#primaryimage\",\"url\":\"http:\\\/\\\/esi.uclm.es\\\/assets\\\/uploads\\\/2023\\\/03\\\/labportatil-e1677662761804-1024x389.webp\",\"contentUrl\":\"http:\\\/\\\/esi.uclm.es\\\/assets\\\/uploads\\\/2023\\\/03\\\/labportatil-e1677662761804-1024x389.webp\"},{\"@type\":\"BreadcrumbList\",\"@id\":\"https:\\\/\\\/esi.uclm.es\\\/index.php\\\/recursos\\\/laboratorio-movil\\\/#breadcrumb\",\"itemListElement\":[{\"@type\":\"ListItem\",\"position\":1,\"name\":\"Portada\",\"item\":\"https:\\\/\\\/esi.uclm.es\\\/\"},{\"@type\":\"ListItem\",\"position\":2,\"name\":\"Recursos\",\"item\":\"https:\\\/\\\/esi.uclm.es\\\/index.php\\\/recursos\\\/\"},{\"@type\":\"ListItem\",\"position\":3,\"name\":\"Laboratorio m\u00f3vil\"}]},{\"@type\":\"WebSite\",\"@id\":\"https:\\\/\\\/esi.uclm.es\\\/#website\",\"url\":\"https:\\\/\\\/esi.uclm.es\\\/\",\"name\":\"Escuela Superior de Inform\u00e1tica de UCLM en Ciudad Real, Castilla-La Mancha\",\"description\":\"La Escuela Superior de Inform\u00e1tica de Ciudad Real (Castilla-La Mancha), Universidad de Castilla-La Mancha es un centro universitario que imparte el ciclo completo de Ingenier\u00eda en Inform\u00e1tica: grado, m\u00e1ster y doctorado.\",\"publisher\":{\"@id\":\"https:\\\/\\\/esi.uclm.es\\\/#organization\"},\"potentialAction\":[{\"@type\":\"SearchAction\",\"target\":{\"@type\":\"EntryPoint\",\"urlTemplate\":\"https:\\\/\\\/esi.uclm.es\\\/?s={search_term_string}\"},\"query-input\":{\"@type\":\"PropertyValueSpecification\",\"valueRequired\":true,\"valueName\":\"search_term_string\"}}],\"inLanguage\":\"es\"},{\"@type\":\"Organization\",\"@id\":\"https:\\\/\\\/esi.uclm.es\\\/#organization\",\"name\":\"Escuela Superior de Inform\u00e1tica de UCLM\",\"url\":\"https:\\\/\\\/esi.uclm.es\\\/\",\"logo\":{\"@type\":\"ImageObject\",\"inLanguage\":\"es\",\"@id\":\"https:\\\/\\\/esi.uclm.es\\\/#\\\/schema\\\/logo\\\/image\\\/\",\"url\":\"https:\\\/\\\/esi.uclm.es\\\/assets\\\/uploads\\\/2022\\\/03\\\/LogoESI_cabecera-1.png\",\"contentUrl\":\"https:\\\/\\\/esi.uclm.es\\\/assets\\\/uploads\\\/2022\\\/03\\\/LogoESI_cabecera-1.png\",\"width\":460,\"height\":184,\"caption\":\"Escuela Superior de Inform\u00e1tica de UCLM\"},\"image\":{\"@id\":\"https:\\\/\\\/esi.uclm.es\\\/#\\\/schema\\\/logo\\\/image\\\/\"},\"sameAs\":[\"https:\\\/\\\/www.facebook.com\\\/Escuela-Superior-de-Informtica-543261809027158\",\"https:\\\/\\\/x.com\\\/esiuclm\",\"https:\\\/\\\/www.instagram.com\\\/esiuclm\\\/\",\"https:\\\/\\\/www.youtube.com\\\/user\\\/esiuclm\",\"https:\\\/\\\/www.twitch.tv\\\/esiuclm\",\"https:\\\/\\\/www.linkedin.com\\\/company\\\/12656631\\\/admin\\\/\"]}]}<\/script>\n<!-- \/ Yoast SEO plugin. -->","yoast_head_json":{"title":"Laboratorio m\u00f3vil - Escuela Superior de Inform\u00e1tica de UCLM","robots":{"index":"index","follow":"follow","max-snippet":"max-snippet:-1","max-image-preview":"max-image-preview:large","max-video-preview":"max-video-preview:-1"},"canonical":"https:\/\/esi.uclm.es\/index.php\/recursos\/laboratorio-movil\/","og_locale":"es_ES","og_type":"article","og_title":"Laboratorio m\u00f3vil - Escuela Superior de Inform\u00e1tica de UCLM","og_description":"Equipamiento La Escuela dispone de un mini-rack con ruedas para fines docentes. Este mini-rack es t\u00e9cnicamente un laboratorio m\u00f3vil que puede moverse f\u00e1cilmente de un aula a otra. El mini-rack contiene dos routers, dos switches conectados cada uno con su router y 18 miniPCs conectados [&hellip;]","og_url":"https:\/\/esi.uclm.es\/index.php\/recursos\/laboratorio-movil\/","og_site_name":"Escuela Superior de Inform\u00e1tica de UCLM","article_publisher":"https:\/\/www.facebook.com\/Escuela-Superior-de-Informtica-543261809027158","article_modified_time":"2023-03-01T09:26:07+00:00","og_image":[{"url":"http:\/\/esi.uclm.es\/assets\/uploads\/2023\/03\/labportatil-e1677662761804-1024x389.webp","type":"","width":"","height":""}],"twitter_card":"summary_large_image","twitter_site":"@esiuclm","twitter_misc":{"Tiempo de lectura":"3 minutos"},"schema":{"@context":"https:\/\/schema.org","@graph":[{"@type":"WebPage","@id":"https:\/\/esi.uclm.es\/index.php\/recursos\/laboratorio-movil\/","url":"https:\/\/esi.uclm.es\/index.php\/recursos\/laboratorio-movil\/","name":"Laboratorio m\u00f3vil - Escuela Superior de Inform\u00e1tica de UCLM","isPartOf":{"@id":"https:\/\/esi.uclm.es\/#website"},"primaryImageOfPage":{"@id":"https:\/\/esi.uclm.es\/index.php\/recursos\/laboratorio-movil\/#primaryimage"},"image":{"@id":"https:\/\/esi.uclm.es\/index.php\/recursos\/laboratorio-movil\/#primaryimage"},"thumbnailUrl":"http:\/\/esi.uclm.es\/assets\/uploads\/2023\/03\/labportatil-e1677662761804-1024x389.webp","datePublished":"2023-01-18T10:28:06+00:00","dateModified":"2023-03-01T09:26:07+00:00","breadcrumb":{"@id":"https:\/\/esi.uclm.es\/index.php\/recursos\/laboratorio-movil\/#breadcrumb"},"inLanguage":"es","potentialAction":[{"@type":"ReadAction","target":["https:\/\/esi.uclm.es\/index.php\/recursos\/laboratorio-movil\/"]}]},{"@type":"ImageObject","inLanguage":"es","@id":"https:\/\/esi.uclm.es\/index.php\/recursos\/laboratorio-movil\/#primaryimage","url":"http:\/\/esi.uclm.es\/assets\/uploads\/2023\/03\/labportatil-e1677662761804-1024x389.webp","contentUrl":"http:\/\/esi.uclm.es\/assets\/uploads\/2023\/03\/labportatil-e1677662761804-1024x389.webp"},{"@type":"BreadcrumbList","@id":"https:\/\/esi.uclm.es\/index.php\/recursos\/laboratorio-movil\/#breadcrumb","itemListElement":[{"@type":"ListItem","position":1,"name":"Portada","item":"https:\/\/esi.uclm.es\/"},{"@type":"ListItem","position":2,"name":"Recursos","item":"https:\/\/esi.uclm.es\/index.php\/recursos\/"},{"@type":"ListItem","position":3,"name":"Laboratorio m\u00f3vil"}]},{"@type":"WebSite","@id":"https:\/\/esi.uclm.es\/#website","url":"https:\/\/esi.uclm.es\/","name":"Escuela Superior de Inform\u00e1tica de UCLM en Ciudad Real, Castilla-La Mancha","description":"La Escuela Superior de Inform\u00e1tica de Ciudad Real (Castilla-La Mancha), Universidad de Castilla-La Mancha es un centro universitario que imparte el ciclo completo de Ingenier\u00eda en Inform\u00e1tica: grado, m\u00e1ster y doctorado.","publisher":{"@id":"https:\/\/esi.uclm.es\/#organization"},"potentialAction":[{"@type":"SearchAction","target":{"@type":"EntryPoint","urlTemplate":"https:\/\/esi.uclm.es\/?s={search_term_string}"},"query-input":{"@type":"PropertyValueSpecification","valueRequired":true,"valueName":"search_term_string"}}],"inLanguage":"es"},{"@type":"Organization","@id":"https:\/\/esi.uclm.es\/#organization","name":"Escuela Superior de Inform\u00e1tica de UCLM","url":"https:\/\/esi.uclm.es\/","logo":{"@type":"ImageObject","inLanguage":"es","@id":"https:\/\/esi.uclm.es\/#\/schema\/logo\/image\/","url":"https:\/\/esi.uclm.es\/assets\/uploads\/2022\/03\/LogoESI_cabecera-1.png","contentUrl":"https:\/\/esi.uclm.es\/assets\/uploads\/2022\/03\/LogoESI_cabecera-1.png","width":460,"height":184,"caption":"Escuela Superior de Inform\u00e1tica de UCLM"},"image":{"@id":"https:\/\/esi.uclm.es\/#\/schema\/logo\/image\/"},"sameAs":["https:\/\/www.facebook.com\/Escuela-Superior-de-Informtica-543261809027158","https:\/\/x.com\/esiuclm","https:\/\/www.instagram.com\/esiuclm\/","https:\/\/www.youtube.com\/user\/esiuclm","https:\/\/www.twitch.tv\/esiuclm","https:\/\/www.linkedin.com\/company\/12656631\/admin\/"]}]}},"_links":{"self":[{"href":"https:\/\/esi.uclm.es\/index.php\/wp-json\/wp\/v2\/pages\/13908","targetHints":{"allow":["GET"]}}],"collection":[{"href":"https:\/\/esi.uclm.es\/index.php\/wp-json\/wp\/v2\/pages"}],"about":[{"href":"https:\/\/esi.uclm.es\/index.php\/wp-json\/wp\/v2\/types\/page"}],"author":[{"embeddable":true,"href":"https:\/\/esi.uclm.es\/index.php\/wp-json\/wp\/v2\/users\/4"}],"replies":[{"embeddable":true,"href":"https:\/\/esi.uclm.es\/index.php\/wp-json\/wp\/v2\/comments?post=13908"}],"version-history":[{"count":13,"href":"https:\/\/esi.uclm.es\/index.php\/wp-json\/wp\/v2\/pages\/13908\/revisions"}],"predecessor-version":[{"id":15898,"href":"https:\/\/esi.uclm.es\/index.php\/wp-json\/wp\/v2\/pages\/13908\/revisions\/15898"}],"up":[{"embeddable":true,"href":"https:\/\/esi.uclm.es\/index.php\/wp-json\/wp\/v2\/pages\/6226"}],"wp:attachment":[{"href":"https:\/\/esi.uclm.es\/index.php\/wp-json\/wp\/v2\/media?parent=13908"}],"curies":[{"name":"wp","href":"https:\/\/api.w.org\/{rel}","templated":true}]}}