{"id":1311,"date":"2016-03-02T14:22:09","date_gmt":"2016-03-02T14:22:09","guid":{"rendered":"http:\/\/discussion.mikado-themes.com\/?page_id=1311"},"modified":"2016-03-02T14:22:09","modified_gmt":"2016-03-02T14:22:09","slug":"magazine-home","status":"publish","type":"page","link":"https:\/\/esi.uclm.es\/index.php\/magazine-home\/","title":{"rendered":"Magazine Home"},"content":{"rendered":"<div class=\"vc_row wpb_row vc_row-fluid mkd-section mkd-content-aligment-left\" style=\"\"><div class=\"clearfix mkd-full-section-inner\"><div class=\"wpb_column vc_column_container vc_col-sm-12\"><div class=\"vc_column-inner\"><div class=\"wpb_wrapper\"><div class=\"mkd-bnl-holder mkd-psi-holder  mkd-psi-number-5\"  data-base=\"mkd_post_slider_interactive\"  data-slider_height=\"735\" data-number_of_posts=\"5\"     data-post_in=\"232, 218, 347, 625, 4\"  data-sort=\"featured_first\"            data-paged=\"1\" ><div class=\"mkd-bnl-outer\"><div class=\"mkd-psi-message\"><p>No posts were found.<\/p><\/div><\/div><\/div><\/div><\/div><\/div><\/div><\/div><div class=\"vc_row wpb_row vc_row-fluid mkd-section mkd-content-aligment-left mkd-grid-section\" style=\"\"><div class=\"clearfix mkd-section-inner\"><div class=\"mkd-section-inner-margin clearfix\"><div class=\"wpb_column vc_column_container vc_col-sm-8 vc_col-lg-3 vc_col-md-8\"><div class=\"vc_column-inner\"><div class=\"wpb_wrapper\"><div class=\"vc_empty_space\"   style=\"height: 40px\"><span class=\"vc_empty_space_inner\"><\/span><\/div>\n\t<div class=\"wpb_widgetised_column wpb_content_element\" style=\"padding-bottom:40px;\">\n\t\t<div class=\"wpb_wrapper\">\n\t\t\t\n\t\t\t<div class=\"widget widget_block\">\n<h4 class=\"wp-block-heading\" id=\"otras-categorias\">Otras categor\u00edas<\/h4>\n<\/div><div class=\"widget widget_block widget_categories\"><ul class=\"wp-block-categories-list wp-block-categories\">\t<li class=\"cat-item cat-item-621\"><a href=\"https:\/\/esi.uclm.es\/index.php\/category\/becas_y_empleo\/\">Becas\/Empleo<\/a>\n<\/li>\n\t<li class=\"cat-item cat-item-1815\"><a href=\"https:\/\/esi.uclm.es\/index.php\/category\/biblioteca\/\">Biblioteca<\/a>\n<\/li>\n\t<li class=\"cat-item cat-item-743\"><a href=\"https:\/\/esi.uclm.es\/index.php\/category\/cultura_y_divulgacion\/\">Cultura y Divulgaci\u00f3n<\/a>\n<\/li>\n\t<li class=\"cat-item cat-item-624\"><a href=\"https:\/\/esi.uclm.es\/index.php\/category\/deportes\/\">Deportes<\/a>\n<\/li>\n\t<li class=\"cat-item cat-item-622\"><a href=\"https:\/\/esi.uclm.es\/index.php\/category\/docencia\/\">Docencia<\/a>\n<\/li>\n\t<li class=\"cat-item cat-item-641\"><a href=\"https:\/\/esi.uclm.es\/index.php\/category\/egresados\/\">Egresados<\/a>\n<\/li>\n\t<li class=\"cat-item cat-item-623\"><a href=\"https:\/\/esi.uclm.es\/index.php\/category\/empresas\/\">Empresas<\/a>\n<\/li>\n\t<li class=\"cat-item cat-item-619\"><a href=\"https:\/\/esi.uclm.es\/index.php\/category\/general\/\">General<\/a>\n<\/li>\n\t<li class=\"cat-item cat-item-620\"><a href=\"https:\/\/esi.uclm.es\/index.php\/category\/investigacion\/\">Investigaci\u00f3n<\/a>\n<\/li>\n\t<li class=\"cat-item cat-item-680\"><a href=\"https:\/\/esi.uclm.es\/index.php\/category\/opinion\/\">Opini\u00f3n<\/a>\n<\/li>\n\t<li class=\"cat-item cat-item-666\"><a href=\"https:\/\/esi.uclm.es\/index.php\/category\/portada\/\">Portada<\/a>\n<\/li>\n<\/ul><\/div>\n\t\t<\/div>\n\t<\/div>\n<\/div><\/div><\/div><div class=\"wpb_column vc_column_container vc_col-sm-12 vc_col-lg-9 vc_col-md-12\"><div class=\"vc_column-inner\"><div class=\"wpb_wrapper\"><div class=\"vc_empty_space\"   style=\"height: 40px\"><span class=\"vc_empty_space_inner\"><\/span><\/div><div class=\"mkd-bnl-holder mkd-pl-six-holder  mkd-post-columns-2 mkd-post-pag-np-horizontal\"  data-base=\"mkd_post_layout_six\"  data-number_of_posts=\"4\" data-column_number=\"2\"     data-post_in=\"641, 597, 358, 240\"   data-title=\"Lifestyle\" data-pattern_style=\"light\" data-thumb_image_size=\"custom_size\" data-thumb_image_width=\"473\" data-thumb_image_height=\"300\" data-title_tag=\"h4\"          data-display_pagination=\"yes\" data-pagination_type=\"np-horizontal\"   data-paged=\"1\"   data-next_page=\"2\"><div class=\"mkd-layout-title-holder\"><span class=\"mkd-section-title-holder clearfix mkd-pattern-light\">\n            <span class=\"mkd-st-title\">\n        Lifestyle        <\/span>\n    <\/span><\/div><div class=\"mkd-bnl-outer\"><div class=\"mkd-bnl-inner\"><div class=\"mkd-pl-six-message\"><p>No posts were found.<\/p><\/div><\/div><\/div><\/div><div class=\"vc_empty_space\"   style=\"height: 20px\"><span class=\"vc_empty_space_inner\"><\/span><\/div><div class=\"mkd-bnl-holder mkd-pb-two-holder  mkd-block-revealing two_third_one_third mkd-post-pag-np-horizontal\"  data-base=\"mkd_block_two\"  data-number_of_posts=\"4\" data-block_proportion=\"two_third_one_third\"     data-post_in=\"155, 158, 173, 134, 46, 4, 91, 149\"  data-sort=\"featured_first\" data-title=\"Business\" data-pattern_style=\"light\" data-featured_thumb_image_size=\"custom_size\" data-featured_thumb_image_width=\"768\" data-featured_thumb_image_height=\"466\" data-featured_title_tag=\"h4\"    data-featured_display_category=\"yes\"       data-title_tag=\"h6\"     data-display_pagination=\"yes\" data-pagination_type=\"np-horizontal\"   data-paged=\"1\"   data-next_page=\"2\"><div class=\"mkd-layout-title-holder\"><span class=\"mkd-section-title-holder clearfix mkd-pattern-light\">\n            <span class=\"mkd-st-title\">\n        Business        <\/span>\n    <\/span><\/div><div class=\"mkd-bnl-outer\"><div class=\"mkd-pb-two-message\"><p>No posts were found.<\/p><\/div><\/div><\/div><div class=\"vc_empty_space\"   style=\"height: 20px\"><span class=\"vc_empty_space_inner\"><\/span><\/div>\n\t<div  class=\"wpb_single_image wpb_content_element vc_align_left  vc_custom_1457702924456\">\n\t\t\n\t\t<figure class=\"wpb_wrapper vc_figure\">\n\t\t\t<a href=\"#\" target=\"_self\" class=\"vc_single_image-wrapper   vc_box_border_grey\"><\/a>\n\t\t<\/figure>\n\t<\/div>\n<span class=\"mkd-section-title-holder clearfix mkd-pattern-light\">\n            <span class=\"mkd-st-title\">\n        Lifestyle        <\/span>\n    <\/span><div class=\"vc_row wpb_row vc_inner vc_row-fluid mkd-section mkd-content-aligment-left\" style=\"\"><div class=\"mkd-full-section-inner\"><div class=\"wpb_column vc_column_container vc_col-sm-12 vc_col-lg-6 vc_col-md-6\"><div class=\"vc_column-inner vc_custom_1457538514142\"><div class=\"wpb_wrapper\"><div class=\"mkd-bnl-holder mkd-pb-three-holder  \"  data-base=\"mkd_block_three\"  data-number_of_posts=\"4\"     data-post_in=\"641, 541, 635, 622\"     data-featured_thumb_image_size=\"custom_size\" data-featured_thumb_image_width=\"600\" data-featured_thumb_image_height=\"384\" data-featured_title_tag=\"h4\"         data-featured_display_excerpt=\"no\"           data-display_pagination=\"no\"    data-paged=\"1\" ><div class=\"mkd-bnl-outer\"><div class=\"mkd-pb-three-message\"><p>No posts were found.<\/p><\/div><\/div><\/div><div class=\"vc_empty_space\"   style=\"height: 40px\"><span class=\"vc_empty_space_inner\"><\/span><\/div><\/div><\/div><\/div><div class=\"wpb_column vc_column_container vc_col-sm-12 vc_col-lg-6 vc_col-md-6\"><div class=\"vc_column-inner vc_custom_1457538523228\"><div class=\"wpb_wrapper\"><div class=\"mkd-bnl-holder mkd-pb-three-holder  \"  data-base=\"mkd_block_three\"  data-number_of_posts=\"4\"     data-post_in=\"358, 391, 323, 349\"  data-sort=\"featured_first\"   data-featured_thumb_image_size=\"custom_size\" data-featured_thumb_image_width=\"600\" data-featured_thumb_image_height=\"384\" data-featured_title_tag=\"h4\"         data-featured_display_excerpt=\"no\"           data-display_pagination=\"no\"    data-paged=\"1\" ><div class=\"mkd-bnl-outer\"><div class=\"mkd-pb-three-message\"><p>No posts were found.<\/p><\/div><\/div><\/div><div class=\"vc_empty_space\"   style=\"height: 40px\"><span class=\"vc_empty_space_inner\"><\/span><\/div><\/div><\/div><\/div><\/div><\/div><\/div><\/div><\/div><\/div><\/div><\/div><div class=\"vc_row wpb_row vc_row-fluid mkd-section vc_custom_1457687949088 mkd-content-aligment-left mkd-grid-section\" style=\"\"><div class=\"clearfix mkd-section-inner\"><div class=\"mkd-section-inner-margin clearfix\"><div class=\"wpb_column vc_column_container vc_col-sm-12\"><div class=\"vc_column-inner\"><div class=\"wpb_wrapper\"><div class=\"mkd-bnl-holder mkd-pl-five-holder  mkd-post-columns-3\"  data-base=\"mkd_post_layout_five\"  data-number_of_posts=\"3\" data-column_number=\"3\" data-category_id=\"9\"    data-post_in=\"556, 530, 495\"   data-title=\"Travel\" data-pattern_style=\"dark\" data-thumb_image_size=\"custom_size\" data-thumb_image_width=\"640\" data-thumb_image_height=\"407\" data-title_tag=\"h4\" data-title_length=\"26\"    data-display_comments=\"no\" data-display_share=\"no\" data-display_count=\"no\" data-display_excerpt=\"yes\" data-excerpt_length=\"11\" data-display_read_more=\"no\" data-display_pagination=\"no\"    data-paged=\"1\" ><div class=\"mkd-layout-title-holder\"><span class=\"mkd-section-title-holder clearfix mkd-pattern-dark\">\n            <span class=\"mkd-st-title\">\n        Travel        <\/span>\n    <\/span><\/div><div class=\"mkd-bnl-outer\"><div class=\"mkd-bnl-inner\"><div class=\"mkd-pl-five-message\"><p>No posts were found.<\/p><\/div><\/div><\/div><\/div><\/div><\/div><\/div><\/div><\/div><\/div><div class=\"vc_row wpb_row vc_row-fluid mkd-section vc_custom_1457688008817 mkd-content-aligment-left mkd-grid-section\" style=\"\"><div class=\"clearfix mkd-section-inner\"><div class=\"mkd-section-inner-margin clearfix\"><div class=\"wpb_column vc_column_container vc_col-sm-12\"><div class=\"vc_column-inner\"><div class=\"wpb_wrapper\">\n\t<div  class=\"wpb_single_image wpb_content_element vc_align_left\">\n\t\t\n\t\t<figure class=\"wpb_wrapper vc_figure\">\n\t\t\t<a href=\"#\" target=\"_self\" class=\"vc_single_image-wrapper   vc_box_border_grey\"><\/a>\n\t\t<\/figure>\n\t<\/div>\n<\/div><\/div><\/div><\/div><\/div><\/div><div class=\"vc_row wpb_row vc_row-fluid mkd-section mkd-content-aligment-left mkd-grid-section\" style=\"\"><div class=\"clearfix mkd-section-inner\"><div class=\"mkd-section-inner-margin clearfix\"><div class=\"wpb_column vc_column_container vc_col-sm-8 vc_col-lg-3 vc_col-md-8\"><div class=\"vc_column-inner\"><div class=\"wpb_wrapper\">\n\t<div class=\"wpb_widgetised_column wpb_content_element\" >\n\t\t<div class=\"wpb_wrapper\">\n\t\t\t\n\t\t\t<div class=\"widget widget_categories\"><div class=\"mkd-section-title-holder clearfix\"><span class=\"mkd-st-title\">Categor\u00edas<\/span><\/div>\n\t\t\t<ul>\n\t\t\t\t\t<li class=\"cat-item cat-item-621\"><a href=\"https:\/\/esi.uclm.es\/index.php\/category\/becas_y_empleo\/\">Becas\/Empleo<\/a> (173)\n<\/li>\n\t<li class=\"cat-item cat-item-1815\"><a href=\"https:\/\/esi.uclm.es\/index.php\/category\/biblioteca\/\">Biblioteca<\/a> (8)\n<\/li>\n\t<li class=\"cat-item cat-item-743\"><a href=\"https:\/\/esi.uclm.es\/index.php\/category\/cultura_y_divulgacion\/\">Cultura y Divulgaci\u00f3n<\/a> (116)\n<\/li>\n\t<li class=\"cat-item cat-item-624\"><a href=\"https:\/\/esi.uclm.es\/index.php\/category\/deportes\/\">Deportes<\/a> (52)\n<\/li>\n\t<li class=\"cat-item cat-item-622\"><a href=\"https:\/\/esi.uclm.es\/index.php\/category\/docencia\/\">Docencia<\/a> (205)\n<\/li>\n\t<li class=\"cat-item cat-item-641\"><a href=\"https:\/\/esi.uclm.es\/index.php\/category\/egresados\/\">Egresados<\/a> (38)\n<\/li>\n\t<li class=\"cat-item cat-item-623\"><a href=\"https:\/\/esi.uclm.es\/index.php\/category\/empresas\/\">Empresas<\/a> (53)\n<\/li>\n\t<li class=\"cat-item cat-item-619\"><a href=\"https:\/\/esi.uclm.es\/index.php\/category\/general\/\">General<\/a> (667)\n<\/li>\n\t<li class=\"cat-item cat-item-620\"><a href=\"https:\/\/esi.uclm.es\/index.php\/category\/investigacion\/\">Investigaci\u00f3n<\/a> (73)\n<\/li>\n\t<li class=\"cat-item cat-item-680\"><a href=\"https:\/\/esi.uclm.es\/index.php\/category\/opinion\/\">Opini\u00f3n<\/a> (45)\n<\/li>\n\t<li class=\"cat-item cat-item-666\"><a href=\"https:\/\/esi.uclm.es\/index.php\/category\/portada\/\">Portada<\/a> (5)\n<\/li>\n\t\t\t<\/ul>\n\n\t\t\t<\/div><div class=\"widget widget_block\"><div class=\"wp-block-wpzoom-blocks-social-icons is-style-without-canvas\" style=\"--wpz-social-icons-block-item-font-size:15px;--wpz-social-icons-block-item-padding-horizontal:2px;--wpz-social-icons-block-item-padding-vertical:2px;--wpz-social-icons-block-item-margin-horizontal:5px;--wpz-social-icons-block-item-margin-vertical:0px;--wpz-social-icons-block-item-border-radius:0px;--wpz-social-icons-block-label-font-size:20px;--wpz-social-icons-block-label-color:#2e3131;--wpz-social-icons-block-label-color-hover:#2e3131;--wpz-social-icons-alignment:flex-start\">\r\n    \r\n    <a href=\"https:\/\/www.facebook.com\/Escuela-Superior-de-Inform%C3%A1tica-543261809027158\" class=\"social-icon-link\" style=\"--wpz-social-icons-block-item-color:#a8afb2;--wpz-social-icons-block-item-color-hover:#5495d4\" aria-label=\"facebook esiuclm\">\r\n        <span class=\"social-icon fa fa-facebook\"><\/span>\r\n    <\/a>\r\n\r\n    <a href=\"https:\/\/twitter.com\/esiuclm\" aria-label=\"twitter esiuclm\" class=\"social-icon-link\" style=\"--wpz-social-icons-block-item-color:#a8afb2;--wpz-social-icons-block-item-color-hover:#5995d4\">\r\n        <span class=\"social-icon fa fa-twitter\"><\/span>\r\n    <\/a>\r\n\r\n    <a href=\"https:\/\/www.instagram.com\/esiuclm\" aria-label=\"instagram esiuclm\" class=\"social-icon-link\" style=\"--wpz-social-icons-block-item-color:#a8afb2;--wpz-social-icons-block-item-color-hover:#5495d4\">\r\n        <span class=\"social-icon fa fa-instagram\"><\/span>\r\n    <\/a>\r\n\r\n    <a href=\"https:\/\/www.youtube.com\/user\/esiuclm\" aria-label=\"youtube esiuclm\" class=\"social-icon-link\" style=\"--wpz-social-icons-block-item-color:#a8afb2;--wpz-social-icons-block-item-color-hover:#5995d4\">\r\n        <span class=\"social-icon fa fa-youtube-play\"><\/span>\r\n    <\/a>\r\n\r\n    <a href=\"https:\/\/www.linkedin.com\/company\/12656631\" class=\"social-icon-link\" aria-label=\"Linkedin esiuclm\" style=\"--wpz-social-icons-block-item-color:#a8afb2;--wpz-social-icons-block-item-color-hover:#5995d4\">\r\n        <span class=\"social-icon fa fa-linkedin\"><\/span>\r\n    <\/a>\r\n\r\n    <a href=\"https:\/\/www.twitch.tv\/esiuclm\" aria-label=\"twitch esiuclm\" class=\"social-icon-link\" style=\"--wpz-social-icons-block-item-color:#a8afb2;--wpz-social-icons-block-item-color-hover:#5995d4\">\r\n        <span class=\"social-icon fa fa-twitch\"><\/span>\r\n    <\/a>\r\n\r\n    <a href=\"https:\/\/whatsapp.com\/channel\/0029Vaj1w1XICVfc6ucqq02V\" aria-label=\"WhatsApp esiuclm\" class=\"social-icon-link\" style=\"--wpz-social-icons-block-item-color:#a8afb2;--wpz-social-icons-block-item-color-hover:#25D366\">\r\n        <span class=\"social-icon fa fa-whatsapp\"><\/span>\r\n    <\/a>\r\n\r\n<\/div><\/div>\n\t\t<\/div>\n\t<\/div>\n<\/div><\/div><\/div><div class=\"wpb_column vc_column_container vc_col-sm-12 vc_col-lg-9 vc_col-md-12\"><div class=\"vc_column-inner\"><div class=\"wpb_wrapper\"><div class=\"mkd-bnl-holder mkd-pl-six-holder  mkd-post-columns-3 mkd-post-pag-infinite\"  data-base=\"mkd_post_layout_six\"  data-number_of_posts=\"6\" data-column_number=\"3\"     data-post_in=\"86, 82, 80, 152, 170, 451, 456, 232, 155, 546, 61, 73, 70, 67, 158, 134\"   data-title=\"World News\" data-pattern_style=\"light\" data-thumb_image_size=\"custom_size\" data-thumb_image_width=\"473\" data-thumb_image_height=\"300\" data-title_tag=\"h4\" data-title_length=\"33\"         data-display_pagination=\"yes\" data-pagination_type=\"infinite\"   data-paged=\"1\"   data-next_page=\"2\"><div class=\"mkd-layout-title-holder\"><span class=\"mkd-section-title-holder clearfix mkd-pattern-light\">\n            <span class=\"mkd-st-title\">\n        World News        <\/span>\n    <\/span><\/div><div class=\"mkd-bnl-outer\"><div class=\"mkd-bnl-inner\"><div class=\"mkd-pl-six-message\"><p>No posts were found.<\/p><\/div><\/div><\/div><\/div><\/div><\/div><\/div><\/div><\/div><\/div>\n","protected":false},"excerpt":{"rendered":"No posts were found. Otras categor\u00edas Becas\/Empleo Biblioteca Cultura y Divulgaci\u00f3n Deportes Docencia Egresados Empresas General Investigaci\u00f3n Opini\u00f3n Portada Lifestyle No posts were found. Business No posts were found. Lifestyle No posts were found.No posts were found. Travel No posts were found. Categor\u00edas Becas\/Empleo (173) [...]","protected":false},"author":1,"featured_media":0,"parent":0,"menu_order":0,"comment_status":"closed","ping_status":"closed","template":"full-width.php","meta":{"footnotes":""},"class_list":["post-1311","page","type-page","status-publish","hentry"],"yoast_head":"<!-- This site is optimized with the Yoast SEO plugin v27.4 - https:\/\/yoast.com\/product\/yoast-seo-wordpress\/ -->\n<title>Magazine Home - Escuela Superior de Inform\u00e1tica de UCLM<\/title>\n<meta name=\"robots\" content=\"index, follow, max-snippet:-1, max-image-preview:large, max-video-preview:-1\" \/>\n<link rel=\"canonical\" href=\"https:\/\/esi.uclm.es\/index.php\/magazine-home\/\" \/>\n<meta property=\"og:locale\" content=\"es_ES\" \/>\n<meta property=\"og:type\" content=\"article\" \/>\n<meta property=\"og:title\" content=\"Magazine Home - Escuela Superior de Inform\u00e1tica de UCLM\" \/>\n<meta property=\"og:url\" content=\"https:\/\/esi.uclm.es\/index.php\/magazine-home\/\" \/>\n<meta property=\"og:site_name\" content=\"Escuela Superior de Inform\u00e1tica de UCLM\" \/>\n<meta property=\"article:publisher\" content=\"https:\/\/www.facebook.com\/Escuela-Superior-de-Informtica-543261809027158\" \/>\n<meta name=\"twitter:card\" content=\"summary_large_image\" \/>\n<meta name=\"twitter:site\" content=\"@esiuclm\" \/>\n<meta name=\"twitter:label1\" content=\"Tiempo de lectura\" \/>\n\t<meta name=\"twitter:data1\" content=\"3 minutos\" \/>\n<script type=\"application\/ld+json\" class=\"yoast-schema-graph\">{\"@context\":\"https:\\\/\\\/schema.org\",\"@graph\":[{\"@type\":\"WebPage\",\"@id\":\"https:\\\/\\\/esi.uclm.es\\\/index.php\\\/magazine-home\\\/\",\"url\":\"https:\\\/\\\/esi.uclm.es\\\/index.php\\\/magazine-home\\\/\",\"name\":\"Magazine Home - Escuela Superior de Inform\u00e1tica de UCLM\",\"isPartOf\":{\"@id\":\"https:\\\/\\\/esi.uclm.es\\\/#website\"},\"datePublished\":\"2016-03-02T14:22:09+00:00\",\"breadcrumb\":{\"@id\":\"https:\\\/\\\/esi.uclm.es\\\/index.php\\\/magazine-home\\\/#breadcrumb\"},\"inLanguage\":\"es\",\"potentialAction\":[{\"@type\":\"ReadAction\",\"target\":[\"https:\\\/\\\/esi.uclm.es\\\/index.php\\\/magazine-home\\\/\"]}]},{\"@type\":\"BreadcrumbList\",\"@id\":\"https:\\\/\\\/esi.uclm.es\\\/index.php\\\/magazine-home\\\/#breadcrumb\",\"itemListElement\":[{\"@type\":\"ListItem\",\"position\":1,\"name\":\"Portada\",\"item\":\"https:\\\/\\\/esi.uclm.es\\\/\"},{\"@type\":\"ListItem\",\"position\":2,\"name\":\"Magazine Home\"}]},{\"@type\":\"WebSite\",\"@id\":\"https:\\\/\\\/esi.uclm.es\\\/#website\",\"url\":\"https:\\\/\\\/esi.uclm.es\\\/\",\"name\":\"Escuela Superior de Inform\u00e1tica de UCLM en Ciudad Real, Castilla-La Mancha\",\"description\":\"La Escuela Superior de Inform\u00e1tica de Ciudad Real (Castilla-La Mancha), Universidad de Castilla-La Mancha es un centro universitario que imparte el ciclo completo de Ingenier\u00eda en Inform\u00e1tica: grado, m\u00e1ster y doctorado.\",\"publisher\":{\"@id\":\"https:\\\/\\\/esi.uclm.es\\\/#organization\"},\"potentialAction\":[{\"@type\":\"SearchAction\",\"target\":{\"@type\":\"EntryPoint\",\"urlTemplate\":\"https:\\\/\\\/esi.uclm.es\\\/?s={search_term_string}\"},\"query-input\":{\"@type\":\"PropertyValueSpecification\",\"valueRequired\":true,\"valueName\":\"search_term_string\"}}],\"inLanguage\":\"es\"},{\"@type\":\"Organization\",\"@id\":\"https:\\\/\\\/esi.uclm.es\\\/#organization\",\"name\":\"Escuela Superior de Inform\u00e1tica de UCLM\",\"url\":\"https:\\\/\\\/esi.uclm.es\\\/\",\"logo\":{\"@type\":\"ImageObject\",\"inLanguage\":\"es\",\"@id\":\"https:\\\/\\\/esi.uclm.es\\\/#\\\/schema\\\/logo\\\/image\\\/\",\"url\":\"https:\\\/\\\/esi.uclm.es\\\/assets\\\/uploads\\\/2022\\\/03\\\/LogoESI_cabecera-1.png\",\"contentUrl\":\"https:\\\/\\\/esi.uclm.es\\\/assets\\\/uploads\\\/2022\\\/03\\\/LogoESI_cabecera-1.png\",\"width\":460,\"height\":184,\"caption\":\"Escuela Superior de Inform\u00e1tica de UCLM\"},\"image\":{\"@id\":\"https:\\\/\\\/esi.uclm.es\\\/#\\\/schema\\\/logo\\\/image\\\/\"},\"sameAs\":[\"https:\\\/\\\/www.facebook.com\\\/Escuela-Superior-de-Informtica-543261809027158\",\"https:\\\/\\\/x.com\\\/esiuclm\",\"https:\\\/\\\/www.instagram.com\\\/esiuclm\\\/\",\"https:\\\/\\\/www.youtube.com\\\/user\\\/esiuclm\",\"https:\\\/\\\/www.twitch.tv\\\/esiuclm\",\"https:\\\/\\\/www.linkedin.com\\\/company\\\/12656631\\\/admin\\\/\"]}]}<\/script>\n<!-- \/ Yoast SEO plugin. -->","yoast_head_json":{"title":"Magazine Home - Escuela Superior de Inform\u00e1tica de UCLM","robots":{"index":"index","follow":"follow","max-snippet":"max-snippet:-1","max-image-preview":"max-image-preview:large","max-video-preview":"max-video-preview:-1"},"canonical":"https:\/\/esi.uclm.es\/index.php\/magazine-home\/","og_locale":"es_ES","og_type":"article","og_title":"Magazine Home - Escuela Superior de Inform\u00e1tica de UCLM","og_url":"https:\/\/esi.uclm.es\/index.php\/magazine-home\/","og_site_name":"Escuela Superior de Inform\u00e1tica de UCLM","article_publisher":"https:\/\/www.facebook.com\/Escuela-Superior-de-Informtica-543261809027158","twitter_card":"summary_large_image","twitter_site":"@esiuclm","twitter_misc":{"Tiempo de lectura":"3 minutos"},"schema":{"@context":"https:\/\/schema.org","@graph":[{"@type":"WebPage","@id":"https:\/\/esi.uclm.es\/index.php\/magazine-home\/","url":"https:\/\/esi.uclm.es\/index.php\/magazine-home\/","name":"Magazine Home - Escuela Superior de Inform\u00e1tica de UCLM","isPartOf":{"@id":"https:\/\/esi.uclm.es\/#website"},"datePublished":"2016-03-02T14:22:09+00:00","breadcrumb":{"@id":"https:\/\/esi.uclm.es\/index.php\/magazine-home\/#breadcrumb"},"inLanguage":"es","potentialAction":[{"@type":"ReadAction","target":["https:\/\/esi.uclm.es\/index.php\/magazine-home\/"]}]},{"@type":"BreadcrumbList","@id":"https:\/\/esi.uclm.es\/index.php\/magazine-home\/#breadcrumb","itemListElement":[{"@type":"ListItem","position":1,"name":"Portada","item":"https:\/\/esi.uclm.es\/"},{"@type":"ListItem","position":2,"name":"Magazine Home"}]},{"@type":"WebSite","@id":"https:\/\/esi.uclm.es\/#website","url":"https:\/\/esi.uclm.es\/","name":"Escuela Superior de Inform\u00e1tica de UCLM en Ciudad Real, Castilla-La Mancha","description":"La Escuela Superior de Inform\u00e1tica de Ciudad Real (Castilla-La Mancha), Universidad de Castilla-La Mancha es un centro universitario que imparte el ciclo completo de Ingenier\u00eda en Inform\u00e1tica: grado, m\u00e1ster y doctorado.","publisher":{"@id":"https:\/\/esi.uclm.es\/#organization"},"potentialAction":[{"@type":"SearchAction","target":{"@type":"EntryPoint","urlTemplate":"https:\/\/esi.uclm.es\/?s={search_term_string}"},"query-input":{"@type":"PropertyValueSpecification","valueRequired":true,"valueName":"search_term_string"}}],"inLanguage":"es"},{"@type":"Organization","@id":"https:\/\/esi.uclm.es\/#organization","name":"Escuela Superior de Inform\u00e1tica de UCLM","url":"https:\/\/esi.uclm.es\/","logo":{"@type":"ImageObject","inLanguage":"es","@id":"https:\/\/esi.uclm.es\/#\/schema\/logo\/image\/","url":"https:\/\/esi.uclm.es\/assets\/uploads\/2022\/03\/LogoESI_cabecera-1.png","contentUrl":"https:\/\/esi.uclm.es\/assets\/uploads\/2022\/03\/LogoESI_cabecera-1.png","width":460,"height":184,"caption":"Escuela Superior de Inform\u00e1tica de UCLM"},"image":{"@id":"https:\/\/esi.uclm.es\/#\/schema\/logo\/image\/"},"sameAs":["https:\/\/www.facebook.com\/Escuela-Superior-de-Informtica-543261809027158","https:\/\/x.com\/esiuclm","https:\/\/www.instagram.com\/esiuclm\/","https:\/\/www.youtube.com\/user\/esiuclm","https:\/\/www.twitch.tv\/esiuclm","https:\/\/www.linkedin.com\/company\/12656631\/admin\/"]}]}},"_links":{"self":[{"href":"https:\/\/esi.uclm.es\/index.php\/wp-json\/wp\/v2\/pages\/1311","targetHints":{"allow":["GET"]}}],"collection":[{"href":"https:\/\/esi.uclm.es\/index.php\/wp-json\/wp\/v2\/pages"}],"about":[{"href":"https:\/\/esi.uclm.es\/index.php\/wp-json\/wp\/v2\/types\/page"}],"author":[{"embeddable":true,"href":"https:\/\/esi.uclm.es\/index.php\/wp-json\/wp\/v2\/users\/1"}],"replies":[{"embeddable":true,"href":"https:\/\/esi.uclm.es\/index.php\/wp-json\/wp\/v2\/comments?post=1311"}],"version-history":[{"count":0,"href":"https:\/\/esi.uclm.es\/index.php\/wp-json\/wp\/v2\/pages\/1311\/revisions"}],"wp:attachment":[{"href":"https:\/\/esi.uclm.es\/index.php\/wp-json\/wp\/v2\/media?parent=1311"}],"curies":[{"name":"wp","href":"https:\/\/api.w.org\/{rel}","templated":true}]}}