{"id":12123,"date":"2022-09-15T16:31:37","date_gmt":"2022-09-15T16:31:37","guid":{"rendered":"https:\/\/esi.uclm.es\/?page_id=12123"},"modified":"2022-10-25T09:18:02","modified_gmt":"2022-10-25T09:18:02","slug":"torneo-de-ajedrez-gigante","status":"publish","type":"page","link":"https:\/\/esi.uclm.es\/index.php\/vida-en-la-esi\/deportes-y-ocio\/torneo-de-ajedrez-gigante\/","title":{"rendered":"Torneo de ajedrez gigante preuniversitario por equipos Santa Tecla 2022"},"content":{"rendered":"\n<div class=\"wp-block-columns is-layout-flex wp-container-core-columns-is-layout-9d6595d7 wp-block-columns-is-layout-flex\">\n<div class=\"wp-block-column is-layout-flow wp-block-column-is-layout-flow\">\n<figure class=\"wp-block-image size-full is-style-rounded\"><img loading=\"lazy\" decoding=\"async\" width=\"421\" height=\"157\" src=\"http:\/\/esi.uclm.es\/assets\/uploads\/2022\/09\/ajedrez_gigante.png\" alt=\"Ajedrez gigante de la Escuela Superior de Inform\u00e1tica\" class=\"wp-image-12187\" srcset=\"https:\/\/esi.uclm.es\/assets\/uploads\/2022\/09\/ajedrez_gigante.png 421w, https:\/\/esi.uclm.es\/assets\/uploads\/2022\/09\/ajedrez_gigante-300x112.png 300w\" sizes=\"auto, (max-width: 421px) 100vw, 421px\" \/><\/figure>\n\n\n\n<p class=\"has-text-align-center has-vivid-red-color has-text-color has-medium-font-size\"><strong>\u00a1360 euros en premios!<\/strong><\/p>\n\n\n\n<p><\/p>\n<\/div>\n\n\n\n<div class=\"wp-block-column is-layout-flow wp-block-column-is-layout-flow\">\n<p class=\"has-text-align-center\"><strong>Organizan<\/strong><br>Escuela Superior de Inform\u00e1tica de Ciudad Real. UCLM<br>Delegaci\u00f3n de Alumnos de Inform\u00e1tica<br>Club de Ajedrez de Ciudad Real<\/p>\n\n\n\n<p class=\"has-text-align-center\"><strong>Colabora<\/strong><br>Ayuntamiento de Ciudad Real<\/p>\n<\/div>\n<\/div>\n\n\n\n<div class=\"wp-block-group is-horizontal is-content-justification-center is-nowrap is-layout-flex wp-container-core-group-is-layout-c1dfda1e wp-block-group-is-layout-flex\">\n<figure class=\"wp-block-image size-full\"><img loading=\"lazy\" decoding=\"async\" width=\"117\" height=\"118\" src=\"http:\/\/esi.uclm.es\/assets\/uploads\/2022\/09\/logo_club_ajedrez_cr-1.jpg\" alt=\"Club de Ajedrez de Ciudad Real\" class=\"wp-image-12320\" title=\"\"\/><\/figure>\n\n\n\n<figure class=\"wp-block-image size-full is-resized\"><img loading=\"lazy\" decoding=\"async\" src=\"http:\/\/esi.uclm.es\/assets\/uploads\/2022\/09\/logo_dai.png\" alt=\"Delegaci\u00f3n de Alumnos de Inform\u00e1tica\" class=\"wp-image-12319\" width=\"187\" height=\"141\" title=\"\" srcset=\"https:\/\/esi.uclm.es\/assets\/uploads\/2022\/09\/logo_dai.png 374w, https:\/\/esi.uclm.es\/assets\/uploads\/2022\/09\/logo_dai-300x225.png 300w\" sizes=\"auto, (max-width: 187px) 100vw, 187px\" \/><\/figure>\n\n\n\n<figure class=\"wp-block-image size-full is-resized\"><img loading=\"lazy\" decoding=\"async\" src=\"http:\/\/esi.uclm.es\/assets\/uploads\/2022\/03\/esi_logo-3.png\" alt=\"Escuela Superior de Inform\u00e1tica\" class=\"wp-image-8682\" width=\"138\" height=\"115\" title=\"\"\/><\/figure>\n\n\n\n<figure class=\"wp-block-image size-large is-resized\"><img loading=\"lazy\" decoding=\"async\" src=\"https:\/\/esi.uclm.es\/assets\/uploads\/2022\/09\/Logo_vertical-630x1024.png\" alt=\"Ayuntamiento de Ciudad Real\" class=\"wp-image-12326\" width=\"119\" height=\"192\" title=\"\" srcset=\"https:\/\/esi.uclm.es\/assets\/uploads\/2022\/09\/Logo_vertical-630x1024.png 630w, https:\/\/esi.uclm.es\/assets\/uploads\/2022\/09\/Logo_vertical-945x1536.png 945w\" sizes=\"auto, (max-width: 119px) 100vw, 119px\" \/><\/figure>\n<\/div>\n\n\n\n<h3 class=\"wp-block-heading\">Normas y desarrollo<\/h3>\n\n\n\n<hr class=\"wp-block-separator has-text-color has-vivid-cyan-blue-color has-alpha-channel-opacity has-vivid-cyan-blue-background-color has-background is-style-wide\"\/>\n\n\n\n<h4 class=\"wp-block-heading\"><strong>Destinatarios<\/strong><\/h4>\n\n\n\n<ul class=\"wp-block-list\"><li>Estudiantes preuniversitarios de 10 a 17 a\u00f1os, y su profesorado.<\/li><\/ul>\n\n\n\n<h4 class=\"wp-block-heading\"><strong>Equipos<\/strong><\/h4>\n\n\n\n<ul class=\"wp-block-list\"><li>Ser\u00e1n mixtos y estar\u00e1n formados por: 3-5 estudiantes del centro, uno de los cuales ser\u00e1 el capit\u00e1n y otro el encargado del apoyo computacional, y un\/a profesor\/a acompa\u00f1ante.<\/li><li>Un mismo centro podr\u00e1 inscribir a varios equipos.<\/li><li>Tambi\u00e9n se permiten equipos formados por estudiantes de varios centros.<\/li><li>En el Torneo se admitir\u00e1n un m\u00e1ximo de 12 equipos.<\/li><\/ul>\n\n\n\n<h4 class=\"wp-block-heading\"><strong>Desarrollo del campeonato<\/strong><\/h4>\n\n\n\n<ul class=\"wp-block-list\"><li><strong>Fase previa<\/strong>: Los equipos inscritos jugar\u00e1n una fase de grupos y\/o eliminatorias (en funci\u00f3n del n\u00famero de equipos) hasta determinar los 4 mejores equipos.<\/li><li><strong>Semifinales y final entre equipos<\/strong>: Los 4 mejores equipos de la fase previa se enfrentar\u00e1n en semifinales y final enmarcadas en las Actividades de Santa Tecla de la Escuela Superior de Inform\u00e1tica, dando lugar al finalista oro y finalista plata.<\/li><li><strong>Partida con un Maestro Internacional (MI)<\/strong>: El equipo ganador (finalista oro) jugar\u00e1 contra un jugador profesional que jugar\u00e1 solo y sin apoyo computacional ni comodines.<\/li><\/ul>\n\n\n\n<h4 class=\"wp-block-heading\"><strong>Desarrollo de las partidas y normativa<\/strong><\/h4>\n\n\n\n<ul class=\"wp-block-list\"><li>El juego seguir\u00e1 las Leyes del Ajedrez de la FIDE. No se permitir\u00e1 que los jugadores tengan dispositivos electr\u00f3nicos.<\/li><li>Cada partida se jugar\u00e1 entre 2 equipos, sorte\u00e1ndose y altern\u00e1ndose el color de las piezas a lo largo del campeonato.<\/li><li>Cada equipo dispondr\u00e1 de 25 minutos, con incremento de 5 segundos por jugada. Se usar\u00e1 un reloj de ajedrez gigante.<\/li><li>En la final los equipos jugar\u00e1n 2 partidas. En caso de empate, un jugador de cada equipo jugar\u00e1 una partida de desempate en modalidad de 5 minutos por jugador con 3 segundos de incremento.<\/li><li>Los equipos dispondr\u00e1n de comodines para solicitar ayudas de los siguientes tipos:<ul><li>3 comodines de consulta al p\u00fablico, que propone sus jugadas utilizando el m\u00f3vil, que se mostrar\u00e1n en una pantalla.<\/li><li>3 comodines de consulta al ordenador. Los equipos podr\u00e1n llevar un ordenador con un software de ajedrez que van jugando la partida, y al que podr\u00e1n consultar 3 veces. Ese equipo lo maneja el estudiante encargado del apoyo computacional, siendo el \u00fanico que lo puede consultar y que traslada las jugadas propuestas a sus compa\u00f1eros. La organizaci\u00f3n proporcionar\u00e1 un equipo en caso de que no se disponga de uno.<\/li><\/ul><\/li><li>Durante el uso de los comodines se detendr\u00e1 el tiempo en el reloj.<\/li><\/ul>\n\n\n\n<h4 class=\"wp-block-heading\"><strong>Divulgaci\u00f3n y difusi\u00f3n<\/strong><\/h4>\n\n\n\n<ul class=\"wp-block-list\"><li>Las partidas finales se retransmitir\u00e1n por internet.<\/li><li>Los participantes aceptan, por el hecho de inscribirse, lo anterior as\u00ed como que las im\u00e1genes de las partidas y de los jugadores puedan difundirse a trav\u00e9s de los medios sociales de la ESI o sus medios de comunicaci\u00f3n, como la p\u00e1gina web.<\/li><\/ul>\n\n\n\n<h4 class=\"wp-block-heading\"><strong>Jurado<\/strong><\/h4>\n\n\n\n<ul class=\"wp-block-list\"><li>Para el cumplimiento de las reglas, tomar decisiones en funci\u00f3n del curso de los acontecimientos y dictar los ganadores, el jurado estar\u00e1 compuesto por el Director de la Escuela, un representante del Club de Ajedrez de Ciudad Real y un representante de la Delegaci\u00f3n de Alumnos de Inform\u00e1tica.<\/li><\/ul>\n\n\n\n<h4 class=\"wp-block-heading\"><strong>Consultas<\/strong><\/h4>\n\n\n\n<ul class=\"wp-block-list\"><li>Escribir a <a href=\"mailto:director.informatica.cr@uclm.es\">director.informatica.cr@uclm.es<\/a><\/li><\/ul>\n\n\n\n<h3 class=\"wp-block-heading\">Fase final (26\/oct)<\/h3>\n\n\n\n<hr class=\"wp-block-separator has-text-color has-vivid-cyan-blue-color has-alpha-channel-opacity has-vivid-cyan-blue-background-color has-background is-style-wide\"\/>\n\n\n\n<h4 class=\"wp-block-heading\"><strong>Destinatarios<\/strong><\/h4>\n\n\n\n<ul class=\"wp-block-list\"><li>4 mejores equipos de la fase previa<\/li><\/ul>\n\n\n\n<h4 class=\"wp-block-heading\"><strong>Horario<\/strong><\/h4>\n\n\n\n<ul class=\"wp-block-list\"><li>26\/octubre: 16:00h Semifinales y Final entre colegios (oro y plata). 19:00h Superfinal con un Maestro Internacional (MI) de Ajedrez<\/li><\/ul>\n\n\n\n<h4 class=\"wp-block-heading\"><strong>Premios<\/strong><\/h4>\n\n\n\n<ul class=\"wp-block-list\"><li><strong>120 \u20ac<\/strong> para el equipo finalista plata<\/li><li><strong>240 \u20ac<\/strong> para el equipo finalista oro<\/li><\/ul>\n\n\n\n<h4 class=\"wp-block-heading\"><strong>Inscripci\u00f3n<\/strong><\/h4>\n\n\n\n<ul class=\"wp-block-list\"><li>Formulario electr\u00f3nico: <strong><u><a href=\"https:\/\/forms.office.com\/Pages\/ResponsePage.aspx?id=5rosxPRhjEmRB2qM9fAeVn9-0iHytFtPospoDtoTD2xUM1dMNDBMU0I4RkVTUEdKNjcwS0pETEpDNC4u\">Inscripci\u00f3n al Torneo de Ajedrez Gigante por equipos Santa Tecla 2022. Fase final<\/a><\/u><\/strong><\/li><li>Del 19 hasta el 23 de octubre<\/li><li>Todos los datos facilitados ser\u00e1n tratados de acuerdo con lo establecido en la legislaci\u00f3n sobre protecci\u00f3n de datos personales con la \u00fanica finalidad de gestionar la participaci\u00f3n en el torneo y su desarrollo.<\/li><\/ul>\n\n\n\n<h3 class=\"wp-block-heading\">Fase previa (27\/sep &#8211; 14\/oct)<\/h3>\n\n\n\n<hr class=\"wp-block-separator has-text-color has-vivid-cyan-blue-color has-alpha-channel-opacity has-vivid-cyan-blue-background-color has-background is-style-wide\"\/>\n\n\n\n<h4 class=\"wp-block-heading\"><strong>Horario<\/strong><\/h4>\n\n\n\n<ul class=\"wp-block-list\"><li>Cada equipo jugar\u00e1 entre 3 y 5 partidas, en horario de tardes entre las 16:00 y las 19:00 h, desde el 27 de septiembre hasta el 14 de octubre.<\/li><li>Fase final y superfinal: 24 y 26\/octubre.<\/li><\/ul>\n\n\n\n<h4 class=\"wp-block-heading\"><strong>Lugar<\/strong><\/h4>\n\n\n\n<ul class=\"wp-block-list\"><li>Patio interior de la Escuela Superior de Inform\u00e1tica (UCLM). Paseo de la Universidad 4, Ciudad Real<\/li><\/ul>\n\n\n\n<h4 class=\"wp-block-heading\"><strong>Premios<\/strong><\/h4>\n\n\n\n<ul class=\"wp-block-list\"><li>Regalos para todos los participantes (premios en met\u00e1lico en la fase final)<\/li><\/ul>\n\n\n\n<h4 class=\"wp-block-heading\"><strong>Inscripci\u00f3n<\/strong><\/h4>\n\n\n\n<ul class=\"wp-block-list\"><li>Formulario electr\u00f3nico: Inscripci\u00f3n al Torneo de Ajedrez Gigante por equipos Santa Tecla 2022. Fase previa<\/li><li>Del 19 hasta el 27 de septiembre<\/li><li>Todos los datos facilitados ser\u00e1n tratados de acuerdo con lo establecido en la legislaci\u00f3n sobre protecci\u00f3n de datos personales con la \u00fanica finalidad de gestionar la participaci\u00f3n en el torneo y su desarrollo.<\/li><\/ul>\n","protected":false},"excerpt":{"rendered":"<p>\u00a1360 euros en premios! OrganizanEscuela Superior de Inform\u00e1tica de Ciudad Real. UCLMDelegaci\u00f3n de Alumnos de Inform\u00e1ticaClub de Ajedrez de Ciudad Real ColaboraAyuntamiento de Ciudad Real Normas y desarrollo Destinatarios Estudiantes preuniversitarios de 10 a 17 a\u00f1os, y su profesorado. Equipos Ser\u00e1n mixtos y estar\u00e1n formados [&hellip;]<\/p>\n","protected":false},"author":4,"featured_media":0,"parent":4265,"menu_order":0,"comment_status":"closed","ping_status":"closed","template":"","meta":{"footnotes":""},"class_list":["post-12123","page","type-page","status-publish","hentry"],"yoast_head":"<!-- This site is optimized with the Yoast SEO plugin v27.3 - https:\/\/yoast.com\/product\/yoast-seo-wordpress\/ -->\n<title>Torneo de ajedrez gigante preuniversitario por equipos Santa Tecla 2022 - Escuela Superior de Inform\u00e1tica de UCLM<\/title>\n<meta name=\"robots\" content=\"index, follow, max-snippet:-1, max-image-preview:large, max-video-preview:-1\" \/>\n<link rel=\"canonical\" href=\"https:\/\/esi.uclm.es\/index.php\/vida-en-la-esi\/deportes-y-ocio\/torneo-de-ajedrez-gigante\/\" \/>\n<meta property=\"og:locale\" content=\"es_ES\" \/>\n<meta property=\"og:type\" content=\"article\" \/>\n<meta property=\"og:title\" content=\"Torneo de ajedrez gigante preuniversitario por equipos Santa Tecla 2022 - Escuela Superior de Inform\u00e1tica de UCLM\" \/>\n<meta property=\"og:description\" content=\"\u00a1360 euros en premios! OrganizanEscuela Superior de Inform\u00e1tica de Ciudad Real. UCLMDelegaci\u00f3n de Alumnos de Inform\u00e1ticaClub de Ajedrez de Ciudad Real ColaboraAyuntamiento de Ciudad Real Normas y desarrollo Destinatarios Estudiantes preuniversitarios de 10 a 17 a\u00f1os, y su profesorado. Equipos Ser\u00e1n mixtos y estar\u00e1n formados [&hellip;]\" \/>\n<meta property=\"og:url\" content=\"https:\/\/esi.uclm.es\/index.php\/vida-en-la-esi\/deportes-y-ocio\/torneo-de-ajedrez-gigante\/\" \/>\n<meta property=\"og:site_name\" content=\"Escuela Superior de Inform\u00e1tica de UCLM\" \/>\n<meta property=\"article:publisher\" content=\"https:\/\/www.facebook.com\/Escuela-Superior-de-Informtica-543261809027158\" \/>\n<meta property=\"article:modified_time\" content=\"2022-10-25T09:18:02+00:00\" \/>\n<meta property=\"og:image\" content=\"http:\/\/esi.uclm.es\/assets\/uploads\/2022\/09\/ajedrez_gigante.png\" \/>\n<meta name=\"twitter:card\" content=\"summary_large_image\" \/>\n<meta name=\"twitter:site\" content=\"@esiuclm\" \/>\n<meta name=\"twitter:label1\" content=\"Tiempo de lectura\" \/>\n\t<meta name=\"twitter:data1\" content=\"4 minutos\" \/>\n<script type=\"application\/ld+json\" class=\"yoast-schema-graph\">{\"@context\":\"https:\\\/\\\/schema.org\",\"@graph\":[{\"@type\":\"WebPage\",\"@id\":\"https:\\\/\\\/esi.uclm.es\\\/index.php\\\/vida-en-la-esi\\\/deportes-y-ocio\\\/torneo-de-ajedrez-gigante\\\/\",\"url\":\"https:\\\/\\\/esi.uclm.es\\\/index.php\\\/vida-en-la-esi\\\/deportes-y-ocio\\\/torneo-de-ajedrez-gigante\\\/\",\"name\":\"Torneo de ajedrez gigante preuniversitario por equipos Santa Tecla 2022 - Escuela Superior de Inform\u00e1tica de UCLM\",\"isPartOf\":{\"@id\":\"https:\\\/\\\/esi.uclm.es\\\/#website\"},\"primaryImageOfPage\":{\"@id\":\"https:\\\/\\\/esi.uclm.es\\\/index.php\\\/vida-en-la-esi\\\/deportes-y-ocio\\\/torneo-de-ajedrez-gigante\\\/#primaryimage\"},\"image\":{\"@id\":\"https:\\\/\\\/esi.uclm.es\\\/index.php\\\/vida-en-la-esi\\\/deportes-y-ocio\\\/torneo-de-ajedrez-gigante\\\/#primaryimage\"},\"thumbnailUrl\":\"http:\\\/\\\/esi.uclm.es\\\/assets\\\/uploads\\\/2022\\\/09\\\/ajedrez_gigante.png\",\"datePublished\":\"2022-09-15T16:31:37+00:00\",\"dateModified\":\"2022-10-25T09:18:02+00:00\",\"breadcrumb\":{\"@id\":\"https:\\\/\\\/esi.uclm.es\\\/index.php\\\/vida-en-la-esi\\\/deportes-y-ocio\\\/torneo-de-ajedrez-gigante\\\/#breadcrumb\"},\"inLanguage\":\"es\",\"potentialAction\":[{\"@type\":\"ReadAction\",\"target\":[\"https:\\\/\\\/esi.uclm.es\\\/index.php\\\/vida-en-la-esi\\\/deportes-y-ocio\\\/torneo-de-ajedrez-gigante\\\/\"]}]},{\"@type\":\"ImageObject\",\"inLanguage\":\"es\",\"@id\":\"https:\\\/\\\/esi.uclm.es\\\/index.php\\\/vida-en-la-esi\\\/deportes-y-ocio\\\/torneo-de-ajedrez-gigante\\\/#primaryimage\",\"url\":\"http:\\\/\\\/esi.uclm.es\\\/assets\\\/uploads\\\/2022\\\/09\\\/ajedrez_gigante.png\",\"contentUrl\":\"http:\\\/\\\/esi.uclm.es\\\/assets\\\/uploads\\\/2022\\\/09\\\/ajedrez_gigante.png\"},{\"@type\":\"BreadcrumbList\",\"@id\":\"https:\\\/\\\/esi.uclm.es\\\/index.php\\\/vida-en-la-esi\\\/deportes-y-ocio\\\/torneo-de-ajedrez-gigante\\\/#breadcrumb\",\"itemListElement\":[{\"@type\":\"ListItem\",\"position\":1,\"name\":\"Portada\",\"item\":\"https:\\\/\\\/esi.uclm.es\\\/\"},{\"@type\":\"ListItem\",\"position\":2,\"name\":\"Vida en la ESI\",\"item\":\"https:\\\/\\\/esi.uclm.es\\\/index.php\\\/vida-en-la-esi\\\/\"},{\"@type\":\"ListItem\",\"position\":3,\"name\":\"Deportes y Ocio\",\"item\":\"https:\\\/\\\/esi.uclm.es\\\/index.php\\\/vida-en-la-esi\\\/deportes-y-ocio\\\/\"},{\"@type\":\"ListItem\",\"position\":4,\"name\":\"Torneo de ajedrez gigante preuniversitario por equipos Santa Tecla 2022\"}]},{\"@type\":\"WebSite\",\"@id\":\"https:\\\/\\\/esi.uclm.es\\\/#website\",\"url\":\"https:\\\/\\\/esi.uclm.es\\\/\",\"name\":\"Escuela Superior de Inform\u00e1tica de UCLM en Ciudad Real, Castilla-La Mancha\",\"description\":\"La Escuela Superior de Inform\u00e1tica de Ciudad Real (Castilla-La Mancha), Universidad de Castilla-La Mancha es un centro universitario que imparte el ciclo completo de Ingenier\u00eda en Inform\u00e1tica: grado, m\u00e1ster y doctorado.\",\"publisher\":{\"@id\":\"https:\\\/\\\/esi.uclm.es\\\/#organization\"},\"potentialAction\":[{\"@type\":\"SearchAction\",\"target\":{\"@type\":\"EntryPoint\",\"urlTemplate\":\"https:\\\/\\\/esi.uclm.es\\\/?s={search_term_string}\"},\"query-input\":{\"@type\":\"PropertyValueSpecification\",\"valueRequired\":true,\"valueName\":\"search_term_string\"}}],\"inLanguage\":\"es\"},{\"@type\":\"Organization\",\"@id\":\"https:\\\/\\\/esi.uclm.es\\\/#organization\",\"name\":\"Escuela Superior de Inform\u00e1tica de UCLM\",\"url\":\"https:\\\/\\\/esi.uclm.es\\\/\",\"logo\":{\"@type\":\"ImageObject\",\"inLanguage\":\"es\",\"@id\":\"https:\\\/\\\/esi.uclm.es\\\/#\\\/schema\\\/logo\\\/image\\\/\",\"url\":\"https:\\\/\\\/esi.uclm.es\\\/assets\\\/uploads\\\/2022\\\/03\\\/LogoESI_cabecera-1.png\",\"contentUrl\":\"https:\\\/\\\/esi.uclm.es\\\/assets\\\/uploads\\\/2022\\\/03\\\/LogoESI_cabecera-1.png\",\"width\":460,\"height\":184,\"caption\":\"Escuela Superior de Inform\u00e1tica de UCLM\"},\"image\":{\"@id\":\"https:\\\/\\\/esi.uclm.es\\\/#\\\/schema\\\/logo\\\/image\\\/\"},\"sameAs\":[\"https:\\\/\\\/www.facebook.com\\\/Escuela-Superior-de-Informtica-543261809027158\",\"https:\\\/\\\/x.com\\\/esiuclm\",\"https:\\\/\\\/www.instagram.com\\\/esiuclm\\\/\",\"https:\\\/\\\/www.youtube.com\\\/user\\\/esiuclm\",\"https:\\\/\\\/www.twitch.tv\\\/esiuclm\",\"https:\\\/\\\/www.linkedin.com\\\/company\\\/12656631\\\/admin\\\/\"]}]}<\/script>\n<!-- \/ Yoast SEO plugin. -->","yoast_head_json":{"title":"Torneo de ajedrez gigante preuniversitario por equipos Santa Tecla 2022 - Escuela Superior de Inform\u00e1tica de UCLM","robots":{"index":"index","follow":"follow","max-snippet":"max-snippet:-1","max-image-preview":"max-image-preview:large","max-video-preview":"max-video-preview:-1"},"canonical":"https:\/\/esi.uclm.es\/index.php\/vida-en-la-esi\/deportes-y-ocio\/torneo-de-ajedrez-gigante\/","og_locale":"es_ES","og_type":"article","og_title":"Torneo de ajedrez gigante preuniversitario por equipos Santa Tecla 2022 - Escuela Superior de Inform\u00e1tica de UCLM","og_description":"\u00a1360 euros en premios! OrganizanEscuela Superior de Inform\u00e1tica de Ciudad Real. UCLMDelegaci\u00f3n de Alumnos de Inform\u00e1ticaClub de Ajedrez de Ciudad Real ColaboraAyuntamiento de Ciudad Real Normas y desarrollo Destinatarios Estudiantes preuniversitarios de 10 a 17 a\u00f1os, y su profesorado. Equipos Ser\u00e1n mixtos y estar\u00e1n formados [&hellip;]","og_url":"https:\/\/esi.uclm.es\/index.php\/vida-en-la-esi\/deportes-y-ocio\/torneo-de-ajedrez-gigante\/","og_site_name":"Escuela Superior de Inform\u00e1tica de UCLM","article_publisher":"https:\/\/www.facebook.com\/Escuela-Superior-de-Informtica-543261809027158","article_modified_time":"2022-10-25T09:18:02+00:00","og_image":[{"url":"http:\/\/esi.uclm.es\/assets\/uploads\/2022\/09\/ajedrez_gigante.png","type":"","width":"","height":""}],"twitter_card":"summary_large_image","twitter_site":"@esiuclm","twitter_misc":{"Tiempo de lectura":"4 minutos"},"schema":{"@context":"https:\/\/schema.org","@graph":[{"@type":"WebPage","@id":"https:\/\/esi.uclm.es\/index.php\/vida-en-la-esi\/deportes-y-ocio\/torneo-de-ajedrez-gigante\/","url":"https:\/\/esi.uclm.es\/index.php\/vida-en-la-esi\/deportes-y-ocio\/torneo-de-ajedrez-gigante\/","name":"Torneo de ajedrez gigante preuniversitario por equipos Santa Tecla 2022 - Escuela Superior de Inform\u00e1tica de UCLM","isPartOf":{"@id":"https:\/\/esi.uclm.es\/#website"},"primaryImageOfPage":{"@id":"https:\/\/esi.uclm.es\/index.php\/vida-en-la-esi\/deportes-y-ocio\/torneo-de-ajedrez-gigante\/#primaryimage"},"image":{"@id":"https:\/\/esi.uclm.es\/index.php\/vida-en-la-esi\/deportes-y-ocio\/torneo-de-ajedrez-gigante\/#primaryimage"},"thumbnailUrl":"http:\/\/esi.uclm.es\/assets\/uploads\/2022\/09\/ajedrez_gigante.png","datePublished":"2022-09-15T16:31:37+00:00","dateModified":"2022-10-25T09:18:02+00:00","breadcrumb":{"@id":"https:\/\/esi.uclm.es\/index.php\/vida-en-la-esi\/deportes-y-ocio\/torneo-de-ajedrez-gigante\/#breadcrumb"},"inLanguage":"es","potentialAction":[{"@type":"ReadAction","target":["https:\/\/esi.uclm.es\/index.php\/vida-en-la-esi\/deportes-y-ocio\/torneo-de-ajedrez-gigante\/"]}]},{"@type":"ImageObject","inLanguage":"es","@id":"https:\/\/esi.uclm.es\/index.php\/vida-en-la-esi\/deportes-y-ocio\/torneo-de-ajedrez-gigante\/#primaryimage","url":"http:\/\/esi.uclm.es\/assets\/uploads\/2022\/09\/ajedrez_gigante.png","contentUrl":"http:\/\/esi.uclm.es\/assets\/uploads\/2022\/09\/ajedrez_gigante.png"},{"@type":"BreadcrumbList","@id":"https:\/\/esi.uclm.es\/index.php\/vida-en-la-esi\/deportes-y-ocio\/torneo-de-ajedrez-gigante\/#breadcrumb","itemListElement":[{"@type":"ListItem","position":1,"name":"Portada","item":"https:\/\/esi.uclm.es\/"},{"@type":"ListItem","position":2,"name":"Vida en la ESI","item":"https:\/\/esi.uclm.es\/index.php\/vida-en-la-esi\/"},{"@type":"ListItem","position":3,"name":"Deportes y Ocio","item":"https:\/\/esi.uclm.es\/index.php\/vida-en-la-esi\/deportes-y-ocio\/"},{"@type":"ListItem","position":4,"name":"Torneo de ajedrez gigante preuniversitario por equipos Santa Tecla 2022"}]},{"@type":"WebSite","@id":"https:\/\/esi.uclm.es\/#website","url":"https:\/\/esi.uclm.es\/","name":"Escuela Superior de Inform\u00e1tica de UCLM en Ciudad Real, Castilla-La Mancha","description":"La Escuela Superior de Inform\u00e1tica de Ciudad Real (Castilla-La Mancha), Universidad de Castilla-La Mancha es un centro universitario que imparte el ciclo completo de Ingenier\u00eda en Inform\u00e1tica: grado, m\u00e1ster y doctorado.","publisher":{"@id":"https:\/\/esi.uclm.es\/#organization"},"potentialAction":[{"@type":"SearchAction","target":{"@type":"EntryPoint","urlTemplate":"https:\/\/esi.uclm.es\/?s={search_term_string}"},"query-input":{"@type":"PropertyValueSpecification","valueRequired":true,"valueName":"search_term_string"}}],"inLanguage":"es"},{"@type":"Organization","@id":"https:\/\/esi.uclm.es\/#organization","name":"Escuela Superior de Inform\u00e1tica de UCLM","url":"https:\/\/esi.uclm.es\/","logo":{"@type":"ImageObject","inLanguage":"es","@id":"https:\/\/esi.uclm.es\/#\/schema\/logo\/image\/","url":"https:\/\/esi.uclm.es\/assets\/uploads\/2022\/03\/LogoESI_cabecera-1.png","contentUrl":"https:\/\/esi.uclm.es\/assets\/uploads\/2022\/03\/LogoESI_cabecera-1.png","width":460,"height":184,"caption":"Escuela Superior de Inform\u00e1tica de UCLM"},"image":{"@id":"https:\/\/esi.uclm.es\/#\/schema\/logo\/image\/"},"sameAs":["https:\/\/www.facebook.com\/Escuela-Superior-de-Informtica-543261809027158","https:\/\/x.com\/esiuclm","https:\/\/www.instagram.com\/esiuclm\/","https:\/\/www.youtube.com\/user\/esiuclm","https:\/\/www.twitch.tv\/esiuclm","https:\/\/www.linkedin.com\/company\/12656631\/admin\/"]}]}},"_links":{"self":[{"href":"https:\/\/esi.uclm.es\/index.php\/wp-json\/wp\/v2\/pages\/12123","targetHints":{"allow":["GET"]}}],"collection":[{"href":"https:\/\/esi.uclm.es\/index.php\/wp-json\/wp\/v2\/pages"}],"about":[{"href":"https:\/\/esi.uclm.es\/index.php\/wp-json\/wp\/v2\/types\/page"}],"author":[{"embeddable":true,"href":"https:\/\/esi.uclm.es\/index.php\/wp-json\/wp\/v2\/users\/4"}],"replies":[{"embeddable":true,"href":"https:\/\/esi.uclm.es\/index.php\/wp-json\/wp\/v2\/comments?post=12123"}],"version-history":[{"count":46,"href":"https:\/\/esi.uclm.es\/index.php\/wp-json\/wp\/v2\/pages\/12123\/revisions"}],"predecessor-version":[{"id":12915,"href":"https:\/\/esi.uclm.es\/index.php\/wp-json\/wp\/v2\/pages\/12123\/revisions\/12915"}],"up":[{"embeddable":true,"href":"https:\/\/esi.uclm.es\/index.php\/wp-json\/wp\/v2\/pages\/4265"}],"wp:attachment":[{"href":"https:\/\/esi.uclm.es\/index.php\/wp-json\/wp\/v2\/media?parent=12123"}],"curies":[{"name":"wp","href":"https:\/\/api.w.org\/{rel}","templated":true}]}}