{"id":10702,"date":"2022-06-02T19:09:10","date_gmt":"2022-06-02T19:09:10","guid":{"rendered":"https:\/\/esi.uclm.es\/?page_id=10702"},"modified":"2025-07-24T11:19:11","modified_gmt":"2025-07-24T11:19:11","slug":"come-with-us","status":"publish","type":"page","link":"https:\/\/esi.uclm.es\/index.php\/programas-de-movilidad\/come-with-us\/","title":{"rendered":"Come with us"},"content":{"rendered":"\n<h2 class=\"wp-block-heading\">Erasmus\/International information<\/h2>\n\n\n\n<hr class=\"wp-block-separator has-text-color has-vivid-cyan-blue-color has-alpha-channel-opacity has-vivid-cyan-blue-background-color has-background\"\/>\n\n\n\n<p><\/p>\n\n\n\n<p>The University College of Computer Science enjoys the privilege of being located in the Ciudad Real, center of Spain, which is one of the most affordable university cities in terms of accommodation and subsistence. In addition, it is easily accessible via public transport. The city is crossed by a highway and the main railway corridor connecting the north and south of the country. The distance by train to Madrid is around 50 minutes, 40 minutes to C\u00f3rdoba, 90 minutes to Sevilla, 4 hours to Barcelona, among many other important cities in Spain.<\/p>\n\n\n\n<p>Our college has signed ERASMUS+ agreements with over 80 universities from different countries from Europe and Asia, and we are also receiving many students from Latin America because our mother tongue is one of the most spoken all over the world.<\/p>\n\n\n\n<figure class=\"wp-block-embed is-type-video is-provider-youtube wp-block-embed-youtube wp-embed-aspect-16-9 wp-has-aspect-ratio\"><div class=\"wp-block-embed__wrapper\">\n<iframe loading=\"lazy\" title=\"Study in Spain: a friendly, supportive and inspiring place at the University of Castilla-La Mancha!\" width=\"1060\" height=\"596\" src=\"https:\/\/www.youtube.com\/embed\/WAXzWgWfTZo?feature=oembed\" frameborder=\"0\" allow=\"accelerometer; autoplay; clipboard-write; encrypted-media; gyroscope; picture-in-picture; web-share\" referrerpolicy=\"strict-origin-when-cross-origin\" allowfullscreen><\/iframe>\n<\/div><\/figure>\n\n\n\n<h3 class=\"wp-block-heading\">Information for Erasmus+ students<\/h3>\n\n\n\n<hr class=\"wp-block-separator has-text-color has-vivid-cyan-blue-color has-alpha-channel-opacity has-vivid-cyan-blue-background-color has-background\"\/>\n\n\n\n<p>All subjects completely taught in English are available in the <a href=\"https:\/\/esi.uclm.es\/index.php\/grado-en-ingenieria-informatica\/grado-bilingue\/\" data-type=\"page\" data-id=\"4015\">following link<\/a><a href=\"https:\/\/esi.uclm.es\/categories\/bilingual-degree\">.<\/a><\/p>\n\n\n\n<p>Some subjects are English-friendly, that is, some materials are provided in English and all assignments that the student must do over the academic year are completely in English. The student can attend all normal lessons, but they are taught in Spanish. If the student needs any support, he\/she student can also be assisted by their professors during their office\u2019s hours in English. The following table shows all English-friendly subjects:<\/p>\n\n\n\n<!-- #######  YAY, I AM THE SOURCE EDITOR! #########-->\n<table border=\"2\" cellspacing=\"0\" cellpadding=\"2\" align=\"center\">\n<tbody>\n<tr>\n<td colspan=\"4\">\n<p><strong>BACHELOR&#8217;S DEGREE ENGLISH-FRIENDLY SUBJECTS<\/strong><\/p>\n<\/td>\n<\/tr>\n<tr>\n<td>\n<p align=\"center\"><strong>COURSE<\/strong><\/p>\n<\/td>\n<td>\n<p align=\"center\"><strong>TERM<\/strong><\/p>\n<\/td>\n<td>\n<p align=\"center\"><strong>SUBJECT<\/strong><\/p>\n<\/td>\n<td><strong>SUBJECT CODE<\/strong><\/td>\n<\/tr>\n<tr>\n<td rowspan=\"3\">\n<p align=\"center\">1st<\/p>\n<\/td>\n<td rowspan=\"2\">\n<p align=\"center\">1<\/p>\n<\/td>\n<td>\n<p>Fundamentos F\u00edsicos de la Inform\u00e1tica (Physical Principles of Computing)<\/p>\n<\/td>\n<td>42301<\/td>\n<\/tr>\n<tr>\n<td>\n<p>C\u00e1lculo (Calculus)<\/p>\n<\/td>\n<td>42303<\/td>\n<\/tr>\n<tr>\n<td>2<\/td>\n<td>\n<p>Sistemas de Informaci\u00f3n (Information Systems)<\/p>\n<\/td>\n<td>42309<\/td>\n<\/tr>\n<tr>\n<td colspan=\"1\" rowspan=\"5\">&nbsp;\n<p align=\"center\">2nd<\/p>\n<\/td>\n<td>\n<p align=\"center\">1<\/p>\n<\/td>\n<td>\n<p>Organizaci\u00f3n de Computadores (Computer organization)<\/p>\n<\/td>\n<td>42311<\/td>\n<\/tr>\n<tr>\n<td colspan=\"1\" rowspan=\"4\">&nbsp;\n<p align=\"center\">2<\/p>\n<\/td>\n<td>\n<p>Programaci\u00f3n Concurrente y Tiempo Real (Concurrent real-time programming)<\/p>\n<\/td>\n<td>42317<\/td>\n<\/tr>\n<tr>\n<td>\n<p>Estructura de Datos (Data Structures)<\/p>\n<\/td>\n<td>42312<\/td>\n<\/tr>\n<tr>\n<td>\n<p>Metodolog\u00eda de la Programaci\u00f3n (Programming methodology)<\/p>\n<\/td>\n<td>42316<\/td>\n<\/tr>\n<tr>\n<td>\n<p>Bases de Datos (Databases)<\/p>\n<\/td>\n<td>42319<\/td>\n<\/tr>\n<tr>\n<td colspan=\"1\" rowspan=\"11\">&nbsp;\n<p align=\"center\">3rd<\/p>\n<p align=\"center\">&nbsp;<\/p>\n<\/td>\n<td colspan=\"1\" rowspan=\"2\">\n<p align=\"center\">1<\/p>\n<\/td>\n<\/tr>\n<tr>\n<td>\n<p>Sistemas Inteligentes (Intelligent Systems)<\/p>\n<\/td>\n<td>42321<\/td>\n<\/tr>\n<tr>\n<td colspan=\"1\" rowspan=\"9\">\n<p align=\"center\">2<\/p>\n<p align=\"center\">&nbsp;<\/p>\n<p align=\"center\">&nbsp;<\/p>\n<\/td>\n<td>\n<p>Ingenier\u00eda de Requisitos (Requirements Engineering)<\/p>\n<\/td>\n<td>42326<\/td>\n<\/tr>\n<tr>\n<td>\n<p>Dise\u00f1o de Software (Software Design)<\/p>\n<\/td>\n<td>42327<\/td>\n<\/tr>\n<tr>\n<td>\n<p>Desarrollo de Bases de Datos (Database Design)<\/p>\n<\/td>\n<td>42328<\/td>\n<\/tr>\n<tr>\n<td>\n<p>Sistemas de Informaci\u00f3n Empresarial (Business Information Systems)<\/p>\n<\/td>\n<td>42329<\/td>\n<\/tr>\n<tr>\n<td>\n<p>Sistemas Operativos II (Operating Systems II)<\/p>\n<\/td>\n<td>42334<\/td>\n<\/tr>\n<tr>\n<td>\n<p>Dise\u00f1o de Sistemas Basados en Microprocesador (Micoprocessor-based System Design)<\/p>\n<\/td>\n<td>42335<\/td>\n<\/tr>\n<tr>\n<td>\n<p>Dise\u00f1o de Infraestructuras de Red (Network Infrastructures Design)<\/p>\n<\/td>\n<td>42337<\/td>\n<\/tr>\n<tr>\n<td colspan=\"1\" rowspan=\"2\">\n<p>Sistemas Basados en el Conocimiento (Knowledge-based Systems)<\/p>\n<\/td>\n<\/tr>\n<tr>\n<td>\n<p>42345<\/p>\n<\/td>\n<\/tr>\n<tr>\n<td colspan=\"1\" rowspan=\"10\">4th<\/td>\n<td colspan=\"1\" rowspan=\"8\">1<\/td>\n<td>\n<p>Procesos de Ingenier\u00eda del Software (Software Engineering Processes)<\/p>\n<\/td>\n<td>42330<\/td>\n<\/tr>\n<tr>\n<td>\n<p>Calidad de Sistemas Software (Software System Quality)<\/p>\n<\/td>\n<td>42331<\/td>\n<\/tr>\n<tr>\n<td>\n<p>Gesti\u00f3n de Proyectos Software (Management of Software Projects)<\/p>\n<\/td>\n<td>42332<\/td>\n<\/tr>\n<tr>\n<td>\n<p>Planificaci\u00f3n e Integraci\u00f3n de Sistemas y Servicios (Systems and Services Planning &amp; Integration)<\/p>\n<\/td>\n<td>42341<\/td>\n<\/tr>\n<tr>\n<td>\n<p>Sistemas MultiAgentes (Multi-agent Systems)<\/p>\n<\/td>\n<td>42346<\/td>\n<\/tr>\n<tr>\n<td>\n<p>Dise\u00f1o de Sistemas Interactivos (Interactive System Design)<\/p>\n<\/td>\n<td>42347<\/td>\n<\/tr>\n<tr>\n<td>\n<p>Miner\u00eda de Datos (Data Mining)<\/p>\n<\/td>\n<td>42348<\/td>\n<\/tr>\n<tr>\n<td>\n<p>Seguridad de Sistemas Software (Security of Software Systems)<\/p>\n<\/td>\n<td>42357<\/td>\n<\/tr>\n<tr>\n<td colspan=\"1\" rowspan=\"2\">2<\/td>\n<td>\n<p>Dise\u00f1o VLSI (VLSI Design)<\/p>\n<\/td>\n<td>42373<\/td>\n<\/tr>\n<tr>\n<td>\n<p>M\u00e9todos Num\u00e9ricos (Numerical Methods)<\/p>\n<\/td>\n<td>42395<\/td>\n<\/tr>\n<\/tbody>\n<\/table>\n<p>&nbsp;<\/p>\n<p>&nbsp;<\/p>\n<table border=\"2\" cellspacing=\"0\" cellpadding=\"2\" align=\"center\">\n<tbody>\n<tr>\n<td colspan=\"4\">\n<p><strong>MASTER&#8217;S DEGREE ENGLISH-FRIENDLY SUBJECTS<\/strong><\/p>\n<\/td>\n<\/tr>\n<tr>\n<td>\n<p align=\"center\"><strong>COURSE<\/strong><\/p>\n<\/td>\n<td>\n<p align=\"center\"><strong>TERM<\/strong><\/p>\n<\/td>\n<td>\n<p align=\"center\"><strong>SUBJECT<\/strong><\/p>\n<\/td>\n<td><strong>SUBJECT CODE<\/strong><\/td>\n<\/tr>\n<tr>\n<td colspan=\"1\" rowspan=\"7\">\n<p align=\"center\">1st<\/p>\n<\/td>\n<td colspan=\"1\" rowspan=\"4\">\n<p align=\"center\">1<\/p>\n<\/td>\n<td>\n<p>Direcci\u00f3n de Tecnolog\u00edas de la Informaci\u00f3n (Information Technologies Management)<\/p>\n<\/td>\n<td>&nbsp;<\/td>\n<\/tr>\n<tr>\n<td>\n<p>Gesti\u00f3n de Auditor\u00eda y Seguridad (Auditing and Security Management)<\/p>\n<\/td>\n<td>\n<p>310608<\/p>\n<\/td>\n<\/tr>\n<tr>\n<td>\n<p>Realidad Virtual y Aumentada (Virtual and Augmented Reality)<\/p>\n<\/td>\n<td>&nbsp;<\/td>\n<\/tr>\n<tr>\n<td>\n<p>Innovaci\u00f3n y Transformaci\u00f3n Digital (Digital Innovation and Transformation)<\/p>\n<\/td>\n<td>&nbsp;<\/td>\n<\/tr>\n<tr>\n<td colspan=\"1\" rowspan=\"3\">2<\/td>\n<td>\n<p>Gesti\u00f3n de Servicios y Procesos (Services and Processes Management)<\/p>\n<\/td>\n<td>&nbsp;<\/td>\n<\/tr>\n<tr>\n<td>\n<p>Desarrollo de Sistemas Inteligentes (Development of Intelligent Systems )<\/p>\n<\/td>\n<td>\n<p>310606<\/p>\n<\/td>\n<\/tr>\n<tr>\n<td>\n<p>Computaci\u00f3n de Altas Prestaciones (High Performance and Availability Computing Services )<\/p>\n<\/td>\n<\/tr>\n<\/tbody>\n<\/table>\n<p><strong>&nbsp;<\/strong><\/p>\n\n\n\n<p>The student is also allowed to enroll subjects in Spanish, but professors will not provide any additional help: materials, assignments or communication with professors will be in Spanish. The whole study plan can be seen <a href=\"https:\/\/esi.uclm.es\/en\/index.php\/Degree-in-Computer-Engineering\/Curriculum\/\">here<\/a><\/p>\n\n\n\n<p>The student must complete both learning agreements, UCLM and international, and send it to the Erasmus coordinator, before sending it to the international office, so as to check whether or not there is any problem (do not forget to include the codes for all subjects).<\/p>\n\n\n\n<p>\u2022 International:&nbsp;<a href=\"https:\/\/ec.europa.eu\/programmes\/erasmus-plus\/resources\/documents\/learning-agreement-student-mobility-studies-docx_en\">https:\/\/ec.europa.eu\/programmes\/erasmus-plus\/resources\/documents\/learning-agreement-student-mobility-studies-docx_en<\/a><\/p>\n\n\n\n<p>Any further information, please contact the Erasmus coordinator: Jes\u00fas Serrano (<strong>jesus.serrano@uclm.es<\/strong>)<\/p>\n","protected":false},"excerpt":{"rendered":"<p>Erasmus\/International information The University College of Computer Science enjoys the privilege of being located in the Ciudad Real, center of Spain, which is one of the most affordable university cities in terms of accommodation and subsistence. In addition, it is easily accessible via public transport. [&hellip;]<\/p>\n","protected":false},"author":1,"featured_media":0,"parent":4002,"menu_order":0,"comment_status":"closed","ping_status":"closed","template":"","meta":{"footnotes":""},"class_list":["post-10702","page","type-page","status-publish","hentry"],"yoast_head":"<!-- This site is optimized with the Yoast SEO plugin v27.3 - https:\/\/yoast.com\/product\/yoast-seo-wordpress\/ -->\n<title>Come with us - Escuela Superior de Inform\u00e1tica de UCLM<\/title>\n<meta name=\"robots\" content=\"index, follow, max-snippet:-1, max-image-preview:large, max-video-preview:-1\" \/>\n<link rel=\"canonical\" href=\"https:\/\/esi.uclm.es\/index.php\/programas-de-movilidad\/come-with-us\/\" \/>\n<meta property=\"og:locale\" content=\"es_ES\" \/>\n<meta property=\"og:type\" content=\"article\" \/>\n<meta property=\"og:title\" content=\"Come with us - Escuela Superior de Inform\u00e1tica de UCLM\" \/>\n<meta property=\"og:description\" content=\"Erasmus\/International information The University College of Computer Science enjoys the privilege of being located in the Ciudad Real, center of Spain, which is one of the most affordable university cities in terms of accommodation and subsistence. In addition, it is easily accessible via public transport. [&hellip;]\" \/>\n<meta property=\"og:url\" content=\"https:\/\/esi.uclm.es\/index.php\/programas-de-movilidad\/come-with-us\/\" \/>\n<meta property=\"og:site_name\" content=\"Escuela Superior de Inform\u00e1tica de UCLM\" \/>\n<meta property=\"article:publisher\" content=\"https:\/\/www.facebook.com\/Escuela-Superior-de-Informtica-543261809027158\" \/>\n<meta property=\"article:modified_time\" content=\"2025-07-24T11:19:11+00:00\" \/>\n<meta name=\"twitter:card\" content=\"summary_large_image\" \/>\n<meta name=\"twitter:site\" content=\"@esiuclm\" \/>\n<meta name=\"twitter:label1\" content=\"Tiempo de lectura\" \/>\n\t<meta name=\"twitter:data1\" content=\"3 minutos\" \/>\n<script type=\"application\/ld+json\" class=\"yoast-schema-graph\">{\"@context\":\"https:\\\/\\\/schema.org\",\"@graph\":[{\"@type\":\"WebPage\",\"@id\":\"https:\\\/\\\/esi.uclm.es\\\/index.php\\\/programas-de-movilidad\\\/come-with-us\\\/\",\"url\":\"https:\\\/\\\/esi.uclm.es\\\/index.php\\\/programas-de-movilidad\\\/come-with-us\\\/\",\"name\":\"Come with us - Escuela Superior de Inform\u00e1tica de UCLM\",\"isPartOf\":{\"@id\":\"https:\\\/\\\/esi.uclm.es\\\/#website\"},\"datePublished\":\"2022-06-02T19:09:10+00:00\",\"dateModified\":\"2025-07-24T11:19:11+00:00\",\"breadcrumb\":{\"@id\":\"https:\\\/\\\/esi.uclm.es\\\/index.php\\\/programas-de-movilidad\\\/come-with-us\\\/#breadcrumb\"},\"inLanguage\":\"es\",\"potentialAction\":[{\"@type\":\"ReadAction\",\"target\":[\"https:\\\/\\\/esi.uclm.es\\\/index.php\\\/programas-de-movilidad\\\/come-with-us\\\/\"]}]},{\"@type\":\"BreadcrumbList\",\"@id\":\"https:\\\/\\\/esi.uclm.es\\\/index.php\\\/programas-de-movilidad\\\/come-with-us\\\/#breadcrumb\",\"itemListElement\":[{\"@type\":\"ListItem\",\"position\":1,\"name\":\"Portada\",\"item\":\"https:\\\/\\\/esi.uclm.es\\\/\"},{\"@type\":\"ListItem\",\"position\":2,\"name\":\"Programas de Movilidad\",\"item\":\"https:\\\/\\\/esi.uclm.es\\\/index.php\\\/programas-de-movilidad\\\/\"},{\"@type\":\"ListItem\",\"position\":3,\"name\":\"Come with us\"}]},{\"@type\":\"WebSite\",\"@id\":\"https:\\\/\\\/esi.uclm.es\\\/#website\",\"url\":\"https:\\\/\\\/esi.uclm.es\\\/\",\"name\":\"Escuela Superior de Inform\u00e1tica de UCLM en Ciudad Real, Castilla-La Mancha\",\"description\":\"La Escuela Superior de Inform\u00e1tica de Ciudad Real (Castilla-La Mancha), Universidad de Castilla-La Mancha es un centro universitario que imparte el ciclo completo de Ingenier\u00eda en Inform\u00e1tica: grado, m\u00e1ster y doctorado.\",\"publisher\":{\"@id\":\"https:\\\/\\\/esi.uclm.es\\\/#organization\"},\"potentialAction\":[{\"@type\":\"SearchAction\",\"target\":{\"@type\":\"EntryPoint\",\"urlTemplate\":\"https:\\\/\\\/esi.uclm.es\\\/?s={search_term_string}\"},\"query-input\":{\"@type\":\"PropertyValueSpecification\",\"valueRequired\":true,\"valueName\":\"search_term_string\"}}],\"inLanguage\":\"es\"},{\"@type\":\"Organization\",\"@id\":\"https:\\\/\\\/esi.uclm.es\\\/#organization\",\"name\":\"Escuela Superior de Inform\u00e1tica de UCLM\",\"url\":\"https:\\\/\\\/esi.uclm.es\\\/\",\"logo\":{\"@type\":\"ImageObject\",\"inLanguage\":\"es\",\"@id\":\"https:\\\/\\\/esi.uclm.es\\\/#\\\/schema\\\/logo\\\/image\\\/\",\"url\":\"https:\\\/\\\/esi.uclm.es\\\/assets\\\/uploads\\\/2022\\\/03\\\/LogoESI_cabecera-1.png\",\"contentUrl\":\"https:\\\/\\\/esi.uclm.es\\\/assets\\\/uploads\\\/2022\\\/03\\\/LogoESI_cabecera-1.png\",\"width\":460,\"height\":184,\"caption\":\"Escuela Superior de Inform\u00e1tica de UCLM\"},\"image\":{\"@id\":\"https:\\\/\\\/esi.uclm.es\\\/#\\\/schema\\\/logo\\\/image\\\/\"},\"sameAs\":[\"https:\\\/\\\/www.facebook.com\\\/Escuela-Superior-de-Informtica-543261809027158\",\"https:\\\/\\\/x.com\\\/esiuclm\",\"https:\\\/\\\/www.instagram.com\\\/esiuclm\\\/\",\"https:\\\/\\\/www.youtube.com\\\/user\\\/esiuclm\",\"https:\\\/\\\/www.twitch.tv\\\/esiuclm\",\"https:\\\/\\\/www.linkedin.com\\\/company\\\/12656631\\\/admin\\\/\"]}]}<\/script>\n<!-- \/ Yoast SEO plugin. -->","yoast_head_json":{"title":"Come with us - Escuela Superior de Inform\u00e1tica de UCLM","robots":{"index":"index","follow":"follow","max-snippet":"max-snippet:-1","max-image-preview":"max-image-preview:large","max-video-preview":"max-video-preview:-1"},"canonical":"https:\/\/esi.uclm.es\/index.php\/programas-de-movilidad\/come-with-us\/","og_locale":"es_ES","og_type":"article","og_title":"Come with us - Escuela Superior de Inform\u00e1tica de UCLM","og_description":"Erasmus\/International information The University College of Computer Science enjoys the privilege of being located in the Ciudad Real, center of Spain, which is one of the most affordable university cities in terms of accommodation and subsistence. In addition, it is easily accessible via public transport. [&hellip;]","og_url":"https:\/\/esi.uclm.es\/index.php\/programas-de-movilidad\/come-with-us\/","og_site_name":"Escuela Superior de Inform\u00e1tica de UCLM","article_publisher":"https:\/\/www.facebook.com\/Escuela-Superior-de-Informtica-543261809027158","article_modified_time":"2025-07-24T11:19:11+00:00","twitter_card":"summary_large_image","twitter_site":"@esiuclm","twitter_misc":{"Tiempo de lectura":"3 minutos"},"schema":{"@context":"https:\/\/schema.org","@graph":[{"@type":"WebPage","@id":"https:\/\/esi.uclm.es\/index.php\/programas-de-movilidad\/come-with-us\/","url":"https:\/\/esi.uclm.es\/index.php\/programas-de-movilidad\/come-with-us\/","name":"Come with us - Escuela Superior de Inform\u00e1tica de UCLM","isPartOf":{"@id":"https:\/\/esi.uclm.es\/#website"},"datePublished":"2022-06-02T19:09:10+00:00","dateModified":"2025-07-24T11:19:11+00:00","breadcrumb":{"@id":"https:\/\/esi.uclm.es\/index.php\/programas-de-movilidad\/come-with-us\/#breadcrumb"},"inLanguage":"es","potentialAction":[{"@type":"ReadAction","target":["https:\/\/esi.uclm.es\/index.php\/programas-de-movilidad\/come-with-us\/"]}]},{"@type":"BreadcrumbList","@id":"https:\/\/esi.uclm.es\/index.php\/programas-de-movilidad\/come-with-us\/#breadcrumb","itemListElement":[{"@type":"ListItem","position":1,"name":"Portada","item":"https:\/\/esi.uclm.es\/"},{"@type":"ListItem","position":2,"name":"Programas de Movilidad","item":"https:\/\/esi.uclm.es\/index.php\/programas-de-movilidad\/"},{"@type":"ListItem","position":3,"name":"Come with us"}]},{"@type":"WebSite","@id":"https:\/\/esi.uclm.es\/#website","url":"https:\/\/esi.uclm.es\/","name":"Escuela Superior de Inform\u00e1tica de UCLM en Ciudad Real, Castilla-La Mancha","description":"La Escuela Superior de Inform\u00e1tica de Ciudad Real (Castilla-La Mancha), Universidad de Castilla-La Mancha es un centro universitario que imparte el ciclo completo de Ingenier\u00eda en Inform\u00e1tica: grado, m\u00e1ster y doctorado.","publisher":{"@id":"https:\/\/esi.uclm.es\/#organization"},"potentialAction":[{"@type":"SearchAction","target":{"@type":"EntryPoint","urlTemplate":"https:\/\/esi.uclm.es\/?s={search_term_string}"},"query-input":{"@type":"PropertyValueSpecification","valueRequired":true,"valueName":"search_term_string"}}],"inLanguage":"es"},{"@type":"Organization","@id":"https:\/\/esi.uclm.es\/#organization","name":"Escuela Superior de Inform\u00e1tica de UCLM","url":"https:\/\/esi.uclm.es\/","logo":{"@type":"ImageObject","inLanguage":"es","@id":"https:\/\/esi.uclm.es\/#\/schema\/logo\/image\/","url":"https:\/\/esi.uclm.es\/assets\/uploads\/2022\/03\/LogoESI_cabecera-1.png","contentUrl":"https:\/\/esi.uclm.es\/assets\/uploads\/2022\/03\/LogoESI_cabecera-1.png","width":460,"height":184,"caption":"Escuela Superior de Inform\u00e1tica de UCLM"},"image":{"@id":"https:\/\/esi.uclm.es\/#\/schema\/logo\/image\/"},"sameAs":["https:\/\/www.facebook.com\/Escuela-Superior-de-Informtica-543261809027158","https:\/\/x.com\/esiuclm","https:\/\/www.instagram.com\/esiuclm\/","https:\/\/www.youtube.com\/user\/esiuclm","https:\/\/www.twitch.tv\/esiuclm","https:\/\/www.linkedin.com\/company\/12656631\/admin\/"]}]}},"_links":{"self":[{"href":"https:\/\/esi.uclm.es\/index.php\/wp-json\/wp\/v2\/pages\/10702","targetHints":{"allow":["GET"]}}],"collection":[{"href":"https:\/\/esi.uclm.es\/index.php\/wp-json\/wp\/v2\/pages"}],"about":[{"href":"https:\/\/esi.uclm.es\/index.php\/wp-json\/wp\/v2\/types\/page"}],"author":[{"embeddable":true,"href":"https:\/\/esi.uclm.es\/index.php\/wp-json\/wp\/v2\/users\/1"}],"replies":[{"embeddable":true,"href":"https:\/\/esi.uclm.es\/index.php\/wp-json\/wp\/v2\/comments?post=10702"}],"version-history":[{"count":3,"href":"https:\/\/esi.uclm.es\/index.php\/wp-json\/wp\/v2\/pages\/10702\/revisions"}],"predecessor-version":[{"id":21151,"href":"https:\/\/esi.uclm.es\/index.php\/wp-json\/wp\/v2\/pages\/10702\/revisions\/21151"}],"up":[{"embeddable":true,"href":"https:\/\/esi.uclm.es\/index.php\/wp-json\/wp\/v2\/pages\/4002"}],"wp:attachment":[{"href":"https:\/\/esi.uclm.es\/index.php\/wp-json\/wp\/v2\/media?parent=10702"}],"curies":[{"name":"wp","href":"https:\/\/api.w.org\/{rel}","templated":true}]}}